{"id":139,"date":"2022-10-19T22:41:51","date_gmt":"2022-10-19T22:41:51","guid":{"rendered":"https:\/\/sites.uab.pt\/congresso-humanidades\/?page_id=139"},"modified":"2024-07-19T23:17:47","modified_gmt":"2024-07-19T22:17:47","slug":"projeto","status":"publish","type":"page","link":"https:\/\/lead.uab.pt\/adic\/","title":{"rendered":"Projeto"},"content":{"rendered":"\n<h2 class=\"wp-block-heading\">Projeto @DIC &#8211; <em>Avalia\u00e7\u00e3o Digital de Compet\u00eancias<\/em><\/h2>\n\n\n\n<h2 class=\"wp-block-heading\">Digital Assessment of Competences.<\/h2>\n\n\n\n<figure class=\"wp-block-image size-full\"><img loading=\"lazy\" decoding=\"async\" width=\"435\" height=\"89\" src=\"https:\/\/lead.uab.pt\/adic\/wp-content\/uploads\/sites\/20\/2024\/06\/Logotipo_@DIC.jpg\" alt=\"\" class=\"wp-image-2277\" srcset=\"https:\/\/lead.uab.pt\/adic\/wp-content\/uploads\/sites\/20\/2024\/06\/Logotipo_@DIC.jpg 435w, https:\/\/lead.uab.pt\/adic\/wp-content\/uploads\/sites\/20\/2024\/06\/Logotipo_@DIC-300x61.jpg 300w\" sizes=\"auto, (max-width: 435px) 100vw, 435px\" \/><\/figure>\n\n\n\n<div class=\"wp-block-columns is-layout-flex wp-container-core-columns-is-layout-1 wp-block-columns-is-layout-flex\">\n<div class=\"wp-block-column is-layout-flow wp-block-column-is-layout-flow\" style=\"flex-basis:60%\">\n<p><\/p>\n\n\n\n<p>PTN\/UID4372-LEaD\/022016<\/p>\n\n\n\n<p>The @DiC project is a follow-up to the previous @sess.he project (funded by the FCT 2010-2013 with the reference PTDC\/CPE-CED\/104373\/2008).<\/p>\n\n\n\n<p>The application of the emerging PrACT framework has pointed out a deficit in the assessment practices, aggravated by the failure to include the digital in the assessment processes, in addition to the growing need to develop digital literacy, overcoming the passive modes of consumption.<\/p>\n\n\n\n<p>This situation does not promote the practice of sustainable assessment that allows the training and\/or development of metacognitive reflection and critique skills necessary for lifelong learning projects and for reflective action in an increasingly digital world.<\/p>\n\n\n\n<p>Based on these assumptions, the @DiC project aims to delve deeper into this issue at the various levels of education and respond to the research objectives set out below.<\/p>\n\n\n\n<ul class=\"wp-block-list\">\n<li>Promoting the involvement and autonomy of students at various levels of education in the process of assessing competences.<\/li>\n\n\n\n<li>Encouraging teacher autonomy in the creation, analysis and evaluation of digital assessment scenarios that promote student involvement.<\/li>\n\n\n\n<li>Identifying and testing of electronic devices suitable for competence assessment processes from an assessment culture perspective<\/li>\n<\/ul>\n\n\n\n<p>Investiga\u00e7\u00e3o que tem vindo a ser desenvolvida, na sequ\u00eancia dos resultados do anterior Projeto @sess.he (financiado pela FCT 2010-2013 Refer\u00eancia PTDC\/CPE-CED\/104373\/2008) e da aplica\u00e7\u00e3o do Modelo PrACT dele emergente, tem apontado para um deficit nas pr\u00e1ticas de avalia\u00e7\u00e3o, agravado pela n\u00e3o inclus\u00e3o do digital nos processos avaliativos, \u00e0 margem da necessidade crescente de desenvolver a literacia digital, ultrapassando modos passivos de consumo. Esta situa\u00e7\u00e3o n\u00e3o promove a pr\u00e1tica de uma avalia\u00e7\u00e3o sustent\u00e1vel que permita a forma\u00e7\u00e3o e\/o desenvolvimento das compet\u00eancias de reflex\u00e3o metacognitiva e de cr\u00edtica fundamentada, necess\u00e1rias a projetos de aprendizagem aos longo da vida e de atua\u00e7\u00e3o refletida num mundo cada vez mais digital. Com base nestes pressupostos, o projeto @DiC prop\u00f5e-se aprofundar esta problem\u00e1tica nos v\u00e1rios graus de ensino e responder aos objetivos de investiga\u00e7\u00e3o a seguir enunciados.<\/p>\n\n\n\n<p>Potenciar o envolvimento e a autonomia dos estudantes de v\u00e1rios n\u00edveis de ensino nos processos de avalia\u00e7\u00e3o de compet\u00eancias.<br>Fomentar a autonomia dos professores na cria\u00e7\u00e3o, an\u00e1lise e avalia\u00e7\u00e3o de cen\u00e1rios de avalia\u00e7\u00e3o digital que promovam o envolvimento dos estudantes.<br>Identificar e ensaiar dispositivos eletr\u00f3nicos adequados aos processos de avalia\u00e7\u00e3o de compet\u00eancias numa perspetiva da cultura da avalia\u00e7\u00e3o.<br>Prev\u00ea-se:<\/p>\n\n\n\n<ol class=\"wp-block-list\">\n<li>A cria\u00e7\u00e3o de modelos de desenho de avalia\u00e7\u00e3o digital de compet\u00eancias envolvendo os estudantes, tendo em conta o grau de ensino a que respeita.<\/li>\n\n\n\n<li>A cria\u00e7\u00e3o de uma taxonomia de dispositivos digitais adequados \u00e0 cultura da avalia\u00e7\u00e3o.<\/li>\n\n\n\n<li>A publica\u00e7\u00e3o de um ebook de boas pr\u00e1ticas no campo da avalia\u00e7\u00e3o digital.<\/li>\n\n\n\n<li>A publica\u00e7\u00e3o de diversos artigos.<\/li>\n<\/ol>\n\n\n\n<p>A refer\u00eancia do projeto \u00e9 PTN\/UID4372-LEaD\/022016.<\/p>\n<\/div>\n\n\n\n<div class=\"wp-block-column is-vertically-aligned-center is-layout-flow wp-block-column-is-layout-flow\" style=\"flex-basis:20px\"><\/div>\n\n\n\n<div class=\"wp-block-column is-layout-flow wp-block-column-is-layout-flow\">\n<figure class=\"wp-block-image size-full is-resized\"><img loading=\"lazy\" decoding=\"async\" width=\"319\" height=\"443\" src=\"https:\/\/lead.uab.pt\/adic\/wp-content\/uploads\/sites\/20\/2024\/06\/modelo-PrACT.jpg\" alt=\"\" class=\"wp-image-2262\" style=\"width:328px;height:auto\" srcset=\"https:\/\/lead.uab.pt\/adic\/wp-content\/uploads\/sites\/20\/2024\/06\/modelo-PrACT.jpg 319w, https:\/\/lead.uab.pt\/adic\/wp-content\/uploads\/sites\/20\/2024\/06\/modelo-PrACT-216x300.jpg 216w\" sizes=\"auto, (max-width: 319px) 100vw, 319px\" \/><\/figure>\n\n\n\n<figure class=\"wp-block-image size-full is-resized\"><img loading=\"lazy\" decoding=\"async\" width=\"339\" height=\"300\" src=\"https:\/\/lead.uab.pt\/adic\/wp-content\/uploads\/sites\/20\/2024\/06\/Cultura-aval-cultura-teste.jpg\" alt=\"\" class=\"wp-image-2267\" style=\"width:417px;height:auto\" srcset=\"https:\/\/lead.uab.pt\/adic\/wp-content\/uploads\/sites\/20\/2024\/06\/Cultura-aval-cultura-teste.jpg 339w, https:\/\/lead.uab.pt\/adic\/wp-content\/uploads\/sites\/20\/2024\/06\/Cultura-aval-cultura-teste-300x265.jpg 300w\" sizes=\"auto, (max-width: 339px) 100vw, 339px\" \/><\/figure>\n<\/div>\n<\/div>\n\n\n<ul class=\"wp-block-page-list\"><li class=\"wp-block-pages-list__item\"><a class=\"wp-block-pages-list__item__link\" href=\"https:\/\/lead.uab.pt\/adic\/arquivo-ssess-he\/\">Arquivo @ssess.he<\/a><\/li><li class=\"wp-block-pages-list__item\"><a class=\"wp-block-pages-list__item__link\" href=\"https:\/\/lead.uab.pt\/adic\/bolsas\/\">Bolsas<\/a><\/li><li class=\"wp-block-pages-list__item\"><a class=\"wp-block-pages-list__item__link\" href=\"https:\/\/lead.uab.pt\/adic\/comunicacoes\/\">Comunica\u00e7\u00f5es<\/a><\/li><li class=\"wp-block-pages-list__item\"><a class=\"wp-block-pages-list__item__link\" href=\"https:\/\/lead.uab.pt\/adic\/cursos\/\">Cursos<\/a><\/li><li class=\"wp-block-pages-list__item\"><a class=\"wp-block-pages-list__item__link\" href=\"https:\/\/lead.uab.pt\/adic\/dissertacoes\/\">Disserta\u00e7\u00f5es<\/a><\/li><li class=\"wp-block-pages-list__item\"><a class=\"wp-block-pages-list__item__link\" href=\"https:\/\/lead.uab.pt\/adic\/estagios-de-investigacao-de-doutoramento\/\">Est\u00e1gios de investiga\u00e7\u00e3o de doutoramento<\/a><\/li><li class=\"wp-block-pages-list__item\"><a class=\"wp-block-pages-list__item__link\" href=\"https:\/\/lead.uab.pt\/adic\/formacao-avancada\/\">Forma\u00e7\u00e3o Avan\u00e7ada<\/a><\/li><li class=\"wp-block-pages-list__item\"><a class=\"wp-block-pages-list__item__link\" href=\"https:\/\/lead.uab.pt\/adic\/led-home\/\">LE@D Home<\/a><\/li><li class=\"wp-block-pages-list__item\"><a class=\"wp-block-pages-list__item__link\" href=\"https:\/\/lead.uab.pt\/adic\/modelo-pract\/\">Modelo PrACT<\/a><\/li><li class=\"wp-block-pages-list__item\"><a class=\"wp-block-pages-list__item__link\" href=\"https:\/\/lead.uab.pt\/adic\/pos-docs\/\">P\u00f3s-Docs<\/a><\/li><li class=\"wp-block-pages-list__item\"><a class=\"wp-block-pages-list__item__link\" href=\"https:\/\/lead.uab.pt\/adic\/publicacoes\/\">Publica\u00e7\u00f5es<\/a><\/li><li class=\"wp-block-pages-list__item\"><a class=\"wp-block-pages-list__item__link\" href=\"https:\/\/lead.uab.pt\/adic\/recursos\/\">Recursos<\/a><\/li><li class=\"wp-block-pages-list__item\"><a class=\"wp-block-pages-list__item__link\" href=\"https:\/\/lead.uab.pt\/adic\/teses\/\">Teses<\/a><\/li><li class=\"wp-block-pages-list__item menu-item-home\"><a class=\"wp-block-pages-list__item__link\" href=\"https:\/\/lead.uab.pt\/adic\/\">Projeto<\/a><\/li><li class=\"wp-block-pages-list__item\"><a class=\"wp-block-pages-list__item__link\" href=\"https:\/\/lead.uab.pt\/adic\/equipa\/\">Equipa<\/a><\/li><li class=\"wp-block-pages-list__item\"><a class=\"wp-block-pages-list__item__link\" href=\"https:\/\/lead.uab.pt\/adic\/atividades\/\">Atividades<\/a><\/li><li class=\"wp-block-pages-list__item\"><a class=\"wp-block-pages-list__item__link\" href=\"https:\/\/lead.uab.pt\/adic\/produtos\/\">Produtos<\/a><\/li><li class=\"wp-block-pages-list__item\"><a class=\"wp-block-pages-list__item__link\" href=\"https:\/\/lead.uab.pt\/adic\/eventos\/\">Eventos<\/a><\/li><\/ul>\n\n<ul class=\"wp-block-page-list\"><li class=\"wp-block-pages-list__item\"><a class=\"wp-block-pages-list__item__link\" href=\"https:\/\/lead.uab.pt\/adic\/arquivo-ssess-he\/\">Arquivo @ssess.he<\/a><\/li><li class=\"wp-block-pages-list__item\"><a class=\"wp-block-pages-list__item__link\" href=\"https:\/\/lead.uab.pt\/adic\/bolsas\/\">Bolsas<\/a><\/li><li class=\"wp-block-pages-list__item\"><a class=\"wp-block-pages-list__item__link\" href=\"https:\/\/lead.uab.pt\/adic\/comunicacoes\/\">Comunica\u00e7\u00f5es<\/a><\/li><li class=\"wp-block-pages-list__item\"><a class=\"wp-block-pages-list__item__link\" href=\"https:\/\/lead.uab.pt\/adic\/cursos\/\">Cursos<\/a><\/li><li class=\"wp-block-pages-list__item\"><a class=\"wp-block-pages-list__item__link\" href=\"https:\/\/lead.uab.pt\/adic\/dissertacoes\/\">Disserta\u00e7\u00f5es<\/a><\/li><li class=\"wp-block-pages-list__item\"><a class=\"wp-block-pages-list__item__link\" href=\"https:\/\/lead.uab.pt\/adic\/estagios-de-investigacao-de-doutoramento\/\">Est\u00e1gios de investiga\u00e7\u00e3o de doutoramento<\/a><\/li><li class=\"wp-block-pages-list__item\"><a class=\"wp-block-pages-list__item__link\" href=\"https:\/\/lead.uab.pt\/adic\/formacao-avancada\/\">Forma\u00e7\u00e3o Avan\u00e7ada<\/a><\/li><li class=\"wp-block-pages-list__item\"><a class=\"wp-block-pages-list__item__link\" href=\"https:\/\/lead.uab.pt\/adic\/led-home\/\">LE@D Home<\/a><\/li><li class=\"wp-block-pages-list__item\"><a class=\"wp-block-pages-list__item__link\" href=\"https:\/\/lead.uab.pt\/adic\/modelo-pract\/\">Modelo PrACT<\/a><\/li><li class=\"wp-block-pages-list__item\"><a class=\"wp-block-pages-list__item__link\" href=\"https:\/\/lead.uab.pt\/adic\/pos-docs\/\">P\u00f3s-Docs<\/a><\/li><li class=\"wp-block-pages-list__item\"><a class=\"wp-block-pages-list__item__link\" href=\"https:\/\/lead.uab.pt\/adic\/publicacoes\/\">Publica\u00e7\u00f5es<\/a><\/li><li class=\"wp-block-pages-list__item\"><a class=\"wp-block-pages-list__item__link\" href=\"https:\/\/lead.uab.pt\/adic\/recursos\/\">Recursos<\/a><\/li><li class=\"wp-block-pages-list__item\"><a class=\"wp-block-pages-list__item__link\" href=\"https:\/\/lead.uab.pt\/adic\/teses\/\">Teses<\/a><\/li><li class=\"wp-block-pages-list__item menu-item-home\"><a class=\"wp-block-pages-list__item__link\" href=\"https:\/\/lead.uab.pt\/adic\/\">Projeto<\/a><\/li><li class=\"wp-block-pages-list__item\"><a class=\"wp-block-pages-list__item__link\" href=\"https:\/\/lead.uab.pt\/adic\/equipa\/\">Equipa<\/a><\/li><li class=\"wp-block-pages-list__item\"><a class=\"wp-block-pages-list__item__link\" href=\"https:\/\/lead.uab.pt\/adic\/atividades\/\">Atividades<\/a><\/li><li class=\"wp-block-pages-list__item\"><a class=\"wp-block-pages-list__item__link\" href=\"https:\/\/lead.uab.pt\/adic\/produtos\/\">Produtos<\/a><\/li><li class=\"wp-block-pages-list__item\"><a class=\"wp-block-pages-list__item__link\" href=\"https:\/\/lead.uab.pt\/adic\/eventos\/\">Eventos<\/a><\/li><\/ul>\n\n<ul class=\"wp-block-page-list\"><li class=\"wp-block-pages-list__item\"><a class=\"wp-block-pages-list__item__link\" href=\"https:\/\/lead.uab.pt\/adic\/arquivo-ssess-he\/\">Arquivo @ssess.he<\/a><\/li><li class=\"wp-block-pages-list__item\"><a class=\"wp-block-pages-list__item__link\" href=\"https:\/\/lead.uab.pt\/adic\/bolsas\/\">Bolsas<\/a><\/li><li class=\"wp-block-pages-list__item\"><a class=\"wp-block-pages-list__item__link\" href=\"https:\/\/lead.uab.pt\/adic\/comunicacoes\/\">Comunica\u00e7\u00f5es<\/a><\/li><li class=\"wp-block-pages-list__item\"><a class=\"wp-block-pages-list__item__link\" href=\"https:\/\/lead.uab.pt\/adic\/cursos\/\">Cursos<\/a><\/li><li class=\"wp-block-pages-list__item\"><a class=\"wp-block-pages-list__item__link\" href=\"https:\/\/lead.uab.pt\/adic\/dissertacoes\/\">Disserta\u00e7\u00f5es<\/a><\/li><li class=\"wp-block-pages-list__item\"><a class=\"wp-block-pages-list__item__link\" href=\"https:\/\/lead.uab.pt\/adic\/estagios-de-investigacao-de-doutoramento\/\">Est\u00e1gios de investiga\u00e7\u00e3o de doutoramento<\/a><\/li><li class=\"wp-block-pages-list__item\"><a class=\"wp-block-pages-list__item__link\" href=\"https:\/\/lead.uab.pt\/adic\/formacao-avancada\/\">Forma\u00e7\u00e3o Avan\u00e7ada<\/a><\/li><li class=\"wp-block-pages-list__item\"><a class=\"wp-block-pages-list__item__link\" href=\"https:\/\/lead.uab.pt\/adic\/led-home\/\">LE@D Home<\/a><\/li><li class=\"wp-block-pages-list__item\"><a class=\"wp-block-pages-list__item__link\" href=\"https:\/\/lead.uab.pt\/adic\/modelo-pract\/\">Modelo PrACT<\/a><\/li><li class=\"wp-block-pages-list__item\"><a class=\"wp-block-pages-list__item__link\" href=\"https:\/\/lead.uab.pt\/adic\/pos-docs\/\">P\u00f3s-Docs<\/a><\/li><li class=\"wp-block-pages-list__item\"><a class=\"wp-block-pages-list__item__link\" href=\"https:\/\/lead.uab.pt\/adic\/publicacoes\/\">Publica\u00e7\u00f5es<\/a><\/li><li class=\"wp-block-pages-list__item\"><a class=\"wp-block-pages-list__item__link\" href=\"https:\/\/lead.uab.pt\/adic\/recursos\/\">Recursos<\/a><\/li><li class=\"wp-block-pages-list__item\"><a class=\"wp-block-pages-list__item__link\" href=\"https:\/\/lead.uab.pt\/adic\/teses\/\">Teses<\/a><\/li><li class=\"wp-block-pages-list__item menu-item-home\"><a class=\"wp-block-pages-list__item__link\" href=\"https:\/\/lead.uab.pt\/adic\/\">Projeto<\/a><\/li><li class=\"wp-block-pages-list__item\"><a class=\"wp-block-pages-list__item__link\" href=\"https:\/\/lead.uab.pt\/adic\/equipa\/\">Equipa<\/a><\/li><li class=\"wp-block-pages-list__item\"><a class=\"wp-block-pages-list__item__link\" href=\"https:\/\/lead.uab.pt\/adic\/atividades\/\">Atividades<\/a><\/li><li class=\"wp-block-pages-list__item\"><a class=\"wp-block-pages-list__item__link\" href=\"https:\/\/lead.uab.pt\/adic\/produtos\/\">Produtos<\/a><\/li><li class=\"wp-block-pages-list__item\"><a class=\"wp-block-pages-list__item__link\" href=\"https:\/\/lead.uab.pt\/adic\/eventos\/\">Eventos<\/a><\/li><\/ul>","protected":false},"excerpt":{"rendered":"Projeto @DIC &#8211; Avalia\u00e7\u00e3o Digital de Compet\u00eancias Digital Assessment of Competences. PTN\/UID4372-LEaD\/022016 The @DiC project is a follow-up to the previous @sess.he project (funded by the FCT 2010-2013 with the reference PTDC\/CPE-CED\/104373\/2008). The application of the emerging PrACT framework has pointed out a deficit in the assessment practices, aggravated by the failure to include the [&hellip;]","protected":false},"author":1,"featured_media":0,"parent":0,"menu_order":10,"comment_status":"closed","ping_status":"closed","template":"","meta":{"footnotes":""},"class_list":["post-139","page","type-page","status-publish","hentry"],"_links":{"self":[{"href":"https:\/\/lead.uab.pt\/adic\/wp-json\/wp\/v2\/pages\/139","targetHints":{"allow":["GET"]}}],"collection":[{"href":"https:\/\/lead.uab.pt\/adic\/wp-json\/wp\/v2\/pages"}],"about":[{"href":"https:\/\/lead.uab.pt\/adic\/wp-json\/wp\/v2\/types\/page"}],"author":[{"embeddable":true,"href":"https:\/\/lead.uab.pt\/adic\/wp-json\/wp\/v2\/users\/1"}],"replies":[{"embeddable":true,"href":"https:\/\/lead.uab.pt\/adic\/wp-json\/wp\/v2\/comments?post=139"}],"version-history":[{"count":13,"href":"https:\/\/lead.uab.pt\/adic\/wp-json\/wp\/v2\/pages\/139\/revisions"}],"predecessor-version":[{"id":2282,"href":"https:\/\/lead.uab.pt\/adic\/wp-json\/wp\/v2\/pages\/139\/revisions\/2282"}],"wp:attachment":[{"href":"https:\/\/lead.uab.pt\/adic\/wp-json\/wp\/v2\/media?parent=139"}],"curies":[{"name":"wp","href":"https:\/\/api.w.org\/{rel}","templated":true}]}}