{"id":148,"date":"2022-10-20T10:45:31","date_gmt":"2022-10-20T10:45:31","guid":{"rendered":"https:\/\/sites.uab.pt\/congresso-humanidades\/?page_id=148"},"modified":"2024-03-08T18:41:54","modified_gmt":"2024-03-08T18:41:54","slug":"eventos","status":"publish","type":"page","link":"https:\/\/lead.uab.pt\/adic\/eventos\/","title":{"rendered":"Eventos"},"content":{"rendered":"\n<h2 class=\"wp-block-heading\">Eventos<\/h2>\n\n\n\n<div class=\"wp-block-c3-framew-gutenbergblocks-timeline schedule\"><div class=\"gbt-timeline-title-wrapper\"><div class=\"gbt-timeline-title tt-title\"><\/div><\/div><ul class=\"gbt-timeline-content-wrapper\">\n<li><div class=\"gbt-timeline-event-title-wrapper\"><div class=\"gbt-timeline-event-title time-title\"><strong>L<strong>an\u00e7amento de Livro<\/strong><\/strong> <strong><em>A pr\u00e1tica em avalia\u00e7\u00e3o digital de compet\u00eancias<\/em><\/strong> &#8211; <strong>10 de julho 2023<\/strong>.<br><\/div><\/div><div class=\"gbt-timeline-event-content-wrapper\">\n<div class=\"wp-block-columns is-layout-flex wp-container-core-columns-is-layout-1 wp-block-columns-is-layout-flex\">\n<div class=\"wp-block-column is-layout-flow wp-block-column-is-layout-flow\" style=\"flex-basis:33.33%\">\n<figure class=\"wp-block-image size-large is-resized\"><img loading=\"lazy\" decoding=\"async\" width=\"1024\" height=\"576\" src=\"https:\/\/lead.uab.pt\/adic\/wp-content\/uploads\/sites\/20\/2024\/02\/Livro-1024x576.jpg\" alt=\"\" class=\"wp-image-2085\" style=\"width:456px;height:auto\" srcset=\"https:\/\/lead.uab.pt\/adic\/wp-content\/uploads\/sites\/20\/2024\/02\/Livro-1024x576.jpg 1024w, https:\/\/lead.uab.pt\/adic\/wp-content\/uploads\/sites\/20\/2024\/02\/Livro-300x169.jpg 300w, https:\/\/lead.uab.pt\/adic\/wp-content\/uploads\/sites\/20\/2024\/02\/Livro-768x432.jpg 768w, https:\/\/lead.uab.pt\/adic\/wp-content\/uploads\/sites\/20\/2024\/02\/Livro.jpg 1366w\" sizes=\"auto, (max-width: 1024px) 100vw, 1024px\" \/><\/figure>\n<\/div>\n<\/div>\n<\/div><\/li>\n\n\n\n<li style=\"--timeline-color:#06c2c4\"><div class=\"gbt-timeline-event-title-wrapper\"><div class=\"gbt-timeline-event-title time-title\"><strong>Meet UP &#8211; Lan\u00e7amento de Livro<\/strong> &#8211; <strong>26 de maio, 1 <em>A Pr\u00e1tica em Avalia\u00e7\u00e3o Digital de Compet\u00eancias<\/em>, <\/strong>L\u00facia<br>Amante e Vera Monteiro, LE@D, Universidade Aberta &amp; Centro de Forma\u00e7\u00e3o do Alentejo Litoral. 7:15.<\/div><\/div><div class=\"gbt-timeline-event-content-wrapper\">\n<figure class=\"wp-block-image size-full is-resized\"><img loading=\"lazy\" decoding=\"async\" width=\"622\" height=\"798\" src=\"https:\/\/lead.uab.pt\/adic\/wp-content\/uploads\/sites\/20\/2024\/03\/eBook.png\" alt=\"\" class=\"wp-image-2088\" style=\"width:167px;height:auto\" srcset=\"https:\/\/lead.uab.pt\/adic\/wp-content\/uploads\/sites\/20\/2024\/03\/eBook.png 622w, https:\/\/lead.uab.pt\/adic\/wp-content\/uploads\/sites\/20\/2024\/03\/eBook-234x300.png 234w\" sizes=\"auto, (max-width: 622px) 100vw, 622px\" \/><\/figure>\n<\/div><\/li>\n<\/ul><\/div>\n\n\n\n<div class=\"wp-block-columns is-layout-flex wp-container-core-columns-is-layout-2 wp-block-columns-is-layout-flex\">\n<div class=\"wp-block-column is-layout-flow wp-block-column-is-layout-flow\"><\/div>\n\n\n\n<div class=\"wp-block-column is-layout-flow wp-block-column-is-layout-flow\"><\/div>\n<\/div>\n","protected":false},"excerpt":{"rendered":"Eventos","protected":false},"author":1,"featured_media":0,"parent":0,"menu_order":50,"comment_status":"closed","ping_status":"closed","template":"","meta":{"footnotes":""},"class_list":["post-148","page","type-page","status-publish","hentry"],"_links":{"self":[{"href":"https:\/\/lead.uab.pt\/adic\/wp-json\/wp\/v2\/pages\/148","targetHints":{"allow":["GET"]}}],"collection":[{"href":"https:\/\/lead.uab.pt\/adic\/wp-json\/wp\/v2\/pages"}],"about":[{"href":"https:\/\/lead.uab.pt\/adic\/wp-json\/wp\/v2\/types\/page"}],"author":[{"embeddable":true,"href":"https:\/\/lead.uab.pt\/adic\/wp-json\/wp\/v2\/users\/1"}],"replies":[{"embeddable":true,"href":"https:\/\/lead.uab.pt\/adic\/wp-json\/wp\/v2\/comments?post=148"}],"version-history":[{"count":2,"href":"https:\/\/lead.uab.pt\/adic\/wp-json\/wp\/v2\/pages\/148\/revisions"}],"predecessor-version":[{"id":2089,"href":"https:\/\/lead.uab.pt\/adic\/wp-json\/wp\/v2\/pages\/148\/revisions\/2089"}],"wp:attachment":[{"href":"https:\/\/lead.uab.pt\/adic\/wp-json\/wp\/v2\/media?parent=148"}],"curies":[{"name":"wp","href":"https:\/\/api.w.org\/{rel}","templated":true}]}}