{"id":2035,"date":"2024-01-23T08:48:24","date_gmt":"2024-01-23T08:48:24","guid":{"rendered":"https:\/\/lead.uab.pt\/adic\/?page_id=2035"},"modified":"2024-03-08T18:48:54","modified_gmt":"2024-03-08T18:48:54","slug":"teses","status":"publish","type":"page","link":"https:\/\/lead.uab.pt\/adic\/teses\/","title":{"rendered":"Teses"},"content":{"rendered":"\n<p>Oliveira, R. (2018). <em>O contributo das tecnologias digitais na transpar\u00eancia da avalia\u00e7\u00e3o digital no contexto de educa\u00e7\u00e3o superior a dist\u00e2ncia<\/em>, Tese de Doutoramento em Educa\u00e7\u00e3o, especialidade Educa\u00e7\u00e3o a Dist\u00e2ncia e eLearning. Universidade Aberta. <a href=\"http:\/\/hdl.handle.net\/10400.2\/7467\" target=\"_blank\" rel=\"noreferrer noopener\">http:\/\/hdl.handle.net\/10400.2\/7467<\/a><\/p>\n","protected":false},"excerpt":{"rendered":"Oliveira, R. (2018). O contributo das tecnologias digitais na transpar\u00eancia da avalia\u00e7\u00e3o digital no contexto de educa\u00e7\u00e3o superior a dist\u00e2ncia, Tese de Doutoramento em Educa\u00e7\u00e3o, especialidade Educa\u00e7\u00e3o a Dist\u00e2ncia e eLearning. Universidade Aberta. http:\/\/hdl.handle.net\/10400.2\/7467","protected":false},"author":4,"featured_media":0,"parent":0,"menu_order":0,"comment_status":"closed","ping_status":"closed","template":"","meta":{"footnotes":""},"class_list":["post-2035","page","type-page","status-publish","hentry"],"_links":{"self":[{"href":"https:\/\/lead.uab.pt\/adic\/wp-json\/wp\/v2\/pages\/2035","targetHints":{"allow":["GET"]}}],"collection":[{"href":"https:\/\/lead.uab.pt\/adic\/wp-json\/wp\/v2\/pages"}],"about":[{"href":"https:\/\/lead.uab.pt\/adic\/wp-json\/wp\/v2\/types\/page"}],"author":[{"embeddable":true,"href":"https:\/\/lead.uab.pt\/adic\/wp-json\/wp\/v2\/users\/4"}],"replies":[{"embeddable":true,"href":"https:\/\/lead.uab.pt\/adic\/wp-json\/wp\/v2\/comments?post=2035"}],"version-history":[{"count":3,"href":"https:\/\/lead.uab.pt\/adic\/wp-json\/wp\/v2\/pages\/2035\/revisions"}],"predecessor-version":[{"id":2091,"href":"https:\/\/lead.uab.pt\/adic\/wp-json\/wp\/v2\/pages\/2035\/revisions\/2091"}],"wp:attachment":[{"href":"https:\/\/lead.uab.pt\/adic\/wp-json\/wp\/v2\/media?parent=2035"}],"curies":[{"name":"wp","href":"https:\/\/api.w.org\/{rel}","templated":true}]}}