{"id":2037,"date":"2024-01-23T08:48:41","date_gmt":"2024-01-23T08:48:41","guid":{"rendered":"https:\/\/lead.uab.pt\/adic\/?page_id=2037"},"modified":"2024-11-14T10:57:52","modified_gmt":"2024-11-14T10:57:52","slug":"dissertacoes","status":"publish","type":"page","link":"https:\/\/lead.uab.pt\/adic\/dissertacoes\/","title":{"rendered":"Disserta\u00e7\u00f5es"},"content":{"rendered":"\n<p><\/p>\n\n\n\n<h3 class=\"wp-block-heading\"><strong>Disserta\u00e7\u00f5es<\/strong><\/h3>\n\n\n\n<ul class=\"wp-block-list\">\n<li>Ol\u00edmpio Oleg\u00e1rio Mendes Tavares (2024)&nbsp;Conce\u00e7\u00f5es e pr\u00e1ticas de feedback,&nbsp;Disserta\u00e7\u00e3o&nbsp;de&nbsp; Mestrado em Supervis\u00e3o Pedag\u00f3gica. Data da Prova P\u00fablica: 2024\/3\/6&nbsp;&nbsp;<a href=\"https:\/\/catalogo.biblioteca.uab.pt\/cgi-bin\/koha\/opac-detail.pl?biblionumber=44385&amp;q=an:51446\" target=\"_blank\" rel=\"noreferrer noopener\">https:\/\/catalogo.biblioteca.uab.pt\/cgi-bin\/koha\/opac-detail.pl?biblionumber=44385&amp;q=an:51446<\/a>&nbsp;&nbsp;<a href=\"http:\/\/hdl.handle.net\/10400.2\/15872\" target=\"_blank\" rel=\"noreferrer noopener\">http:\/\/hdl.handle.net\/10400.2\/15872<\/a><\/li>\n<\/ul>\n\n\n\n<ul class=\"wp-block-list\">\n<li>Tavares, O.O.M. (2024). Conce\u00e7\u00f5es e Pr\u00e1ticas de feedback. Mestrado em Supervis\u00e3o Pedag\u00f3gica, Universidade Aberta. .<a href=\"http:\/\/hdl.handle.net\/10400.2\/15872\">http:\/\/hdl.handle.net\/10400.2\/15872<\/a><\/li>\n<\/ul>\n\n\n\n<ul class=\"wp-block-list\">\n<li>Cordeiro, M. D. (2023). <em>Perce\u00e7\u00f5es e pr\u00e1ticas de feedback no ensino e aprendizagem de F\u00edsica e Qu\u00edmica: estudo de caso num agrupamento de escolas<\/em>, Mestrado em Supervis\u00e3o Pedag\u00f3gica, Universidade Aberta, <a href=\"http:\/\/hdl.handle.net\/10400.2\/14011\" target=\"_blank\" rel=\"noreferrer noopener\">http:\/\/hdl.handle.net\/10400.2\/14011<\/a>.<\/li>\n<\/ul>\n\n\n\n<ul class=\"wp-block-list\">\n<li>Gon\u00e7alo Anselmo Domingos dos Santos (2023)\u00a0\u201cPotenciar a Avalia\u00e7\u00e3o Pedag\u00f3gica. Projeto MAIA: Um estudo de caso\u201d.\u00a0Disserta\u00e7\u00e3o\u00a0de\u00a0 Mestrado em Supervis\u00e3o Pedag\u00f3gica. Data da Prova P\u00fablica: 2023\/7\/20\u00a0\u00a0<a href=\"http:\/\/hdl.handle.net\/10400.2\/14925\" target=\"_blank\" rel=\"noreferrer noopener\">http:\/\/hdl.handle.net\/10400.2\/14925<\/a><\/li>\n<\/ul>\n\n\n\n<ul class=\"wp-block-list\">\n<li>Manuel Diogo Cordeiro (2023)\u00a0Perce\u00e7\u00f5es e pr\u00e1ticas de feedback no ensino e aprendizagem de F\u00edsica e Qu\u00edmica: estudo de caso num agrupamento de escolas. Disserta\u00e7\u00e3o\u00a0de\u00a0 Mestrado em Supervis\u00e3o Pedag\u00f3gica. Data da Prova P\u00fablica: 2023\/6\/5\u00a0<a href=\"http:\/\/hdl.handle.net\/10400.2\/14011\" target=\"_blank\" rel=\"noreferrer noopener\">http:\/\/hdl.handle.net\/10400.2\/14011<\/a><\/li>\n<\/ul>\n\n\n\n<ul class=\"wp-block-list\">\n<li>Maria de F\u00e1tima Pires Cidraes, Curso de\u00a0 Mestrado em Supervis\u00e3o Pedag\u00f3gica [Universidade Aberta. T\u00edtulo do Trabalho: Pr\u00e1ticas da Avalia\u00e7\u00e3o Formativa no Desenvolvimento da Aprendizagem da L\u00edngua Inglesa: Um estudo de caso em Cabo Verde Data da Prova P\u00fablica: 2021\/10\/19\u00a0\u00a0<a href=\"http:\/\/hdl.handle.net\/10400.2\/11400\" target=\"_blank\" rel=\"noreferrer noopener\">http:\/\/hdl.handle.net\/10400.2\/11400<\/a><\/li>\n<\/ul>\n\n\n\n<ul class=\"wp-block-list\"><\/ul>\n\n\n\n<ul class=\"wp-block-list\">\n<li>Souza, E. (2019). <em>Avalia\u00e7\u00e3o alternativa digital : estudo de caso em um curso T\u00e9cnico em Administra\u00e7\u00e3o da Rede Nacional EaD Senac &#8211; Brasil<\/em>, Mestrado em Pedagogia do eLearning, Universidade Aberta, <a href=\"http:\/\/hdl.handle.net\/10400.2\/8513\" target=\"_blank\" rel=\"noreferrer noopener\">http:\/\/hdl.handle.net\/10400.2\/8513<\/a>.<\/li>\n<\/ul>\n\n\n\n<ul class=\"wp-block-list\">\n<li>Ramos, M. A. (2018). <em>Pr\u00e1ticas pedag\u00f3gicas inovadoras e promotoras de desenvolvimento de compet\u00eancias : estudo realizado na Escola B\u00e1sica Narciso Ant\u00f3nio Ramalho<\/em>, Mestrado em Supervis\u00e3o Pedag\u00f3gica, Universidade Aberta, <a href=\"http:\/\/hdl.handle.net\/10400.2\/7548\" target=\"_blank\" rel=\"noreferrer noopener\">http:\/\/hdl.handle.net\/10400.2\/7548<\/a>.<\/li>\n<\/ul>\n\n\n\n<ul class=\"wp-block-list\">\n<li>Figueira, I.C. (2017).<em> Avalia\u00e7\u00e3o das aprendizagens: a utiliza\u00e7\u00e3o do Portf\u00f3lio na disciplina de matem\u00e1tica no ensino secund\u00e1rio, <\/em>Mestrado em Supervis\u00e3o Pedag\u00f3gica, Universidade Aberta.<\/li>\n<\/ul>\n\n\n\n<ul class=\"wp-block-list\"><\/ul>\n\n\n\n<ul class=\"wp-block-list\">\n<li>Silva, M. A, F. (2015). <em>A avalia\u00e7\u00e3o formativa como forma de garantir a aprendizagem : um estudo de caso na disciplina de Geografia<\/em>, Mestrado em Supervis\u00e3o Pedag\u00f3gica, Universidade Aberta, <a href=\"http:\/\/hdl.handle.net\/10400.2\/4722\" target=\"_blank\" rel=\"noreferrer noopener\">http:\/\/hdl.handle.net\/10400.2\/4722<\/a>. <\/li>\n<\/ul>\n\n\n\n<ul class=\"wp-block-list\"><\/ul>\n","protected":false},"excerpt":{"rendered":"Disserta\u00e7\u00f5es","protected":false},"author":4,"featured_media":0,"parent":0,"menu_order":0,"comment_status":"closed","ping_status":"closed","template":"","meta":{"footnotes":""},"class_list":["post-2037","page","type-page","status-publish","hentry"],"_links":{"self":[{"href":"https:\/\/lead.uab.pt\/adic\/wp-json\/wp\/v2\/pages\/2037","targetHints":{"allow":["GET"]}}],"collection":[{"href":"https:\/\/lead.uab.pt\/adic\/wp-json\/wp\/v2\/pages"}],"about":[{"href":"https:\/\/lead.uab.pt\/adic\/wp-json\/wp\/v2\/types\/page"}],"author":[{"embeddable":true,"href":"https:\/\/lead.uab.pt\/adic\/wp-json\/wp\/v2\/users\/4"}],"replies":[{"embeddable":true,"href":"https:\/\/lead.uab.pt\/adic\/wp-json\/wp\/v2\/comments?post=2037"}],"version-history":[{"count":15,"href":"https:\/\/lead.uab.pt\/adic\/wp-json\/wp\/v2\/pages\/2037\/revisions"}],"predecessor-version":[{"id":2293,"href":"https:\/\/lead.uab.pt\/adic\/wp-json\/wp\/v2\/pages\/2037\/revisions\/2293"}],"wp:attachment":[{"href":"https:\/\/lead.uab.pt\/adic\/wp-json\/wp\/v2\/media?parent=2037"}],"curies":[{"name":"wp","href":"https:\/\/api.w.org\/{rel}","templated":true}]}}