{"id":2039,"date":"2024-01-23T08:48:57","date_gmt":"2024-01-23T08:48:57","guid":{"rendered":"https:\/\/lead.uab.pt\/adic\/?page_id=2039"},"modified":"2024-04-09T14:48:54","modified_gmt":"2024-04-09T13:48:54","slug":"pos-docs","status":"publish","type":"page","link":"https:\/\/lead.uab.pt\/adic\/pos-docs\/","title":{"rendered":"P\u00f3s-Docs"},"content":{"rendered":"\n<h3 class=\"wp-block-heading\"><strong>P\u00f3s-Docs<\/strong> <\/h3>\n\n\n\n<ul class=\"wp-block-list\">\n<li>Sandra dos Anjos Can\u00e1rio Cust\u00f3dio Ribeiro (2018). <em>MOOC &#8211; a qualidade e a sustentabilidade na avalia\u00e7\u00e3o de aprendizagens por pares.<\/em> <\/li>\n<\/ul>\n\n\n\n<ul class=\"wp-block-list\">\n<li>Maria dos Prazeres Mo\u00e7o Casanova (2016\/2017). <em>A avalia\u00e7\u00e3o formativa digital: um estudo sobre perspetivas de alunos.<\/em><\/li>\n<\/ul>\n\n\n\n<ul class=\"wp-block-list\">\n<li>Ana Paula de Sousa Gon\u00e7alves Rocha (2016\/2017). <em>Avalia\u00e7\u00e3o formativa. Um estudo sobre forma\u00e7\u00e3o de preofessores em contexto blearning<\/em>. <\/li>\n<\/ul>\n\n\n\n<p><\/p>\n","protected":false},"excerpt":{"rendered":"P\u00f3s-Docs","protected":false},"author":4,"featured_media":0,"parent":0,"menu_order":0,"comment_status":"closed","ping_status":"closed","template":"","meta":{"footnotes":""},"class_list":["post-2039","page","type-page","status-publish","hentry"],"_links":{"self":[{"href":"https:\/\/lead.uab.pt\/adic\/wp-json\/wp\/v2\/pages\/2039","targetHints":{"allow":["GET"]}}],"collection":[{"href":"https:\/\/lead.uab.pt\/adic\/wp-json\/wp\/v2\/pages"}],"about":[{"href":"https:\/\/lead.uab.pt\/adic\/wp-json\/wp\/v2\/types\/page"}],"author":[{"embeddable":true,"href":"https:\/\/lead.uab.pt\/adic\/wp-json\/wp\/v2\/users\/4"}],"replies":[{"embeddable":true,"href":"https:\/\/lead.uab.pt\/adic\/wp-json\/wp\/v2\/comments?post=2039"}],"version-history":[{"count":3,"href":"https:\/\/lead.uab.pt\/adic\/wp-json\/wp\/v2\/pages\/2039\/revisions"}],"predecessor-version":[{"id":2212,"href":"https:\/\/lead.uab.pt\/adic\/wp-json\/wp\/v2\/pages\/2039\/revisions\/2212"}],"wp:attachment":[{"href":"https:\/\/lead.uab.pt\/adic\/wp-json\/wp\/v2\/media?parent=2039"}],"curies":[{"name":"wp","href":"https:\/\/api.w.org\/{rel}","templated":true}]}}