{"id":2053,"date":"2023-12-04T08:51:00","date_gmt":"2023-12-04T08:51:00","guid":{"rendered":"https:\/\/lead.uab.pt\/adic\/?page_id=2053"},"modified":"2024-04-09T16:28:41","modified_gmt":"2024-04-09T15:28:41","slug":"recursos","status":"publish","type":"page","link":"https:\/\/lead.uab.pt\/adic\/recursos\/","title":{"rendered":"Recursos"},"content":{"rendered":"\n<h3 class=\"wp-block-heading\"><strong>Recursos Educacionais Abertos<\/strong><\/h3>\n\n\n\n<ul class=\"wp-block-list\">\n<li> Pereira, A., Amante, L. Oliveira, I., Pinto, M.C. T., Monteiro, V., Paz, J., Oliveira, R., Santos, J. R., Alexandre, F. (2022). &nbsp;<a href=\"https:\/\/aulaberta.uab.pt\/blocks\/catalog\/detail.php?id=52\"><strong><em>REP@ &#8211; Recurso Pedag\u00f3gico Aberto<\/em><\/strong>, <\/a>Aula Aberta, Universdade Aberta.<\/li>\n<\/ul>\n\n\n\n<ul class=\"wp-block-list\">\n<li>Amante, L., Souza, E., Pinto, M.C.T. (2022). <em><strong>Evaluaci\u00f3n digital de aprendizajes<\/strong><\/em>. <a href=\"http:\/\/hdl.handle.net\/10400.2\/12863\">http:\/\/hdl.handle.net\/10400.2\/12863<\/a><\/li>\n<\/ul>\n\n\n\n<ul class=\"wp-block-list\">\n<li>Pereira, A., Amante, L. Oliveira, I., Pinto, M.C. T., Monteiro, V., Paz, J., Oliveira, R., Santos, J. R., Alexandre, F. (2022). <em><strong>Digital assessment of competences: tools<\/strong> <strong>and practices<\/strong><\/em>, <a href=\"http:\/\/hdl.handle.net\/10400.2\/14234\" target=\"_blank\" rel=\"noreferrer noopener\">http:\/\/hdl.handle.net\/10400.2\/14234<\/a>.<\/li>\n<\/ul>\n\n\n\n<ul class=\"wp-block-list\">\n<li>Pereira, A., Amante, L. Oliveira, I., Pinto, M.C. T., Monteiro, V., Paz, J., Oliveira, R., Santos, J. R., Alexandre, F. (2022). <em><strong>Evaluaci\u00f3n digital de<\/strong> <\/em><strong><em>competencias<\/em>.<\/strong><a href=\"http:\/\/hdl.handle.net\/10400.2\/14233\">http:\/\/hdl.handle.net\/10400.2\/14233<\/a> <\/li>\n<\/ul>\n\n\n\n<ul class=\"wp-block-list\">\n<li>Amante, L., Souza, E., Teixeira, A., Paz, J., Pinto, M.C.T. (2022). Module 5: <strong><em>Assessment and feedback as a part of teaching and learning.<\/em><\/strong><\/li>\n\n\n\n<li><strong><em>UNITEL eCourse: How to carry out high quality and learner-centered e-learning in Higher Education<\/em><\/strong>. <a href=\"http:\/\/hdl.handle.net\/10400.2\/13077\">http:\/\/hdl.handle.net\/10400.2\/13077<\/a><\/li>\n<\/ul>\n\n\n\n<ul class=\"wp-block-list\">\n<li>Amante, L., Oliveira, I., Pereira, A. (2020). <em><strong>Avalia\u00e7\u00e3o para a aprendizagem e autorregula\u00e7\u00e3o<\/strong><\/em>, <a href=\"http:\/\/hdl.handle.net\/10400.2\/11349\" target=\"_blank\" rel=\"noreferrer noopener\">http:\/\/hdl.handle.net\/10400.2\/11349<\/a>.<\/li>\n<\/ul>\n\n\n\n<ul class=\"wp-block-list\">\n<li>Pereira, A., Oliveira, I., Amante, L. (2020). <strong>Avalia\u00e7\u00e3o de compet\u00eancias com<\/strong> <strong>rubricas<\/strong>.<a href=\"http:\/\/hdl.handle.net\/10400.2\/11350\">http:\/\/hdl.handle.net\/10400.2\/11350<\/a> <\/li>\n<\/ul>\n","protected":false},"excerpt":{"rendered":"Recursos Educacionais Abertos","protected":false},"author":4,"featured_media":0,"parent":0,"menu_order":0,"comment_status":"closed","ping_status":"closed","template":"","meta":{"footnotes":""},"class_list":["post-2053","page","type-page","status-publish","hentry"],"_links":{"self":[{"href":"https:\/\/lead.uab.pt\/adic\/wp-json\/wp\/v2\/pages\/2053","targetHints":{"allow":["GET"]}}],"collection":[{"href":"https:\/\/lead.uab.pt\/adic\/wp-json\/wp\/v2\/pages"}],"about":[{"href":"https:\/\/lead.uab.pt\/adic\/wp-json\/wp\/v2\/types\/page"}],"author":[{"embeddable":true,"href":"https:\/\/lead.uab.pt\/adic\/wp-json\/wp\/v2\/users\/4"}],"replies":[{"embeddable":true,"href":"https:\/\/lead.uab.pt\/adic\/wp-json\/wp\/v2\/comments?post=2053"}],"version-history":[{"count":12,"href":"https:\/\/lead.uab.pt\/adic\/wp-json\/wp\/v2\/pages\/2053\/revisions"}],"predecessor-version":[{"id":2230,"href":"https:\/\/lead.uab.pt\/adic\/wp-json\/wp\/v2\/pages\/2053\/revisions\/2230"}],"wp:attachment":[{"href":"https:\/\/lead.uab.pt\/adic\/wp-json\/wp\/v2\/media?parent=2053"}],"curies":[{"name":"wp","href":"https:\/\/api.w.org\/{rel}","templated":true}]}}