{"id":2130,"date":"2024-03-09T08:00:04","date_gmt":"2024-03-09T08:00:04","guid":{"rendered":"https:\/\/lead.uab.pt\/adic\/?page_id=2130"},"modified":"2024-11-22T18:57:06","modified_gmt":"2024-11-22T18:57:06","slug":"cursos","status":"publish","type":"page","link":"https:\/\/lead.uab.pt\/adic\/cursos\/","title":{"rendered":"Cursos"},"content":{"rendered":"\n<h3 class=\"wp-block-heading\"><strong>Cursos Formais e n\u00e3o-formais<\/strong><\/h3>\n\n\n\n<p><\/p>\n\n\n\n<h4 class=\"wp-block-heading\"><strong>Licenciatura, Mestrado e Doutoramento<\/strong><\/h4>\n\n\n\n<p>Impacto do projeto nas seguintes Unidades curriculares e M\u00f3dulos:<\/p>\n\n\n\n<ul class=\"wp-block-list\">\n<li> Avalia\u00e7\u00e3o em eLearning, Mestrado em Pedagogia do eLearning.<\/li>\n\n\n\n<li>Avalia\u00e7\u00e3o das Aprendizagens, Mestrado em Supervis\u00e3o Pedag\u00f3gica, Universidade Aberta,<\/li>\n<\/ul>\n\n\n\n<ul class=\"wp-block-list\">\n<li>M\u00f3dulo do Doutoramento em Educa\u00e7\u00e3o a Dist\u00e2ncia e eLearning.<\/li>\n<\/ul>\n\n\n\n<p><\/p>\n\n\n\n<h3 class=\"wp-block-heading\"><strong>MOOC<\/strong> <strong>e Cursos Abertos<\/strong><\/h3>\n\n\n\n<p>Amante, L., Souza, E., Teixeira, A., Paz, J., Pinto, M. C. T.  (2022). Unit 5.2: A framework for digital assessment, Module 5: Assessment and feedback as a part of teaching and learning. <em><strong><a href=\"https:\/\/moodle.iot.prismasense.com\">UNITEL eCourse: How to carry out high quality and learner-centered e-learning in Higher Education<\/a><\/strong><\/em>.  <a href=\"http:\/\/hdl.handle.net\/10400.2\/13077\" target=\"_blank\" rel=\"noreferrer noopener\">http:\/\/hdl.handle.net\/10400.2\/13077<\/a>.<\/p>\n\n\n\n<p>Amante, L., Paz, J. (2022). TEMA 4 &#8211; Feedback e planeamento, Compet\u00eancias Digitais: Como desenvolver e avaliar, DIGITALLY COMPETENT EDUCATORS, Projeto SLP (https:\/\/e-slp.eadtu.eu\/.<\/p>\n\n\n\n<p>Amante, L., Oliveira, I. (2018\/2020). Module 3: Facilitating and Assessing Learners\u2019 Digital Competencies. E-SLP Project (2018\/2020).<\/p>\n\n\n\n<h3 class=\"wp-block-heading\"><strong>Micro credenciais<\/strong><\/h3>\n\n\n\n<p>Amante, L., Souza, E. (2022). <em><a href=\"https:\/\/portal.uab.pt\/alv\/cursos_alv\/avaliacao-digital-da-aprendizagem\/\" data-type=\"link\" data-id=\"https:\/\/portal.uab.pt\/alv\/cursos_alv\/avaliacao-digital-da-aprendizagem\/\">Avalia\u00e7\u00e3o Digital das Aprendizagens<\/a><\/em>, Microcredencial UALV, Universidade Aberta. https:\/\/portal.uab.pt\/alv\/cursos_alv\/avaliacao-digital-da-aprendizagem\/<\/p>\n\n\n\n<h3 class=\"wp-block-heading\"><strong>Oficinas<\/strong> <strong>de forma\u00e7\u00e3o <\/strong><\/h3>\n\n\n\n<p>Pereira, A., Oliveira, I., Amante, L., Oliveira, R. (2020, 2021). <em>Pr\u00e1ticas de Avalia\u00e7\u00e3o Digital de Compet\u00eancias<\/em> (50 h). Escola Secund\u00e1ria du Bocage, Escola Secund\u00e1ria Poeta El Alberto, Agrupamento de Escolas de Alc\u00e1cer do Sal, Agrupamento de Escolas de Santo Andr\u00e9, Agrupamento de Escolas de Sto Andr\u00e9, Agrupamento de Escolas de Sines.<\/p>\n\n\n\n<p>Amante, L., Oliveira, I. (2020).<em>Nova cultura de avalia\u00e7\u00e3o e de aprendizagem<\/em> (9 h). XVI Jornadas de Atualiza\u00e7\u00e3o docente de PLE. Instituto Cam\u00f5es. Xunta de Galicia. <\/p>\n\n\n\n<p>Amante, L., Oliveira, I. (2020). <em>Nova cultura de avalia\u00e7\u00e3o e da aprendizagem<\/em> (9 h). Jornadas de Atualiza\u00e7\u00e3o Docente de Portugu\u00eas. Instituto Cam\u00f5es. Estremadura.<\/p>\n\n\n\n<h3 class=\"wp-block-heading\"><strong>Cursos de forma\u00e7\u00e3o<\/strong><\/h3>\n\n\n\n<p><em>Transpar\u00eancia e a diversidade de instrumentos de avalia\u00e7\u00e3o digital para as<br>aprendizagens<\/em>. CCPFC\/ACC-119433\/23, 25 horas. Centro de Forma\u00e7\u00e3o da Associa\u00e7\u00e3o de Escolas Novafoco, 24\/maio a 11\/julho\/2023.<\/p>\n\n\n\n<h3 class=\"wp-block-heading\"><strong>Workshops<\/strong><\/h3>\n\n\n\n<p>Amante, L. (2024). <em>Sobre a avalia\u00e7\u00e3o em contextos de aprendizagem P\u00f3s-digitais<\/em> (3 h). Instituto Polit\u00e9cnico de Set\u00fabal.<\/p>\n\n\n\n<p>Amante, L. (2020). <em>Avalia\u00e7\u00e3o e Aprendizagem em Contextos Digitais<\/em>  (6 h). Universidade da Beira Interior. <\/p>\n","protected":false},"excerpt":{"rendered":"Cursos Formais e n\u00e3o-formais Licenciatura, Mestrado e Doutoramento Impacto do projeto nas seguintes Unidades curriculares e M\u00f3dulos: MOOC e Cursos Abertos Amante, L., Souza, E., Teixeira, A., Paz, J., Pinto, M. C. T. (2022). Unit 5.2: A framework for digital assessment, Module 5: Assessment and feedback as a part of teaching and learning. UNITEL eCourse: [&hellip;]","protected":false},"author":4,"featured_media":0,"parent":0,"menu_order":0,"comment_status":"closed","ping_status":"closed","template":"","meta":{"footnotes":""},"class_list":["post-2130","page","type-page","status-publish","hentry"],"_links":{"self":[{"href":"https:\/\/lead.uab.pt\/adic\/wp-json\/wp\/v2\/pages\/2130","targetHints":{"allow":["GET"]}}],"collection":[{"href":"https:\/\/lead.uab.pt\/adic\/wp-json\/wp\/v2\/pages"}],"about":[{"href":"https:\/\/lead.uab.pt\/adic\/wp-json\/wp\/v2\/types\/page"}],"author":[{"embeddable":true,"href":"https:\/\/lead.uab.pt\/adic\/wp-json\/wp\/v2\/users\/4"}],"replies":[{"embeddable":true,"href":"https:\/\/lead.uab.pt\/adic\/wp-json\/wp\/v2\/comments?post=2130"}],"version-history":[{"count":11,"href":"https:\/\/lead.uab.pt\/adic\/wp-json\/wp\/v2\/pages\/2130\/revisions"}],"predecessor-version":[{"id":2300,"href":"https:\/\/lead.uab.pt\/adic\/wp-json\/wp\/v2\/pages\/2130\/revisions\/2300"}],"wp:attachment":[{"href":"https:\/\/lead.uab.pt\/adic\/wp-json\/wp\/v2\/media?parent=2130"}],"curies":[{"name":"wp","href":"https:\/\/api.w.org\/{rel}","templated":true}]}}