{"id":2235,"date":"2024-04-10T19:52:03","date_gmt":"2024-04-10T18:52:03","guid":{"rendered":"https:\/\/lead.uab.pt\/adic\/?page_id=2235"},"modified":"2024-04-10T19:52:03","modified_gmt":"2024-04-10T18:52:03","slug":"bolsas","status":"publish","type":"page","link":"https:\/\/lead.uab.pt\/adic\/bolsas\/","title":{"rendered":"Bolsas"},"content":{"rendered":"\n<h3 class=\"wp-block-heading\">Doutoramento<\/h3>\n\n\n\n<p> Elizabeth Batista de Souza &#8211; Doutoramento em Educa\u00e7\u00e3o a Dist\u00e2ncia e eLearning<\/p>\n","protected":false},"excerpt":{"rendered":"Doutoramento Elizabeth Batista de Souza &#8211; Doutoramento em Educa\u00e7\u00e3o a Dist\u00e2ncia e eLearning","protected":false},"author":8,"featured_media":0,"parent":0,"menu_order":0,"comment_status":"closed","ping_status":"closed","template":"","meta":{"footnotes":""},"class_list":["post-2235","page","type-page","status-publish","hentry"],"_links":{"self":[{"href":"https:\/\/lead.uab.pt\/adic\/wp-json\/wp\/v2\/pages\/2235","targetHints":{"allow":["GET"]}}],"collection":[{"href":"https:\/\/lead.uab.pt\/adic\/wp-json\/wp\/v2\/pages"}],"about":[{"href":"https:\/\/lead.uab.pt\/adic\/wp-json\/wp\/v2\/types\/page"}],"author":[{"embeddable":true,"href":"https:\/\/lead.uab.pt\/adic\/wp-json\/wp\/v2\/users\/8"}],"replies":[{"embeddable":true,"href":"https:\/\/lead.uab.pt\/adic\/wp-json\/wp\/v2\/comments?post=2235"}],"version-history":[{"count":1,"href":"https:\/\/lead.uab.pt\/adic\/wp-json\/wp\/v2\/pages\/2235\/revisions"}],"predecessor-version":[{"id":2236,"href":"https:\/\/lead.uab.pt\/adic\/wp-json\/wp\/v2\/pages\/2235\/revisions\/2236"}],"wp:attachment":[{"href":"https:\/\/lead.uab.pt\/adic\/wp-json\/wp\/v2\/media?parent=2235"}],"curies":[{"name":"wp","href":"https:\/\/api.w.org\/{rel}","templated":true}]}}