{"id":145,"date":"2022-10-19T22:43:26","date_gmt":"2022-10-19T22:43:26","guid":{"rendered":"https:\/\/sites.uab.pt\/congresso-humanidades\/?page_id=145"},"modified":"2024-05-29T16:09:52","modified_gmt":"2024-05-29T15:09:52","slug":"produtos","status":"publish","type":"page","link":"https:\/\/lead.uab.pt\/aeced\/produtos\/","title":{"rendered":"Produtos"},"content":{"rendered":"\n<h2 class=\"wp-block-heading\">Produtos<\/h2>\n\n\n\n<p>Quadro Pedag\u00f3gico de Refer\u00eancia (em desenvolvimento)<\/p>\n\n\n\n<p>Guias para aplica\u00e7\u00f5es pr\u00e1ticas (em desenvolvimento)<\/p>\n\n\n\n<p><\/p>\n\n\n\n<p>Curso online &#8211; Transformar a Educa\u00e7\u00e3o para a democracia atrav\u00e9s das Aprendizgens Est\u00e9ticas e Corporizadas para uma Democracia em constru\u00e7\u00e3o<\/p>\n\n\n\n<p><gwmw style=\"display:none;\"><\/gwmw><\/p>\n\n\n\n<p><gwmw style=\"display:none;\"><\/gwmw><\/p>\n","protected":false},"excerpt":{"rendered":"Produtos Quadro Pedag\u00f3gico de Refer\u00eancia (em desenvolvimento) Guias para aplica\u00e7\u00f5es pr\u00e1ticas (em desenvolvimento) Curso online &#8211; Transformar a Educa\u00e7\u00e3o para a democracia atrav\u00e9s das Aprendizgens Est\u00e9ticas e Corporizadas para uma Democracia em constru\u00e7\u00e3o","protected":false},"author":1,"featured_media":0,"parent":0,"menu_order":50,"comment_status":"closed","ping_status":"closed","template":"","meta":{"footnotes":""},"class_list":["post-145","page","type-page","status-publish","hentry"],"_links":{"self":[{"href":"https:\/\/lead.uab.pt\/aeced\/wp-json\/wp\/v2\/pages\/145","targetHints":{"allow":["GET"]}}],"collection":[{"href":"https:\/\/lead.uab.pt\/aeced\/wp-json\/wp\/v2\/pages"}],"about":[{"href":"https:\/\/lead.uab.pt\/aeced\/wp-json\/wp\/v2\/types\/page"}],"author":[{"embeddable":true,"href":"https:\/\/lead.uab.pt\/aeced\/wp-json\/wp\/v2\/users\/1"}],"replies":[{"embeddable":true,"href":"https:\/\/lead.uab.pt\/aeced\/wp-json\/wp\/v2\/comments?post=145"}],"version-history":[{"count":3,"href":"https:\/\/lead.uab.pt\/aeced\/wp-json\/wp\/v2\/pages\/145\/revisions"}],"predecessor-version":[{"id":2087,"href":"https:\/\/lead.uab.pt\/aeced\/wp-json\/wp\/v2\/pages\/145\/revisions\/2087"}],"wp:attachment":[{"href":"https:\/\/lead.uab.pt\/aeced\/wp-json\/wp\/v2\/media?parent=145"}],"curies":[{"name":"wp","href":"https:\/\/api.w.org\/{rel}","templated":true}]}}