{"id":154,"date":"2022-10-20T10:47:10","date_gmt":"2022-10-20T10:47:10","guid":{"rendered":"https:\/\/sites.uab.pt\/congresso-humanidades\/?page_id=154"},"modified":"2024-05-29T13:04:30","modified_gmt":"2024-05-29T12:04:30","slug":"contactos","status":"publish","type":"page","link":"https:\/\/lead.uab.pt\/aeced\/contactos\/","title":{"rendered":"Contactos"},"content":{"rendered":"\n<h2 class=\"wp-block-heading\">Contactos em Portugal<\/h2>\n\n\n\n<p>Claudia Neves &#8211; Claudia.neves@uab.pt &#8211; Coordena\u00e7\u00e3o da equipa portuguesa<\/p>\n\n\n\n<p>Juliana Oliveira &#8211; juliana.oliveira@uab.pt &#8211; Bolseira do projeto<\/p>\n\n\n\n<p><\/p>\n\n\n\n<p><strong>Siga-nos e \u00e0 nossa investiga\u00e7\u00e3o atrav\u00e9s das nossas contas nas redes sociais<\/strong><\/p>\n\n\n\n<p><a href=\"http:\/\/www.twitter.com\/AECED_project\">www.twitter.com\/AECED_project<br><\/a><br><a href=\"http:\/\/www.linkedin.com\/company\/aecedhorizon\/\">www.linkedin.com\/company\/aecedhorizon\/<br><\/a><br><a href=\"https:\/\/www.youtube.com\/@AECEDHorizon\">www.youtube.com\/@AECEDHorizon<\/a><\/p>\n\n\n\n<p><strong>CORDIS<\/strong> &#8211; <a href=\"https:\/\/cordis.europa.eu\/project\/id\/101094052\">https:\/\/cordis.europa.eu\/project\/id\/101094052<\/a><\/p>\n\n\n\n<p><gwmw style=\"display:none;\"><\/gwmw><\/p>\n\n\n\n<p><gwmw style=\"display:none;\"><\/gwmw><\/p>\n","protected":false},"excerpt":{"rendered":"Contactos em Portugal Claudia Neves &#8211; Claudia.neves@uab.pt &#8211; Coordena\u00e7\u00e3o da equipa portuguesa Juliana Oliveira &#8211; juliana.oliveira@uab.pt &#8211; Bolseira do projeto Siga-nos e \u00e0 nossa investiga\u00e7\u00e3o atrav\u00e9s das nossas contas nas redes sociais www.twitter.com\/AECED_projectwww.linkedin.com\/company\/aecedhorizon\/www.youtube.com\/@AECEDHorizon CORDIS &#8211; https:\/\/cordis.europa.eu\/project\/id\/101094052","protected":false},"author":1,"featured_media":0,"parent":0,"menu_order":70,"comment_status":"closed","ping_status":"closed","template":"","meta":{"footnotes":""},"class_list":["post-154","page","type-page","status-publish","hentry"],"_links":{"self":[{"href":"https:\/\/lead.uab.pt\/aeced\/wp-json\/wp\/v2\/pages\/154","targetHints":{"allow":["GET"]}}],"collection":[{"href":"https:\/\/lead.uab.pt\/aeced\/wp-json\/wp\/v2\/pages"}],"about":[{"href":"https:\/\/lead.uab.pt\/aeced\/wp-json\/wp\/v2\/types\/page"}],"author":[{"embeddable":true,"href":"https:\/\/lead.uab.pt\/aeced\/wp-json\/wp\/v2\/users\/1"}],"replies":[{"embeddable":true,"href":"https:\/\/lead.uab.pt\/aeced\/wp-json\/wp\/v2\/comments?post=154"}],"version-history":[{"count":5,"href":"https:\/\/lead.uab.pt\/aeced\/wp-json\/wp\/v2\/pages\/154\/revisions"}],"predecessor-version":[{"id":2070,"href":"https:\/\/lead.uab.pt\/aeced\/wp-json\/wp\/v2\/pages\/154\/revisions\/2070"}],"wp:attachment":[{"href":"https:\/\/lead.uab.pt\/aeced\/wp-json\/wp\/v2\/media?parent=154"}],"curies":[{"name":"wp","href":"https:\/\/api.w.org\/{rel}","templated":true}]}}