{"id":2005,"date":"2024-05-22T14:18:10","date_gmt":"2024-05-22T13:18:10","guid":{"rendered":"https:\/\/lead.uab.pt\/aeced\/?page_id=2005"},"modified":"2024-05-29T16:07:46","modified_gmt":"2024-05-29T15:07:46","slug":"work-packages","status":"publish","type":"page","link":"https:\/\/lead.uab.pt\/aeced\/work-packages\/","title":{"rendered":"Work Packages"},"content":{"rendered":"\n<p>WP1 &#8211; Atividades de gest\u00e3o e coordena\u00e7\u00e3o<\/p>\n\n\n\n<p>WP2 &#8211; Comunica\u00e7\u00e3o, dissemina\u00e7\u00e3o e explora\u00e7\u00e3o<\/p>\n\n\n\n<p>WP3 &#8211; Desenho de prot\u00f3tipos de quado pedag\u00f3gico de refer\u00eancia e guias<\/p>\n\n\n\n<p>WP4 &#8211; Desenvolvimento de casos m\u00faltiplos<\/p>\n\n\n\n<p>WP5 &#8211; Vers\u00e3o final dos quadro pedag\u00f3gico de refer\u00eancia e dos guias <\/p>\n\n\n\n<p>WP6 &#8211; Qeest\u00f5es \u00e9ticas<gwmw style=\"display: none; background-color: transparent;\"><\/gwmw><\/p>\n","protected":false},"excerpt":{"rendered":"WP1 &#8211; Atividades de gest\u00e3o e coordena\u00e7\u00e3o WP2 &#8211; Comunica\u00e7\u00e3o, dissemina\u00e7\u00e3o e explora\u00e7\u00e3o WP3 &#8211; Desenho de prot\u00f3tipos de quado pedag\u00f3gico de refer\u00eancia e guias WP4 &#8211; Desenvolvimento de casos m\u00faltiplos WP5 &#8211; Vers\u00e3o final dos quadro pedag\u00f3gico de refer\u00eancia e dos guias WP6 &#8211; Qeest\u00f5es \u00e9ticas","protected":false},"author":1,"featured_media":0,"parent":0,"menu_order":40,"comment_status":"closed","ping_status":"closed","template":"","meta":{"footnotes":""},"class_list":["post-2005","page","type-page","status-publish","hentry"],"_links":{"self":[{"href":"https:\/\/lead.uab.pt\/aeced\/wp-json\/wp\/v2\/pages\/2005","targetHints":{"allow":["GET"]}}],"collection":[{"href":"https:\/\/lead.uab.pt\/aeced\/wp-json\/wp\/v2\/pages"}],"about":[{"href":"https:\/\/lead.uab.pt\/aeced\/wp-json\/wp\/v2\/types\/page"}],"author":[{"embeddable":true,"href":"https:\/\/lead.uab.pt\/aeced\/wp-json\/wp\/v2\/users\/1"}],"replies":[{"embeddable":true,"href":"https:\/\/lead.uab.pt\/aeced\/wp-json\/wp\/v2\/comments?post=2005"}],"version-history":[{"count":3,"href":"https:\/\/lead.uab.pt\/aeced\/wp-json\/wp\/v2\/pages\/2005\/revisions"}],"predecessor-version":[{"id":2085,"href":"https:\/\/lead.uab.pt\/aeced\/wp-json\/wp\/v2\/pages\/2005\/revisions\/2085"}],"wp:attachment":[{"href":"https:\/\/lead.uab.pt\/aeced\/wp-json\/wp\/v2\/media?parent=2005"}],"curies":[{"name":"wp","href":"https:\/\/api.w.org\/{rel}","templated":true}]}}