{"id":139,"date":"2022-10-19T22:41:51","date_gmt":"2022-10-19T22:41:51","guid":{"rendered":"https:\/\/sites.uab.pt\/congresso-humanidades\/?page_id=139"},"modified":"2025-06-27T11:01:37","modified_gmt":"2025-06-27T10:01:37","slug":"projeto","status":"publish","type":"page","link":"https:\/\/lead.uab.pt\/aqui-me-encontro\/","title":{"rendered":"Projeto"},"content":{"rendered":"\n<h1 class=\"wp-block-heading is-style-default has-body-font-family has-xx-large-font-size\" style=\"letter-spacing:3px\"><\/h1>\n\n\n\n<h2 class=\"wp-block-heading has-xx-large-font-size\">O projeto <strong>AquiMeEncontro<\/strong><\/h2>\n\n\n\n<div class=\"wp-block-columns is-layout-flex wp-container-core-columns-is-layout-2 wp-block-columns-is-layout-flex\">\n<div class=\"wp-block-column is-layout-flow wp-block-column-is-layout-flow\" style=\"padding-top:var(--wp--preset--spacing--20);padding-bottom:var(--wp--preset--spacing--20);flex-basis:33.33%\">\n<p class=\"has-heading-font-family has-large-font-size\" style=\"padding-top:0;padding-bottom:0;line-height:1.7\"><em>Minha Aldeia \u00e9 todo o mundo<br>Todo o mundo me pertence.<br>Aqui me encontro e confundo<br>com gente de todo o mundo<br>que a todo o mundo pertence. <\/em><\/p>\n\n\n\n<p style=\"padding-top:0;padding-bottom:0;line-height:1.7\"><\/p>\n\n\n\n<p class=\"has-small-font-size\" style=\"padding-top:0;padding-bottom:0;line-height:1.7\">Ant\u00f3nio Gede\u00e3o<\/p>\n\n\n\n<div class=\"wp-block-columns is-layout-flex wp-container-core-columns-is-layout-1 wp-block-columns-is-layout-flex\">\n<div class=\"wp-block-column is-layout-flow wp-block-column-is-layout-flow\" style=\"flex-basis:33.33%\"><\/div>\n\n\n\n<div class=\"wp-block-column is-layout-flow wp-block-column-is-layout-flow\" style=\"flex-basis:66.66%\"><\/div>\n<\/div>\n<\/div>\n\n\n\n<div class=\"wp-block-column is-layout-flow wp-block-column-is-layout-flow\" style=\"padding-top:var(--wp--preset--spacing--20);padding-bottom:var(--wp--preset--spacing--20);flex-basis:66.66%\">\n<figure class=\"wp-block-image size-full is-resized\"><img loading=\"lazy\" decoding=\"async\" width=\"313\" height=\"257\" src=\"https:\/\/lead.uab.pt\/aqui-me-encontro\/wp-content\/uploads\/sites\/28\/2024\/05\/Aqui-me-encontro-Logo-03.png\" alt=\"\" class=\"wp-image-2045\" style=\"width:398px;height:auto\" srcset=\"https:\/\/lead.uab.pt\/aqui-me-encontro\/wp-content\/uploads\/sites\/28\/2024\/05\/Aqui-me-encontro-Logo-03.png 313w, https:\/\/lead.uab.pt\/aqui-me-encontro\/wp-content\/uploads\/sites\/28\/2024\/05\/Aqui-me-encontro-Logo-03-300x246.png 300w\" sizes=\"auto, (max-width: 313px) 100vw, 313px\" \/><\/figure>\n<\/div>\n<\/div>\n\n\n\n<p>Tom\u00e1mos de empr\u00e9stimo estes tr\u00eas versos do poema \u201c<strong><em>Minha Aldeia<\/em><\/strong>\u201d de Ant\u00f3nio Gede\u00e3o para titular este projeto. N\u00e3o encontr\u00e1mos express\u00e3o mais<br>inspiradora que esta para dar nome a um projeto que pretende estudar <strong>O papel das escolas na integra\u00e7\u00e3o de imigrantes<\/strong>.<\/p>\n\n\n\n<p style=\"padding-top:0;padding-bottom:0\">Como \u00e9 referido no texto que publicita a abertura de candidaturas a que este projeto concorre, uma parte importante da resposta ao desafio<br>demogr\u00e1fico deste Portugal envelhecido ser\u00e1 dada pelo saldo migrat\u00f3rio. Ao mesmo tempo, vivencia-se, atualmente, um dos maiores fen\u00f3menos de<br>popula\u00e7\u00f5es deslocadas ao n\u00edvel mundial, fruto de eventos como a guerra, a opress\u00e3o dos governos e a procura de melhores condi\u00e7\u00f5es de vida.<br>Inevitavelmente os sistemas educativos s\u00e3o confrontados com as exig\u00eancias novas que tais movimentos demogr\u00e1ficos acarretam. <\/p>\n\n\n\n<p style=\"padding-top:0;padding-bottom:0\"><strong>Como \u00e9 que estas popula\u00e7\u00f5es s\u00e3o acolhidas (recebidas e integradas) no nosso sistema educativo?<\/strong><\/p>\n\n\n\n<p style=\"padding-top:0;padding-bottom:0\">O Projeto AquimeEncontro pretende contribuir para a an\u00e1lise das medidas pol\u00edticas de integra\u00e7\u00e3o de imigrantes e refugiados no sistema educativo<br>portugu\u00eas, vista a partir das pr\u00e1ticas de integra\u00e7\u00e3o que as Escolas p\u00fablicas portuguesas foram capazes de p\u00f4r em pr\u00e1tica. Pretende ainda contribuir<br>para o conhecimento e o refor\u00e7o dos instrumentos orientados para o acolhimento e a integra\u00e7\u00e3o de migrantes e refugiados, operacionalizados<br>atrav\u00e9s de iniciativas no \u00e2mbito da forma\u00e7\u00e3o e educa\u00e7\u00e3o destinadas a crian\u00e7as, jovens e adultos.<br><\/p>\n\n\n\n<p>V\u00eddeo de apresenta\u00e7\u00e3o do projeto <a href=\"https:\/\/we.tl\/t-iqyrYkzdhx\" data-type=\"link\" data-id=\"https:\/\/we.tl\/t-iqyrYkzdhx\">aqui<\/a>!<\/p>\n\n\n\n<p><\/p>\n\n\n\n<div class=\"wp-block-buttons is-layout-flex wp-block-buttons-is-layout-flex\">\n<div class=\"wp-block-button\"><a class=\"wp-block-button__link has-contrast-background-color has-background has-border-color has-contrast-border-color wp-element-button\" href=\"https:\/\/lead.uab.pt\/aqui-me-encontro\/sobre-o-projeto-aquimeencontro\/\">Para saber mais sobre o projeto <strong>AquiMeEncontro<\/strong> clique aqui.<\/a><\/div>\n<\/div>\n\n\n\n<p><\/p>\n\n\n\n<p><a href=\"https:\/\/lead.uab.pt\/aqui-me-encontro\/\">AquiMeEncontro<\/a> \u00a9 2024 by <a href=\"https:\/\/creativecommons.org\">Laborat\u00f3rio de Educa\u00e7\u00e3o a Dist\u00e2ncia e eLearning<\/a> is licensed under <a href=\"https:\/\/creativecommons.org\/licenses\/by-nc-sa\/4.0\/\">CC BY-NC-SA 4.0<\/a><img decoding=\"async\" src=\"https:\/\/mirrors.creativecommons.org\/presskit\/icons\/cc.svg\"><img decoding=\"async\" src=\"https:\/\/mirrors.creativecommons.org\/presskit\/icons\/by.svg\"><img decoding=\"async\" src=\"https:\/\/mirrors.creativecommons.org\/presskit\/icons\/nc.svg\"><img decoding=\"async\" style=\"\" src=\"https:\/\/mirrors.creativecommons.org\/presskit\/icons\/sa.svg\" alt=\"undefined\"> <\/p>\n\n\n\n<p><\/p>\n","protected":false},"excerpt":{"rendered":"O projeto AquiMeEncontro Minha Aldeia \u00e9 todo o mundoTodo o mundo me pertence.Aqui me encontro e confundocom gente de todo o mundoque a todo o mundo pertence. Ant\u00f3nio Gede\u00e3o Tom\u00e1mos de empr\u00e9stimo estes tr\u00eas versos do poema \u201cMinha Aldeia\u201d de Ant\u00f3nio Gede\u00e3o para titular este projeto. N\u00e3o encontr\u00e1mos express\u00e3o maisinspiradora que esta para dar nome [&hellip;]","protected":false},"author":1,"featured_media":0,"parent":0,"menu_order":10,"comment_status":"closed","ping_status":"closed","template":"","meta":{"footnotes":""},"class_list":["post-139","page","type-page","status-publish","hentry"],"_links":{"self":[{"href":"https:\/\/lead.uab.pt\/aqui-me-encontro\/wp-json\/wp\/v2\/pages\/139","targetHints":{"allow":["GET"]}}],"collection":[{"href":"https:\/\/lead.uab.pt\/aqui-me-encontro\/wp-json\/wp\/v2\/pages"}],"about":[{"href":"https:\/\/lead.uab.pt\/aqui-me-encontro\/wp-json\/wp\/v2\/types\/page"}],"author":[{"embeddable":true,"href":"https:\/\/lead.uab.pt\/aqui-me-encontro\/wp-json\/wp\/v2\/users\/1"}],"replies":[{"embeddable":true,"href":"https:\/\/lead.uab.pt\/aqui-me-encontro\/wp-json\/wp\/v2\/comments?post=139"}],"version-history":[{"count":20,"href":"https:\/\/lead.uab.pt\/aqui-me-encontro\/wp-json\/wp\/v2\/pages\/139\/revisions"}],"predecessor-version":[{"id":2274,"href":"https:\/\/lead.uab.pt\/aqui-me-encontro\/wp-json\/wp\/v2\/pages\/139\/revisions\/2274"}],"wp:attachment":[{"href":"https:\/\/lead.uab.pt\/aqui-me-encontro\/wp-json\/wp\/v2\/media?parent=139"}],"curies":[{"name":"wp","href":"https:\/\/api.w.org\/{rel}","templated":true}]}}