{"id":145,"date":"2022-10-19T22:43:26","date_gmt":"2022-10-19T22:43:26","guid":{"rendered":"https:\/\/sites.uab.pt\/congresso-humanidades\/?page_id=145"},"modified":"2025-12-15T06:39:00","modified_gmt":"2025-12-15T06:39:00","slug":"produtos","status":"publish","type":"page","link":"https:\/\/lead.uab.pt\/aqui-me-encontro\/produtos\/","title":{"rendered":"Produtos"},"content":{"rendered":"\n<h2 class=\"wp-block-heading has-accent-4-color has-text-color has-link-color has-x-large-font-size wp-elements-982244a18afe3efd5afcf23a6d54e169\"><strong>Policy brief<\/strong> <\/h2>\n\n\n\n<figure class=\"wp-block-embed is-type-video is-provider-youtube wp-block-embed-youtube wp-embed-aspect-16-9 wp-has-aspect-ratio\"><div class=\"wp-block-embed__wrapper\">\n<iframe loading=\"lazy\" title=\"projeto AquiMeEncontro - Policy brief\" width=\"500\" height=\"281\" src=\"https:\/\/www.youtube.com\/embed\/2JQSHk0jUBE?feature=oembed\" frameborder=\"0\" allow=\"accelerometer; autoplay; clipboard-write; encrypted-media; gyroscope; picture-in-picture; web-share\" referrerpolicy=\"strict-origin-when-cross-origin\" allowfullscreen><\/iframe>\n<\/div><\/figure>\n\n\n\n<div data-wp-interactive=\"core\/file\" class=\"wp-block-file\"><object data-wp-bind--hidden=\"!state.hasPdfPreview\" hidden class=\"wp-block-file__embed\" data=\"https:\/\/lead.uab.pt\/aqui-me-encontro\/wp-content\/uploads\/sites\/28\/2025\/12\/Versao-PT-1.pdf\" type=\"application\/pdf\" style=\"width:100%;height:600px\" aria-label=\"Incorpora\u00e7\u00e3o de Vers\u00e3o PT (1).\"><\/object><a id=\"wp-block-file--media-f505a7fd-9c0d-42ed-9de9-950db11164c6\" href=\"https:\/\/lead.uab.pt\/aqui-me-encontro\/wp-content\/uploads\/sites\/28\/2025\/12\/Versao-PT-1.pdf\">Vers\u00e3o PT (1)<\/a><a href=\"https:\/\/lead.uab.pt\/aqui-me-encontro\/wp-content\/uploads\/sites\/28\/2025\/12\/Versao-PT-1.pdf\" class=\"wp-block-file__button wp-element-button\" download aria-describedby=\"wp-block-file--media-f505a7fd-9c0d-42ed-9de9-950db11164c6\">Descarregar<\/a><\/div>\n\n\n\n<div data-wp-interactive=\"core\/file\" class=\"wp-block-file\"><object data-wp-bind--hidden=\"!state.hasPdfPreview\" hidden class=\"wp-block-file__embed\" data=\"https:\/\/lead.uab.pt\/aqui-me-encontro\/wp-content\/uploads\/sites\/28\/2025\/12\/Versao-EN.pdf\" type=\"application\/pdf\" style=\"width:100%;height:600px\" aria-label=\"Incorpora\u00e7\u00e3o de Vers\u00e3o EN.\"><\/object><a id=\"wp-block-file--media-38601707-d039-4b82-88cf-f8d9340cc059\" href=\"https:\/\/lead.uab.pt\/aqui-me-encontro\/wp-content\/uploads\/sites\/28\/2025\/12\/Versao-EN.pdf\">Vers\u00e3o EN<\/a><a href=\"https:\/\/lead.uab.pt\/aqui-me-encontro\/wp-content\/uploads\/sites\/28\/2025\/12\/Versao-EN.pdf\" class=\"wp-block-file__button wp-element-button\" download aria-describedby=\"wp-block-file--media-38601707-d039-4b82-88cf-f8d9340cc059\">Descarregar<\/a><\/div>\n\n\n\n<h2 class=\"wp-block-heading has-accent-4-color has-text-color has-link-color wp-elements-11f47c72a69be78ce2ac5de60ecf652f\"><strong>e-book<\/strong><\/h2>\n\n\n\n<figure class=\"wp-block-embed is-type-video is-provider-youtube wp-block-embed-youtube wp-embed-aspect-16-9 wp-has-aspect-ratio\"><div class=\"wp-block-embed__wrapper\">\n<iframe loading=\"lazy\" title=\"projeto AquiMeEncontro - e-book\" width=\"500\" height=\"281\" src=\"https:\/\/www.youtube.com\/embed\/yD_Anvkok1c?feature=oembed\" frameborder=\"0\" allow=\"accelerometer; autoplay; clipboard-write; encrypted-media; gyroscope; picture-in-picture; web-share\" referrerpolicy=\"strict-origin-when-cross-origin\" allowfullscreen><\/iframe>\n<\/div><\/figure>\n\n\n\n<figure class=\"wp-block-gallery has-nested-images columns-default is-cropped wp-block-gallery-1 is-layout-flex wp-block-gallery-is-layout-flex\">\n<figure class=\"wp-block-image aligncenter size-large is-style-default\"><img loading=\"lazy\" decoding=\"async\" width=\"731\" height=\"947\" data-id=\"2300\" src=\"https:\/\/lead.uab.pt\/aqui-me-encontro\/wp-content\/uploads\/sites\/28\/2025\/11\/book_1-1.png\" alt=\"\" class=\"wp-image-2300\" srcset=\"https:\/\/lead.uab.pt\/aqui-me-encontro\/wp-content\/uploads\/sites\/28\/2025\/11\/book_1-1.png 731w, https:\/\/lead.uab.pt\/aqui-me-encontro\/wp-content\/uploads\/sites\/28\/2025\/11\/book_1-1-232x300.png 232w\" sizes=\"auto, (max-width: 731px) 100vw, 731px\" \/><\/figure>\n<\/figure>\n\n\n\n<p><a href=\"https:\/\/repositorioaberto.uab.pt\/entities\/publication\/bc29e294-ba9c-4a41-8e06-65bfc2c578be\">AquiMeEncontro: estudos de caso<\/a><\/p>\n\n\n\n<figure class=\"wp-block-image size-large\"><img loading=\"lazy\" decoding=\"async\" width=\"1024\" height=\"662\" src=\"https:\/\/lead.uab.pt\/aqui-me-encontro\/wp-content\/uploads\/sites\/28\/2025\/11\/book_2-1-1024x662.png\" alt=\"\" class=\"wp-image-2302\" srcset=\"https:\/\/lead.uab.pt\/aqui-me-encontro\/wp-content\/uploads\/sites\/28\/2025\/11\/book_2-1-1024x662.png 1024w, https:\/\/lead.uab.pt\/aqui-me-encontro\/wp-content\/uploads\/sites\/28\/2025\/11\/book_2-1-300x194.png 300w, https:\/\/lead.uab.pt\/aqui-me-encontro\/wp-content\/uploads\/sites\/28\/2025\/11\/book_2-1-768x496.png 768w, https:\/\/lead.uab.pt\/aqui-me-encontro\/wp-content\/uploads\/sites\/28\/2025\/11\/book_2-1.png 1458w\" sizes=\"auto, (max-width: 1024px) 100vw, 1024px\" \/><\/figure>\n\n\n\n<figure class=\"wp-block-image size-large\"><img loading=\"lazy\" decoding=\"async\" width=\"1024\" height=\"661\" src=\"https:\/\/lead.uab.pt\/aqui-me-encontro\/wp-content\/uploads\/sites\/28\/2025\/11\/book_3-1-1024x661.png\" alt=\"\" class=\"wp-image-2303\" srcset=\"https:\/\/lead.uab.pt\/aqui-me-encontro\/wp-content\/uploads\/sites\/28\/2025\/11\/book_3-1-1024x661.png 1024w, https:\/\/lead.uab.pt\/aqui-me-encontro\/wp-content\/uploads\/sites\/28\/2025\/11\/book_3-1-300x194.png 300w, https:\/\/lead.uab.pt\/aqui-me-encontro\/wp-content\/uploads\/sites\/28\/2025\/11\/book_3-1-768x496.png 768w, https:\/\/lead.uab.pt\/aqui-me-encontro\/wp-content\/uploads\/sites\/28\/2025\/11\/book_3-1.png 1440w\" sizes=\"auto, (max-width: 1024px) 100vw, 1024px\" \/><\/figure>\n\n\n\n<h2 class=\"wp-block-heading\">DataSet<\/h2>\n\n\n\n<p><a href=\"https:\/\/doi.org\/10.5281\/zenodo.17701075\">https:\/\/doi.org\/10.5281\/zenodo.17701075<\/a><\/p>\n\n\n\n<figure class=\"wp-block-image size-large\"><img loading=\"lazy\" decoding=\"async\" width=\"1024\" height=\"706\" src=\"https:\/\/lead.uab.pt\/aqui-me-encontro\/wp-content\/uploads\/sites\/28\/2025\/11\/Zenodo-1024x706.png\" alt=\"\" class=\"wp-image-2334\" srcset=\"https:\/\/lead.uab.pt\/aqui-me-encontro\/wp-content\/uploads\/sites\/28\/2025\/11\/Zenodo-1024x706.png 1024w, https:\/\/lead.uab.pt\/aqui-me-encontro\/wp-content\/uploads\/sites\/28\/2025\/11\/Zenodo-300x207.png 300w, https:\/\/lead.uab.pt\/aqui-me-encontro\/wp-content\/uploads\/sites\/28\/2025\/11\/Zenodo-768x529.png 768w, https:\/\/lead.uab.pt\/aqui-me-encontro\/wp-content\/uploads\/sites\/28\/2025\/11\/Zenodo.png 1277w\" sizes=\"auto, (max-width: 1024px) 100vw, 1024px\" \/><\/figure>\n\n\n\n<h2 class=\"wp-block-heading has-accent-4-color has-text-color has-link-color wp-elements-f2ce8a5c72fb5f2f81894606ba879e10\">Recomenda\u00e7\u00f5es <\/h2>\n\n\n\n<figure class=\"wp-block-image size-large\"><img loading=\"lazy\" decoding=\"async\" width=\"410\" height=\"1024\" src=\"https:\/\/lead.uab.pt\/aqui-me-encontro\/wp-content\/uploads\/sites\/28\/2025\/11\/AquiMe-410x1024.png\" alt=\"\" class=\"wp-image-2322\" srcset=\"https:\/\/lead.uab.pt\/aqui-me-encontro\/wp-content\/uploads\/sites\/28\/2025\/11\/AquiMe-410x1024.png 410w, https:\/\/lead.uab.pt\/aqui-me-encontro\/wp-content\/uploads\/sites\/28\/2025\/11\/AquiMe-120x300.png 120w, https:\/\/lead.uab.pt\/aqui-me-encontro\/wp-content\/uploads\/sites\/28\/2025\/11\/AquiMe-768x1920.png 768w, https:\/\/lead.uab.pt\/aqui-me-encontro\/wp-content\/uploads\/sites\/28\/2025\/11\/AquiMe.png 800w\" sizes=\"auto, (max-width: 410px) 100vw, 410px\" \/><\/figure>\n\n\n\n<p class=\"has-accent-4-color has-text-color has-link-color has-x-large-font-size wp-elements-127c96f29a7ac08fc09fcf528ade2482\"><\/p>\n\n\n\n<p><\/p>\n","protected":false},"excerpt":{"rendered":"Policy brief e-book AquiMeEncontro: estudos de caso DataSet https:\/\/doi.org\/10.5281\/zenodo.17701075 Recomenda\u00e7\u00f5es","protected":false},"author":1,"featured_media":0,"parent":0,"menu_order":50,"comment_status":"closed","ping_status":"closed","template":"","meta":{"footnotes":""},"class_list":["post-145","page","type-page","status-publish","hentry"],"_links":{"self":[{"href":"https:\/\/lead.uab.pt\/aqui-me-encontro\/wp-json\/wp\/v2\/pages\/145","targetHints":{"allow":["GET"]}}],"collection":[{"href":"https:\/\/lead.uab.pt\/aqui-me-encontro\/wp-json\/wp\/v2\/pages"}],"about":[{"href":"https:\/\/lead.uab.pt\/aqui-me-encontro\/wp-json\/wp\/v2\/types\/page"}],"author":[{"embeddable":true,"href":"https:\/\/lead.uab.pt\/aqui-me-encontro\/wp-json\/wp\/v2\/users\/1"}],"replies":[{"embeddable":true,"href":"https:\/\/lead.uab.pt\/aqui-me-encontro\/wp-json\/wp\/v2\/comments?post=145"}],"version-history":[{"count":14,"href":"https:\/\/lead.uab.pt\/aqui-me-encontro\/wp-json\/wp\/v2\/pages\/145\/revisions"}],"predecessor-version":[{"id":2353,"href":"https:\/\/lead.uab.pt\/aqui-me-encontro\/wp-json\/wp\/v2\/pages\/145\/revisions\/2353"}],"wp:attachment":[{"href":"https:\/\/lead.uab.pt\/aqui-me-encontro\/wp-json\/wp\/v2\/media?parent=145"}],"curies":[{"name":"wp","href":"https:\/\/api.w.org\/{rel}","templated":true}]}}