{"id":148,"date":"2022-10-20T10:45:31","date_gmt":"2022-10-20T10:45:31","guid":{"rendered":"https:\/\/sites.uab.pt\/congresso-humanidades\/?page_id=148"},"modified":"2025-12-10T15:44:58","modified_gmt":"2025-12-10T15:44:58","slug":"eventos","status":"publish","type":"page","link":"https:\/\/lead.uab.pt\/aqui-me-encontro\/eventos\/","title":{"rendered":"Eventos"},"content":{"rendered":"\n<h2 class=\"wp-block-heading\">Eventos<\/h2>\n\n\n\n<div class=\"wp-block-c3-framew-gutenbergblocks-timeline schedule\"><div class=\"gbt-timeline-title-wrapper\"><div class=\"gbt-timeline-title tt-title\"><\/div><\/div><ul class=\"gbt-timeline-content-wrapper\">\n<li><div class=\"gbt-timeline-event-title-wrapper\"><div class=\"gbt-timeline-event-title time-title\"><strong>09-12 de Dezembro de 2025<\/strong><br><strong>Encontro<\/strong> &#8211; II Encontro: \u201cA (Boa) Educa\u00e7\u00e3o na escola: perspetivas, pr\u00e1ticas e desafios<\/div><\/div><div class=\"gbt-timeline-event-content-wrapper\">\n<figure class=\"wp-block-image size-full\"><img loading=\"lazy\" decoding=\"async\" width=\"882\" height=\"785\" src=\"https:\/\/lead.uab.pt\/aqui-me-encontro\/wp-content\/uploads\/sites\/28\/2025\/12\/Boa-educacao.png\" alt=\"\" class=\"wp-image-2348\" srcset=\"https:\/\/lead.uab.pt\/aqui-me-encontro\/wp-content\/uploads\/sites\/28\/2025\/12\/Boa-educacao.png 882w, https:\/\/lead.uab.pt\/aqui-me-encontro\/wp-content\/uploads\/sites\/28\/2025\/12\/Boa-educacao-300x267.png 300w, https:\/\/lead.uab.pt\/aqui-me-encontro\/wp-content\/uploads\/sites\/28\/2025\/12\/Boa-educacao-768x684.png 768w\" sizes=\"auto, (max-width: 882px) 100vw, 882px\" \/><\/figure>\n<\/div><\/li>\n\n\n\n<li><div class=\"gbt-timeline-event-title-wrapper\"><div class=\"gbt-timeline-event-title time-title\"><strong>04 de Dezembro de 2025<\/strong><br><strong>Semin\u00e1rio<\/strong> &#8211; de divulga\u00e7\u00e3o do projeto<\/div><\/div><div class=\"gbt-timeline-event-content-wrapper\">\n<figure class=\"wp-block-image size-large\"><img loading=\"lazy\" decoding=\"async\" width=\"1024\" height=\"572\" src=\"https:\/\/lead.uab.pt\/aqui-me-encontro\/wp-content\/uploads\/sites\/28\/2025\/11\/Capa-1024x572.png\" alt=\"\" class=\"wp-image-2310\" srcset=\"https:\/\/lead.uab.pt\/aqui-me-encontro\/wp-content\/uploads\/sites\/28\/2025\/11\/Capa-1024x572.png 1024w, https:\/\/lead.uab.pt\/aqui-me-encontro\/wp-content\/uploads\/sites\/28\/2025\/11\/Capa-300x168.png 300w, https:\/\/lead.uab.pt\/aqui-me-encontro\/wp-content\/uploads\/sites\/28\/2025\/11\/Capa-768x429.png 768w, https:\/\/lead.uab.pt\/aqui-me-encontro\/wp-content\/uploads\/sites\/28\/2025\/11\/Capa.png 1101w\" sizes=\"auto, (max-width: 1024px) 100vw, 1024px\" \/><\/figure>\n\n\n\n<figure class=\"wp-block-image size-large is-resized\"><img loading=\"lazy\" decoding=\"async\" width=\"1024\" height=\"1024\" src=\"https:\/\/lead.uab.pt\/aqui-me-encontro\/wp-content\/uploads\/sites\/28\/2025\/11\/QRCode-para-Seminario-AquiMeEncontro-Formulario-de-Inscricao_-1024x1024.png\" alt=\"\" class=\"wp-image-2326\" style=\"width:335px;height:auto\" srcset=\"https:\/\/lead.uab.pt\/aqui-me-encontro\/wp-content\/uploads\/sites\/28\/2025\/11\/QRCode-para-Seminario-AquiMeEncontro-Formulario-de-Inscricao_-1024x1024.png 1024w, https:\/\/lead.uab.pt\/aqui-me-encontro\/wp-content\/uploads\/sites\/28\/2025\/11\/QRCode-para-Seminario-AquiMeEncontro-Formulario-de-Inscricao_-300x300.png 300w, https:\/\/lead.uab.pt\/aqui-me-encontro\/wp-content\/uploads\/sites\/28\/2025\/11\/QRCode-para-Seminario-AquiMeEncontro-Formulario-de-Inscricao_-150x150.png 150w, https:\/\/lead.uab.pt\/aqui-me-encontro\/wp-content\/uploads\/sites\/28\/2025\/11\/QRCode-para-Seminario-AquiMeEncontro-Formulario-de-Inscricao_-768x768.png 768w, https:\/\/lead.uab.pt\/aqui-me-encontro\/wp-content\/uploads\/sites\/28\/2025\/11\/QRCode-para-Seminario-AquiMeEncontro-Formulario-de-Inscricao_-1536x1536.png 1536w, https:\/\/lead.uab.pt\/aqui-me-encontro\/wp-content\/uploads\/sites\/28\/2025\/11\/QRCode-para-Seminario-AquiMeEncontro-Formulario-de-Inscricao_.png 1890w\" sizes=\"auto, (max-width: 1024px) 100vw, 1024px\" \/><\/figure>\n\n\n\n<div data-wp-interactive=\"core\/file\" class=\"wp-block-file\"><object data-wp-bind--hidden=\"!state.hasPdfPreview\" hidden class=\"wp-block-file__embed\" data=\"https:\/\/lead.uab.pt\/aqui-me-encontro\/wp-content\/uploads\/sites\/28\/2025\/11\/Convite_Seminario_AquiMeEncontro.pdf\" type=\"application\/pdf\" style=\"width:100%;height:600px\" aria-label=\"Incorpora\u00e7\u00e3o de Convite_Semin\u00e1rio_AquiMeEncontro.\"><\/object><a id=\"wp-block-file--media-fcbea8cf-8720-4f48-b660-06c20eb267bc\" href=\"https:\/\/lead.uab.pt\/aqui-me-encontro\/wp-content\/uploads\/sites\/28\/2025\/11\/Convite_Seminario_AquiMeEncontro.pdf\">Convite_Semin\u00e1rio_AquiMeEncontro<\/a><a href=\"https:\/\/lead.uab.pt\/aqui-me-encontro\/wp-content\/uploads\/sites\/28\/2025\/11\/Convite_Seminario_AquiMeEncontro.pdf\" class=\"wp-block-file__button wp-element-button\" download aria-describedby=\"wp-block-file--media-fcbea8cf-8720-4f48-b660-06c20eb267bc\">Descarregar<\/a><\/div>\n<\/div><\/li>\n\n\n\n<li><div class=\"gbt-timeline-event-title-wrapper\"><div class=\"gbt-timeline-event-title time-title\"><strong>10 &#8211; 12 de Novembro de 2025<\/strong>&nbsp;<br><strong>ICERI <\/strong>&#8211; 18th annual International Conference of Education, Research and Innovation, Seville, Spain<\/div><\/div><div class=\"gbt-timeline-event-content-wrapper\">\n<figure class=\"wp-block-image size-large\"><img loading=\"lazy\" decoding=\"async\" width=\"1024\" height=\"180\" src=\"https:\/\/lead.uab.pt\/aqui-me-encontro\/wp-content\/uploads\/sites\/28\/2025\/11\/ICERI-1024x180.png\" alt=\"\" class=\"wp-image-2291\" srcset=\"https:\/\/lead.uab.pt\/aqui-me-encontro\/wp-content\/uploads\/sites\/28\/2025\/11\/ICERI-1024x180.png 1024w, https:\/\/lead.uab.pt\/aqui-me-encontro\/wp-content\/uploads\/sites\/28\/2025\/11\/ICERI-300x53.png 300w, https:\/\/lead.uab.pt\/aqui-me-encontro\/wp-content\/uploads\/sites\/28\/2025\/11\/ICERI-768x135.png 768w, https:\/\/lead.uab.pt\/aqui-me-encontro\/wp-content\/uploads\/sites\/28\/2025\/11\/ICERI.png 1165w\" sizes=\"auto, (max-width: 1024px) 100vw, 1024px\" \/><\/figure>\n\n\n\n<figure class=\"wp-block-image size-full\"><img loading=\"lazy\" decoding=\"async\" width=\"976\" height=\"545\" src=\"https:\/\/lead.uab.pt\/aqui-me-encontro\/wp-content\/uploads\/sites\/28\/2025\/11\/ICERI1.png\" alt=\"\" class=\"wp-image-2293\" srcset=\"https:\/\/lead.uab.pt\/aqui-me-encontro\/wp-content\/uploads\/sites\/28\/2025\/11\/ICERI1.png 976w, https:\/\/lead.uab.pt\/aqui-me-encontro\/wp-content\/uploads\/sites\/28\/2025\/11\/ICERI1-300x168.png 300w, https:\/\/lead.uab.pt\/aqui-me-encontro\/wp-content\/uploads\/sites\/28\/2025\/11\/ICERI1-768x429.png 768w\" sizes=\"auto, (max-width: 976px) 100vw, 976px\" \/><\/figure>\n\n\n\n<figure class=\"wp-block-image size-large\"><img loading=\"lazy\" decoding=\"async\" width=\"1024\" height=\"570\" src=\"https:\/\/lead.uab.pt\/aqui-me-encontro\/wp-content\/uploads\/sites\/28\/2025\/11\/ICERI2-1024x570.png\" alt=\"\" class=\"wp-image-2294\" srcset=\"https:\/\/lead.uab.pt\/aqui-me-encontro\/wp-content\/uploads\/sites\/28\/2025\/11\/ICERI2-1024x570.png 1024w, https:\/\/lead.uab.pt\/aqui-me-encontro\/wp-content\/uploads\/sites\/28\/2025\/11\/ICERI2-300x167.png 300w, https:\/\/lead.uab.pt\/aqui-me-encontro\/wp-content\/uploads\/sites\/28\/2025\/11\/ICERI2-768x428.png 768w, https:\/\/lead.uab.pt\/aqui-me-encontro\/wp-content\/uploads\/sites\/28\/2025\/11\/ICERI2.png 1208w\" sizes=\"auto, (max-width: 1024px) 100vw, 1024px\" \/><\/figure>\n<\/div><\/li>\n\n\n\n<li style=\"--timeline-color:#A4A4A4\"><div class=\"gbt-timeline-event-title-wrapper\"><div class=\"gbt-timeline-event-title time-title\"><strong>25 a 27 de junho 2025<\/strong><br><br><strong>Resid\u00eancia Cient\u00edfica<\/strong> &#8211; Caramulo<\/div><\/div><div class=\"gbt-timeline-event-content-wrapper\">\n<figure class=\"wp-block-gallery has-nested-images columns-default is-cropped wp-block-gallery-1 is-layout-flex wp-block-gallery-is-layout-flex\">\n<figure class=\"wp-block-image size-large\"><img loading=\"lazy\" decoding=\"async\" width=\"768\" height=\"1024\" src=\"https:\/\/lead.uab.pt\/aqui-me-encontro\/wp-content\/uploads\/sites\/28\/2025\/07\/Imagem-WhatsApp-2025-07-03-as-11.43.35_3c789cd0-2-768x1024.jpg\" alt=\"\" class=\"wp-image-2282\" srcset=\"https:\/\/lead.uab.pt\/aqui-me-encontro\/wp-content\/uploads\/sites\/28\/2025\/07\/Imagem-WhatsApp-2025-07-03-as-11.43.35_3c789cd0-2-768x1024.jpg 768w, https:\/\/lead.uab.pt\/aqui-me-encontro\/wp-content\/uploads\/sites\/28\/2025\/07\/Imagem-WhatsApp-2025-07-03-as-11.43.35_3c789cd0-2-225x300.jpg 225w, https:\/\/lead.uab.pt\/aqui-me-encontro\/wp-content\/uploads\/sites\/28\/2025\/07\/Imagem-WhatsApp-2025-07-03-as-11.43.35_3c789cd0-2-1152x1536.jpg 1152w, https:\/\/lead.uab.pt\/aqui-me-encontro\/wp-content\/uploads\/sites\/28\/2025\/07\/Imagem-WhatsApp-2025-07-03-as-11.43.35_3c789cd0-2-1536x2048.jpg 1536w, https:\/\/lead.uab.pt\/aqui-me-encontro\/wp-content\/uploads\/sites\/28\/2025\/07\/Imagem-WhatsApp-2025-07-03-as-11.43.35_3c789cd0-2-scaled.jpg 1920w\" sizes=\"auto, (max-width: 768px) 100vw, 768px\" \/><\/figure>\n\n\n\n<figure class=\"wp-block-image size-large\"><img loading=\"lazy\" decoding=\"async\" width=\"768\" height=\"1024\" src=\"https:\/\/lead.uab.pt\/aqui-me-encontro\/wp-content\/uploads\/sites\/28\/2025\/07\/Imagem-WhatsApp-2025-07-03-as-11.43.36_17b2e102-1-768x1024.jpg\" alt=\"\" class=\"wp-image-2281\" srcset=\"https:\/\/lead.uab.pt\/aqui-me-encontro\/wp-content\/uploads\/sites\/28\/2025\/07\/Imagem-WhatsApp-2025-07-03-as-11.43.36_17b2e102-1-768x1024.jpg 768w, https:\/\/lead.uab.pt\/aqui-me-encontro\/wp-content\/uploads\/sites\/28\/2025\/07\/Imagem-WhatsApp-2025-07-03-as-11.43.36_17b2e102-1-225x300.jpg 225w, https:\/\/lead.uab.pt\/aqui-me-encontro\/wp-content\/uploads\/sites\/28\/2025\/07\/Imagem-WhatsApp-2025-07-03-as-11.43.36_17b2e102-1-1152x1536.jpg 1152w, https:\/\/lead.uab.pt\/aqui-me-encontro\/wp-content\/uploads\/sites\/28\/2025\/07\/Imagem-WhatsApp-2025-07-03-as-11.43.36_17b2e102-1-1536x2048.jpg 1536w, https:\/\/lead.uab.pt\/aqui-me-encontro\/wp-content\/uploads\/sites\/28\/2025\/07\/Imagem-WhatsApp-2025-07-03-as-11.43.36_17b2e102-1-scaled.jpg 1920w\" sizes=\"auto, (max-width: 768px) 100vw, 768px\" \/><\/figure>\n<\/figure>\n<\/div><\/li>\n\n\n\n<li style=\"--timeline-color:#c2a990\"><div class=\"gbt-timeline-event-title-wrapper\"><div class=\"gbt-timeline-event-title time-title\"><strong>2 e 3 de maio 2025<\/strong><br><br><strong>INCTE&#8217;25 &#8211; Confer\u00eancia Internacional de Forma\u00e7\u00e3o na Doc\u00eancia<\/strong><\/div><\/div><div class=\"gbt-timeline-event-content-wrapper\">\n<figure class=\"wp-block-image size-large\"><img loading=\"lazy\" decoding=\"async\" width=\"1024\" height=\"576\" src=\"https:\/\/lead.uab.pt\/aqui-me-encontro\/wp-content\/uploads\/sites\/28\/2025\/05\/Copia-de-AquimeEncontro-2-1024x576.png\" alt=\"\" class=\"wp-image-2250\" srcset=\"https:\/\/lead.uab.pt\/aqui-me-encontro\/wp-content\/uploads\/sites\/28\/2025\/05\/Copia-de-AquimeEncontro-2-1024x576.png 1024w, https:\/\/lead.uab.pt\/aqui-me-encontro\/wp-content\/uploads\/sites\/28\/2025\/05\/Copia-de-AquimeEncontro-2-300x169.png 300w, https:\/\/lead.uab.pt\/aqui-me-encontro\/wp-content\/uploads\/sites\/28\/2025\/05\/Copia-de-AquimeEncontro-2-768x432.png 768w, https:\/\/lead.uab.pt\/aqui-me-encontro\/wp-content\/uploads\/sites\/28\/2025\/05\/Copia-de-AquimeEncontro-2-1536x864.png 1536w, https:\/\/lead.uab.pt\/aqui-me-encontro\/wp-content\/uploads\/sites\/28\/2025\/05\/Copia-de-AquimeEncontro-2.png 1920w\" sizes=\"auto, (max-width: 1024px) 100vw, 1024px\" \/><\/figure>\n<\/div><\/li>\n\n\n\n<li style=\"--timeline-color:#d8613c\"><div class=\"gbt-timeline-event-title-wrapper\"><div class=\"gbt-timeline-event-title time-title\"><strong>23 de abril de 2025<\/strong> &#8211; 11:00h<\/div><\/div><div class=\"gbt-timeline-event-content-wrapper\">\n<p>Webinar<\/p>\n\n\n\n<div data-wp-interactive=\"core\/file\" class=\"wp-block-file\"><object data-wp-bind--hidden=\"!state.hasPdfPreview\" hidden class=\"wp-block-file__embed\" data=\"https:\/\/lead.uab.pt\/aqui-me-encontro\/wp-content\/uploads\/sites\/28\/2025\/04\/Convite-WEBINAR-1.pdf\" type=\"application\/pdf\" style=\"width:100%;height:600px\" aria-label=\"Incorpora\u00e7\u00e3o de Convite  -   WEBINAR (1).\"><\/object><a id=\"wp-block-file--media-60427c62-25ae-4972-837d-b909f6cc8010\" href=\"https:\/\/lead.uab.pt\/aqui-me-encontro\/wp-content\/uploads\/sites\/28\/2025\/04\/Convite-WEBINAR-1.pdf\">Convite  &#8211;   WEBINAR (1)<\/a><a href=\"https:\/\/lead.uab.pt\/aqui-me-encontro\/wp-content\/uploads\/sites\/28\/2025\/04\/Convite-WEBINAR-1.pdf\" class=\"wp-block-file__button wp-element-button\" download aria-describedby=\"wp-block-file--media-60427c62-25ae-4972-837d-b909f6cc8010\">Descarregar<\/a><\/div>\n\n\n\n<ul class=\"wp-block-list\">\n<li>Projeto de Mentorias #Estoucontigo<\/li>\n<\/ul>\n\n\n\n<div data-wp-interactive=\"core\/file\" class=\"wp-block-file\"><object data-wp-bind--hidden=\"!state.hasPdfPreview\" hidden class=\"wp-block-file__embed\" data=\"https:\/\/lead.uab.pt\/aqui-me-encontro\/wp-content\/uploads\/sites\/28\/2025\/04\/Mentorias_AEIDP.pdf\" type=\"application\/pdf\" style=\"width:100%;height:600px\" aria-label=\"Incorpora\u00e7\u00e3o de Mentorias_AEIDP.\"><\/object><a id=\"wp-block-file--media-294a0eb4-cc80-4c55-92cc-40cfb63221c2\" href=\"https:\/\/lead.uab.pt\/aqui-me-encontro\/wp-content\/uploads\/sites\/28\/2025\/04\/Mentorias_AEIDP.pdf\">Mentorias_AEIDP<\/a><a href=\"https:\/\/lead.uab.pt\/aqui-me-encontro\/wp-content\/uploads\/sites\/28\/2025\/04\/Mentorias_AEIDP.pdf\" class=\"wp-block-file__button wp-element-button\" download aria-describedby=\"wp-block-file--media-294a0eb4-cc80-4c55-92cc-40cfb63221c2\">Descarregar<\/a><\/div>\n<\/div><\/li>\n\n\n\n<li style=\"--timeline-color:#b1c5a4\"><div class=\"gbt-timeline-event-title-wrapper\"><div class=\"gbt-timeline-event-title time-title\"><strong>5 a 7 de fevereiro de 2025<\/strong><\/div><\/div><div class=\"gbt-timeline-event-content-wrapper\">\n<p><strong>XXXII edi\u00e7\u00e3o do Col\u00f3quio Internacional da AFIRSE Portugal<\/strong><\/p>\n\n\n\n<figure class=\"wp-block-gallery has-nested-images columns-default is-cropped wp-block-gallery-2 is-layout-flex wp-block-gallery-is-layout-flex\">\n<figure class=\"wp-block-image size-full\"><img loading=\"lazy\" decoding=\"async\" width=\"1000\" height=\"370\" src=\"https:\/\/lead.uab.pt\/aqui-me-encontro\/wp-content\/uploads\/sites\/28\/2025\/04\/cropped-Banner_AFIRSE_2025.png\" alt=\"\" class=\"wp-image-2242\" srcset=\"https:\/\/lead.uab.pt\/aqui-me-encontro\/wp-content\/uploads\/sites\/28\/2025\/04\/cropped-Banner_AFIRSE_2025.png 1000w, https:\/\/lead.uab.pt\/aqui-me-encontro\/wp-content\/uploads\/sites\/28\/2025\/04\/cropped-Banner_AFIRSE_2025-300x111.png 300w, https:\/\/lead.uab.pt\/aqui-me-encontro\/wp-content\/uploads\/sites\/28\/2025\/04\/cropped-Banner_AFIRSE_2025-768x284.png 768w\" sizes=\"auto, (max-width: 1000px) 100vw, 1000px\" \/><\/figure>\n\n\n\n<figure class=\"wp-block-image size-full\"><img loading=\"lazy\" decoding=\"async\" width=\"1500\" height=\"2000\" src=\"https:\/\/lead.uab.pt\/aqui-me-encontro\/wp-content\/uploads\/sites\/28\/2025\/04\/Imagem-WhatsApp-2025-04-30-as-10.03.48_2d89f2f9.jpg\" alt=\"\" class=\"wp-image-2236\" srcset=\"https:\/\/lead.uab.pt\/aqui-me-encontro\/wp-content\/uploads\/sites\/28\/2025\/04\/Imagem-WhatsApp-2025-04-30-as-10.03.48_2d89f2f9.jpg 1500w, https:\/\/lead.uab.pt\/aqui-me-encontro\/wp-content\/uploads\/sites\/28\/2025\/04\/Imagem-WhatsApp-2025-04-30-as-10.03.48_2d89f2f9-225x300.jpg 225w, https:\/\/lead.uab.pt\/aqui-me-encontro\/wp-content\/uploads\/sites\/28\/2025\/04\/Imagem-WhatsApp-2025-04-30-as-10.03.48_2d89f2f9-768x1024.jpg 768w, https:\/\/lead.uab.pt\/aqui-me-encontro\/wp-content\/uploads\/sites\/28\/2025\/04\/Imagem-WhatsApp-2025-04-30-as-10.03.48_2d89f2f9-1152x1536.jpg 1152w\" sizes=\"auto, (max-width: 1500px) 100vw, 1500px\" \/><\/figure>\n<\/figure>\n<\/div><\/li>\n\n\n\n<li><div class=\"gbt-timeline-event-title-wrapper\"><div class=\"gbt-timeline-event-title time-title\"><strong>14 a 16 de novembro de 2024<\/strong><\/div><\/div><div class=\"gbt-timeline-event-content-wrapper\">\n<p><strong>XVII Congresso da SPCE<\/strong><\/p>\n\n\n\n<figure class=\"wp-block-gallery has-nested-images columns-default is-cropped wp-block-gallery-3 is-layout-flex wp-block-gallery-is-layout-flex\">\n<figure class=\"wp-block-image size-full\"><img loading=\"lazy\" decoding=\"async\" width=\"768\" height=\"332\" src=\"https:\/\/lead.uab.pt\/aqui-me-encontro\/wp-content\/uploads\/sites\/28\/2025\/01\/Porto-768x332-1.png\" alt=\"\" class=\"wp-image-2209\" srcset=\"https:\/\/lead.uab.pt\/aqui-me-encontro\/wp-content\/uploads\/sites\/28\/2025\/01\/Porto-768x332-1.png 768w, https:\/\/lead.uab.pt\/aqui-me-encontro\/wp-content\/uploads\/sites\/28\/2025\/01\/Porto-768x332-1-300x130.png 300w\" sizes=\"auto, (max-width: 768px) 100vw, 768px\" \/><\/figure>\n\n\n\n<figure class=\"wp-block-image size-full\"><img loading=\"lazy\" decoding=\"async\" width=\"1600\" height=\"1200\" src=\"https:\/\/lead.uab.pt\/aqui-me-encontro\/wp-content\/uploads\/sites\/28\/2025\/01\/WhatsApp-Image-2024-11-16-at-10.31.32.jpeg\" alt=\"\" class=\"wp-image-2210\" srcset=\"https:\/\/lead.uab.pt\/aqui-me-encontro\/wp-content\/uploads\/sites\/28\/2025\/01\/WhatsApp-Image-2024-11-16-at-10.31.32.jpeg 1600w, https:\/\/lead.uab.pt\/aqui-me-encontro\/wp-content\/uploads\/sites\/28\/2025\/01\/WhatsApp-Image-2024-11-16-at-10.31.32-300x225.jpeg 300w, https:\/\/lead.uab.pt\/aqui-me-encontro\/wp-content\/uploads\/sites\/28\/2025\/01\/WhatsApp-Image-2024-11-16-at-10.31.32-1024x768.jpeg 1024w, https:\/\/lead.uab.pt\/aqui-me-encontro\/wp-content\/uploads\/sites\/28\/2025\/01\/WhatsApp-Image-2024-11-16-at-10.31.32-768x576.jpeg 768w, https:\/\/lead.uab.pt\/aqui-me-encontro\/wp-content\/uploads\/sites\/28\/2025\/01\/WhatsApp-Image-2024-11-16-at-10.31.32-1536x1152.jpeg 1536w\" sizes=\"auto, (max-width: 1600px) 100vw, 1600px\" \/><\/figure>\n<\/figure>\n<\/div><\/li>\n\n\n\n<li style=\"--timeline-color:#06c2c4\"><div class=\"gbt-timeline-event-title-wrapper\"><div class=\"gbt-timeline-event-title time-title\"><strong>30 de outubro de 2024<\/strong> &#8211; 18:00h<\/div><\/div><div class=\"gbt-timeline-event-content-wrapper\">\n<p><strong>Webinar<\/strong><\/p>\n\n\n\n<div data-wp-interactive=\"core\/file\" class=\"wp-block-file\"><object data-wp-bind--hidden=\"!state.hasPdfPreview\" hidden class=\"wp-block-file__embed\" data=\"https:\/\/lead.uab.pt\/aqui-me-encontro\/wp-content\/uploads\/sites\/28\/2024\/10\/Cartaz-Webinar-AquimeEncontro.pdf\" type=\"application\/pdf\" style=\"width:100%;height:600px\" aria-label=\"Incorpora\u00e7\u00e3o de Cartaz-Webinar-AquimeEncontro.\"><\/object><a id=\"wp-block-file--media-5dd50ed0-5f63-449e-ad36-bffd3f605767\" href=\"https:\/\/lead.uab.pt\/aqui-me-encontro\/wp-content\/uploads\/sites\/28\/2024\/10\/Cartaz-Webinar-AquimeEncontro.pdf\">Cartaz-Webinar-AquimeEncontro<\/a><a href=\"https:\/\/lead.uab.pt\/aqui-me-encontro\/wp-content\/uploads\/sites\/28\/2024\/10\/Cartaz-Webinar-AquimeEncontro.pdf\" class=\"wp-block-file__button wp-element-button\" download aria-describedby=\"wp-block-file--media-5dd50ed0-5f63-449e-ad36-bffd3f605767\">Descarregar<\/a><\/div>\n<\/div><\/li>\n<\/ul><\/div>\n\n\n\n<p><\/p>\n","protected":false},"excerpt":{"rendered":"Eventos","protected":false},"author":1,"featured_media":0,"parent":0,"menu_order":30,"comment_status":"closed","ping_status":"closed","template":"","meta":{"footnotes":""},"class_list":["post-148","page","type-page","status-publish","hentry"],"_links":{"self":[{"href":"https:\/\/lead.uab.pt\/aqui-me-encontro\/wp-json\/wp\/v2\/pages\/148","targetHints":{"allow":["GET"]}}],"collection":[{"href":"https:\/\/lead.uab.pt\/aqui-me-encontro\/wp-json\/wp\/v2\/pages"}],"about":[{"href":"https:\/\/lead.uab.pt\/aqui-me-encontro\/wp-json\/wp\/v2\/types\/page"}],"author":[{"embeddable":true,"href":"https:\/\/lead.uab.pt\/aqui-me-encontro\/wp-json\/wp\/v2\/users\/1"}],"replies":[{"embeddable":true,"href":"https:\/\/lead.uab.pt\/aqui-me-encontro\/wp-json\/wp\/v2\/comments?post=148"}],"version-history":[{"count":20,"href":"https:\/\/lead.uab.pt\/aqui-me-encontro\/wp-json\/wp\/v2\/pages\/148\/revisions"}],"predecessor-version":[{"id":2349,"href":"https:\/\/lead.uab.pt\/aqui-me-encontro\/wp-json\/wp\/v2\/pages\/148\/revisions\/2349"}],"wp:attachment":[{"href":"https:\/\/lead.uab.pt\/aqui-me-encontro\/wp-json\/wp\/v2\/media?parent=148"}],"curies":[{"name":"wp","href":"https:\/\/api.w.org\/{rel}","templated":true}]}}