{"id":2100,"date":"2024-05-22T11:53:54","date_gmt":"2024-05-22T10:53:54","guid":{"rendered":"https:\/\/lead.uab.pt\/aqui-me-encontro\/?page_id=2100"},"modified":"2024-12-16T15:33:01","modified_gmt":"2024-12-16T15:33:01","slug":"sobre-o-projeto-aquimeencontro","status":"publish","type":"page","link":"https:\/\/lead.uab.pt\/aqui-me-encontro\/sobre-o-projeto-aquimeencontro\/","title":{"rendered":"Sobre o projeto AquiMeEncontro"},"content":{"rendered":"\n<h2 class=\"wp-block-heading has-xx-large-font-size\">Sobre o projeto <strong>AquiMeEncontro<\/strong><\/h2>\n\n\n\n<p>O olhar novo que este projeto prop\u00f5e \u00e9 o de olhar para as escolas p\u00fablicas portuguesas, para as pr\u00e1ticas pedag\u00f3gicas de integra\u00e7\u00e3o de imigrantes<br>que elas v\u00e3o promovendo, num duplo movimento de recentra\u00e7\u00e3o do objeto de estudo &#8211; n\u00e3o s\u00e3o os imigrantes e as suas dificuldades que s\u00e3o objeto<br>de an\u00e1lise, mas as pr\u00e1ticas promovidas pelas escolas. N\u00e3o s\u00e3o as falhas e as lacunas sentidas que nos interessa priorizar, mas as formas eficazes e<br>inspiradores com que as escolas respondem a estes novos p\u00fablicos.<br>Esta \u00e9 a abordagem inovadora que o AquimeEncontro pretende seguir, e que tem por base interven\u00e7\u00f5es e projetos anteriores de alguns membros<br>da equipa que aqui se catalisam.<\/p>\n\n\n\n<div class=\"wp-block-columns is-layout-flex wp-container-core-columns-is-layout-1 wp-block-columns-is-layout-flex\">\n<div class=\"wp-block-column is-layout-flow wp-block-column-is-layout-flow\">\n<p>Olhando para as finalidades do projeto e seu enquadramento opta-se por seguir uma metodologia de investiga\u00e7\u00e3o mista que, num primeiro<br>momento, permita mapear as preocupa\u00e7\u00f5es e as pr\u00e1ticas das escolas para lidar com o fen\u00f3meno, para, numa segunda etapa, realizar esse trabalho<br>de mais fino recorte que escalpelize as pr\u00e1ticas eficazes e analise o seu potencial inspirador.<\/p>\n\n\n\n<p>Em suma, com o projeto pretende-se desenvolver um estudo extensivo das pr\u00e1ticas pedag\u00f3gicas implementadas pelas escolas p\u00fablicas<br>portuguesas para promover a integra\u00e7\u00e3o de alunos imigrantes (crian\u00e7as, jovens e adultos) e depois analisar com mais detalhe algumas dessas<br>pr\u00e1ticas para entender o seu potencial transformador.<\/p>\n<\/div>\n\n\n\n<div class=\"wp-block-column is-layout-flow wp-block-column-is-layout-flow\">\n<figure class=\"wp-block-image size-large\"><img loading=\"lazy\" decoding=\"async\" width=\"1024\" height=\"644\" src=\"https:\/\/lead.uab.pt\/aqui-me-encontro\/wp-content\/uploads\/sites\/28\/2024\/05\/Aqui-me-encontro_imagem-1024x644.png\" alt=\"\" class=\"wp-image-2109\" srcset=\"https:\/\/lead.uab.pt\/aqui-me-encontro\/wp-content\/uploads\/sites\/28\/2024\/05\/Aqui-me-encontro_imagem-1024x644.png 1024w, https:\/\/lead.uab.pt\/aqui-me-encontro\/wp-content\/uploads\/sites\/28\/2024\/05\/Aqui-me-encontro_imagem-300x189.png 300w, https:\/\/lead.uab.pt\/aqui-me-encontro\/wp-content\/uploads\/sites\/28\/2024\/05\/Aqui-me-encontro_imagem-768x483.png 768w, https:\/\/lead.uab.pt\/aqui-me-encontro\/wp-content\/uploads\/sites\/28\/2024\/05\/Aqui-me-encontro_imagem.png 1301w\" sizes=\"auto, (max-width: 1024px) 100vw, 1024px\" \/><\/figure>\n<\/div>\n<\/div>\n\n\n\n<p><br>Os objetivos espec\u00edficos s\u00e3o:<\/p>\n\n\n\n<ul class=\"wp-block-list\">\n<li>Conceber, validar e aplicar um question\u00e1rio para avaliar a diversidade e efic\u00e1cia das pr\u00e1ticas pedag\u00f3gicas promotoras da integra\u00e7\u00e3o dos alunos<br>imigrantes nas escolas p\u00fablicas portuguesas.<\/li>\n\n\n\n<li>Realizar um conjunto de estudos de caso sobre algumas das pr\u00e1ticas encontradas mais eficazes, de forma a analisar as raz\u00f5es do seu sucesso e a determinar o seu potencial inspirador.<\/li>\n\n\n\n<li>Produzir um protocolo de monitoriza\u00e7\u00e3o das pr\u00e1ticas de integra\u00e7\u00e3o de alunos imigrantes nas escolas portuguesas.<\/li>\n\n\n\n<li>Disseminar os resultados do AquimeEncontro junto da comunidade educativa e cient\u00edfica, partilhando os produtos do projeto.<br><\/li>\n<\/ul>\n\n\n\n<p>O projeto tem como membros da equipa 12 investigadores da Universidade Aberta, que trazem para o projeto a complementaridade dos assuntos<br>que t\u00eam investigado e as conex\u00f5es ao terreno que a diversidade geogr\u00e1fica da sua resid\u00eancia lhes permite mobilizar para este projeto. Desse modo,<br>a diversidade da equipa n\u00e3o s\u00f3 assegurar\u00e1 a diversidade de enfoques do problema, como as possibilidades diversas que as experi\u00eancias<br>inspiradoras de algumas escolas t\u00eam para mostrar, ao analisarem aprofundadamente as raz\u00f5es da efic\u00e1cia dessas pr\u00e1ticas felizes de integra\u00e7\u00e3o.<\/p>\n","protected":false},"excerpt":{"rendered":"Sobre o projeto AquiMeEncontro O olhar novo que este projeto prop\u00f5e \u00e9 o de olhar para as escolas p\u00fablicas portuguesas, para as pr\u00e1ticas pedag\u00f3gicas de integra\u00e7\u00e3o de imigrantesque elas v\u00e3o promovendo, num duplo movimento de recentra\u00e7\u00e3o do objeto de estudo &#8211; n\u00e3o s\u00e3o os imigrantes e as suas dificuldades que s\u00e3o objetode an\u00e1lise, mas as [&hellip;]","protected":false},"author":10,"featured_media":0,"parent":0,"menu_order":0,"comment_status":"closed","ping_status":"closed","template":"","meta":{"footnotes":""},"class_list":["post-2100","page","type-page","status-publish","hentry"],"_links":{"self":[{"href":"https:\/\/lead.uab.pt\/aqui-me-encontro\/wp-json\/wp\/v2\/pages\/2100","targetHints":{"allow":["GET"]}}],"collection":[{"href":"https:\/\/lead.uab.pt\/aqui-me-encontro\/wp-json\/wp\/v2\/pages"}],"about":[{"href":"https:\/\/lead.uab.pt\/aqui-me-encontro\/wp-json\/wp\/v2\/types\/page"}],"author":[{"embeddable":true,"href":"https:\/\/lead.uab.pt\/aqui-me-encontro\/wp-json\/wp\/v2\/users\/10"}],"replies":[{"embeddable":true,"href":"https:\/\/lead.uab.pt\/aqui-me-encontro\/wp-json\/wp\/v2\/comments?post=2100"}],"version-history":[{"count":19,"href":"https:\/\/lead.uab.pt\/aqui-me-encontro\/wp-json\/wp\/v2\/pages\/2100\/revisions"}],"predecessor-version":[{"id":2176,"href":"https:\/\/lead.uab.pt\/aqui-me-encontro\/wp-json\/wp\/v2\/pages\/2100\/revisions\/2176"}],"wp:attachment":[{"href":"https:\/\/lead.uab.pt\/aqui-me-encontro\/wp-json\/wp\/v2\/media?parent=2100"}],"curies":[{"name":"wp","href":"https:\/\/api.w.org\/{rel}","templated":true}]}}