{"id":145,"date":"2022-10-19T22:43:26","date_gmt":"2022-10-19T22:43:26","guid":{"rendered":"https:\/\/sites.uab.pt\/congresso-humanidades\/?page_id=145"},"modified":"2023-09-16T16:44:03","modified_gmt":"2023-09-16T15:44:03","slug":"produtos","status":"publish","type":"page","link":"https:\/\/lead.uab.pt\/ciencia-competencia\/produtos\/","title":{"rendered":"Objetivos"},"content":{"rendered":"\n<h4 class=\"wp-block-heading\">Objetivos<\/h4>\n\n\n\n<ul class=\"wp-block-list\">\n<li>promover a motiva\u00e7\u00e3o e a curiosidade;<\/li>\n\n\n\n<li>desenvolver uma cultura cient\u00edfica, t\u00e9cnica, tecnol\u00f3gica e digital sistem\u00e1ticas;<\/li>\n\n\n\n<li>melhorar a autonomia e o desempenho dos alunos(as), em situa\u00e7\u00f5es pr\u00e1ticas de ensino; proporcionar ocontacto com investigadores(as), Institui\u00e7\u00f5es do Ensino Superior, Clubes Ci\u00eancia Viva na Escola e outras realidades diferentes das escolas do agrupamento;<\/li>\n\n\n\n<li>incentivar o trabalho colaborativo entre pares, em que os alunos(as) mais velhos(as) sejam ve\u00edculos de transmiss\u00e3o da literacia cient\u00edfica junto dos(as) mais novos(as);<\/li>\n\n\n\n<li>desenvolver uma consci\u00eancia c\u00edvica ambiental e propor algumas interven\u00e7\u00f5es -individuais, coletivas, cient\u00edficas e tecnol\u00f3gicas -para a melhoria do ambiente e sustentabilidade da escola e do Planeta.<\/li>\n<\/ul>\n","protected":false},"excerpt":{"rendered":"Objetivos","protected":false},"author":1,"featured_media":0,"parent":0,"menu_order":40,"comment_status":"closed","ping_status":"closed","template":"","meta":{"footnotes":""},"class_list":["post-145","page","type-page","status-publish","hentry"],"_links":{"self":[{"href":"https:\/\/lead.uab.pt\/ciencia-competencia\/wp-json\/wp\/v2\/pages\/145","targetHints":{"allow":["GET"]}}],"collection":[{"href":"https:\/\/lead.uab.pt\/ciencia-competencia\/wp-json\/wp\/v2\/pages"}],"about":[{"href":"https:\/\/lead.uab.pt\/ciencia-competencia\/wp-json\/wp\/v2\/types\/page"}],"author":[{"embeddable":true,"href":"https:\/\/lead.uab.pt\/ciencia-competencia\/wp-json\/wp\/v2\/users\/1"}],"replies":[{"embeddable":true,"href":"https:\/\/lead.uab.pt\/ciencia-competencia\/wp-json\/wp\/v2\/comments?post=145"}],"version-history":[{"count":3,"href":"https:\/\/lead.uab.pt\/ciencia-competencia\/wp-json\/wp\/v2\/pages\/145\/revisions"}],"predecessor-version":[{"id":1999,"href":"https:\/\/lead.uab.pt\/ciencia-competencia\/wp-json\/wp\/v2\/pages\/145\/revisions\/1999"}],"wp:attachment":[{"href":"https:\/\/lead.uab.pt\/ciencia-competencia\/wp-json\/wp\/v2\/media?parent=145"}],"curies":[{"name":"wp","href":"https:\/\/api.w.org\/{rel}","templated":true}]}}