{"id":148,"date":"2022-10-20T10:45:31","date_gmt":"2022-10-20T10:45:31","guid":{"rendered":"https:\/\/sites.uab.pt\/congresso-humanidades\/?page_id=148"},"modified":"2024-02-10T18:15:11","modified_gmt":"2024-02-10T18:15:11","slug":"eventos","status":"publish","type":"page","link":"https:\/\/lead.uab.pt\/ciencia-competencia\/eventos\/","title":{"rendered":"Eventos"},"content":{"rendered":"\n<h2 class=\"wp-block-heading\">Eventos<\/h2>\n\n\n\n<div class=\"wp-block-c3-framew-gutenbergblocks-timeline schedule\"><div class=\"gbt-timeline-title-wrapper\"><div class=\"gbt-timeline-title tt-title\"><\/div><\/div><ul class=\"gbt-timeline-content-wrapper\">\n<li style=\"--timeline-color:#06c2c4\"><div class=\"gbt-timeline-event-title-wrapper\"><div class=\"gbt-timeline-event-title time-title\"><strong>Contratualiza\u00e7\u00e3o com a Ci\u00eancia Viva<\/strong><\/div><\/div><div class=\"gbt-timeline-event-content-wrapper\">\n<p>Mar\u00e7o de 2022<\/p>\n<\/div><\/li>\n\n\n\n<li><div class=\"gbt-timeline-event-title-wrapper\"><div class=\"gbt-timeline-event-title time-title\"><strong>Encontro Nacional Clubes Ci\u00eancia Viva na Escola 2022, no Pavilh\u00e3o do Conhecimento \u2013 Centro Ci\u00eancia Viva<\/strong><\/div><\/div><div class=\"gbt-timeline-event-content-wrapper\">\n<div class=\"wp-block-columns is-layout-flex wp-container-core-columns-is-layout-1 wp-block-columns-is-layout-flex\">\n<div class=\"wp-block-column is-layout-flow wp-block-column-is-layout-flow\" style=\"flex-basis:66.66%\">\n<p>14 de outubro de 2022<\/p>\n\n\n\n<figure class=\"wp-block-image size-large is-resized\"><img loading=\"lazy\" decoding=\"async\" width=\"724\" height=\"1024\" src=\"https:\/\/lead.uab.pt\/ciencia-competencia\/wp-content\/uploads\/sites\/22\/2023\/09\/Da-Ciencia-a-Competencia-724x1024.png\" alt=\"\" class=\"wp-image-2024\" style=\"width:372px;height:526px\" srcset=\"https:\/\/lead.uab.pt\/ciencia-competencia\/wp-content\/uploads\/sites\/22\/2023\/09\/Da-Ciencia-a-Competencia-724x1024.png 724w, https:\/\/lead.uab.pt\/ciencia-competencia\/wp-content\/uploads\/sites\/22\/2023\/09\/Da-Ciencia-a-Competencia-212x300.png 212w, https:\/\/lead.uab.pt\/ciencia-competencia\/wp-content\/uploads\/sites\/22\/2023\/09\/Da-Ciencia-a-Competencia-768x1086.png 768w, https:\/\/lead.uab.pt\/ciencia-competencia\/wp-content\/uploads\/sites\/22\/2023\/09\/Da-Ciencia-a-Competencia-1086x1536.png 1086w, https:\/\/lead.uab.pt\/ciencia-competencia\/wp-content\/uploads\/sites\/22\/2023\/09\/Da-Ciencia-a-Competencia.png 1414w\" sizes=\"auto, (max-width: 724px) 100vw, 724px\" \/><\/figure>\n<\/div>\n<\/div>\n<\/div><\/li>\n\n\n\n<li style=\"--timeline-color:#06c2c4\"><div class=\"gbt-timeline-event-title-wrapper\"><div class=\"gbt-timeline-event-title time-title\"><strong>Cria\u00e7\u00e3o do Makerspace<\/strong><\/div><\/div><div class=\"gbt-timeline-event-content-wrapper\">\n<p>dezembro de 2022 a abril de 2023<\/p>\n<\/div><\/li>\n\n\n\n<li><div class=\"gbt-timeline-event-title-wrapper\"><div class=\"gbt-timeline-event-title time-title\"><strong>Participa\u00e7\u00e3o nos dias do Agrupamento<\/strong><\/div><\/div><div class=\"gbt-timeline-event-content-wrapper\">\n<div class=\"wp-block-columns is-layout-flex wp-container-core-columns-is-layout-2 wp-block-columns-is-layout-flex\">\n<div class=\"wp-block-column is-layout-flow wp-block-column-is-layout-flow\" style=\"flex-basis:66.66%\">\n<p>abril de 2023<\/p>\n<\/div>\n<\/div>\n<\/div><\/li>\n\n\n\n<li style=\"--timeline-color:#06c2c4\"><div class=\"gbt-timeline-event-title-wrapper\"><div class=\"gbt-timeline-event-title time-title\"><strong>Participa\u00e7\u00e3o na Feira de Projetos Educativos da C\u00e2mara Municipal do Seixal<\/strong><\/div><\/div><div class=\"gbt-timeline-event-content-wrapper\">\n<div class=\"wp-block-columns is-layout-flex wp-container-core-columns-is-layout-3 wp-block-columns-is-layout-flex\">\n<div class=\"wp-block-column is-layout-flow wp-block-column-is-layout-flow\" style=\"flex-basis:66.66%\">\n<p>maio de 2023<\/p>\n<\/div>\n<\/div>\n<\/div><\/li>\n\n\n\n<li><div class=\"gbt-timeline-event-title-wrapper\"><div class=\"gbt-timeline-event-title time-title\"><strong>Jornadas\u00a0Pedag\u00f3gicas\u00a0\u2013 Projetos em\u00a0Di\u00e1logo\u00a0| C\u00e2mara Municipal do Seixal<\/strong><\/div><\/div><div class=\"gbt-timeline-event-content-wrapper\">\n<div class=\"wp-block-columns is-layout-flex wp-container-core-columns-is-layout-4 wp-block-columns-is-layout-flex\">\n<div class=\"wp-block-column is-layout-flow wp-block-column-is-layout-flow\" style=\"flex-basis:66.66%\">\n<p>dezembro de 2023<\/p>\n<\/div>\n<\/div>\n<\/div><\/li>\n<\/ul><\/div>\n\n\n\n<p><\/p>\n","protected":false},"excerpt":{"rendered":"Eventos","protected":false},"author":1,"featured_media":0,"parent":0,"menu_order":50,"comment_status":"closed","ping_status":"closed","template":"","meta":{"footnotes":""},"class_list":["post-148","page","type-page","status-publish","hentry"],"_links":{"self":[{"href":"https:\/\/lead.uab.pt\/ciencia-competencia\/wp-json\/wp\/v2\/pages\/148","targetHints":{"allow":["GET"]}}],"collection":[{"href":"https:\/\/lead.uab.pt\/ciencia-competencia\/wp-json\/wp\/v2\/pages"}],"about":[{"href":"https:\/\/lead.uab.pt\/ciencia-competencia\/wp-json\/wp\/v2\/types\/page"}],"author":[{"embeddable":true,"href":"https:\/\/lead.uab.pt\/ciencia-competencia\/wp-json\/wp\/v2\/users\/1"}],"replies":[{"embeddable":true,"href":"https:\/\/lead.uab.pt\/ciencia-competencia\/wp-json\/wp\/v2\/comments?post=148"}],"version-history":[{"count":7,"href":"https:\/\/lead.uab.pt\/ciencia-competencia\/wp-json\/wp\/v2\/pages\/148\/revisions"}],"predecessor-version":[{"id":2046,"href":"https:\/\/lead.uab.pt\/ciencia-competencia\/wp-json\/wp\/v2\/pages\/148\/revisions\/2046"}],"wp:attachment":[{"href":"https:\/\/lead.uab.pt\/ciencia-competencia\/wp-json\/wp\/v2\/media?parent=148"}],"curies":[{"name":"wp","href":"https:\/\/api.w.org\/{rel}","templated":true}]}}