{"id":2012,"date":"2023-09-16T17:34:01","date_gmt":"2023-09-16T16:34:01","guid":{"rendered":"https:\/\/lead.uab.pt\/ciencia-competencia\/?page_id=2012"},"modified":"2023-09-16T17:43:05","modified_gmt":"2023-09-16T16:43:05","slug":"parcerias","status":"publish","type":"page","link":"https:\/\/lead.uab.pt\/ciencia-competencia\/parcerias\/","title":{"rendered":"Parcerias"},"content":{"rendered":"\n<h2 class=\"wp-block-heading\">Parcerias<\/h2>\n\n\n\n<ul class=\"wp-block-list\">\n<li>Faculdade de Ci\u00eancias da Universidade de Lisboa (Departamento de Engenharia e Instituto Dom Luiz).<\/li>\n\n\n\n<li>Instituto Polit\u00e9cnico de Set\u00fabal (Escola Superior de Tecnologia de Set\u00fabal, Escola Superior de Tecnologia do Barreiro, Escola Superior de Educa\u00e7\u00e3o).<\/li>\n\n\n\n<li>Escola Naval (Centro de Investiga\u00e7\u00e3o Naval).<\/li>\n\n\n\n<li>Instituto Hidrogr\u00e1fico (Polo do Seixal).<\/li>\n\n\n\n<li>Museu Vasco da Gama.<\/li>\n\n\n\n<li>Planet\u00e1rio e Museu da Marinha.<\/li>\n\n\n\n<li>Pavilh\u00e3o do Conhecimento -Centro de Ci\u00eancia Viva.<\/li>\n\n\n\n<li>Centro Ci\u00eancia Viva de Const\u00e2ncia.<\/li>\n\n\n\n<li>Centro Integrado de Educa\u00e7\u00e3o em Ci\u00eancias -Escola Ci\u00eancia Viva de Vila Nova da Barquinha.<\/li>\n\n\n\n<li>Associa\u00e7\u00e3o de Professores de Matem\u00e1tica.<\/li>\n\n\n\n<li>Associa\u00e7\u00e3o Portuguesa de Educa\u00e7\u00e3o Ambiental Quercus.<\/li>\n\n\n\n<li>Instituto de Emprego e Forma\u00e7\u00e3o Profissional-Seixal.<\/li>\n\n\n\n<li>C\u00e2mara Municipal do Seixal.<\/li>\n\n\n\n<li>Junta de Freguesia do Seixal e Aldeia de Paio Pires.<\/li>\n\n\n\n<li>Associa\u00e7\u00e3o de Pais e Encarregados de Educa\u00e7\u00e3o da escola\/agrupamento.<\/li>\n<\/ul>\n","protected":false},"excerpt":{"rendered":"Parcerias","protected":false},"author":26,"featured_media":0,"parent":0,"menu_order":0,"comment_status":"closed","ping_status":"closed","template":"","meta":{"footnotes":""},"class_list":["post-2012","page","type-page","status-publish","hentry"],"_links":{"self":[{"href":"https:\/\/lead.uab.pt\/ciencia-competencia\/wp-json\/wp\/v2\/pages\/2012","targetHints":{"allow":["GET"]}}],"collection":[{"href":"https:\/\/lead.uab.pt\/ciencia-competencia\/wp-json\/wp\/v2\/pages"}],"about":[{"href":"https:\/\/lead.uab.pt\/ciencia-competencia\/wp-json\/wp\/v2\/types\/page"}],"author":[{"embeddable":true,"href":"https:\/\/lead.uab.pt\/ciencia-competencia\/wp-json\/wp\/v2\/users\/26"}],"replies":[{"embeddable":true,"href":"https:\/\/lead.uab.pt\/ciencia-competencia\/wp-json\/wp\/v2\/comments?post=2012"}],"version-history":[{"count":2,"href":"https:\/\/lead.uab.pt\/ciencia-competencia\/wp-json\/wp\/v2\/pages\/2012\/revisions"}],"predecessor-version":[{"id":2019,"href":"https:\/\/lead.uab.pt\/ciencia-competencia\/wp-json\/wp\/v2\/pages\/2012\/revisions\/2019"}],"wp:attachment":[{"href":"https:\/\/lead.uab.pt\/ciencia-competencia\/wp-json\/wp\/v2\/media?parent=2012"}],"curies":[{"name":"wp","href":"https:\/\/api.w.org\/{rel}","templated":true}]}}