{"id":145,"date":"2022-10-19T22:43:26","date_gmt":"2022-10-19T22:43:26","guid":{"rendered":"https:\/\/sites.uab.pt\/congresso-humanidades\/?page_id=145"},"modified":"2025-05-18T19:34:01","modified_gmt":"2025-05-18T18:34:01","slug":"produtos","status":"publish","type":"page","link":"https:\/\/lead.uab.pt\/cocriar-reas\/produtos\/","title":{"rendered":"Produ\u00e7\u00e3o Cient\u00edfica"},"content":{"rendered":"\n<h4 class=\"wp-block-heading\"><strong>Encontros Ci\u00eancia Viva<\/strong><\/h4>\n\n\n\n<p>Encontro Nacional Clubes Ci\u00eancia Viva na Escola 2022, no Pavilh\u00e3o do Conhecimento \u2013 Centro Ci\u00eancia Viva.<\/p>\n\n\n\n<figure class=\"wp-block-image size-large is-resized\"><img loading=\"lazy\" decoding=\"async\" width=\"724\" height=\"1024\" src=\"https:\/\/lead.uab.pt\/cocriar-reas\/wp-content\/uploads\/sites\/23\/2023\/09\/Poster-CCVnE_2022-724x1024.jpg\" alt=\"\" class=\"wp-image-2087\" style=\"aspect-ratio:0.7072727272727273;width:465px;height:auto\" srcset=\"https:\/\/lead.uab.pt\/cocriar-reas\/wp-content\/uploads\/sites\/23\/2023\/09\/Poster-CCVnE_2022-724x1024.jpg 724w, https:\/\/lead.uab.pt\/cocriar-reas\/wp-content\/uploads\/sites\/23\/2023\/09\/Poster-CCVnE_2022-212x300.jpg 212w, https:\/\/lead.uab.pt\/cocriar-reas\/wp-content\/uploads\/sites\/23\/2023\/09\/Poster-CCVnE_2022-768x1086.jpg 768w, https:\/\/lead.uab.pt\/cocriar-reas\/wp-content\/uploads\/sites\/23\/2023\/09\/Poster-CCVnE_2022-1086x1536.jpg 1086w, https:\/\/lead.uab.pt\/cocriar-reas\/wp-content\/uploads\/sites\/23\/2023\/09\/Poster-CCVnE_2022.jpg 1414w\" sizes=\"auto, (max-width: 724px) 100vw, 724px\" \/><\/figure>\n\n\n\n<p>Encontro Nacional Clubes Ci\u00eancia Viva na Escola 2023, no Pavilh\u00e3o do Conhecimento \u2013 Centro Ci\u00eancia Viva (para ver melhor clique <a href=\"https:\/\/drive.google.com\/file\/d\/1yeHBR9zSOrNMCT7CMzukT7T32Hzy3R0_\/view?usp=sharing\" data-type=\"link\" data-id=\"https:\/\/drive.google.com\/file\/d\/1s6TIzbKwtpU5MftFgTVHx1EU7-UVNvl0\/view?usp=sharing\">AQUI<\/a>).<\/p>\n\n\n\n<figure class=\"wp-block-image size-large is-resized\"><img loading=\"lazy\" decoding=\"async\" width=\"724\" height=\"1024\" src=\"https:\/\/lead.uab.pt\/cocriar-reas\/wp-content\/uploads\/sites\/23\/2023\/10\/CCVnE-poster-2023-724x1024.png\" alt=\"Poster Ci\u00eancia Viva com trabalho desenvolvido\" class=\"wp-image-2104\" style=\"aspect-ratio:0.7072727272727273;width:468px;height:auto\" srcset=\"https:\/\/lead.uab.pt\/cocriar-reas\/wp-content\/uploads\/sites\/23\/2023\/10\/CCVnE-poster-2023-724x1024.png 724w, https:\/\/lead.uab.pt\/cocriar-reas\/wp-content\/uploads\/sites\/23\/2023\/10\/CCVnE-poster-2023-212x300.png 212w, https:\/\/lead.uab.pt\/cocriar-reas\/wp-content\/uploads\/sites\/23\/2023\/10\/CCVnE-poster-2023-768x1086.png 768w, https:\/\/lead.uab.pt\/cocriar-reas\/wp-content\/uploads\/sites\/23\/2023\/10\/CCVnE-poster-2023-1087x1536.png 1087w, https:\/\/lead.uab.pt\/cocriar-reas\/wp-content\/uploads\/sites\/23\/2023\/10\/CCVnE-poster-2023-1449x2048.png 1449w\" sizes=\"auto, (max-width: 724px) 100vw, 724px\" \/><\/figure>\n\n\n\n<h4 class=\"wp-block-heading\"><strong>Livros de Atas<\/strong><\/h4>\n\n\n\n<p>Tom\u00e1s, C. (2022) Ambientes de Aprendizagem Digitais e Personalizados potenciados por Recursos Educacionais Abertos, acess\u00edveis e inclusivos: uma experi\u00eancia no 1.\u00ba CEB In  <em>Atica2022 &#8211; Aplicaci\u00f3n de Tecnologias de la Informacion y Comunicaciones Avanzadas y Accesibilidad<\/em>. Obras colectivas Tecnologia 36, UAH. ISBN: 978-84-19745-53-8 (pp. 73- 80) <a href=\"https:\/\/atica.web.uah.es\/documentos\/LibroActasATICA2022.pdf\">https:\/\/atica.web.uah.es\/documentos\/LibroActasATICA2022.pdf<\/a><\/p>\n\n\n\n<h4 class=\"wp-block-heading\"><strong>Partilhas de Rede LVT<\/strong><\/h4>\n\n\n\n<p><a href=\"https:\/\/docs.google.com\/presentation\/d\/e\/2PACX-1vRUVrDxbJu-q0wI7dwSfRM84FYaCUANfeQIIBbkAkpZ5sSGXT0cm08jhhWPQVR-hqhKefSgYMEgkEiM\/pub?start=false&amp;loop=false&amp;delayms=3000\" data-type=\"link\" data-id=\"https:\/\/docs.google.com\/presentation\/d\/e\/2PACX-1vRUVrDxbJu-q0wI7dwSfRM84FYaCUANfeQIIBbkAkpZ5sSGXT0cm08jhhWPQVR-hqhKefSgYMEgkEiM\/pub?start=false&amp;loop=false&amp;delayms=3000\">Partilha de pr\u00e1ticas<\/a> com a Equipa Regional Lisboa e Vale do Tejo. <\/p>\n\n\n\n<h4 class=\"wp-block-heading\"><strong>Jornadas Pedag\u00f3gicas &#8211; Projetos em Di\u00e1logo (<\/strong><strong>CMS)<\/strong><\/h4>\n\n\n\n<p>Apresenta\u00e7\u00e3o &#8220;<a href=\"https:\/\/drive.google.com\/file\/d\/1y3aE7NASzK74r0xn7bNbRE12ratFyLz7\/view?usp=drive_link\">Espa\u00e7os e Ambientes Inovadores de Aprendizagem: Educa\u00e7\u00e3o, Sustentabilidades e P\u00f3s Digital &#8211; O caso dos Clubes de Ci\u00eancia Viva no AE Dr. Ant\u00f3nio Augusto Louro<\/a>&#8221; no \u00e2mbito das Jornadas Pedag\u00f3gicas, atividade promovida pela C\u00e2mara Municipal do Seixal (ver iniciativa <a href=\"https:\/\/www.cm-seixal.pt\/evento\/jornadas-pedagogicas-projetos-em-dialogo\">AQUI<\/a>)<\/p>\n\n\n\n<h4 class=\"wp-block-heading\"><strong>Poster &#8211; Transi\u00e7\u00e3o Digital (DGE)<\/strong><\/h4>\n\n\n\n<figure class=\"wp-block-image size-large is-resized\"><img loading=\"lazy\" decoding=\"async\" width=\"768\" height=\"1024\" src=\"https:\/\/lead.uab.pt\/cocriar-reas\/wp-content\/uploads\/sites\/23\/2025\/05\/AE-AAL-CCVnE-EBQF-EncontrosRegionais_24_25.pptx-1-768x1024.jpg\" alt=\"\" class=\"wp-image-2128\" style=\"width:469px;height:auto\" srcset=\"https:\/\/lead.uab.pt\/cocriar-reas\/wp-content\/uploads\/sites\/23\/2025\/05\/AE-AAL-CCVnE-EBQF-EncontrosRegionais_24_25.pptx-1-768x1024.jpg 768w, https:\/\/lead.uab.pt\/cocriar-reas\/wp-content\/uploads\/sites\/23\/2025\/05\/AE-AAL-CCVnE-EBQF-EncontrosRegionais_24_25.pptx-1-225x300.jpg 225w, https:\/\/lead.uab.pt\/cocriar-reas\/wp-content\/uploads\/sites\/23\/2025\/05\/AE-AAL-CCVnE-EBQF-EncontrosRegionais_24_25.pptx-1.jpg 1008w\" sizes=\"auto, (max-width: 768px) 100vw, 768px\" \/><\/figure>\n\n\n\n<h4 class=\"wp-block-heading\"><strong>Mestrado<\/strong><\/h4>\n\n\n\n<p>Mestrado em Supervis\u00e3o Pedag\u00f3gica da Universidade Aberta com a disserta\u00e7\u00e3o intitulada <em><a href=\"http:\/\/Cocria\u00e7\u00e3o de Recursos Educacionais Digitais Abertos potenciada por uma Supervis\u00e3o Pedag\u00f3gica Colaborativa no Agrupamento de Escolas Dr. Ant\u00f3nio Augusto Louro\">Cocria\u00e7\u00e3o de Recursos Educacionais Digitais Abertos potenciada por uma Supervis\u00e3o Pedag\u00f3gica Colaborativa no Agrupamento de Escolas Dr. Ant\u00f3nio Augusto Louro<\/a><\/em>. <a href=\"http:\/\/hdl.handle.net\/10400.2\/19861\">http:\/\/hdl.handle.net\/10400.2\/19861<\/a><\/p>\n","protected":false},"excerpt":{"rendered":"Encontros Ci\u00eancia Viva Encontro Nacional Clubes Ci\u00eancia Viva na Escola 2022, no Pavilh\u00e3o do Conhecimento \u2013 Centro Ci\u00eancia Viva. Encontro Nacional Clubes Ci\u00eancia Viva na Escola 2023, no Pavilh\u00e3o do Conhecimento \u2013 Centro Ci\u00eancia Viva (para ver melhor clique AQUI). Livros de Atas Tom\u00e1s, C. (2022) Ambientes de Aprendizagem Digitais e Personalizados potenciados por Recursos [&hellip;]","protected":false},"author":1,"featured_media":0,"parent":0,"menu_order":40,"comment_status":"closed","ping_status":"closed","template":"","meta":{"footnotes":""},"class_list":["post-145","page","type-page","status-publish","hentry"],"_links":{"self":[{"href":"https:\/\/lead.uab.pt\/cocriar-reas\/wp-json\/wp\/v2\/pages\/145","targetHints":{"allow":["GET"]}}],"collection":[{"href":"https:\/\/lead.uab.pt\/cocriar-reas\/wp-json\/wp\/v2\/pages"}],"about":[{"href":"https:\/\/lead.uab.pt\/cocriar-reas\/wp-json\/wp\/v2\/types\/page"}],"author":[{"embeddable":true,"href":"https:\/\/lead.uab.pt\/cocriar-reas\/wp-json\/wp\/v2\/users\/1"}],"replies":[{"embeddable":true,"href":"https:\/\/lead.uab.pt\/cocriar-reas\/wp-json\/wp\/v2\/comments?post=145"}],"version-history":[{"count":17,"href":"https:\/\/lead.uab.pt\/cocriar-reas\/wp-json\/wp\/v2\/pages\/145\/revisions"}],"predecessor-version":[{"id":2130,"href":"https:\/\/lead.uab.pt\/cocriar-reas\/wp-json\/wp\/v2\/pages\/145\/revisions\/2130"}],"wp:attachment":[{"href":"https:\/\/lead.uab.pt\/cocriar-reas\/wp-json\/wp\/v2\/media?parent=145"}],"curies":[{"name":"wp","href":"https:\/\/api.w.org\/{rel}","templated":true}]}}