{"id":148,"date":"2022-10-20T10:45:31","date_gmt":"2022-10-20T10:45:31","guid":{"rendered":"https:\/\/sites.uab.pt\/congresso-humanidades\/?page_id=148"},"modified":"2025-05-18T20:03:21","modified_gmt":"2025-05-18T19:03:21","slug":"eventos","status":"publish","type":"page","link":"https:\/\/lead.uab.pt\/cocriar-reas\/eventos\/","title":{"rendered":"Eventos"},"content":{"rendered":"\n<h2 class=\"wp-block-heading\">Eventos<\/h2>\n\n\n\n<div class=\"wp-block-c3-framew-gutenbergblocks-timeline schedule\"><div class=\"gbt-timeline-title-wrapper\"><div class=\"gbt-timeline-title tt-title\"><\/div><\/div><ul class=\"gbt-timeline-content-wrapper\">\n<li><div class=\"gbt-timeline-event-title-wrapper\"><div class=\"gbt-timeline-event-title time-title\"><strong>Contratualiza\u00e7\u00e3o com a Ci\u00eancia Viva<\/strong><\/div><\/div><div class=\"gbt-timeline-event-content-wrapper\">\n<div class=\"wp-block-columns is-layout-flex wp-container-core-columns-is-layout-1 wp-block-columns-is-layout-flex\">\n<div class=\"wp-block-column is-layout-flow wp-block-column-is-layout-flow\" style=\"flex-basis:66.66%\">\n<p>Mar\u00e7o de 2022<\/p>\n<\/div>\n<\/div>\n<\/div><\/li>\n\n\n\n<li style=\"--timeline-color:#06c2c4\"><div class=\"gbt-timeline-event-title-wrapper\"><div class=\"gbt-timeline-event-title time-title\"><strong>Inaugura\u00e7\u00e3o do Makerspace<\/strong><\/div><\/div><div class=\"gbt-timeline-event-content-wrapper\">\n<p>Janeiro de 2023<\/p>\n\n\n\n<p>Inaugura\u00e7\u00e3o do espa\u00e7o na sede do CCVnE na EB da Quinta dos Franceses.<\/p>\n<\/div><\/li>\n\n\n\n<li><div class=\"gbt-timeline-event-title-wrapper\"><div class=\"gbt-timeline-event-title time-title\"><strong>Cria\u00e7\u00e3o e disponibiliza\u00e7\u00e3o da Plataforma de Recursos Educacionais Abertos do 1.\u00ba CEB<\/strong><\/div><\/div><div class=\"gbt-timeline-event-content-wrapper\">\n<div class=\"wp-block-columns is-layout-flex wp-container-core-columns-is-layout-2 wp-block-columns-is-layout-flex\">\n<div class=\"wp-block-column is-layout-flow wp-block-column-is-layout-flow\" style=\"flex-basis:66.66%\">\n<p>Clique na imagem para aceder.<\/p>\n<\/div>\n<\/div>\n\n\n\n<figure class=\"wp-block-image size-large\"><a href=\"https:\/\/sites.google.com\/ebaal.com\/recursoseducacionaisabertos-1\/in%C3%ADcio\"><img loading=\"lazy\" decoding=\"async\" width=\"1024\" height=\"531\" src=\"https:\/\/lead.uab.pt\/cocriar-reas\/wp-content\/uploads\/sites\/23\/2023\/09\/Capturar-1024x531.png\" alt=\"\" class=\"wp-image-2020\" srcset=\"https:\/\/lead.uab.pt\/cocriar-reas\/wp-content\/uploads\/sites\/23\/2023\/09\/Capturar-1024x531.png 1024w, https:\/\/lead.uab.pt\/cocriar-reas\/wp-content\/uploads\/sites\/23\/2023\/09\/Capturar-300x156.png 300w, https:\/\/lead.uab.pt\/cocriar-reas\/wp-content\/uploads\/sites\/23\/2023\/09\/Capturar-768x398.png 768w, https:\/\/lead.uab.pt\/cocriar-reas\/wp-content\/uploads\/sites\/23\/2023\/09\/Capturar-1536x796.png 1536w, https:\/\/lead.uab.pt\/cocriar-reas\/wp-content\/uploads\/sites\/23\/2023\/09\/Capturar.png 1840w\" sizes=\"auto, (max-width: 1024px) 100vw, 1024px\" \/><\/a><\/figure>\n<\/div><\/li>\n\n\n\n<li style=\"--timeline-color:#06c2c4\"><div class=\"gbt-timeline-event-title-wrapper\"><div class=\"gbt-timeline-event-title time-title\"><strong>Participa\u00e7\u00e3o nos dias do Agrupamento<\/strong><\/div><\/div><div class=\"gbt-timeline-event-content-wrapper\">\n<p>Abril de 2023<\/p>\n\n\n\n<figure class=\"wp-block-image size-full\"><img loading=\"lazy\" decoding=\"async\" width=\"945\" height=\"945\" src=\"https:\/\/lead.uab.pt\/cocriar-reas\/wp-content\/uploads\/sites\/23\/2023\/09\/Experiencia-Imersiva-EBAAL.png\" alt=\"\" class=\"wp-image-2095\" srcset=\"https:\/\/lead.uab.pt\/cocriar-reas\/wp-content\/uploads\/sites\/23\/2023\/09\/Experiencia-Imersiva-EBAAL.png 945w, https:\/\/lead.uab.pt\/cocriar-reas\/wp-content\/uploads\/sites\/23\/2023\/09\/Experiencia-Imersiva-EBAAL-300x300.png 300w, https:\/\/lead.uab.pt\/cocriar-reas\/wp-content\/uploads\/sites\/23\/2023\/09\/Experiencia-Imersiva-EBAAL-150x150.png 150w, https:\/\/lead.uab.pt\/cocriar-reas\/wp-content\/uploads\/sites\/23\/2023\/09\/Experiencia-Imersiva-EBAAL-768x768.png 768w\" sizes=\"auto, (max-width: 945px) 100vw, 945px\" \/><\/figure>\n<\/div><\/li>\n\n\n\n<li><div class=\"gbt-timeline-event-title-wrapper\"><div class=\"gbt-timeline-event-title time-title\"><strong>Participa\u00e7\u00e3o na Feira de Projetos Educativos da C\u00e2mara Municipal do Seixal <\/strong><\/div><\/div><div class=\"gbt-timeline-event-content-wrapper\">\n<p>Maio de 2023<\/p>\n\n\n\n<p>Exposi\u00e7\u00e3o de Projetos Educativos em sala virtual<\/p>\n\n\n\n<p>(clique na imagem para entrar na sala virtual)<\/p>\n\n\n\n<figure class=\"wp-block-image size-large\"><a href=\"https:\/\/framevr.io\/fazeraprenderdigital\"><img loading=\"lazy\" decoding=\"async\" width=\"1024\" height=\"464\" src=\"https:\/\/lead.uab.pt\/cocriar-reas\/wp-content\/uploads\/sites\/23\/2025\/05\/Expocenter-1024x464.png\" alt=\"\" class=\"wp-image-2132\" srcset=\"https:\/\/lead.uab.pt\/cocriar-reas\/wp-content\/uploads\/sites\/23\/2025\/05\/Expocenter-1024x464.png 1024w, https:\/\/lead.uab.pt\/cocriar-reas\/wp-content\/uploads\/sites\/23\/2025\/05\/Expocenter-300x136.png 300w, https:\/\/lead.uab.pt\/cocriar-reas\/wp-content\/uploads\/sites\/23\/2025\/05\/Expocenter-768x348.png 768w, https:\/\/lead.uab.pt\/cocriar-reas\/wp-content\/uploads\/sites\/23\/2025\/05\/Expocenter.png 1280w\" sizes=\"auto, (max-width: 1024px) 100vw, 1024px\" \/><\/a><\/figure>\n<\/div><\/li>\n\n\n\n<li style=\"--timeline-color:#06c2c4\"><div class=\"gbt-timeline-event-title-wrapper\"><div class=\"gbt-timeline-event-title time-title\"><strong>Jornadas Pedag\u00f3gicas \u2013 Projetos em Di\u00e1logo | C\u00e2mara Municipal do Seixal<\/strong><\/div><\/div><div class=\"gbt-timeline-event-content-wrapper\">\n<p>dezembro de 2023<\/p>\n\n\n\n<p>clique na imagem para ver o v\u00eddeo<\/p>\n\n\n\n<figure class=\"wp-block-image size-large\"><a href=\"https:\/\/drive.google.com\/file\/d\/1y3aE7NASzK74r0xn7bNbRE12ratFyLz7\/view\"><img loading=\"lazy\" decoding=\"async\" width=\"1024\" height=\"568\" src=\"https:\/\/lead.uab.pt\/cocriar-reas\/wp-content\/uploads\/sites\/23\/2024\/02\/image-1024x568.png\" alt=\"\" class=\"wp-image-2114\" srcset=\"https:\/\/lead.uab.pt\/cocriar-reas\/wp-content\/uploads\/sites\/23\/2024\/02\/image-1024x568.png 1024w, https:\/\/lead.uab.pt\/cocriar-reas\/wp-content\/uploads\/sites\/23\/2024\/02\/image-300x166.png 300w, https:\/\/lead.uab.pt\/cocriar-reas\/wp-content\/uploads\/sites\/23\/2024\/02\/image-768x426.png 768w, https:\/\/lead.uab.pt\/cocriar-reas\/wp-content\/uploads\/sites\/23\/2024\/02\/image.png 1242w\" sizes=\"auto, (max-width: 1024px) 100vw, 1024px\" \/><\/a><\/figure>\n<\/div><\/li>\n\n\n\n<li><div class=\"gbt-timeline-event-title-wrapper\"><div class=\"gbt-timeline-event-title time-title\"><strong>Cria\u00e7\u00e3o e disponibiliza\u00e7\u00e3o da Plataforma de Recursos Educacionais Abertos de 2.\u00ba e 3.\u00ba CEB<\/strong><\/div><\/div><div class=\"gbt-timeline-event-content-wrapper\">\n<p>Setembro de 2024<\/p>\n\n\n\n<p>Clique na imagem para aceder.<\/p>\n\n\n\n<figure class=\"wp-block-image size-large\"><a href=\"https:\/\/sites.google.com\/ebaal.com\/recursos-educacionais-abertos\/in%C3%ADcio\"><img loading=\"lazy\" decoding=\"async\" width=\"1024\" height=\"481\" src=\"https:\/\/lead.uab.pt\/cocriar-reas\/wp-content\/uploads\/sites\/23\/2025\/05\/REAs-1024x481.png\" alt=\"\" class=\"wp-image-2136\" srcset=\"https:\/\/lead.uab.pt\/cocriar-reas\/wp-content\/uploads\/sites\/23\/2025\/05\/REAs-1024x481.png 1024w, https:\/\/lead.uab.pt\/cocriar-reas\/wp-content\/uploads\/sites\/23\/2025\/05\/REAs-300x141.png 300w, https:\/\/lead.uab.pt\/cocriar-reas\/wp-content\/uploads\/sites\/23\/2025\/05\/REAs-768x361.png 768w, https:\/\/lead.uab.pt\/cocriar-reas\/wp-content\/uploads\/sites\/23\/2025\/05\/REAs-1536x722.png 1536w, https:\/\/lead.uab.pt\/cocriar-reas\/wp-content\/uploads\/sites\/23\/2025\/05\/REAs.png 1904w\" sizes=\"auto, (max-width: 1024px) 100vw, 1024px\" \/><\/a><\/figure>\n<\/div><\/li>\n\n\n\n<li style=\"--timeline-color:#06c2c4\"><div class=\"gbt-timeline-event-title-wrapper\"><div class=\"gbt-timeline-event-title time-title\"><strong>Participa\u00e7\u00e3o na Feira de Projetos Educativos da C\u00e2mara Municipal do Seixal<\/strong><\/div><\/div><div class=\"gbt-timeline-event-content-wrapper\">\n<p>Maio de 2024<\/p>\n\n\n\n<p>50 Anos do 25 de Abril &#8211; Sala Virtual<\/p>\n\n\n\n<p>(clique na imagem para entrar na sala virtual)<\/p>\n\n\n\n<figure class=\"wp-block-image size-large\"><a href=\"https:\/\/framevr.io\/expo-50-anos-25-abril-no-aeaal\"><img loading=\"lazy\" decoding=\"async\" width=\"1024\" height=\"623\" src=\"https:\/\/lead.uab.pt\/cocriar-reas\/wp-content\/uploads\/sites\/23\/2025\/05\/25abril-1-1024x623.png\" alt=\"\" class=\"wp-image-2135\" srcset=\"https:\/\/lead.uab.pt\/cocriar-reas\/wp-content\/uploads\/sites\/23\/2025\/05\/25abril-1-1024x623.png 1024w, https:\/\/lead.uab.pt\/cocriar-reas\/wp-content\/uploads\/sites\/23\/2025\/05\/25abril-1-300x183.png 300w, https:\/\/lead.uab.pt\/cocriar-reas\/wp-content\/uploads\/sites\/23\/2025\/05\/25abril-1-768x467.png 768w, https:\/\/lead.uab.pt\/cocriar-reas\/wp-content\/uploads\/sites\/23\/2025\/05\/25abril-1.png 1280w\" sizes=\"auto, (max-width: 1024px) 100vw, 1024px\" \/><\/a><\/figure>\n<\/div><\/li>\n\n\n\n<li><div class=\"gbt-timeline-event-title-wrapper\"><div class=\"gbt-timeline-event-title time-title\"><strong><strong>Participa\u00e7\u00e3o na Feira de Projetos Educativos da C\u00e2mara Municipal do Seixal<\/strong><\/strong><\/div><\/div><div class=\"gbt-timeline-event-content-wrapper\">\n<p>Maio de 2025<\/p>\n\n\n\n<p>Atividades: Visitas de estudo em realidade virtual, rob\u00f3tica, ScratchJr e Octost\u00fadio.<\/p>\n<\/div><\/li>\n\n\n\n<li style=\"--timeline-color:#06c2c4\"><div class=\"gbt-timeline-event-title-wrapper\"><div class=\"gbt-timeline-event-title time-title\"><strong>Participa\u00e7\u00e3o nos<\/strong> <strong>Encontros Regionais de Clubes de Ci\u00eancia Viva na Escola &#8211; Lousal<\/strong><\/div><\/div><div class=\"gbt-timeline-event-content-wrapper\">\n<p>12 de fevereiro de 2025<\/p>\n\n\n\n<p>16 de maio de 2025<\/p>\n\n\n\n<p>clique na imagem para ver o v\u00eddeo<\/p>\n\n\n\n<figure class=\"wp-block-image size-large\"><a href=\"https:\/\/drive.google.com\/file\/d\/1VYrUq0m9Z9s3MaOp4IWntT9c346uiIDe\/view?usp=sharing\"><img loading=\"lazy\" decoding=\"async\" width=\"1024\" height=\"573\" src=\"https:\/\/lead.uab.pt\/cocriar-reas\/wp-content\/uploads\/sites\/23\/2025\/05\/Lousal-1-1024x573.png\" alt=\"\" class=\"wp-image-2138\" srcset=\"https:\/\/lead.uab.pt\/cocriar-reas\/wp-content\/uploads\/sites\/23\/2025\/05\/Lousal-1-1024x573.png 1024w, https:\/\/lead.uab.pt\/cocriar-reas\/wp-content\/uploads\/sites\/23\/2025\/05\/Lousal-1-300x168.png 300w, https:\/\/lead.uab.pt\/cocriar-reas\/wp-content\/uploads\/sites\/23\/2025\/05\/Lousal-1-768x430.png 768w, https:\/\/lead.uab.pt\/cocriar-reas\/wp-content\/uploads\/sites\/23\/2025\/05\/Lousal-1.png 1217w\" sizes=\"auto, (max-width: 1024px) 100vw, 1024px\" \/><\/a><\/figure>\n<\/div><\/li>\n<\/ul><\/div>\n","protected":false},"excerpt":{"rendered":"Eventos","protected":false},"author":1,"featured_media":0,"parent":0,"menu_order":50,"comment_status":"closed","ping_status":"closed","template":"","meta":{"footnotes":""},"class_list":["post-148","page","type-page","status-publish","hentry"],"_links":{"self":[{"href":"https:\/\/lead.uab.pt\/cocriar-reas\/wp-json\/wp\/v2\/pages\/148","targetHints":{"allow":["GET"]}}],"collection":[{"href":"https:\/\/lead.uab.pt\/cocriar-reas\/wp-json\/wp\/v2\/pages"}],"about":[{"href":"https:\/\/lead.uab.pt\/cocriar-reas\/wp-json\/wp\/v2\/types\/page"}],"author":[{"embeddable":true,"href":"https:\/\/lead.uab.pt\/cocriar-reas\/wp-json\/wp\/v2\/users\/1"}],"replies":[{"embeddable":true,"href":"https:\/\/lead.uab.pt\/cocriar-reas\/wp-json\/wp\/v2\/comments?post=148"}],"version-history":[{"count":14,"href":"https:\/\/lead.uab.pt\/cocriar-reas\/wp-json\/wp\/v2\/pages\/148\/revisions"}],"predecessor-version":[{"id":2141,"href":"https:\/\/lead.uab.pt\/cocriar-reas\/wp-json\/wp\/v2\/pages\/148\/revisions\/2141"}],"wp:attachment":[{"href":"https:\/\/lead.uab.pt\/cocriar-reas\/wp-json\/wp\/v2\/media?parent=148"}],"curies":[{"name":"wp","href":"https:\/\/api.w.org\/{rel}","templated":true}]}}