{"id":1630,"date":"2023-04-14T16:53:43","date_gmt":"2023-04-14T15:53:43","guid":{"rendered":"https:\/\/lead.uab.pt\/-project-template-\/?page_id=1630"},"modified":"2023-09-23T17:14:53","modified_gmt":"2023-09-23T16:14:53","slug":"atividades","status":"publish","type":"page","link":"https:\/\/lead.uab.pt\/cocriar-reas\/atividades\/","title":{"rendered":"Atividades"},"content":{"rendered":"\n<h2 class=\"wp-block-heading\">Atividades<\/h2>\n\n\n\n<p>S\u00e3o diversas as atividades desenvolvidas pelo Clube de Ci\u00eancia Viva na Escola.<\/p>\n\n\n\n<p>Clique na imagem para aceder \u00e0s v\u00e1rias atividades e sua explica\u00e7\u00e3o.<\/p>\n\n\n\n<figure class=\"wp-block-image size-large\"><a href=\"https:\/\/docs.google.com\/presentation\/d\/e\/2PACX-1vSWT5knp_aJS9IIQAJl6YcT4DvtXPzKqodzAiBuxiHoaO2Nb4syzcdaCznmNiK0o9cO8oj8DtvTQrg5\/pub?start=false&amp;loop=false&amp;delayms=3000\"><img loading=\"lazy\" decoding=\"async\" width=\"1024\" height=\"574\" src=\"https:\/\/lead.uab.pt\/cocriar-reas\/wp-content\/uploads\/sites\/23\/2023\/09\/CCVnE_atividades-1024x574.png\" alt=\"\" class=\"wp-image-2027\" srcset=\"https:\/\/lead.uab.pt\/cocriar-reas\/wp-content\/uploads\/sites\/23\/2023\/09\/CCVnE_atividades-1024x574.png 1024w, https:\/\/lead.uab.pt\/cocriar-reas\/wp-content\/uploads\/sites\/23\/2023\/09\/CCVnE_atividades-300x168.png 300w, https:\/\/lead.uab.pt\/cocriar-reas\/wp-content\/uploads\/sites\/23\/2023\/09\/CCVnE_atividades-768x430.png 768w, https:\/\/lead.uab.pt\/cocriar-reas\/wp-content\/uploads\/sites\/23\/2023\/09\/CCVnE_atividades-1536x861.png 1536w, https:\/\/lead.uab.pt\/cocriar-reas\/wp-content\/uploads\/sites\/23\/2023\/09\/CCVnE_atividades.png 1920w\" sizes=\"auto, (max-width: 1024px) 100vw, 1024px\" \/><\/a><\/figure>\n\n\n\n<p><\/p>\n\n\n\n<h4 class=\"wp-block-heading\"><strong>Explica\u00e7\u00e3o das diferentes atividades integradas no CCVnE<\/strong><\/h4>\n\n\n\n<p>Cria\u00e7\u00e3o de salas&nbsp;multiuso em RV &#8211;&nbsp;para aceder \u00e0 explica\u00e7\u00e3o da atividade, clique <a rel=\"noreferrer noopener\" href=\"https:\/\/docs.google.com\/document\/d\/e\/2PACX-1vT6z1A6Xq4VICYDNDuHsfc37u355xgupPm5KQiV_RJhH0tEa04eYUHVsERwKmSj5XiGNPg_1u3V7HmG\/pub\" target=\"_blank\">AQUI<\/a><\/p>\n\n\n\n<p>Descobrir e roboticar&nbsp;&#8211;&nbsp;para aceder \u00e0 explica\u00e7\u00e3o da atividade, clique <a rel=\"noreferrer noopener\" href=\"https:\/\/docs.google.com\/document\/d\/e\/2PACX-1vSRBtim-_ytcSvA4u0bn0J9ANlN_ZgtZoWvaBbMUT8UQ23V4zA06Lb3ik_o_QgHf2X61j1k-3T-FQ9G\/pub\" target=\"_blank\">AQUI<\/a><\/p>\n\n\n\n<p>Cria\u00e7\u00e3o audiolivros &#8211; para aceder \u00e0 explica\u00e7\u00e3o da atividade, clique&nbsp;<a rel=\"noreferrer noopener\" href=\"https:\/\/docs.google.com\/document\/d\/e\/2PACX-1vQ16-o_ZRZReyazhHYHkPdARfcMCNlXdwhJxhnfrWO4etM8dmLATIHOuQFyd2GVarpp5qnvkqSHuuD6\/pub\" target=\"_blank\">AQUI<\/a>&nbsp;<\/p>\n\n\n\n<p>Programar com&#8230; &#8211;&nbsp;para aceder \u00e0 explica\u00e7\u00e3o da atividade, clique <a rel=\"noreferrer noopener\" href=\"https:\/\/docs.google.com\/document\/d\/e\/2PACX-1vRDyuWnu6h296RQ56MBHa6At6wMSGofn-TfTVTWSy0VWzwbgO_3WjH19CnnLKXhVfjc_ReyvzmdUa6C\/pub\" target=\"_blank\">AQUI<\/a><\/p>\n\n\n\n<p>Cria\u00e7\u00e3o de podcasts &#8211;&nbsp;para aceder \u00e0 explica\u00e7\u00e3o da atividade, clique <a rel=\"noreferrer noopener\" href=\"https:\/\/docs.google.com\/document\/d\/e\/2PACX-1vRxlZ_5pzmEVA8GNQe2KZ-45N4DmasBl8OOXdjq28F8JSIl98nyrvjFu2b5PUdvmzWLmMq910jt_TsY\/pub\" target=\"_blank\">AQUI<\/a><\/p>\n\n\n\n<p>Cria\u00e7\u00e3o de v\u00eddeos &#8211;&nbsp;para aceder \u00e0 explica\u00e7\u00e3o da atividade, clique <a rel=\"noreferrer noopener\" href=\"https:\/\/docs.google.com\/document\/d\/e\/2PACX-1vQKnzAw6uHzNQpCXbdThOigsZwNuYH5VFY-UjJ3_WSNg2REIG3EDs5AahYXUNHpKuAegXJW6S339tYM\/pub\" target=\"_blank\">AQUI<\/a><\/p>\n\n\n\n<p>Visitas de estudo em Realidade Virtual &#8211;&nbsp;para aceder \u00e0 explica\u00e7\u00e3o da atividade, clique <a rel=\"noreferrer noopener\" href=\"https:\/\/docs.google.com\/document\/d\/e\/2PACX-1vQFiu52OZ9cbSxANXucsf9Uu0nVKYIZJKCfuHgnx0uAmexaIIPEDMHZol7BrlFoqo8xzWjkKrf7nxhz\/pub\" target=\"_blank\">AQUI<\/a><\/p>\n","protected":false},"excerpt":{"rendered":"Atividades S\u00e3o diversas as atividades desenvolvidas pelo Clube de Ci\u00eancia Viva na Escola. Clique na imagem para aceder \u00e0s v\u00e1rias atividades e sua explica\u00e7\u00e3o. Explica\u00e7\u00e3o das diferentes atividades integradas no CCVnE Cria\u00e7\u00e3o de salas&nbsp;multiuso em RV &#8211;&nbsp;para aceder \u00e0 explica\u00e7\u00e3o da atividade, clique AQUI Descobrir e roboticar&nbsp;&#8211;&nbsp;para aceder \u00e0 explica\u00e7\u00e3o da atividade, clique AQUI Cria\u00e7\u00e3o [&hellip;]","protected":false},"author":1,"featured_media":0,"parent":0,"menu_order":20,"comment_status":"closed","ping_status":"closed","template":"","meta":{"footnotes":""},"class_list":["post-1630","page","type-page","status-publish","hentry"],"_links":{"self":[{"href":"https:\/\/lead.uab.pt\/cocriar-reas\/wp-json\/wp\/v2\/pages\/1630","targetHints":{"allow":["GET"]}}],"collection":[{"href":"https:\/\/lead.uab.pt\/cocriar-reas\/wp-json\/wp\/v2\/pages"}],"about":[{"href":"https:\/\/lead.uab.pt\/cocriar-reas\/wp-json\/wp\/v2\/types\/page"}],"author":[{"embeddable":true,"href":"https:\/\/lead.uab.pt\/cocriar-reas\/wp-json\/wp\/v2\/users\/1"}],"replies":[{"embeddable":true,"href":"https:\/\/lead.uab.pt\/cocriar-reas\/wp-json\/wp\/v2\/comments?post=1630"}],"version-history":[{"count":5,"href":"https:\/\/lead.uab.pt\/cocriar-reas\/wp-json\/wp\/v2\/pages\/1630\/revisions"}],"predecessor-version":[{"id":2100,"href":"https:\/\/lead.uab.pt\/cocriar-reas\/wp-json\/wp\/v2\/pages\/1630\/revisions\/2100"}],"wp:attachment":[{"href":"https:\/\/lead.uab.pt\/cocriar-reas\/wp-json\/wp\/v2\/media?parent=1630"}],"curies":[{"name":"wp","href":"https:\/\/api.w.org\/{rel}","templated":true}]}}