{"id":139,"date":"2022-10-19T22:41:51","date_gmt":"2022-10-19T22:41:51","guid":{"rendered":"https:\/\/sites.uab.pt\/congresso-humanidades\/?page_id=139"},"modified":"2024-07-18T15:00:06","modified_gmt":"2024-07-18T14:00:06","slug":"projeto","status":"publish","type":"page","link":"https:\/\/lead.uab.pt\/digithum\/","title":{"rendered":"Projeto DIGITHUM"},"content":{"rendered":"\n<h4 class=\"wp-block-heading\"><strong>DIGITHUM project<\/strong><\/h4>\n\n\n\n<div class=\"wp-block-columns is-layout-flex wp-container-core-columns-is-layout-1 wp-block-columns-is-layout-flex\">\n<div class=\"wp-block-column is-layout-flow wp-block-column-is-layout-flow\" style=\"flex-basis:60%\">\n<p>\ud83c\uddec\ud83c\udde7<br>Registration number: PTIN\/UID4372-LE@D\/012020<\/p>\n\n\n\n<p>Project start date: March 29, 2020<\/p>\n\n\n\n<p>LE@D Funding: Financed by National Funds through FCT &#8211; Funda\u00e7\u00e3o para a Ci\u00eancia e a Tecnologia, I.P., within the scope of projects <strong>UIDB\/04372\/2020<\/strong><\/p>\n\n\n\n<p>The DIGITHUM project is a research group within LE@D &#8211; the Open University&#8217;s Distance Education Laboratory &#8211; in area 3 &#8211; Education and issues in the post-digital era. Its main objective is to develop research in the field of Digital Humanities.<\/p>\n\n\n\n<p>The group was created in 2020, in the midst of the pandemic, and the researchers and doctoral students who are part of DIGITHUM have presented several papers, participated in congresses and combined research with teaching activity, precisely on Digital Humanities, in master&#8217;s and doctoral courses at Universidade Aberta.<\/p>\n\n\n\n<p>DIGITHUM essentially aims to promote initiatives in Digital Humanities, having recently presented the COMIDI project (Digital communication and image), which aims to identify the transformations that occur in the transition from digital to post-digital, focusing on digital communication and images.<\/p>\n\n\n\n<p>With a focus on digital communication and image, the aim is to reflect on 4 specific domains:\u00a0<\/p>\n\n\n\n<p>\u2013 Interactive books: tales, legends, memories (material and immaterial)<br><br>\u2013 Digital genres<br><br>\u2013 Digital heritage: reconstitution, digital artifacts<br><br>\u2013 Artificial intelligence: paradigms of digital human-machine interaction<\/p>\n\n\n\n<p>The DIGITHUM group is part of the CIPSH Chair on Digital Humanities in Education, which has been approved by UNESCO&#8217;s <a href=\"https:\/\/www.cipsh.one\/htm\/\" data-type=\"link\" data-id=\"https:\/\/www.cipsh.one\/htm\/\">International Council for Philosophy and Human Sciences<\/a>.<br><\/p>\n\n\n\n<figure class=\"wp-block-image size-full\"><img loading=\"lazy\" decoding=\"async\" width=\"300\" height=\"128\" src=\"https:\/\/lead.uab.pt\/digithum\/wp-content\/uploads\/sites\/19\/2024\/01\/CIPSH-NOVA-Chair-2.png\" alt=\"\" class=\"wp-image-2116\"\/><\/figure>\n\n\n\n<p>The chair is the result of a partnership between NOVA FCSH, Universidade Aberta and the Faculty of Letters of the University of Porto. For more information, see the <a href=\"https:\/\/lead.uab.pt\/digithum\/catedra-unesco\/\">relevant section.<\/a>\u00a0\u00a0<\/p>\n\n\n\n<p><\/p>\n<\/div>\n\n\n\n<div class=\"wp-block-column is-layout-flow wp-block-column-is-layout-flow\" style=\"flex-basis:20px\"><\/div>\n\n\n\n<div class=\"wp-block-column is-layout-flow wp-block-column-is-layout-flow\">\n<figure class=\"wp-block-image size-large\"><img loading=\"lazy\" decoding=\"async\" width=\"1024\" height=\"640\" src=\"https:\/\/lead.uab.pt\/digithum\/wp-content\/uploads\/sites\/19\/2023\/12\/DigitalHumanitiesEdited.jpg-1024x640.webp\" alt=\"\" class=\"wp-image-2093\" srcset=\"https:\/\/lead.uab.pt\/digithum\/wp-content\/uploads\/sites\/19\/2023\/12\/DigitalHumanitiesEdited.jpg-1024x640.webp 1024w, https:\/\/lead.uab.pt\/digithum\/wp-content\/uploads\/sites\/19\/2023\/12\/DigitalHumanitiesEdited.jpg-300x188.webp 300w, https:\/\/lead.uab.pt\/digithum\/wp-content\/uploads\/sites\/19\/2023\/12\/DigitalHumanitiesEdited.jpg-768x480.webp 768w, https:\/\/lead.uab.pt\/digithum\/wp-content\/uploads\/sites\/19\/2023\/12\/DigitalHumanitiesEdited.jpg.webp 1080w\" sizes=\"auto, (max-width: 1024px) 100vw, 1024px\" \/><\/figure>\n<\/div>\n<\/div>\n\n\n\n<hr class=\"wp-block-separator has-alpha-channel-opacity\"\/>\n\n\n\n<p><\/p>\n\n\n\n<h4 class=\"wp-block-heading\"><strong>Projeto DIGITHUM<\/strong><\/h4>\n\n\n\n<p><\/p>\n\n\n\n<div class=\"wp-block-columns is-layout-flex wp-container-core-columns-is-layout-2 wp-block-columns-is-layout-flex\">\n<div class=\"wp-block-column is-layout-flow wp-block-column-is-layout-flow\" style=\"flex-basis:60%\">\n<p>\ud83c\uddf5\ud83c\uddf9<br>N\u00famero de registo: PTIN\/UID4372-LE@D\/012020<\/p>\n\n\n\n<p>Data de in\u00edcio do projeto:&nbsp;29 de mar\u00e7o de 2020<\/p>\n\n\n\n<p>Financiamento LE@D: Financiado por Fundos Nacionais atrav\u00e9s da FCT \u2013 Funda\u00e7\u00e3o para a Ci\u00eancia e a Tecnologia, I.P., no \u00e2mbito dos projetos&nbsp;<strong>UIDB\/04372\/2020<\/strong><\/p>\n\n\n\n<p>O projeto DIGITHUM \u00e9 um grupo de investiga\u00e7\u00e3o integrado no LE@D \u2013 Laborat\u00f3rio de Educa\u00e7\u00e3o a Dist\u00e2ncia da Universidade Aberta \u2013, na \u00e1rea 3 \u2013 Educa\u00e7\u00e3o e problem\u00e1ticas no p\u00f3sdigital. Tem como principal objetivo desenvolver trabalhos de investiga\u00e7\u00e3o no \u00e2mbito das Humanidades Digitais.<\/p>\n\n\n\n<p>O grupo foi criado em 2020, em plena pandemia, e os investigadores e doutorandos que integram o DIGITHUM t\u00eam apresentado v\u00e1rios trabalhos, participado em congressos e conciliado a investiga\u00e7\u00e3o com a atividade docente, justamente sobre Humanidades Digitais, em cursos de mestrado e de doutoramento na Universidade Aberta.<\/p>\n\n\n\n<p>O DIGITHUM visa\u00a0essencialmente promover iniciativas em Humanidades Digitais, tendo recentemente apresentado o projeto COMIDI (Comunica\u00e7\u00e3o e imagem digitais),\u00a0que\u00a0visa identificar as transforma\u00e7\u00f5es que ocorrem na transi\u00e7\u00e3o do digital para o p\u00f3s-digital, privilegiando a comunica\u00e7\u00e3o e a imagem digitais.<\/p>\n\n\n\n<p>Privilegiando a comunica\u00e7\u00e3o e a imagem digitais, pretende-se uma reflex\u00e3o em 4 linhas espec\u00edficas:&nbsp;<\/p>\n\n\n\n<ul class=\"wp-block-list\">\n<li>Livros interativos: contos, lendas, mem\u00f3rias (material e imaterial)&nbsp;<\/li>\n\n\n\n<li>G\u00e9neros digitais&nbsp;<\/li>\n\n\n\n<li>Patrim\u00f3nio digital: reconstitui\u00e7\u00e3o, artefactos digitais&nbsp;<\/li>\n\n\n\n<li>Intelig\u00eancia artificial: paradigmas de intera\u00e7\u00e3o digital ser humano \u2013 m\u00e1quina<\/li>\n<\/ul>\n\n\n\n<hr class=\"wp-block-separator has-alpha-channel-opacity\"\/>\n\n\n\n<p>O grupo DIGITHUM Integra a CIPSH <em>Chair on Digital Humanities in Education<\/em>,&nbsp;que foi aprovada por&nbsp;<a href=\"https:\/\/www.cipsh.one\/htm\/\" target=\"_blank\" rel=\"noreferrer noopener\">The International Council for Philosophy and Human Sciences<\/a>&nbsp;da UNESCO. <\/p>\n\n\n\n<figure class=\"wp-block-image size-full\"><img loading=\"lazy\" decoding=\"async\" width=\"300\" height=\"128\" src=\"https:\/\/lead.uab.pt\/digithum\/wp-content\/uploads\/sites\/19\/2024\/01\/CIPSH-NOVA-Chair-2.png\" alt=\"\" class=\"wp-image-2116\"\/><\/figure>\n\n\n\n<p>A c\u00e1tedra resulta de uma parceria entre a NOVA FCSH, a Universidade Aberta e a Faculdade de Letras da Universidade do Porto. Para mais informa\u00e7\u00f5es, consulte a <a href=\"https:\/\/lead.uab.pt\/digithum\/catedra-unesco\/\" data-type=\"link\" data-id=\"https:\/\/lead.uab.pt\/digithum\/catedra-unesco\/\">sec\u00e7\u00e3o respetiva<\/a>. &nbsp;&nbsp;<\/p>\n<\/div>\n\n\n\n<div class=\"wp-block-column is-layout-flow wp-block-column-is-layout-flow\" style=\"flex-basis:20px\"><\/div>\n\n\n\n<div class=\"wp-block-column is-layout-flow wp-block-column-is-layout-flow\">\n<figure class=\"wp-block-image size-large\"><img loading=\"lazy\" decoding=\"async\" width=\"1024\" height=\"640\" src=\"https:\/\/lead.uab.pt\/digithum\/wp-content\/uploads\/sites\/19\/2023\/12\/DigitalHumanitiesEdited.jpg-1024x640.webp\" alt=\"\" class=\"wp-image-2093\" srcset=\"https:\/\/lead.uab.pt\/digithum\/wp-content\/uploads\/sites\/19\/2023\/12\/DigitalHumanitiesEdited.jpg-1024x640.webp 1024w, https:\/\/lead.uab.pt\/digithum\/wp-content\/uploads\/sites\/19\/2023\/12\/DigitalHumanitiesEdited.jpg-300x188.webp 300w, https:\/\/lead.uab.pt\/digithum\/wp-content\/uploads\/sites\/19\/2023\/12\/DigitalHumanitiesEdited.jpg-768x480.webp 768w, https:\/\/lead.uab.pt\/digithum\/wp-content\/uploads\/sites\/19\/2023\/12\/DigitalHumanitiesEdited.jpg.webp 1080w\" sizes=\"auto, (max-width: 1024px) 100vw, 1024px\" \/><\/figure>\n<\/div>\n<\/div>\n\n\n\n<p><\/p>\n","protected":false},"excerpt":{"rendered":"DIGITHUM project \ud83c\uddec\ud83c\udde7Registration number: PTIN\/UID4372-LE@D\/012020 Project start date: March 29, 2020 LE@D Funding: Financed by National Funds through FCT &#8211; Funda\u00e7\u00e3o para a Ci\u00eancia e a Tecnologia, I.P., within the scope of projects UIDB\/04372\/2020 The DIGITHUM project is a research group within LE@D &#8211; the Open University&#8217;s Distance Education Laboratory &#8211; in area 3 &#8211; [&hellip;]","protected":false},"author":32,"featured_media":0,"parent":0,"menu_order":10,"comment_status":"closed","ping_status":"closed","template":"","meta":{"footnotes":""},"class_list":["post-139","page","type-page","status-publish","hentry"],"_links":{"self":[{"href":"https:\/\/lead.uab.pt\/digithum\/wp-json\/wp\/v2\/pages\/139","targetHints":{"allow":["GET"]}}],"collection":[{"href":"https:\/\/lead.uab.pt\/digithum\/wp-json\/wp\/v2\/pages"}],"about":[{"href":"https:\/\/lead.uab.pt\/digithum\/wp-json\/wp\/v2\/types\/page"}],"author":[{"embeddable":true,"href":"https:\/\/lead.uab.pt\/digithum\/wp-json\/wp\/v2\/users\/32"}],"replies":[{"embeddable":true,"href":"https:\/\/lead.uab.pt\/digithum\/wp-json\/wp\/v2\/comments?post=139"}],"version-history":[{"count":20,"href":"https:\/\/lead.uab.pt\/digithum\/wp-json\/wp\/v2\/pages\/139\/revisions"}],"predecessor-version":[{"id":2360,"href":"https:\/\/lead.uab.pt\/digithum\/wp-json\/wp\/v2\/pages\/139\/revisions\/2360"}],"wp:attachment":[{"href":"https:\/\/lead.uab.pt\/digithum\/wp-json\/wp\/v2\/media?parent=139"}],"curies":[{"name":"wp","href":"https:\/\/api.w.org\/{rel}","templated":true}]}}