{"id":1630,"date":"2023-04-14T16:53:43","date_gmt":"2023-04-14T16:53:43","guid":{"rendered":"https:\/\/lead.uab.pt\/-project-template-\/?page_id=1630"},"modified":"2025-05-25T21:50:50","modified_gmt":"2025-05-25T20:50:50","slug":"atividades","status":"publish","type":"page","link":"https:\/\/lead.uab.pt\/digithum\/atividades\/","title":{"rendered":"Atividades"},"content":{"rendered":"\n<h2 class=\"wp-block-heading\">Atividades<\/h2>\n\n\n\n<div class=\"wp-block-c3-framew-gutenbergblocks-timeline schedule\"><div class=\"gbt-timeline-title-wrapper\"><div class=\"gbt-timeline-title tt-title\"><\/div><\/div><ul class=\"gbt-timeline-content-wrapper\">\n<li><div class=\"gbt-timeline-event-title-wrapper\"><div class=\"gbt-timeline-event-title time-title\"><strong>F\u00f3rum Global de Humanidades Digitais e Linguagens<\/strong><\/div><\/div><div class=\"gbt-timeline-event-content-wrapper\">\n<p>9 de junho de 2025 a 13 de junho de 2025<\/p>\n\n\n\n<p>Universidade Federal do Rio de Janeiro<\/p>\n\n\n\n<p>A Professora Doutora Isabel Roboredo Seara ir\u00e1 participar neste evento com a comunica\u00e7\u00e3o DIGITHUM: (RE) ENCONTROS INTERDISCIPLINARES PORTUGAL-BRASIL<\/p>\n\n\n\n<figure class=\"wp-block-image size-large\"><img loading=\"lazy\" decoding=\"async\" width=\"1024\" height=\"410\" src=\"https:\/\/lead.uab.pt\/digithum\/wp-content\/uploads\/sites\/19\/2025\/05\/capaeven3seminariogpgcil.87e9ba5e6ba64fe9824a.png-1024x410.webp\" alt=\"\" class=\"wp-image-2365\" srcset=\"https:\/\/lead.uab.pt\/digithum\/wp-content\/uploads\/sites\/19\/2025\/05\/capaeven3seminariogpgcil.87e9ba5e6ba64fe9824a.png-1024x410.webp 1024w, https:\/\/lead.uab.pt\/digithum\/wp-content\/uploads\/sites\/19\/2025\/05\/capaeven3seminariogpgcil.87e9ba5e6ba64fe9824a.png-300x120.webp 300w, https:\/\/lead.uab.pt\/digithum\/wp-content\/uploads\/sites\/19\/2025\/05\/capaeven3seminariogpgcil.87e9ba5e6ba64fe9824a.png-768x307.webp 768w, https:\/\/lead.uab.pt\/digithum\/wp-content\/uploads\/sites\/19\/2025\/05\/capaeven3seminariogpgcil.87e9ba5e6ba64fe9824a.png.webp 1100w\" sizes=\"auto, (max-width: 1024px) 100vw, 1024px\" \/><\/figure>\n<\/div><\/li>\n\n\n\n<li><div class=\"gbt-timeline-event-title-wrapper\"><div class=\"gbt-timeline-event-title time-title\"><strong>Horizontes das Humanidades Digitais \u2013 3.\u00aa sess\u00e3o (<em>webinar<\/em>)<\/strong><\/div><\/div><div class=\"gbt-timeline-event-content-wrapper\">\n<p>8 de julho de 2024 \u2013 7h00 p.m. \u2013 8h00 p.m. (WEST, Lisboa)<\/p>\n\n\n\n<p>a dist\u00e2ncia (hiperliga\u00e7\u00e3o: <a href=\"https:\/\/videoconf-colibri.zoom.us\/j\/3932331692?pwd=SDhlQ2xMWHh4L2hNQWRlaE8ya3dmdz09\" data-type=\"link\" data-id=\"https:\/\/videoconf-colibri.zoom.us\/j\/3932331692?pwd=SDhlQ2xMWHh4L2hNQWRlaE8ya3dmdz09\">ZOOM<\/a>)<\/p>\n\n\n\n<p><\/p>\n\n\n\n<figure class=\"wp-block-image size-large\"><img loading=\"lazy\" decoding=\"async\" width=\"724\" height=\"1024\" src=\"https:\/\/lead.uab.pt\/digithum\/wp-content\/uploads\/sites\/19\/2024\/06\/DIGITHUM3-724x1024.jpg\" alt=\"\" class=\"wp-image-2348\" srcset=\"https:\/\/lead.uab.pt\/digithum\/wp-content\/uploads\/sites\/19\/2024\/06\/DIGITHUM3-724x1024.jpg 724w, https:\/\/lead.uab.pt\/digithum\/wp-content\/uploads\/sites\/19\/2024\/06\/DIGITHUM3-212x300.jpg 212w, https:\/\/lead.uab.pt\/digithum\/wp-content\/uploads\/sites\/19\/2024\/06\/DIGITHUM3-768x1086.jpg 768w, https:\/\/lead.uab.pt\/digithum\/wp-content\/uploads\/sites\/19\/2024\/06\/DIGITHUM3-1086x1536.jpg 1086w, https:\/\/lead.uab.pt\/digithum\/wp-content\/uploads\/sites\/19\/2024\/06\/DIGITHUM3.jpg 1414w\" sizes=\"auto, (max-width: 724px) 100vw, 724px\" \/><\/figure>\n\n\n\n<p>Grava\u00e7\u00e3o da <a href=\"https:\/\/drive.google.com\/file\/d\/1-dzIQfrq73uICYm0AaNahdBQMQaq_in6\/view?usp=sharing\" target=\"_blank\" rel=\"noreferrer noopener\">sess\u00e3o Zoom<\/a>.<\/p>\n<\/div><\/li>\n\n\n\n<li><div class=\"gbt-timeline-event-title-wrapper\"><div class=\"gbt-timeline-event-title time-title\"><strong>Palestra <\/strong>\u2013 LE@D TALK &#8220;Contributos para uma integra\u00e7\u00e3o da Intelig\u00eancia Artificial na sala de aula&#8221;<\/div><\/div><div class=\"gbt-timeline-event-content-wrapper\">\n<p>20 de junho de 2024, 18h30<\/p>\n\n\n\n<p><\/p>\n\n\n\n<figure class=\"wp-block-image size-full\"><img loading=\"lazy\" decoding=\"async\" width=\"626\" height=\"835\" src=\"https:\/\/lead.uab.pt\/digithum\/wp-content\/uploads\/sites\/19\/2024\/06\/Screenshot-2024-06-03-at-21.17.41.png\" alt=\"\" class=\"wp-image-2339\" srcset=\"https:\/\/lead.uab.pt\/digithum\/wp-content\/uploads\/sites\/19\/2024\/06\/Screenshot-2024-06-03-at-21.17.41.png 626w, https:\/\/lead.uab.pt\/digithum\/wp-content\/uploads\/sites\/19\/2024\/06\/Screenshot-2024-06-03-at-21.17.41-225x300.png 225w\" sizes=\"auto, (max-width: 626px) 100vw, 626px\" \/><\/figure>\n\n\n\n<p><a href=\"https:\/\/lead.uab.pt\/contributos-para-uma-integracao-da-inteligencia-artificial-na-sala-de-aula\/\" data-type=\"link\" data-id=\"https:\/\/lead.uab.pt\/contributos-para-uma-integracao-da-inteligencia-artificial-na-sala-de-aula\/\" target=\"_blank\" rel=\"noreferrer noopener\">Mais informa\u00e7\u00f5es<\/a>.<\/p>\n\n\n\n<p><a href=\"https:\/\/docs.google.com\/forms\/d\/e\/1FAIpQLSchZSkfacrm1u7OwiYENtZCOJXXmwtfCrCgcgC1Axt7dePv6g\/viewform\" data-type=\"link\" data-id=\"https:\/\/docs.google.com\/forms\/d\/e\/1FAIpQLSchZSkfacrm1u7OwiYENtZCOJXXmwtfCrCgcgC1Axt7dePv6g\/viewform\" target=\"_blank\" rel=\"noreferrer noopener\">Inscri\u00e7\u00f5es<\/a>.<\/p>\n<\/div><\/li>\n\n\n\n<li><div class=\"gbt-timeline-event-title-wrapper\"><div class=\"gbt-timeline-event-title time-title\"><strong>Palestra <\/strong>\u2013 &#8220;A Intelig\u00eancia Artificial nas Escolas &#8211; contextos de aplica\u00e7\u00e3o e exemplos de pr\u00e1tica&#8221;<\/div><\/div><div class=\"gbt-timeline-event-content-wrapper\">\n<p>7 de maio de 2024, 14h30<\/p>\n\n\n\n<p>Escola Portuguesa de Mo\u00e7ambique &#8211; Centro de Ensino e L\u00edngua Portugues<\/p>\n\n\n\n<p><strong>Ricardo Cruz \u2013 A Intelig\u00eancia Artificial nas Escolas &#8211; contextos de aplica\u00e7\u00e3o e exemplos de pr\u00e1tica&nbsp;<\/strong><\/p>\n\n\n\n<figure class=\"wp-block-image size-full\"><img loading=\"lazy\" decoding=\"async\" width=\"1076\" height=\"614\" src=\"https:\/\/lead.uab.pt\/digithum\/wp-content\/uploads\/sites\/19\/2024\/05\/Screenshot-2024-05-03-at-16.36.00.png\" alt=\"\" class=\"wp-image-2328\" srcset=\"https:\/\/lead.uab.pt\/digithum\/wp-content\/uploads\/sites\/19\/2024\/05\/Screenshot-2024-05-03-at-16.36.00.png 1076w, https:\/\/lead.uab.pt\/digithum\/wp-content\/uploads\/sites\/19\/2024\/05\/Screenshot-2024-05-03-at-16.36.00-300x171.png 300w, https:\/\/lead.uab.pt\/digithum\/wp-content\/uploads\/sites\/19\/2024\/05\/Screenshot-2024-05-03-at-16.36.00-1024x584.png 1024w, https:\/\/lead.uab.pt\/digithum\/wp-content\/uploads\/sites\/19\/2024\/05\/Screenshot-2024-05-03-at-16.36.00-768x438.png 768w\" sizes=\"auto, (max-width: 1076px) 100vw, 1076px\" \/><\/figure>\n\n\n\n<p>Not\u00edcia completa <a href=\"https:\/\/www.dgae.medu.pt\/noticias\/construindo-pontes-rumo-a-democracia-cultural-desafios-e-oportunidades-das-epe\" data-type=\"link\" data-id=\"https:\/\/www.dgae.medu.pt\/noticias\/construindo-pontes-rumo-a-democracia-cultural-desafios-e-oportunidades-das-epe\">aqui<\/a>. Programa completo <a href=\"https:\/\/www.dgae.medu.pt\/download\/escolas-portuguesas-no-estrangeiro\/noticias-epe\/programa-definitivo-iii-encontro-epe.pdf\" data-type=\"link\" data-id=\"https:\/\/www.dgae.medu.pt\/download\/escolas-portuguesas-no-estrangeiro\/noticias-epe\/programa-definitivo-iii-encontro-epe.pdf\">aqui<\/a>.<\/p>\n<\/div><\/li>\n\n\n\n<li><div class=\"gbt-timeline-event-title-wrapper\"><div class=\"gbt-timeline-event-title time-title\"><strong>Palestra <\/strong>\u2013 &#8220;A intelig\u00eancia artificial na educa\u00e7\u00e3o: desafios atuais e perpetivas de didatiza\u00e7\u00e3o&#8221;<\/div><\/div><div class=\"gbt-timeline-event-content-wrapper\">\n<p>6 de maio de 2024, 9h00<\/p>\n\n\n\n<p>Campus de Lhanguene &#8211; Anfiteatro II (FET), Universidade Pedag\u00f3gica de Maputo, Mo\u00e7ambique<\/p>\n\n\n\n<p><strong>Ricardo Cruz \u2013 A intelig\u00eancia artificial na educa\u00e7\u00e3o: desafios actuais e perspectivas de didactiza\u00e7\u00e3o&nbsp;<\/strong><\/p>\n\n\n\n<figure class=\"wp-block-image size-large\"><img loading=\"lazy\" decoding=\"async\" width=\"724\" height=\"1024\" src=\"https:\/\/lead.uab.pt\/digithum\/wp-content\/uploads\/sites\/19\/2024\/05\/Unknown-724x1024.jpeg\" alt=\"\" class=\"wp-image-2330\" srcset=\"https:\/\/lead.uab.pt\/digithum\/wp-content\/uploads\/sites\/19\/2024\/05\/Unknown-724x1024.jpeg 724w, https:\/\/lead.uab.pt\/digithum\/wp-content\/uploads\/sites\/19\/2024\/05\/Unknown-212x300.jpeg 212w, https:\/\/lead.uab.pt\/digithum\/wp-content\/uploads\/sites\/19\/2024\/05\/Unknown-768x1086.jpeg 768w, https:\/\/lead.uab.pt\/digithum\/wp-content\/uploads\/sites\/19\/2024\/05\/Unknown-1086x1536.jpeg 1086w, https:\/\/lead.uab.pt\/digithum\/wp-content\/uploads\/sites\/19\/2024\/05\/Unknown.jpeg 1131w\" sizes=\"auto, (max-width: 724px) 100vw, 724px\" \/><\/figure>\n\n\n\n<p>Transmiss\u00e3o <a href=\"https:\/\/www.youtube.com\/watch?v=xz9Bzbt3JIE\" target=\"_blank\" rel=\"noreferrer noopener\"><em>online<\/em> aqui<\/a>.<\/p>\n<\/div><\/li>\n\n\n\n<li><div class=\"gbt-timeline-event-title-wrapper\"><div class=\"gbt-timeline-event-title time-title\"><strong>Bibliotecando em Tomar<\/strong><\/div><\/div><div class=\"gbt-timeline-event-content-wrapper\">\n<p>4 de maio de 2024, 9h30<\/p>\n\n\n\n<p>Audit\u00f3rio da Biblioteca Municipal de Tomar<\/p>\n\n\n\n<p>9.30h&nbsp;\u2013 4.\u00ba painel&nbsp;\u2013&nbsp;Intelig\u00eancia Artificial: Desvendando Fonteiras Flu\u00eddas&nbsp;<\/p>\n\n\n\n<p>Coordena\u00e7\u00e3o de&nbsp;C\u00e9lio Marques<strong>&nbsp;<\/strong><\/p>\n\n\n\n<p><strong>Ricardo Cruz \u2013 \u201cUtiliza\u00e7\u00e3o da intelig\u00eancia artificial generativa na sala de aula de l\u00ednguas\u201d&nbsp;<\/strong><\/p>\n\n\n\n<p>\u00c1lvaro<strong> <\/strong>Laborinho<strong> <\/strong>L\u00facio \u2013 \u201cNatural ou Artificial. Uma quest\u00e3o de<strong> <\/strong>Intelig\u00eancia<strong>\u201d&nbsp;<\/strong><\/p>\n\n\n\n<p>Alexandre Castro Caldas \u2013 \u201cNeuropotencia\u00e7\u00e3o: quest\u00f5es de neuro\u00e9tica\u201d&nbsp;<\/p>\n\n\n\n<figure class=\"wp-block-image size-full\"><img loading=\"lazy\" decoding=\"async\" width=\"525\" height=\"230\" src=\"https:\/\/lead.uab.pt\/digithum\/wp-content\/uploads\/sites\/19\/2024\/05\/Screenshot-2024-05-01-at-15.31.48.png\" alt=\"\" class=\"wp-image-2321\" srcset=\"https:\/\/lead.uab.pt\/digithum\/wp-content\/uploads\/sites\/19\/2024\/05\/Screenshot-2024-05-01-at-15.31.48.png 525w, https:\/\/lead.uab.pt\/digithum\/wp-content\/uploads\/sites\/19\/2024\/05\/Screenshot-2024-05-01-at-15.31.48-300x131.png 300w\" sizes=\"auto, (max-width: 525px) 100vw, 525px\" \/><\/figure>\n\n\n\n<p>Mais <a href=\"http:\/\/www.bibliotecandoemtomar.ipt.pt\/?p=25\" target=\"_blank\" rel=\"noreferrer noopener\">informa\u00e7\u00f5es aqui<\/a>.<br><br><a href=\"https:\/\/docs.google.com\/forms\/d\/e\/1FAIpQLScleLCFyG4tVKUDcj3IFaeqviUYM-4VANyDyQVP5GQARC0DIg\/viewform\" target=\"_blank\" rel=\"noreferrer noopener\">INSCRI\u00c7\u00d5ES<\/a><\/p>\n<\/div><\/li>\n\n\n\n<li><div class=\"gbt-timeline-event-title-wrapper\"><div class=\"gbt-timeline-event-title time-title\"><strong>Horizontes das Humanidades Digitais \u2013 2.\u00aa sess\u00e3o (<em>webinar<\/em>)<\/strong><\/div><\/div><div class=\"gbt-timeline-event-content-wrapper\">\n<p>13 de maio de 2024 \u2013 7h00 p.m. \u2013 8h00 p.m. (WEST, Lisboa)<\/p>\n\n\n\n<p>a dist\u00e2ncia (hiperliga\u00e7\u00e3o: <a href=\"https:\/\/videoconf-colibri.zoom.us\/j\/3932331692?pwd=SDhlQ2xMWHh4L2hNQWRlaE8ya3dmdz09\" data-type=\"link\" data-id=\"https:\/\/videoconf-colibri.zoom.us\/j\/3932331692?pwd=SDhlQ2xMWHh4L2hNQWRlaE8ya3dmdz09\">ZOOM<\/a>)<\/p>\n\n\n\n<p><\/p>\n\n\n\n<figure class=\"wp-block-image size-large\"><img loading=\"lazy\" decoding=\"async\" width=\"724\" height=\"1024\" src=\"https:\/\/lead.uab.pt\/digithum\/wp-content\/uploads\/sites\/19\/2024\/04\/DIGITHUM2-1-724x1024.png\" alt=\"\" class=\"wp-image-2314\" srcset=\"https:\/\/lead.uab.pt\/digithum\/wp-content\/uploads\/sites\/19\/2024\/04\/DIGITHUM2-1-724x1024.png 724w, https:\/\/lead.uab.pt\/digithum\/wp-content\/uploads\/sites\/19\/2024\/04\/DIGITHUM2-1-212x300.png 212w, https:\/\/lead.uab.pt\/digithum\/wp-content\/uploads\/sites\/19\/2024\/04\/DIGITHUM2-1-768x1086.png 768w, https:\/\/lead.uab.pt\/digithum\/wp-content\/uploads\/sites\/19\/2024\/04\/DIGITHUM2-1-1086x1536.png 1086w, https:\/\/lead.uab.pt\/digithum\/wp-content\/uploads\/sites\/19\/2024\/04\/DIGITHUM2-1.png 1414w\" sizes=\"auto, (max-width: 724px) 100vw, 724px\" \/><\/figure>\n\n\n\n<p>Grava\u00e7\u00e3o da <a href=\"https:\/\/drive.google.com\/file\/d\/1SLnRZK4dYHe1F_Wge1hmejaNTRgnvyGz\/view?usp=sharing\" target=\"_blank\" rel=\"noreferrer noopener\">sess\u00e3o Zoom<\/a>.<\/p>\n<\/div><\/li>\n\n\n\n<li><div class=\"gbt-timeline-event-title-wrapper\"><div class=\"gbt-timeline-event-title time-title\"><strong>Horizontes das Humanidades Digitais \u2013 1.\u00aa sess\u00e3o (<em>webinar<\/em>)<\/strong><\/div><\/div><div class=\"gbt-timeline-event-content-wrapper\">\n<p>3 de abril de 2024 \u2013 19h00 \u00e0s 20h00<\/p>\n\n\n\n<p>a dist\u00e2ncia (hiperliga\u00e7\u00e3o: <a href=\"https:\/\/videoconf-colibri.zoom.us\/j\/3932331692?pwd=SDhlQ2xMWHh4L2hNQWRlaE8ya3dmdz09\" data-type=\"link\" data-id=\"https:\/\/videoconf-colibri.zoom.us\/j\/3932331692?pwd=SDhlQ2xMWHh4L2hNQWRlaE8ya3dmdz09\">ZOOM<\/a>)<\/p>\n\n\n\n<p><\/p>\n\n\n\n<figure class=\"wp-block-image size-large\"><img loading=\"lazy\" decoding=\"async\" width=\"724\" height=\"1024\" src=\"https:\/\/lead.uab.pt\/digithum\/wp-content\/uploads\/sites\/19\/2024\/04\/Copy-of-DiGITHUM1-724x1024.png\" alt=\"\" class=\"wp-image-2316\" srcset=\"https:\/\/lead.uab.pt\/digithum\/wp-content\/uploads\/sites\/19\/2024\/04\/Copy-of-DiGITHUM1-724x1024.png 724w, https:\/\/lead.uab.pt\/digithum\/wp-content\/uploads\/sites\/19\/2024\/04\/Copy-of-DiGITHUM1-212x300.png 212w, https:\/\/lead.uab.pt\/digithum\/wp-content\/uploads\/sites\/19\/2024\/04\/Copy-of-DiGITHUM1-768x1086.png 768w, https:\/\/lead.uab.pt\/digithum\/wp-content\/uploads\/sites\/19\/2024\/04\/Copy-of-DiGITHUM1-1086x1536.png 1086w, https:\/\/lead.uab.pt\/digithum\/wp-content\/uploads\/sites\/19\/2024\/04\/Copy-of-DiGITHUM1.png 1414w\" sizes=\"auto, (max-width: 724px) 100vw, 724px\" \/><\/figure>\n\n\n\n<p>Grava\u00e7\u00e3o da <a href=\"https:\/\/drive.google.com\/file\/d\/118oMx6yJmengXucDj2TdXlSmSQYt8Oxi\/view?usp=sharing\" target=\"_blank\" rel=\"noreferrer noopener\">sess\u00e3o Zoom<\/a>.<\/p>\n<\/div><\/li>\n<\/ul><\/div>\n","protected":false},"excerpt":{"rendered":"Atividades","protected":false},"author":1,"featured_media":0,"parent":0,"menu_order":30,"comment_status":"closed","ping_status":"closed","template":"","meta":{"footnotes":""},"class_list":["post-1630","page","type-page","status-publish","hentry"],"_links":{"self":[{"href":"https:\/\/lead.uab.pt\/digithum\/wp-json\/wp\/v2\/pages\/1630","targetHints":{"allow":["GET"]}}],"collection":[{"href":"https:\/\/lead.uab.pt\/digithum\/wp-json\/wp\/v2\/pages"}],"about":[{"href":"https:\/\/lead.uab.pt\/digithum\/wp-json\/wp\/v2\/types\/page"}],"author":[{"embeddable":true,"href":"https:\/\/lead.uab.pt\/digithum\/wp-json\/wp\/v2\/users\/1"}],"replies":[{"embeddable":true,"href":"https:\/\/lead.uab.pt\/digithum\/wp-json\/wp\/v2\/comments?post=1630"}],"version-history":[{"count":18,"href":"https:\/\/lead.uab.pt\/digithum\/wp-json\/wp\/v2\/pages\/1630\/revisions"}],"predecessor-version":[{"id":2366,"href":"https:\/\/lead.uab.pt\/digithum\/wp-json\/wp\/v2\/pages\/1630\/revisions\/2366"}],"wp:attachment":[{"href":"https:\/\/lead.uab.pt\/digithum\/wp-json\/wp\/v2\/media?parent=1630"}],"curies":[{"name":"wp","href":"https:\/\/api.w.org\/{rel}","templated":true}]}}