{"id":2006,"date":"2023-08-29T16:29:16","date_gmt":"2023-08-29T15:29:16","guid":{"rendered":"https:\/\/lead.uab.pt\/digithum\/?page_id=2006"},"modified":"2024-01-04T08:32:36","modified_gmt":"2024-01-04T08:32:36","slug":"pos-docs","status":"publish","type":"page","link":"https:\/\/lead.uab.pt\/digithum\/pos-docs\/","title":{"rendered":"P\u00f3s-Docs"},"content":{"rendered":"\n<p>O projeto acolheu os seguintes P\u00f3s-Doutoramentos:<\/p>\n\n\n\n<p><strong>Vanda Elias<\/strong>\u00a0(Universidade Federal de S\u00e3o Paulo (UNIFESP), l\u00edder do grupo de pesquisa Texto, Hipertexto e Ensino de L\u00edngua Portuguesa (THELPO).<br>Doutoramento em Estudos Portugueses, especialidade de Lingu\u00edstica Portuguesa \u2013 Universidade Aberta.<br>Mar\u00e7o de 2024 a janeiro de 2025.<br><strong>T\u00edtulo: <em>Estrat\u00e9gias de (des)constitui\u00e7\u00e3o de Fake News: contextos e sentidos\u00a0<\/em><\/strong><br><strong>Orienta\u00e7\u00e3o<\/strong>: Professora Doutora Isabel Roboredo Seara (UAb).<br><strong>\u00a0<\/strong><br><strong>Michelle Gomes Alonso Dominguez<\/strong>\u00a0&#8211; professora adjunta da Universidade Estadual do Rio de Janeiro\u00a0<br>Projeto p\u00f3s-doc Universidade Aberta, Lisboa<br><strong>T\u00edtulo:<\/strong>\u00a0<strong><em>#Resist\u00eancia: a constru\u00e7\u00e3o de discursos contra-hegem\u00f3nicos na Internet<\/em><\/strong><em>.<\/em><br>P\u00f3s-doc conclu\u00eddo: mar\u00e7o de 2020 a mar\u00e7o de 2021.<br><strong>Orienta\u00e7\u00e3o<\/strong>:\u00a0Professora Doutora Isabel Roboredo Seara (UAb).\u00a0<br><br><strong>Renata Ferreira Costa Bonif\u00e1cio<\/strong>. Doutoramento em Estudos Portugueses, especialidade de Lingu\u00edstica Portuguesa \u2013 Universidade Aberta.<br>Projeto p\u00f3s-doc Universidade Aberta, Departamento de Humanidades,\u00a0Lisboa<br><strong>T\u00edtulo:<\/strong>\u00a0<strong><em>Fragmentos De Si: A Representatividade Do \u2018Eu\u2019 No Discurso Autobiogr\u00e1fico de Manuel dos Passos de Oliveira Telles<\/em><\/strong><br>P\u00f3s-doc conclu\u00eddo:\u00a0setembro de 2020 a 14 de setembro de 2022.<br><strong>Orienta\u00e7\u00e3o<\/strong>:\u00a0Professora Doutora Isabel Roboredo Seara (UAb).\u00a0<\/p>\n\n\n\n<p><\/p>\n\n\n\n<p><\/p>\n\n\n\n<p><\/p>\n","protected":false},"excerpt":{"rendered":"O projeto acolheu os seguintes P\u00f3s-Doutoramentos: Vanda Elias\u00a0(Universidade Federal de S\u00e3o Paulo (UNIFESP), l\u00edder do grupo de pesquisa Texto, Hipertexto e Ensino de L\u00edngua Portuguesa (THELPO).Doutoramento em Estudos Portugueses, especialidade de Lingu\u00edstica Portuguesa \u2013 Universidade Aberta.Mar\u00e7o de 2024 a janeiro de 2025.T\u00edtulo: Estrat\u00e9gias de (des)constitui\u00e7\u00e3o de Fake News: contextos e sentidos\u00a0Orienta\u00e7\u00e3o: Professora Doutora Isabel Roboredo [&hellip;]","protected":false},"author":4,"featured_media":0,"parent":0,"menu_order":0,"comment_status":"closed","ping_status":"closed","template":"","meta":{"footnotes":""},"class_list":["post-2006","page","type-page","status-publish","hentry"],"_links":{"self":[{"href":"https:\/\/lead.uab.pt\/digithum\/wp-json\/wp\/v2\/pages\/2006","targetHints":{"allow":["GET"]}}],"collection":[{"href":"https:\/\/lead.uab.pt\/digithum\/wp-json\/wp\/v2\/pages"}],"about":[{"href":"https:\/\/lead.uab.pt\/digithum\/wp-json\/wp\/v2\/types\/page"}],"author":[{"embeddable":true,"href":"https:\/\/lead.uab.pt\/digithum\/wp-json\/wp\/v2\/users\/4"}],"replies":[{"embeddable":true,"href":"https:\/\/lead.uab.pt\/digithum\/wp-json\/wp\/v2\/comments?post=2006"}],"version-history":[{"count":8,"href":"https:\/\/lead.uab.pt\/digithum\/wp-json\/wp\/v2\/pages\/2006\/revisions"}],"predecessor-version":[{"id":2104,"href":"https:\/\/lead.uab.pt\/digithum\/wp-json\/wp\/v2\/pages\/2006\/revisions\/2104"}],"wp:attachment":[{"href":"https:\/\/lead.uab.pt\/digithum\/wp-json\/wp\/v2\/media?parent=2006"}],"curies":[{"name":"wp","href":"https:\/\/api.w.org\/{rel}","templated":true}]}}