{"id":2010,"date":"2023-08-29T16:30:11","date_gmt":"2023-08-29T15:30:11","guid":{"rendered":"https:\/\/lead.uab.pt\/digithum\/?page_id=2010"},"modified":"2024-01-20T10:12:08","modified_gmt":"2024-01-20T10:12:08","slug":"dissertacoes","status":"publish","type":"page","link":"https:\/\/lead.uab.pt\/digithum\/dissertacoes\/","title":{"rendered":"Disserta\u00e7\u00f5es de Mestrado"},"content":{"rendered":"\n<p><\/p>\n\n\n\n<ul class=\"wp-block-list\">\n<li>2022-2023<br>Ana Cristina L\u00e9zinho Martins<br>Mestrado em Estudos Portugueses, Universidade Aberta<br><em>Persuas\u00e3o e manipula\u00e7\u00e3o: an\u00e1lise das estrat\u00e9gias discursivas em publica\u00e7\u00f5es de influenciadoras no Instagram<\/em>. <br>Orienta\u00e7\u00e3o \u2013 Isabel Roboredo Seara<br><\/li>\n\n\n\n<li>2022-2023<br>Ana Paula Estremoz<br>Mestrado em Estudos Portugueses, Universidade Aberta<br><em>Potencialidades da gamifica\u00e7\u00e3o na descoberta do prazer de ler &#8211; Estudo de Caso: aplica\u00e7\u00e3o das t\u00e9cnicas de gamifica\u00e7\u00e3o na leitura e an\u00e1lise da pe\u00e7a Auto da Barca do Inferno, de Gil Vicente<\/em>.<br>(Projeto GOPA)<br>Orienta\u00e7\u00e3o: Isabel Roboredo Seara.<br>Coorienta\u00e7\u00e3o: Maria de Jesus Crespo Relva<br><\/li>\n\n\n\n<li>2022-2023<br>Elisabete Sofia Bastos Figueiredo Alves<br>Mestrado em Estudos de L\u00edngua Portuguesa, Universidade Aberta<br><em>Contos e Lendas no Ensino da L\u00edngua Portuguesa e as novas tecnologias. O ensino presencial \/ virtual<\/em>.<br>Orienta\u00e7\u00e3o: Isabel Maria de Barros Dias<br><\/li>\n\n\n\n<li>2022-2023<br>L\u00edlia da Gra\u00e7a Maur\u00edcio Marques<br>Mestrado em Estudos Portugueses, Universidade Aberta<br><em><em>A est\u00e9tica do fragmento: a din\u00e2mica da micronarrativa p\u00f3s-moderna em contexto digital<\/em><\/em>. <br>Orienta\u00e7\u00e3o: Isabel Roboredo Seara.<br>Coorienta\u00e7\u00e3o: Maria de Jesus Crespo Relvas<br><\/li>\n\n\n\n<li>2022-2023<br>Mariana Sofia C\u00e9sar Borges&nbsp;<br>Mestrado em Ensino do 1.\u00ba CEB e Portugu\u00eas e Hist\u00f3ria e Geografia de Portugal no 2.\u00ba CEB, Escola Superior de Educa\u00e7\u00e3o do Polit\u00e9cnico de Coimbra.<br><em>Gamifica\u00e7\u00e3o na sedimenta\u00e7\u00e3o do conhecimento sobre fun\u00e7\u00f5es sint\u00e1ticas no 6.\u00ba ano do Ensino B\u00e1sico<\/em>.<br>Orienta\u00e7\u00e3o: Nat\u00e1lia Albino Pires.<br><\/li>\n\n\n\n<li>2021-2022<br>D\u00e9bora Nascimento Figueiredo<br>Disserta\u00e7\u00e3o (Letras) &#8211; Universidade Federal de S\u00e3o Paulo<br><em>Da not\u00edcia \u00e0 fake news: uma an\u00e1lise das estrat\u00e9gias de retextualiza\u00e7\u00e3o<\/em>.<br>Orienta\u00e7\u00e3o \u2013 Vanda Elias<br><\/li>\n\n\n\n<li>2021-2022<br>C\u00e1ssia Mariane de Lima Pereira<br>Disserta\u00e7\u00e3o (Letras) &#8211; Universidade Federal de S\u00e3o Paulo.<br><em>Multimodalidade no ensino de L\u00edngua Portuguesa: uma an\u00e1lise de atividades de leitura e compreens\u00e3o textual em videoaulas para o 6.\u00ba ano<\/em>.<br>Orienta\u00e7\u00e3o \u2013 Vanda Elias<br><\/li>\n\n\n\n<li>Rog\u00e9rio Nascimento da Silva de Jesus<br>Disserta\u00e7\u00e3o (Letras) &#8211; Universidade Federal de S\u00e3o Paulo.<br><em>Produ\u00e7\u00e3o de memes sobre a COVID-19: estrat\u00e9gias e coer\u00eancia<\/em>.<br>Orienta\u00e7\u00e3o \u2013 Vanda Elias<br><\/li>\n\n\n\n<li>Gabriela Gon\u00e7alves Carvalho<br>Disserta\u00e7\u00e3o (Letras) &#8211; Universidade Federal de S\u00e3o Paulo<br><em>Videoaulas no Youtube sobre disserta\u00e7\u00e3o para ENEM e vestibulares: uma an\u00e1lise de aspectos hipertextuais e multimodais<\/em>.<br>Orienta\u00e7\u00e3o \u2013 Vanda Elias<br><\/li>\n<\/ul>\n","protected":false},"excerpt":{"rendered":"","protected":false},"author":4,"featured_media":0,"parent":0,"menu_order":0,"comment_status":"closed","ping_status":"closed","template":"","meta":{"footnotes":""},"class_list":["post-2010","page","type-page","status-publish","hentry"],"_links":{"self":[{"href":"https:\/\/lead.uab.pt\/digithum\/wp-json\/wp\/v2\/pages\/2010","targetHints":{"allow":["GET"]}}],"collection":[{"href":"https:\/\/lead.uab.pt\/digithum\/wp-json\/wp\/v2\/pages"}],"about":[{"href":"https:\/\/lead.uab.pt\/digithum\/wp-json\/wp\/v2\/types\/page"}],"author":[{"embeddable":true,"href":"https:\/\/lead.uab.pt\/digithum\/wp-json\/wp\/v2\/users\/4"}],"replies":[{"embeddable":true,"href":"https:\/\/lead.uab.pt\/digithum\/wp-json\/wp\/v2\/comments?post=2010"}],"version-history":[{"count":15,"href":"https:\/\/lead.uab.pt\/digithum\/wp-json\/wp\/v2\/pages\/2010\/revisions"}],"predecessor-version":[{"id":2229,"href":"https:\/\/lead.uab.pt\/digithum\/wp-json\/wp\/v2\/pages\/2010\/revisions\/2229"}],"wp:attachment":[{"href":"https:\/\/lead.uab.pt\/digithum\/wp-json\/wp\/v2\/media?parent=2010"}],"curies":[{"name":"wp","href":"https:\/\/api.w.org\/{rel}","templated":true}]}}