{"id":2111,"date":"2024-01-04T16:03:26","date_gmt":"2024-01-04T16:03:26","guid":{"rendered":"https:\/\/lead.uab.pt\/digithum\/?page_id=2111"},"modified":"2024-01-04T16:14:23","modified_gmt":"2024-01-04T16:14:23","slug":"catedra-unesco","status":"publish","type":"page","link":"https:\/\/lead.uab.pt\/digithum\/catedra-unesco\/","title":{"rendered":"C\u00e1tedra UNESCO"},"content":{"rendered":"\n<p>O grupo DIGITHUM Integra a CIPSH\u00a0<em>Chair on Digital Humanities in Education<\/em>,\u00a0que foi aprovada por\u00a0<a href=\"https:\/\/www.cipsh.one\/htm\/\" target=\"_blank\" rel=\"noreferrer noopener\">The International Council for Philosophy and Human Sciences<\/a>\u00a0da UNESCO.\u00a0<br><br><img decoding=\"async\" src=\"https:\/\/lead.uab.pt\/digithum\/wp-content\/uploads\/sites\/19\/2024\/01\/CIPSH-NOVA-Chair-2-2.png\" alt=\"\"><br><a href=\"https:\/\/www.cetaps.com\/cipsh-dhedu\/\" target=\"_blank\" rel=\"noreferrer noopener\">P\u00e1gina da c\u00e1tedra\u00a0<em>Digital Humanities in Education<\/em><\/a>\u00a0|\u00a0<a href=\"https:\/\/www.cetaps.com\/cipsh-dhedu\/chair-partners\/\" target=\"_blank\" rel=\"noreferrer noopener\">Parceiros da c\u00e1tedra<\/a><br><br>A c\u00e1tedra resulta de uma parceria entre a NOVA FCSH, a Universidade Aberta e a Faculdade de Letras da Universidade do Porto, e envolve investigadores e projetos de v\u00e1rios pa\u00edses, al\u00e9m de institui\u00e7\u00f5es n\u00e3o acad\u00e9micas, como o Museu Nacional de Arte Contempor\u00e2nea (MNAC) e a FCCN. Particip\u00e1mos na Sess\u00e3o Inaugural que teve lugar\u00a0<em>online<\/em>\u00a0no dia 20 de outubro de 2020,\u00a0com a apresenta\u00e7\u00e3o de: \u201cTeaching digital Humanities and project DIGITHUM\u201d \u2013 YouTube:\u00a0<a href=\"https:\/\/www.youtube.com\/watch?v=pVVJHt72MaM&amp;feature=emb_logo\" target=\"_blank\" rel=\"noreferrer noopener\">https:\/\/www.youtube.com\/watch?v=pVVJHt72MaM&amp;feature=emb_logo<\/a><a href=\"http:\/\/savefrom.net\/?url=https%3A%2F%2Fwww.youtube.com%2Fwatch%3Fv%3DpVVJHt72MaM%26feature%3Demb_logo&amp;utm_source=userjs-safari&amp;utm_medium=extensions&amp;utm_campaign=link_modifier\" target=\"_blank\" rel=\"noreferrer noopener\"><\/a>\u00a0,\u00a0<a href=\"https:\/\/ihc.fcsh.unl.pt\/catedra-cipsh-hd\/\" target=\"_blank\" rel=\"noreferrer noopener\">https:\/\/ihc.fcsh.unl.pt\/catedra-cipsh-hd\/<\/a>\u00a0\u00a0<\/p>\n","protected":false},"excerpt":{"rendered":"O grupo DIGITHUM Integra a CIPSH\u00a0Chair on Digital Humanities in Education,\u00a0que foi aprovada por\u00a0The International Council for Philosophy and Human Sciences\u00a0da UNESCO.\u00a0P\u00e1gina da c\u00e1tedra\u00a0Digital Humanities in Education\u00a0|\u00a0Parceiros da c\u00e1tedraA c\u00e1tedra resulta de uma parceria entre a NOVA FCSH, a Universidade Aberta e a Faculdade de Letras da Universidade do Porto, e envolve investigadores e projetos [&hellip;]","protected":false},"author":4,"featured_media":0,"parent":0,"menu_order":0,"comment_status":"closed","ping_status":"closed","template":"","meta":{"footnotes":""},"class_list":["post-2111","page","type-page","status-publish","hentry"],"_links":{"self":[{"href":"https:\/\/lead.uab.pt\/digithum\/wp-json\/wp\/v2\/pages\/2111","targetHints":{"allow":["GET"]}}],"collection":[{"href":"https:\/\/lead.uab.pt\/digithum\/wp-json\/wp\/v2\/pages"}],"about":[{"href":"https:\/\/lead.uab.pt\/digithum\/wp-json\/wp\/v2\/types\/page"}],"author":[{"embeddable":true,"href":"https:\/\/lead.uab.pt\/digithum\/wp-json\/wp\/v2\/users\/4"}],"replies":[{"embeddable":true,"href":"https:\/\/lead.uab.pt\/digithum\/wp-json\/wp\/v2\/comments?post=2111"}],"version-history":[{"count":5,"href":"https:\/\/lead.uab.pt\/digithum\/wp-json\/wp\/v2\/pages\/2111\/revisions"}],"predecessor-version":[{"id":2125,"href":"https:\/\/lead.uab.pt\/digithum\/wp-json\/wp\/v2\/pages\/2111\/revisions\/2125"}],"wp:attachment":[{"href":"https:\/\/lead.uab.pt\/digithum\/wp-json\/wp\/v2\/media?parent=2111"}],"curies":[{"name":"wp","href":"https:\/\/api.w.org\/{rel}","templated":true}]}}