{"id":139,"date":"2022-10-19T22:41:51","date_gmt":"2022-10-19T22:41:51","guid":{"rendered":"https:\/\/sites.uab.pt\/congresso-humanidades\/?page_id=139"},"modified":"2024-07-18T18:26:47","modified_gmt":"2024-07-18T17:26:47","slug":"projeto","status":"publish","type":"page","link":"https:\/\/lead.uab.pt\/elon\/","title":{"rendered":"Grupo El@n"},"content":{"rendered":"\n<h2 class=\"wp-block-heading\">El@n | Ensino de L\u00ednguas Online<\/h2>\n\n\n\n<div style=\"height:43px\" aria-hidden=\"true\" class=\"wp-block-spacer\"><\/div>\n\n\n\n<figure class=\"wp-block-image size-full\"><img loading=\"lazy\" decoding=\"async\" width=\"592\" height=\"141\" src=\"https:\/\/lead.uab.pt\/elon\/wp-content\/uploads\/sites\/9\/2023\/09\/EL@N.jpg\" alt=\"\" class=\"wp-image-2037\" srcset=\"https:\/\/lead.uab.pt\/elon\/wp-content\/uploads\/sites\/9\/2023\/09\/EL@N.jpg 592w, https:\/\/lead.uab.pt\/elon\/wp-content\/uploads\/sites\/9\/2023\/09\/EL@N-300x71.jpg 300w\" sizes=\"auto, (max-width: 592px) 100vw, 592px\" \/><\/figure>\n\n\n\n<div class=\"wp-block-columns is-layout-flex wp-container-core-columns-is-layout-1 wp-block-columns-is-layout-flex\"><\/div>\n\n\n\n<div class=\"wp-block-columns is-layout-flex wp-container-core-columns-is-layout-2 wp-block-columns-is-layout-flex\">\n<div class=\"wp-block-column is-layout-flow wp-block-column-is-layout-flow\">\n<p><strong>Project PTN\/UID4372-LE@D\/022019<\/strong><\/p>\n\n\n\n<p>As part of the DH (Department of Humanities) and LE@D (Distance Education and E-Learning Laboratory) at Universidade Aberta, this group is a team of DH teachers who cooperate to address issues related to teaching-learning of languages-cultures online and\/or mediated by digital technologies. Since it is a vast topic researched by a multidisciplinary group of researchers, its main research objectives are general and broad:<\/p>\n\n\n\n<p>\u2013 to develop theoretical reflection on the various issues related to the teaching-learning of languages-cultures online and\/or mediated by digital technologies;<\/p>\n\n\n\n<p>\u2013 to test this theoretical reflection through empirical studies on teaching and\/or learning in the aforementioned context;<\/p>\n\n\n\n<p>\u2013 to design teaching proposals that are based on theoretical reflection and\/or empirical studies.<\/p>\n\n\n\n<p>In addition to the main research objectives, this group also seeks:<\/p>\n\n\n\n<p>\u2013 to disseminate the results of their research, in particular preparing examples of good pedagogical practices, presenting them at scientific meetings, publishing them, as well as organizing scientific and training\/dissemination events for a wider audience;<\/p>\n\n\n\n<p>\u2013 to promote the advanced training of new researchers in the area, not only through the (co)supervision of master&#8217;s theses, final works\/doctoral projects, doctoral theses and post-doctoral work but also through the participation in committees assessing such advanced\u00a0training\u00a0work.<\/p>\n\n\n\n<div style=\"height:52px\" aria-hidden=\"true\" class=\"wp-block-spacer\"><\/div>\n\n\n\n<p>Integrado no DH (Departamento de Humanidades) e no LE@D (Laborat\u00f3rio de Educa\u00e7\u00e3o a Dist\u00e2ncia e E-Learning) da Universidade Aberta, este grupo \u00e9 constitu\u00eddo por uma equipa de docentes do DH que coopera no sentido de abordar as quest\u00f5es relacionadas com o ensino-aprendizagem de l\u00ednguas-culturas online e\/ou mediado por tecnologias digitais. Tratando-se de um tema vasto pesquisado por um grupo de investigadores multidisciplinar, os seus principais objetivos de investiga\u00e7\u00e3o s\u00e3o gerais e amplos:<\/p>\n\n\n\n<p>&#8211; desenvolver reflex\u00e3o te\u00f3rica sobre as v\u00e1rias quest\u00f5es relacionadas com o ensino-aprendizagem de l\u00ednguas-culturas online e\/ou mediado por tecnologias digitais;<\/p>\n\n\n\n<p>&#8211; testar essa reflex\u00e3o te\u00f3rica por meio de estudos emp\u00edricos acerca do ensino e\/ou da aprendizagem no \u00e2mbito referido;<\/p>\n\n\n\n<p>&#8211; desenhar propostas did\u00e1ticas que sejam fundamentadas na reflex\u00e3o te\u00f3rica e\/ou nos estudos emp\u00edricos.<\/p>\n\n\n\n<p>Al\u00e9m dos objetivos principais de investiga\u00e7\u00e3o, este grupo procura igualmente:<\/p>\n\n\n\n<p>&#8211; disseminar os resultados da sua investiga\u00e7\u00e3o, nomeadamente concretizando-os em exemplos de boas pr\u00e1ticas pedag\u00f3gicas, apresentando-os em encontros cient\u00edficos, publicando-os, bem como organizando eventos cient\u00edficos e de forma\u00e7\u00e3o\/divulga\u00e7\u00e3o de um p\u00fablico mais alargado; <\/p>\n\n\n\n<p>&#8211; promover a forma\u00e7\u00e3o avan\u00e7ada de novos investigadores na \u00e1rea, atrav\u00e9s n\u00e3o s\u00f3 da (co)orienta\u00e7\u00e3o de disserta\u00e7\u00f5es de mestrado, trabalhos finais \/ projetos de doutoramento, teses de doutoramento e trabalhos de p\u00f3s-doutoramento, como tamb\u00e9m da participa\u00e7\u00e3o em j\u00faris relativos a tais trabalhos de forma\u00e7\u00e3o avan\u00e7ada.<\/p>\n<\/div>\n\n\n\n<div class=\"wp-block-column is-layout-flow wp-block-column-is-layout-flow\">\n<figure class=\"wp-block-image aligncenter size-full\"><img loading=\"lazy\" decoding=\"async\" width=\"1024\" height=\"768\" src=\"https:\/\/lead.uab.pt\/elon\/wp-content\/uploads\/sites\/9\/2023\/05\/foto-do-grupo-IMG-20221006-WA0007-1.jpg\" alt=\"\" class=\"wp-image-1936\" srcset=\"https:\/\/lead.uab.pt\/elon\/wp-content\/uploads\/sites\/9\/2023\/05\/foto-do-grupo-IMG-20221006-WA0007-1.jpg 1024w, https:\/\/lead.uab.pt\/elon\/wp-content\/uploads\/sites\/9\/2023\/05\/foto-do-grupo-IMG-20221006-WA0007-1-300x225.jpg 300w, https:\/\/lead.uab.pt\/elon\/wp-content\/uploads\/sites\/9\/2023\/05\/foto-do-grupo-IMG-20221006-WA0007-1-768x576.jpg 768w\" sizes=\"auto, (max-width: 1024px) 100vw, 1024px\" \/><figcaption class=\"wp-element-caption\">Equipa em setembro de 2022<\/figcaption><\/figure>\n\n\n\n<figure class=\"wp-block-image aligncenter size-full\"><img loading=\"lazy\" decoding=\"async\" width=\"1024\" height=\"768\" src=\"https:\/\/lead.uab.pt\/elon\/wp-content\/uploads\/sites\/9\/2024\/02\/Imagem-WhatsApp-2024-01-18-as-16.43.43_e02d1dcf.jpg\" alt=\"\" class=\"wp-image-2076\" srcset=\"https:\/\/lead.uab.pt\/elon\/wp-content\/uploads\/sites\/9\/2024\/02\/Imagem-WhatsApp-2024-01-18-as-16.43.43_e02d1dcf.jpg 1024w, https:\/\/lead.uab.pt\/elon\/wp-content\/uploads\/sites\/9\/2024\/02\/Imagem-WhatsApp-2024-01-18-as-16.43.43_e02d1dcf-300x225.jpg 300w, https:\/\/lead.uab.pt\/elon\/wp-content\/uploads\/sites\/9\/2024\/02\/Imagem-WhatsApp-2024-01-18-as-16.43.43_e02d1dcf-768x576.jpg 768w\" sizes=\"auto, (max-width: 1024px) 100vw, 1024px\" \/><figcaption class=\"wp-element-caption\">Equipa em janeiro de 2024<\/figcaption><\/figure>\n<\/div>\n<\/div>\n","protected":false},"excerpt":{"rendered":"El@n | Ensino de L\u00ednguas Online Project PTN\/UID4372-LE@D\/022019 As part of the DH (Department of Humanities) and LE@D (Distance Education and E-Learning Laboratory) at Universidade Aberta, this group is a team of DH teachers who cooperate to address issues related to teaching-learning of languages-cultures online and\/or mediated by digital technologies. Since it is a vast [&hellip;]","protected":false},"author":1,"featured_media":0,"parent":0,"menu_order":10,"comment_status":"closed","ping_status":"closed","template":"","meta":{"footnotes":""},"class_list":["post-139","page","type-page","status-publish","hentry"],"_links":{"self":[{"href":"https:\/\/lead.uab.pt\/elon\/wp-json\/wp\/v2\/pages\/139","targetHints":{"allow":["GET"]}}],"collection":[{"href":"https:\/\/lead.uab.pt\/elon\/wp-json\/wp\/v2\/pages"}],"about":[{"href":"https:\/\/lead.uab.pt\/elon\/wp-json\/wp\/v2\/types\/page"}],"author":[{"embeddable":true,"href":"https:\/\/lead.uab.pt\/elon\/wp-json\/wp\/v2\/users\/1"}],"replies":[{"embeddable":true,"href":"https:\/\/lead.uab.pt\/elon\/wp-json\/wp\/v2\/comments?post=139"}],"version-history":[{"count":15,"href":"https:\/\/lead.uab.pt\/elon\/wp-json\/wp\/v2\/pages\/139\/revisions"}],"predecessor-version":[{"id":2092,"href":"https:\/\/lead.uab.pt\/elon\/wp-json\/wp\/v2\/pages\/139\/revisions\/2092"}],"wp:attachment":[{"href":"https:\/\/lead.uab.pt\/elon\/wp-json\/wp\/v2\/media?parent=139"}],"curies":[{"name":"wp","href":"https:\/\/api.w.org\/{rel}","templated":true}]}}