{"id":145,"date":"2022-10-19T22:43:26","date_gmt":"2022-10-19T22:43:26","guid":{"rendered":"https:\/\/sites.uab.pt\/congresso-humanidades\/?page_id=145"},"modified":"2023-09-12T09:53:11","modified_gmt":"2023-09-12T08:53:11","slug":"produtos","status":"publish","type":"page","link":"https:\/\/lead.uab.pt\/genz\/produtos\/","title":{"rendered":"Produtos"},"content":{"rendered":"\n<h2 class=\"wp-block-heading\">Produtos<\/h2>\n\n\n\n<p>Nesta p\u00e1gina, encontrar\u00e1 informa\u00e7\u00e3o sobre os produtos da interven\u00e7\u00e3o desenvolvida e avaliada no \u00e2mbito deste projeto. No devido tempo, a informa\u00e7\u00e3o ser\u00e1 partilhada.<\/p>\n","protected":false},"excerpt":{"rendered":"Produtos Nesta p\u00e1gina, encontrar\u00e1 informa\u00e7\u00e3o sobre os produtos da interven\u00e7\u00e3o desenvolvida e avaliada no \u00e2mbito deste projeto. No devido tempo, a informa\u00e7\u00e3o ser\u00e1 partilhada.","protected":false},"author":30,"featured_media":0,"parent":0,"menu_order":40,"comment_status":"closed","ping_status":"closed","template":"","meta":{"footnotes":""},"class_list":["post-145","page","type-page","status-publish","hentry"],"_links":{"self":[{"href":"https:\/\/lead.uab.pt\/genz\/wp-json\/wp\/v2\/pages\/145","targetHints":{"allow":["GET"]}}],"collection":[{"href":"https:\/\/lead.uab.pt\/genz\/wp-json\/wp\/v2\/pages"}],"about":[{"href":"https:\/\/lead.uab.pt\/genz\/wp-json\/wp\/v2\/types\/page"}],"author":[{"embeddable":true,"href":"https:\/\/lead.uab.pt\/genz\/wp-json\/wp\/v2\/users\/30"}],"replies":[{"embeddable":true,"href":"https:\/\/lead.uab.pt\/genz\/wp-json\/wp\/v2\/comments?post=145"}],"version-history":[{"count":1,"href":"https:\/\/lead.uab.pt\/genz\/wp-json\/wp\/v2\/pages\/145\/revisions"}],"predecessor-version":[{"id":1953,"href":"https:\/\/lead.uab.pt\/genz\/wp-json\/wp\/v2\/pages\/145\/revisions\/1953"}],"wp:attachment":[{"href":"https:\/\/lead.uab.pt\/genz\/wp-json\/wp\/v2\/media?parent=145"}],"curies":[{"name":"wp","href":"https:\/\/api.w.org\/{rel}","templated":true}]}}