{"id":154,"date":"2022-10-20T10:47:10","date_gmt":"2022-10-20T10:47:10","guid":{"rendered":"https:\/\/sites.uab.pt\/congresso-humanidades\/?page_id=154"},"modified":"2023-09-12T10:46:11","modified_gmt":"2023-09-12T09:46:11","slug":"contactos","status":"publish","type":"page","link":"https:\/\/lead.uab.pt\/genz\/contactos\/","title":{"rendered":"Contactos"},"content":{"rendered":"\n<h2 class=\"wp-block-heading\">Contactos<\/h2>\n\n\n\n<p>A equipa do projeto pode ser contactada atrav\u00e9s do endere\u00e7o de e-mail do projeto: <a href=\"mailto:genz.now.data@gmail.com\">genz.now.data@gmail.com<\/a><\/p>\n\n\n\n<p>Em alternativa, pode entrar em contacto com a coordena\u00e7\u00e3o do projeto atrav\u00e9s do seguinte e-mail: <a href=\"mailto:mario.negas@uab.pt\">mario.negas@uab.pt<\/a><\/p>\n","protected":false},"excerpt":{"rendered":"Contactos A equipa do projeto pode ser contactada atrav\u00e9s do endere\u00e7o de e-mail do projeto: genz.now.data@gmail.com Em alternativa, pode entrar em contacto com a coordena\u00e7\u00e3o do projeto atrav\u00e9s do seguinte e-mail: mario.negas@uab.pt","protected":false},"author":30,"featured_media":0,"parent":0,"menu_order":70,"comment_status":"closed","ping_status":"closed","template":"","meta":{"footnotes":""},"class_list":["post-154","page","type-page","status-publish","hentry"],"_links":{"self":[{"href":"https:\/\/lead.uab.pt\/genz\/wp-json\/wp\/v2\/pages\/154","targetHints":{"allow":["GET"]}}],"collection":[{"href":"https:\/\/lead.uab.pt\/genz\/wp-json\/wp\/v2\/pages"}],"about":[{"href":"https:\/\/lead.uab.pt\/genz\/wp-json\/wp\/v2\/types\/page"}],"author":[{"embeddable":true,"href":"https:\/\/lead.uab.pt\/genz\/wp-json\/wp\/v2\/users\/30"}],"replies":[{"embeddable":true,"href":"https:\/\/lead.uab.pt\/genz\/wp-json\/wp\/v2\/comments?post=154"}],"version-history":[{"count":3,"href":"https:\/\/lead.uab.pt\/genz\/wp-json\/wp\/v2\/pages\/154\/revisions"}],"predecessor-version":[{"id":1962,"href":"https:\/\/lead.uab.pt\/genz\/wp-json\/wp\/v2\/pages\/154\/revisions\/1962"}],"wp:attachment":[{"href":"https:\/\/lead.uab.pt\/genz\/wp-json\/wp\/v2\/media?parent=154"}],"curies":[{"name":"wp","href":"https:\/\/api.w.org\/{rel}","templated":true}]}}