{"id":1630,"date":"2023-04-14T16:53:43","date_gmt":"2023-04-14T16:53:43","guid":{"rendered":"https:\/\/lead.uab.pt\/-project-template-\/?page_id=1630"},"modified":"2023-09-12T10:18:24","modified_gmt":"2023-09-12T09:18:24","slug":"atividades","status":"publish","type":"page","link":"https:\/\/lead.uab.pt\/genz\/atividades\/","title":{"rendered":"Atividades"},"content":{"rendered":"\n<h2 class=\"wp-block-heading\">Atividades<\/h2>\n\n\n\n<p><strong>Inqu\u00e9rito por question\u00e1rio &#8211; &#8220;Propens\u00e3o Empresarial em Estudantes do Ensino Superior&#8221;<\/strong><\/p>\n\n\n\n<p>Este inqu\u00e9rito tem como objetivo, recolher informa\u00e7\u00e3o no \u00e2mbito da propens\u00e3o empresarial em estudantes do ensino superior.<\/p>\n\n\n\n<p>A popula\u00e7\u00e3o &#8220;alvo&#8221; deste inqu\u00e9rito por question\u00e1rio s\u00e3o os estudantes que frequentam um curso formal (licenciatura, mestrado ou doutoramento) em ensino superior ministrado em institui\u00e7\u00f5es p\u00fablicas ou privadas.<\/p>\n\n\n\n<p>Este inqu\u00e9rito \u00e9 an\u00f3nimo, os dados obtidos s\u00e3o confidenciais e destinam-se apenas \u00e0 produ\u00e7\u00e3o de trabalhos cient\u00edficos.<\/p>\n\n\n\n<p>No devido tempo, o(s) resultado(s) do inqu\u00e9rito ser\u00e1 partilhada no separador <em>Produtos<\/em>.<\/p>\n","protected":false},"excerpt":{"rendered":"Atividades Inqu\u00e9rito por question\u00e1rio &#8211; &#8220;Propens\u00e3o Empresarial em Estudantes do Ensino Superior&#8221; Este inqu\u00e9rito tem como objetivo, recolher informa\u00e7\u00e3o no \u00e2mbito da propens\u00e3o empresarial em estudantes do ensino superior. A popula\u00e7\u00e3o &#8220;alvo&#8221; deste inqu\u00e9rito por question\u00e1rio s\u00e3o os estudantes que frequentam um curso formal (licenciatura, mestrado ou doutoramento) em ensino superior ministrado em institui\u00e7\u00f5es p\u00fablicas [&hellip;]","protected":false},"author":30,"featured_media":0,"parent":0,"menu_order":30,"comment_status":"closed","ping_status":"closed","template":"","meta":{"footnotes":""},"class_list":["post-1630","page","type-page","status-publish","hentry"],"_links":{"self":[{"href":"https:\/\/lead.uab.pt\/genz\/wp-json\/wp\/v2\/pages\/1630","targetHints":{"allow":["GET"]}}],"collection":[{"href":"https:\/\/lead.uab.pt\/genz\/wp-json\/wp\/v2\/pages"}],"about":[{"href":"https:\/\/lead.uab.pt\/genz\/wp-json\/wp\/v2\/types\/page"}],"author":[{"embeddable":true,"href":"https:\/\/lead.uab.pt\/genz\/wp-json\/wp\/v2\/users\/30"}],"replies":[{"embeddable":true,"href":"https:\/\/lead.uab.pt\/genz\/wp-json\/wp\/v2\/comments?post=1630"}],"version-history":[{"count":2,"href":"https:\/\/lead.uab.pt\/genz\/wp-json\/wp\/v2\/pages\/1630\/revisions"}],"predecessor-version":[{"id":1958,"href":"https:\/\/lead.uab.pt\/genz\/wp-json\/wp\/v2\/pages\/1630\/revisions\/1958"}],"wp:attachment":[{"href":"https:\/\/lead.uab.pt\/genz\/wp-json\/wp\/v2\/media?parent=1630"}],"curies":[{"name":"wp","href":"https:\/\/api.w.org\/{rel}","templated":true}]}}