{"id":142,"date":"2022-10-19T22:42:28","date_gmt":"2022-10-19T22:42:28","guid":{"rendered":"https:\/\/sites.uab.pt\/congresso-humanidades\/?page_id=142"},"modified":"2023-08-30T17:03:28","modified_gmt":"2023-08-30T16:03:28","slug":"equipa","status":"publish","type":"page","link":"https:\/\/lead.uab.pt\/gopa\/equipa\/","title":{"rendered":"Equipa"},"content":{"rendered":"\n<h2 class=\"wp-block-heading\">Equipa <\/h2>\n\n\n\n<div style=\"height:25px\" aria-hidden=\"true\" class=\"wp-block-spacer\"><\/div>\n\n\n\n\n\n    <div class=\"\">\n        <ul class=\"elements row list-unstyled justify-content-center\">\n            \t\t\t\t<li class=\"flex-row col-12 col-lg-12 element-horizontal-view d-flex align-items-center element py-3\">\n\t\t\t\t\t<a href=\"https:\/\/lead.uab.pt\/gopa\/conhecer\/alda-pereira\/\"  class=\"d-flex flex-column flex-lg-row align-items-center text-decoration-none\" title=\"Saber mais sobre Alda Pereira\">\n\t\t\t\t\t\t\t\t\t\t\t\t\t\t\t\t\t\t<div class=\"entry-thumbnail-wrapper-bg\"><div class=\"entry-thumbnail-wrapper\"><img decoding=\"async\" src=\"https:\/\/lead.uab.pt\/gopa\/wp-content\/uploads\/sites\/8\/2022\/10\/Alda.png\" width=\"140\" height=\"150\" class=\"attachment-news-list-thumbnails-size size-news-list-thumbnails-size block entry-thumbnail img-fluid\" alt=\"\"  loading=\"lazy\"><\/div><\/div>\n\t\t\t\t\t\t\n\t\t\t\t\t\t<div class=\"element-info\">\n\t\t\t\t\t\t\t<div class=\"title\">Alda Pereira<\/div>\n\t\t\t\t\t\t\t\n\t\t\t\t\t\t\t\t\t\t\t\t\t\t\t\t\t\t\t\t\t\t<dl class=\"affiliation-wrapper\"><dt class=\"affiliation-label visually-hidden\">Afilia\u00e7\u00e3o: <\/dt><dd class=\"affiliation-value\">LE@D, Universidade Aberta<\/dd><\/dl>\n\t\t\t\t\t\t\t\n\t\t\t\t\t\t\t\t\t\t\t\t\t\t<div class=\"entry-bio\">Investigadora integrada na UID.  Coordena o projeto GOPA. Membro da Comiss\u00e3o de \u00c9tica.<\/div>\t\t\t\t\t\t\t\t\t\t\t\t\t<\/div>\n\t\t\t\t\t<\/a>\n\t\t\t\t<\/li>\n            \t\t\t\t<li class=\"flex-row col-12 col-lg-12 element-horizontal-view d-flex align-items-center element py-3\">\n\t\t\t\t\t<a href=\"https:\/\/lead.uab.pt\/gopa\/conhecer\/ana-nobre\/\"  class=\"d-flex flex-column flex-lg-row align-items-center text-decoration-none\" title=\"Saber mais sobre Ana Nobre\">\n\t\t\t\t\t\t\t\t\t\t\t\t\t\t\t\t\t\t<div class=\"entry-thumbnail-wrapper-bg\"><div class=\"entry-thumbnail-wrapper\"><img decoding=\"async\" src=\"https:\/\/lead.uab.pt\/gopa\/wp-content\/uploads\/sites\/8\/2022\/10\/ananobre-e1685902188336.jpg\" width=\"617\" height=\"823\" class=\"attachment-news-list-thumbnails-size size-news-list-thumbnails-size block entry-thumbnail img-fluid\" alt=\"\" srcset=\"https:\/\/lead.uab.pt\/gopa\/wp-content\/uploads\/sites\/8\/2022\/10\/ananobre-e1685902188336.jpg 617w, https:\/\/lead.uab.pt\/gopa\/wp-content\/uploads\/sites\/8\/2022\/10\/ananobre-e1685902188336-225x300.jpg 225w\" sizes=\"auto, (max-width: 617px) 100vw, 617px\"  loading=\"lazy\"><\/div><\/div>\n\t\t\t\t\t\t\n\t\t\t\t\t\t<div class=\"element-info\">\n\t\t\t\t\t\t\t<div class=\"title\">Ana Nobre<\/div>\n\t\t\t\t\t\t\t\n\t\t\t\t\t\t\t\t\t\t\t\t\t\t\t\t\t\t\t\t\t\t<dl class=\"affiliation-wrapper\"><dt class=\"affiliation-label visually-hidden\">Afilia\u00e7\u00e3o: <\/dt><dd class=\"affiliation-value\">LE@D, Universidade Aberta<\/dd><\/dl>\n\t\t\t\t\t\t\t\n\t\t\t\t\t\t\t\t\t\t\t\t\t<\/div>\n\t\t\t\t\t<\/a>\n\t\t\t\t<\/li>\n            \t\t\t\t<li class=\"flex-row col-12 col-lg-12 element-horizontal-view d-flex align-items-center element py-3\">\n\t\t\t\t\t<a href=\"https:\/\/lead.uab.pt\/gopa\/conhecer\/claudia-gomes\/\"  class=\"d-flex flex-column flex-lg-row align-items-center text-decoration-none\" title=\"Saber mais sobre Cl\u00e1udia Gomes\">\n\t\t\t\t\t\t\t\t\t\t\t\t\t\t\t\t\t\t<div class=\"entry-thumbnail-wrapper-bg\"><div class=\"entry-thumbnail-wrapper\"><img decoding=\"async\" src=\"https:\/\/lead.uab.pt\/gopa\/wp-content\/uploads\/sites\/8\/2022\/10\/cgomesvs.jpg\" width=\"450\" height=\"450\" class=\"attachment-news-list-thumbnails-size size-news-list-thumbnails-size block entry-thumbnail img-fluid\" alt=\"\" srcset=\"https:\/\/lead.uab.pt\/gopa\/wp-content\/uploads\/sites\/8\/2022\/10\/cgomesvs.jpg 450w, https:\/\/lead.uab.pt\/gopa\/wp-content\/uploads\/sites\/8\/2022\/10\/cgomesvs-300x300.jpg 300w, https:\/\/lead.uab.pt\/gopa\/wp-content\/uploads\/sites\/8\/2022\/10\/cgomesvs-150x150.jpg 150w\" sizes=\"auto, (max-width: 450px) 100vw, 450px\"  loading=\"lazy\"><\/div><\/div>\n\t\t\t\t\t\t\n\t\t\t\t\t\t<div class=\"element-info\">\n\t\t\t\t\t\t\t<div class=\"title\">Cl\u00e1udia Gomes<\/div>\n\t\t\t\t\t\t\t\n\t\t\t\t\t\t\t\t\t\t\t\t\t\t\t\t\t\t\t\t\t\t<dl class=\"affiliation-wrapper\"><dt class=\"affiliation-label visually-hidden\">Afilia\u00e7\u00e3o: <\/dt><dd class=\"affiliation-value\">LE@D, Universidade Aberta<\/dd><\/dl>\n\t\t\t\t\t\t\t\n\t\t\t\t\t\t\t\t\t\t\t\t\t\t<div class=\"entry-bio\">Doutora em Educa\u00e7\u00e3o, especialidade Educa\u00e7\u00e3o a Dist\u00e2ncia e eLearning. Investigadora colaboradora do LE@D.<\/div>\t\t\t\t\t\t\t\t\t\t\t\t\t<\/div>\n\t\t\t\t\t<\/a>\n\t\t\t\t<\/li>\n                    <\/ul>\n    <\/div>\n    <div class=\"clearfix\"><\/div>\n\n\n\n<hr class=\"wp-block-separator has-alpha-channel-opacity is-style-wide\"\/>\n\n\n\n        \n\n    <div class=\"\">\n        <ul class=\"elements row list-unstyled justify-content-center\">\n            \t\t\t\t<li class=\" flex-column col-12 col-lg-6  d-flex align-items-center element py-3\">\n\t\t\t\t\t<a href=\"https:\/\/lead.uab.pt\/gopa\/conhecer\/antonio-chenoll\/\"  class=\"d-flex flex-column align-items-center text-decoration-none\" title=\"Saber mais sobre Ant\u00f3nio Chenoll\">\n\t\t\t\t\t\t\t\t\t\t\t\t\t\t\t\t\t\t<div class=\"entry-thumbnail-wrapper-bg\"><div class=\"entry-thumbnail-wrapper\"><img decoding=\"async\" src=\"https:\/\/lead.uab.pt\/gopa\/wp-content\/uploads\/sites\/8\/2023\/06\/achenollvs.jpg\" width=\"265\" height=\"328\" class=\"attachment-news-list-thumbnails-size size-news-list-thumbnails-size block entry-thumbnail img-fluid\" alt=\"\" srcset=\"https:\/\/lead.uab.pt\/gopa\/wp-content\/uploads\/sites\/8\/2023\/06\/achenollvs.jpg 265w, https:\/\/lead.uab.pt\/gopa\/wp-content\/uploads\/sites\/8\/2023\/06\/achenollvs-242x300.jpg 242w\" sizes=\"auto, (max-width: 265px) 100vw, 265px\"  loading=\"lazy\"><\/div><\/div>\n\t\t\t\t\t\t\n\t\t\t\t\t\t<div class=\"element-info\">\n\t\t\t\t\t\t\t<div class=\"title\">Ant\u00f3nio Chenoll<\/div>\n\t\t\t\t\t\t\t\n\t\t\t\t\t\t\t\t\t\t\t\t\t\t\t\t\t\t\t\t\t\t<dl class=\"affiliation-wrapper\"><dt class=\"affiliation-label visually-hidden\">Afilia\u00e7\u00e3o: <\/dt><dd class=\"affiliation-value\">LE@D, Universidade Aberta<\/dd><\/dl>\n\t\t\t\t\t\t\t\n\t\t\t\t\t\t\t\t\t\t\t\t\t<\/div>\n\t\t\t\t\t<\/a>\n\t\t\t\t<\/li>\n            \t\t\t\t<li class=\" flex-column col-12 col-lg-6  d-flex align-items-center element py-3\">\n\t\t\t\t\t<a href=\"https:\/\/lead.uab.pt\/gopa\/conhecer\/enrique-torres-hergueta\/\"  class=\"d-flex flex-column align-items-center text-decoration-none\" title=\"Saber mais sobre Enrique Torres Hergueta\">\n\t\t\t\t\t\t\t\t\t\t\t\t\t\t\t\t\t\t<div class=\"entry-thumbnail-wrapper-bg\"><div class=\"entry-thumbnail-wrapper\"><img decoding=\"async\" src=\"https:\/\/lead.uab.pt\/gopa\/wp-content\/uploads\/sites\/8\/2024\/01\/Enrique_siteGOPA_sh.jpg\" width=\"331\" height=\"330\" class=\"attachment-news-list-thumbnails-size size-news-list-thumbnails-size block entry-thumbnail img-fluid\" alt=\"\" srcset=\"https:\/\/lead.uab.pt\/gopa\/wp-content\/uploads\/sites\/8\/2024\/01\/Enrique_siteGOPA_sh.jpg 331w, https:\/\/lead.uab.pt\/gopa\/wp-content\/uploads\/sites\/8\/2024\/01\/Enrique_siteGOPA_sh-300x300.jpg 300w, https:\/\/lead.uab.pt\/gopa\/wp-content\/uploads\/sites\/8\/2024\/01\/Enrique_siteGOPA_sh-150x150.jpg 150w\" sizes=\"auto, (max-width: 331px) 100vw, 331px\"  loading=\"lazy\"><\/div><\/div>\n\t\t\t\t\t\t\n\t\t\t\t\t\t<div class=\"element-info\">\n\t\t\t\t\t\t\t<div class=\"title\">Enrique Torres Hergueta<\/div>\n\t\t\t\t\t\t\t\n\t\t\t\t\t\t\t\t\t\t\t\t\t\t\t\t\t\t\t\t\t\t<dl class=\"affiliation-wrapper\"><dt class=\"affiliation-label visually-hidden\">Afilia\u00e7\u00e3o: <\/dt><dd class=\"affiliation-value\">LE@D, Universidade Aberta, Universidade de Sevilha<\/dd><\/dl>\n\t\t\t\t\t\t\t\n\t\t\t\t\t\t\t\t\t\t\t\t\t<\/div>\n\t\t\t\t\t<\/a>\n\t\t\t\t<\/li>\n            \t\t\t\t<li class=\" flex-column col-12 col-lg-6  d-flex align-items-center element py-3\">\n\t\t\t\t\t<a href=\"https:\/\/lead.uab.pt\/gopa\/conhecer\/julia-larre\/\"  class=\"d-flex flex-column align-items-center text-decoration-none\" title=\"Saber mais sobre Julia Larr\u00e9\">\n\t\t\t\t\t\t\t\t\t\t\t\t\t\t\t\t\t\t<div class=\"entry-thumbnail-wrapper-bg\"><div class=\"entry-thumbnail-wrapper\"><img decoding=\"async\" src=\"https:\/\/lead.uab.pt\/gopa\/wp-content\/uploads\/sites\/8\/2022\/10\/Julia-larre.jpg\" width=\"400\" height=\"400\" class=\"attachment-news-list-thumbnails-size size-news-list-thumbnails-size block entry-thumbnail img-fluid\" alt=\"\" srcset=\"https:\/\/lead.uab.pt\/gopa\/wp-content\/uploads\/sites\/8\/2022\/10\/Julia-larre.jpg 400w, https:\/\/lead.uab.pt\/gopa\/wp-content\/uploads\/sites\/8\/2022\/10\/Julia-larre-300x300.jpg 300w, https:\/\/lead.uab.pt\/gopa\/wp-content\/uploads\/sites\/8\/2022\/10\/Julia-larre-150x150.jpg 150w\" sizes=\"auto, (max-width: 400px) 100vw, 400px\"  loading=\"lazy\"><\/div><\/div>\n\t\t\t\t\t\t\n\t\t\t\t\t\t<div class=\"element-info\">\n\t\t\t\t\t\t\t<div class=\"title\">Julia Larr\u00e9<\/div>\n\t\t\t\t\t\t\t\n\t\t\t\t\t\t\t\t\t\t\t\t\t\t\t\t\t\t\t\t\t\t<dl class=\"affiliation-wrapper\"><dt class=\"affiliation-label visually-hidden\">Afilia\u00e7\u00e3o: <\/dt><dd class=\"affiliation-value\">LE@D, Universidade Aberta<\/dd><\/dl>\n\t\t\t\t\t\t\t\n\t\t\t\t\t\t\t\t\t\t\t\t\t<\/div>\n\t\t\t\t\t<\/a>\n\t\t\t\t<\/li>\n            \t\t\t\t<li class=\" flex-column col-12 col-lg-6  d-flex align-items-center element py-3\">\n\t\t\t\t\t<a href=\"https:\/\/lead.uab.pt\/gopa\/conhecer\/maria-de-jesus-relvas\/\"  class=\"d-flex flex-column align-items-center text-decoration-none\" title=\"Saber mais sobre Maria de Jesus C. Relvas\">\n\t\t\t\t\t\t\t\t\t\t\t\t\t\t\t\t\t\t<div class=\"entry-thumbnail-wrapper-bg\"><div class=\"entry-thumbnail-wrapper\"><img decoding=\"async\" src=\"https:\/\/lead.uab.pt\/gopa\/wp-content\/uploads\/sites\/8\/2022\/10\/mjrelvasvs.jpg\" width=\"136\" height=\"148\" class=\"attachment-news-list-thumbnails-size size-news-list-thumbnails-size block entry-thumbnail img-fluid\" alt=\"\"  loading=\"lazy\"><\/div><\/div>\n\t\t\t\t\t\t\n\t\t\t\t\t\t<div class=\"element-info\">\n\t\t\t\t\t\t\t<div class=\"title\">Maria de Jesus C. Relvas<\/div>\n\t\t\t\t\t\t\t\n\t\t\t\t\t\t\t\t\t\t\t\t\t\t\t\t\t\t\t\t\t\t<dl class=\"affiliation-wrapper\"><dt class=\"affiliation-label visually-hidden\">Afilia\u00e7\u00e3o: <\/dt><dd class=\"affiliation-value\">LE@D, Universidade Aberta<\/dd><\/dl>\n\t\t\t\t\t\t\t\n\t\t\t\t\t\t\t\t\t\t\t\t\t<\/div>\n\t\t\t\t\t<\/a>\n\t\t\t\t<\/li>\n            \t\t\t\t<li class=\" flex-column col-12 col-lg-6  d-flex align-items-center element py-3\">\n\t\t\t\t\t<a href=\"https:\/\/lead.uab.pt\/gopa\/conhecer\/monica-junguito\/\"  class=\"d-flex flex-column align-items-center text-decoration-none\" title=\"Saber mais sobre M\u00f3nica Junguito\">\n\t\t\t\t\t\t\t\t\t\t\t\t\t\t\t\t\t\t<div class=\"entry-thumbnail-wrapper-bg\"><div class=\"entry-thumbnail-wrapper\"><img decoding=\"async\" src=\"https:\/\/lead.uab.pt\/gopa\/wp-content\/uploads\/sites\/8\/2024\/01\/Monica-Junguito-Monica-junguito-scaled.jpeg\" width=\"2431\" height=\"2560\" class=\"attachment-news-list-thumbnails-size size-news-list-thumbnails-size block entry-thumbnail img-fluid\" alt=\"\" srcset=\"https:\/\/lead.uab.pt\/gopa\/wp-content\/uploads\/sites\/8\/2024\/01\/Monica-Junguito-Monica-junguito-scaled.jpeg 2431w, https:\/\/lead.uab.pt\/gopa\/wp-content\/uploads\/sites\/8\/2024\/01\/Monica-Junguito-Monica-junguito-285x300.jpeg 285w, https:\/\/lead.uab.pt\/gopa\/wp-content\/uploads\/sites\/8\/2024\/01\/Monica-Junguito-Monica-junguito-972x1024.jpeg 972w, https:\/\/lead.uab.pt\/gopa\/wp-content\/uploads\/sites\/8\/2024\/01\/Monica-Junguito-Monica-junguito-768x809.jpeg 768w, https:\/\/lead.uab.pt\/gopa\/wp-content\/uploads\/sites\/8\/2024\/01\/Monica-Junguito-Monica-junguito-1459x1536.jpeg 1459w, https:\/\/lead.uab.pt\/gopa\/wp-content\/uploads\/sites\/8\/2024\/01\/Monica-Junguito-Monica-junguito-1945x2048.jpeg 1945w\" sizes=\"auto, (max-width: 2431px) 100vw, 2431px\"  loading=\"lazy\"><\/div><\/div>\n\t\t\t\t\t\t\n\t\t\t\t\t\t<div class=\"element-info\">\n\t\t\t\t\t\t\t<div class=\"title\">M\u00f3nica Junguito<\/div>\n\t\t\t\t\t\t\t\n\t\t\t\t\t\t\t\t\t\t\t\t\t\t\t\t\t\t\t\t\t\t<dl class=\"affiliation-wrapper\"><dt class=\"affiliation-label visually-hidden\">Afilia\u00e7\u00e3o: <\/dt><dd class=\"affiliation-value\">LE@D, Universidade Aberta<\/dd><\/dl>\n\t\t\t\t\t\t\t\n\t\t\t\t\t\t\t\t\t\t\t\t\t<\/div>\n\t\t\t\t\t<\/a>\n\t\t\t\t<\/li>\n            \t\t\t\t<li class=\" flex-column col-12 col-lg-6  d-flex align-items-center element py-3\">\n\t\t\t\t\t<a href=\"https:\/\/lead.uab.pt\/gopa\/conhecer\/pedro-serranho\/\"  class=\"d-flex flex-column align-items-center text-decoration-none\" title=\"Saber mais sobre Pedro Serranho\">\n\t\t\t\t\t\t\t\t\t\t\t\t\t\t\t\t\t\t<div class=\"entry-thumbnail-wrapper-bg\"><div class=\"entry-thumbnail-wrapper\"><img decoding=\"async\" src=\"https:\/\/lead.uab.pt\/gopa\/wp-content\/uploads\/sites\/8\/2022\/10\/pserranhovs.jpg\" width=\"100\" height=\"95\" class=\"attachment-news-list-thumbnails-size size-news-list-thumbnails-size block entry-thumbnail img-fluid\" alt=\"\"  loading=\"lazy\"><\/div><\/div>\n\t\t\t\t\t\t\n\t\t\t\t\t\t<div class=\"element-info\">\n\t\t\t\t\t\t\t<div class=\"title\">Pedro Serranho<\/div>\n\t\t\t\t\t\t\t\n\t\t\t\t\t\t\t\t\t\t\t\t\t\t\t\t\t\t\t\t\t\t<dl class=\"affiliation-wrapper\"><dt class=\"affiliation-label visually-hidden\">Afilia\u00e7\u00e3o: <\/dt><dd class=\"affiliation-value\">LE@D, Universidade Aberta<\/dd><\/dl>\n\t\t\t\t\t\t\t\n\t\t\t\t\t\t\t\t\t\t\t\t\t\t<div class=\"entry-bio\">Investigador colaborador , docente do departamento de Ci\u00eancias e Tecnologia.<\/div>\t\t\t\t\t\t\t\t\t\t\t\t\t<\/div>\n\t\t\t\t\t<\/a>\n\t\t\t\t<\/li>\n            \t\t\t\t<li class=\" flex-column col-12 col-lg-6  d-flex align-items-center element py-3\">\n\t\t\t\t\t<a href=\"https:\/\/lead.uab.pt\/gopa\/conhecer\/susana-oliveira\/\"  class=\"d-flex flex-column align-items-center text-decoration-none\" title=\"Saber mais sobre Susana Oliveira\">\n\t\t\t\t\t\t\t\t\t\t\t\t\t\t\t\t\t\t<div class=\"entry-thumbnail-wrapper-bg\"><div class=\"entry-thumbnail-wrapper\"><img decoding=\"async\" src=\"https:\/\/lead.uab.pt\/gopa\/wp-content\/uploads\/sites\/8\/2022\/10\/soliveira.jpeg\" width=\"385\" height=\"385\" class=\"attachment-news-list-thumbnails-size size-news-list-thumbnails-size block entry-thumbnail img-fluid\" alt=\"\" srcset=\"https:\/\/lead.uab.pt\/gopa\/wp-content\/uploads\/sites\/8\/2022\/10\/soliveira.jpeg 385w, https:\/\/lead.uab.pt\/gopa\/wp-content\/uploads\/sites\/8\/2022\/10\/soliveira-300x300.jpeg 300w, https:\/\/lead.uab.pt\/gopa\/wp-content\/uploads\/sites\/8\/2022\/10\/soliveira-150x150.jpeg 150w\" sizes=\"auto, (max-width: 385px) 100vw, 385px\"  loading=\"lazy\"><\/div><\/div>\n\t\t\t\t\t\t\n\t\t\t\t\t\t<div class=\"element-info\">\n\t\t\t\t\t\t\t<div class=\"title\">Susana Oliveira<\/div>\n\t\t\t\t\t\t\t\n\t\t\t\t\t\t\t\t\t\t\t\t\t\t\t\t\t\t\t\t\t\t<dl class=\"affiliation-wrapper\"><dt class=\"affiliation-label visually-hidden\">Afilia\u00e7\u00e3o: <\/dt><dd class=\"affiliation-value\">LE@D, Universidade Aberta<\/dd><\/dl>\n\t\t\t\t\t\t\t\n\t\t\t\t\t\t\t\t\t\t\t\t\t<\/div>\n\t\t\t\t\t<\/a>\n\t\t\t\t<\/li>\n                    <\/ul>\n    <\/div>\n    <div class=\"clearfix\"><\/div>\n\n\n\n<p><\/p>\n\n\n\n<p><\/p>\n\n\n\n<h2 class=\"wp-block-heading\"><\/h2>\n\n\n\n<div style=\"height:25px\" aria-hidden=\"true\" class=\"wp-block-spacer\"><\/div>\n","protected":false},"excerpt":{"rendered":"Equipa","protected":false},"author":1,"featured_media":0,"parent":0,"menu_order":20,"comment_status":"closed","ping_status":"closed","template":"","meta":{"footnotes":""},"class_list":["post-142","page","type-page","status-publish","hentry"],"_links":{"self":[{"href":"https:\/\/lead.uab.pt\/gopa\/wp-json\/wp\/v2\/pages\/142","targetHints":{"allow":["GET"]}}],"collection":[{"href":"https:\/\/lead.uab.pt\/gopa\/wp-json\/wp\/v2\/pages"}],"about":[{"href":"https:\/\/lead.uab.pt\/gopa\/wp-json\/wp\/v2\/types\/page"}],"author":[{"embeddable":true,"href":"https:\/\/lead.uab.pt\/gopa\/wp-json\/wp\/v2\/users\/1"}],"replies":[{"embeddable":true,"href":"https:\/\/lead.uab.pt\/gopa\/wp-json\/wp\/v2\/comments?post=142"}],"version-history":[{"count":9,"href":"https:\/\/lead.uab.pt\/gopa\/wp-json\/wp\/v2\/pages\/142\/revisions"}],"predecessor-version":[{"id":2049,"href":"https:\/\/lead.uab.pt\/gopa\/wp-json\/wp\/v2\/pages\/142\/revisions\/2049"}],"wp:attachment":[{"href":"https:\/\/lead.uab.pt\/gopa\/wp-json\/wp\/v2\/media?parent=142"}],"curies":[{"name":"wp","href":"https:\/\/api.w.org\/{rel}","templated":true}]}}