{"id":1983,"date":"2023-09-04T08:26:22","date_gmt":"2023-09-04T07:26:22","guid":{"rendered":"https:\/\/lead.uab.pt\/gopa\/?page_id=1983"},"modified":"2023-10-20T21:40:09","modified_gmt":"2023-10-20T20:40:09","slug":"formacao-avancada","status":"publish","type":"page","link":"https:\/\/lead.uab.pt\/gopa\/formacao-avancada\/","title":{"rendered":"Forma\u00e7\u00e3o Avan\u00e7ada"},"content":{"rendered":"\n<p>O projeto GOPA tem desenvolvido e acolhido investiga\u00e7\u00e3o relacionada com P\u00f3s-docs, doutoramentos, mestrados e est\u00e1gios internacionais.<\/p>\n\n\n\n<h5 class=\"wp-block-heading\"><strong>P\u00f3s-Doc<\/strong><\/h5>\n\n\n\n<ul class=\"wp-block-list\">\n<li>Julia Larr\u00e9 (2021). <em>Game-thinking no curr\u00edculo formativo de Letras: potencialidades e fragilidades em cursos de extens\u00e3o universit\u00e1ria<\/em>, Projeto de P\u00f3s-DOC <em>Ref.  UID4372\/FCT-FA-PPhD2021-04<\/em>, LE@D, Universidade Aberta. Orienta\u00e7\u00e3o de Doutora Maria de Jesus C. Relvas, co-orienta\u00e7\u00e3o Doutora Susana Oliveira.<\/li>\n<\/ul>\n\n\n\n<h5 class=\"wp-block-heading\"><strong>Tese de Doutoramento<\/strong><\/h5>\n\n\n\n<ul class=\"wp-block-list\">\n<li>M\u00f3nica Junguito Gil.  (2023). <em>La gamificaci\u00f3n como estrategia educativa en el proceso de ense\u00f1anza y de aprendizaje de cultura en el aula de lengua extranjera en la educaci\u00f3n superior<\/em>, Tese de Doutoramento em Did\u00e1tica <a href=\"https:\/\/guiadoscursos.uab.pt\/cursos\/doutoramento-em-didatica-das-linguas-multilinguismo-e-educacao-para-a-cidadania-global\/\" data-type=\"link\" data-id=\"https:\/\/guiadoscursos.uab.pt\/cursos\/doutoramento-em-didatica-das-linguas-multilinguismo-e-educacao-para-a-cidadania-global\/\">Did\u00e1tica das L\u00ednguas \u2013 Multilinguismo e Educa\u00e7\u00e3o para a Cidadania Global<\/a>, UAb-UNL. <\/li>\n<\/ul>\n\n\n\n<h5 class=\"wp-block-heading\"><strong>Est\u00e1gio Doutoral Internacional<\/strong><\/h5>\n\n\n\n<ul class=\"wp-block-list\">\n<li>Enrique Torres -Hergeueta (2023). <em>The Influence of the Germanic Matter on Nowadays Popular Culture: The Medieval Video Game<\/em>, Doutoramento da Universidade Sevilha, orientado por Doutora Maria de Jesus C. Relvas. <em>Proj. Ref. UID4372\/FCT-FA-EI2023-05<\/em>.<\/li>\n<\/ul>\n\n\n\n<h5 class=\"wp-block-heading\"><strong>Disserta\u00e7\u00e3o de Mestrado<\/strong><\/h5>\n\n\n\n<ul class=\"wp-block-list\">\n<li>Ana Paula Estremoz  (2023). <em>Potencialidades da gamifica\u00e7\u00e3o na descoberta do prazer de ler &#8211; Estudo de Caso: aplica\u00e7\u00e3o das t\u00e9cnicas de gamifica\u00e7\u00e3o na leitura e an\u00e1lise da pe\u00e7a Auto da Barca do Inferno, de Gil Vicent<\/em>e, <a href=\"https:\/\/guiadoscursos.uab.pt\/cursos\/mestrado-em-estudos-de-lingua-portuguesa\/\" data-type=\"link\" data-id=\"https:\/\/guiadoscursos.uab.pt\/cursos\/mestrado-em-estudos-de-lingua-portuguesa\/\">Mestrado em Estudos de L\u00edngua Portuguesa<\/a>, Universidade Aberta. Orienta\u00e7\u00e3o de Isabel Seara, co-orienta\u00e7\u00e3o Maria de Jesus C. Relvas.<\/li>\n<\/ul>\n","protected":false},"excerpt":{"rendered":"O projeto GOPA tem desenvolvido e acolhido investiga\u00e7\u00e3o relacionada com P\u00f3s-docs, doutoramentos, mestrados e est\u00e1gios internacionais. P\u00f3s-Doc Tese de Doutoramento Est\u00e1gio Doutoral Internacional Disserta\u00e7\u00e3o de Mestrado","protected":false},"author":4,"featured_media":0,"parent":0,"menu_order":0,"comment_status":"closed","ping_status":"closed","template":"","meta":{"footnotes":""},"class_list":["post-1983","page","type-page","status-publish","hentry"],"_links":{"self":[{"href":"https:\/\/lead.uab.pt\/gopa\/wp-json\/wp\/v2\/pages\/1983","targetHints":{"allow":["GET"]}}],"collection":[{"href":"https:\/\/lead.uab.pt\/gopa\/wp-json\/wp\/v2\/pages"}],"about":[{"href":"https:\/\/lead.uab.pt\/gopa\/wp-json\/wp\/v2\/types\/page"}],"author":[{"embeddable":true,"href":"https:\/\/lead.uab.pt\/gopa\/wp-json\/wp\/v2\/users\/4"}],"replies":[{"embeddable":true,"href":"https:\/\/lead.uab.pt\/gopa\/wp-json\/wp\/v2\/comments?post=1983"}],"version-history":[{"count":10,"href":"https:\/\/lead.uab.pt\/gopa\/wp-json\/wp\/v2\/pages\/1983\/revisions"}],"predecessor-version":[{"id":2032,"href":"https:\/\/lead.uab.pt\/gopa\/wp-json\/wp\/v2\/pages\/1983\/revisions\/2032"}],"wp:attachment":[{"href":"https:\/\/lead.uab.pt\/gopa\/wp-json\/wp\/v2\/media?parent=1983"}],"curies":[{"name":"wp","href":"https:\/\/api.w.org\/{rel}","templated":true}]}}