{"id":2044,"date":"2023-11-23T06:40:00","date_gmt":"2023-11-23T06:40:00","guid":{"rendered":"https:\/\/lead.uab.pt\/gopa\/?page_id=2044"},"modified":"2024-01-23T06:49:52","modified_gmt":"2024-01-23T06:49:52","slug":"catedra-unesco","status":"publish","type":"page","link":"https:\/\/lead.uab.pt\/gopa\/catedra-unesco\/","title":{"rendered":"C\u00e1tedra UNESCO"},"content":{"rendered":"\n<p>O projeto GOPA, integra a CIPSH\u00a0<em>Chair on Digital Humanities in Education<\/em> aprovada por\u00a0<a href=\"https:\/\/www.cipsh.one\/htm\/\" target=\"_blank\" rel=\"noreferrer noopener\">The International Council for Philosophy and Human Sciences<\/a>\u00a0da UNESCO que teve in\u00edcio em 2020.<\/p>\n\n\n\n<figure class=\"wp-block-image is-resized\"><img decoding=\"async\" src=\"https:\/\/lead.uab.pt\/digithum\/wp-content\/uploads\/sites\/19\/2024\/01\/CIPSH-NOVA-Chair-2-2.png\" alt=\"\" style=\"width:324px;height:auto\"\/><\/figure>\n\n\n\n<p><a href=\"https:\/\/www.cetaps.com\/cipsh-dhedu\/\" target=\"_blank\" rel=\"noreferrer noopener\">P\u00e1gina da c\u00e1tedra\u00a0<em>Digital Humanities in Education<\/em><\/a>\u00a0<\/p>\n\n\n\n<p><a href=\"https:\/\/www.cetaps.com\/cipsh-dhedu\/chair-partners\/\" target=\"_blank\" rel=\"noreferrer noopener\">Parceiros da c\u00e1tedra<\/a><\/p>\n\n\n\n<p>A c\u00e1tedra  tem como parceiros,  a Universidade Aberta e a Faculdade de Letras da Universidade do Porto, e envolve investigadores e projetos de v\u00e1rios pa\u00edses, al\u00e9m de institui\u00e7\u00f5es n\u00e3o acad\u00e9micas, como o Museu Nacional de Arte Contempor\u00e2nea (MNAC) e a FCCN. <\/p>\n\n\n\n<p>Sess\u00e3o Inaugural- 20 de outubro de 2020, YouTube:\u00a0<a href=\"https:\/\/www.youtube.com\/watch?v=pVVJHt72MaM&amp;feature=emb_logo\" target=\"_blank\" rel=\"noreferrer noopener\">https:\/\/www.youtube.com\/watch?v=pVVJHt72MaM&amp;feature=emb_logo<\/a><a href=\"http:\/\/savefrom.net\/?url=https%3A%2F%2Fwww.youtube.com%2Fwatch%3Fv%3DpVVJHt72MaM%26feature%3Demb_logo&amp;utm_source=userjs-safari&amp;utm_medium=extensions&amp;utm_campaign=link_modifier\" target=\"_blank\" rel=\"noreferrer noopener\"><\/a>\u00a0,\u00a0<a href=\"https:\/\/ihc.fcsh.unl.pt\/catedra-cipsh-hd\/\" target=\"_blank\" rel=\"noreferrer noopener\">https:\/\/ihc.fcsh.unl.pt\/catedra-cipsh-hd\/<\/a><\/p>\n\n\n\n<p><\/p>\n","protected":false},"excerpt":{"rendered":"O projeto GOPA, integra a CIPSH\u00a0Chair on Digital Humanities in Education aprovada por\u00a0The International Council for Philosophy and Human Sciences\u00a0da UNESCO que teve in\u00edcio em 2020. P\u00e1gina da c\u00e1tedra\u00a0Digital Humanities in Education\u00a0 Parceiros da c\u00e1tedra A c\u00e1tedra tem como parceiros, a Universidade Aberta e a Faculdade de Letras da Universidade do Porto, e envolve investigadores [&hellip;]","protected":false},"author":4,"featured_media":0,"parent":0,"menu_order":0,"comment_status":"closed","ping_status":"closed","template":"","meta":{"footnotes":""},"class_list":["post-2044","page","type-page","status-publish","hentry"],"_links":{"self":[{"href":"https:\/\/lead.uab.pt\/gopa\/wp-json\/wp\/v2\/pages\/2044","targetHints":{"allow":["GET"]}}],"collection":[{"href":"https:\/\/lead.uab.pt\/gopa\/wp-json\/wp\/v2\/pages"}],"about":[{"href":"https:\/\/lead.uab.pt\/gopa\/wp-json\/wp\/v2\/types\/page"}],"author":[{"embeddable":true,"href":"https:\/\/lead.uab.pt\/gopa\/wp-json\/wp\/v2\/users\/4"}],"replies":[{"embeddable":true,"href":"https:\/\/lead.uab.pt\/gopa\/wp-json\/wp\/v2\/comments?post=2044"}],"version-history":[{"count":2,"href":"https:\/\/lead.uab.pt\/gopa\/wp-json\/wp\/v2\/pages\/2044\/revisions"}],"predecessor-version":[{"id":2048,"href":"https:\/\/lead.uab.pt\/gopa\/wp-json\/wp\/v2\/pages\/2044\/revisions\/2048"}],"wp:attachment":[{"href":"https:\/\/lead.uab.pt\/gopa\/wp-json\/wp\/v2\/media?parent=2044"}],"curies":[{"name":"wp","href":"https:\/\/api.w.org\/{rel}","templated":true}]}}