{"id":139,"date":"2022-10-19T22:41:51","date_gmt":"2022-10-19T22:41:51","guid":{"rendered":"https:\/\/sites.uab.pt\/congresso-humanidades\/?page_id=139"},"modified":"2024-01-25T21:14:39","modified_gmt":"2024-01-25T21:14:39","slug":"projeto","status":"publish","type":"page","link":"https:\/\/lead.uab.pt\/helaheduki\/","title":{"rendered":"Hela.H.Eduki"},"content":{"rendered":"\n<h2 class=\"wp-block-heading\">Pr\u00e1ticas pedag\u00f3gicas em contextos espec\u00edficos.<\/h2>\n\n\n\n<div style=\"height:20px\" aria-hidden=\"true\" class=\"wp-block-spacer\"><\/div>\n\n\n\n<div class=\"wp-block-columns is-layout-flex wp-container-core-columns-is-layout-1 wp-block-columns-is-layout-flex\">\n<div class=\"wp-block-column is-layout-flow wp-block-column-is-layout-flow\" style=\"flex-basis:60%\">\n<p>No contexto de Educa\u00e7\u00e3o para todos, pretende-se identificar pr\u00e1ticas pedag\u00f3gicas inclusivas e diferenciadas adotadas por diversos profissionais, em cen\u00e1rios de educa\u00e7\u00e3o formal e\/ou n\u00e3o formal e em contextos nacionais ou internacionais, com recurso a tecnologias multim\u00e9dia e que inclua, preferencialmente, depoimentos de todos os atores envolvidos (professor\/formador, estudante\/formando, encarregado de educa\u00e7\u00e3o\/cuidador, outros).<\/p>\n\n\n\n<p>Espera-se identificar um conjunto de pr\u00e1ticas pedag\u00f3gicas inclusivas, diferenciadas, inovadoras com ou sem recurso a tecnologias multim\u00e9dia, que podem ser transfer\u00edveis e aplicadas a outros casos similares e a outros contextos educacionais formais ou n\u00e3o formais. &nbsp;&nbsp;A identifica\u00e7\u00e3o, a an\u00e1lise e caracteriza\u00e7\u00e3o destas pr\u00e1ticas poder\u00e1 permitir uma classifica\u00e7\u00e3o por tipologia, tecnologia, estrat\u00e9gia, faixa et\u00e1ria, capacidade, grau de criatividade ou outros elementos que sejam destacados, e que possam promover o desenvolvimento e adequa\u00e7\u00e3o de acordo com o perfil de cada estudante, tendo em considera\u00e7\u00e3o as suas necessidades e potencialidades.<\/p>\n\n\n\n<p>Em termos de metodologia de investiga\u00e7\u00e3o, \u00e9 adotada uma abordagem fenomenol\u00f3gica tendo por base a an\u00e1lise qualitativa dos depoimentos obtidos.<\/p>\n\n\n\n<p>Em termos de sustentabilidades, para que estas pr\u00e1ticas possam ser adotadas em outros contextos educacionais, os depoimentos ser\u00e3o publicados em livro digital multiformato, em acesso aberto, seguindo os procedimentos da Comiss\u00e3o de \u00c9tica do LE@D. <\/p>\n<\/div>\n\n\n\n<div class=\"wp-block-column is-layout-flow wp-block-column-is-layout-flow\" style=\"flex-basis:20px\"><\/div>\n\n\n\n<div class=\"wp-block-column is-layout-flow wp-block-column-is-layout-flow\">\n<figure class=\"wp-block-gallery aligncenter has-nested-images columns-default is-cropped wp-block-gallery-1 is-layout-flex wp-block-gallery-is-layout-flex\">\n<figure class=\"wp-block-image size-large is-style-default\"><img loading=\"lazy\" decoding=\"async\" width=\"1024\" height=\"1024\" src=\"https:\/\/lead.uab.pt\/helaheduki\/wp-content\/uploads\/sites\/12\/2023\/05\/5064484-1024x1024.jpg\" alt=\"Desenho de pessoas a transportar uma bandeira\" class=\"wp-image-2027\" srcset=\"https:\/\/lead.uab.pt\/helaheduki\/wp-content\/uploads\/sites\/12\/2023\/05\/5064484-1024x1024.jpg 1024w, https:\/\/lead.uab.pt\/helaheduki\/wp-content\/uploads\/sites\/12\/2023\/05\/5064484-300x300.jpg 300w, https:\/\/lead.uab.pt\/helaheduki\/wp-content\/uploads\/sites\/12\/2023\/05\/5064484-150x150.jpg 150w, https:\/\/lead.uab.pt\/helaheduki\/wp-content\/uploads\/sites\/12\/2023\/05\/5064484-768x768.jpg 768w, https:\/\/lead.uab.pt\/helaheduki\/wp-content\/uploads\/sites\/12\/2023\/05\/5064484-1536x1536.jpg 1536w, https:\/\/lead.uab.pt\/helaheduki\/wp-content\/uploads\/sites\/12\/2023\/05\/5064484.jpg 2000w\" sizes=\"auto, (max-width: 1024px) 100vw, 1024px\" \/><figcaption class=\"wp-element-caption\"><sub> I<strong>mage by storyset on Freepik<\/strong> <\/sub><\/figcaption><\/figure>\n<\/figure>\n<\/div>\n<\/div>\n\n\n\n<div style=\"height:60px\" aria-hidden=\"true\" class=\"wp-block-spacer\"><\/div>\n","protected":false},"excerpt":{"rendered":"Pr\u00e1ticas pedag\u00f3gicas em contextos espec\u00edficos. No contexto de Educa\u00e7\u00e3o para todos, pretende-se identificar pr\u00e1ticas pedag\u00f3gicas inclusivas e diferenciadas adotadas por diversos profissionais, em cen\u00e1rios de educa\u00e7\u00e3o formal e\/ou n\u00e3o formal e em contextos nacionais ou internacionais, com recurso a tecnologias multim\u00e9dia e que inclua, preferencialmente, depoimentos de todos os atores envolvidos (professor\/formador, estudante\/formando, encarregado de [&hellip;]","protected":false},"author":1,"featured_media":0,"parent":0,"menu_order":10,"comment_status":"closed","ping_status":"closed","template":"","meta":{"footnotes":""},"class_list":["post-139","page","type-page","status-publish","hentry"],"_links":{"self":[{"href":"https:\/\/lead.uab.pt\/helaheduki\/wp-json\/wp\/v2\/pages\/139","targetHints":{"allow":["GET"]}}],"collection":[{"href":"https:\/\/lead.uab.pt\/helaheduki\/wp-json\/wp\/v2\/pages"}],"about":[{"href":"https:\/\/lead.uab.pt\/helaheduki\/wp-json\/wp\/v2\/types\/page"}],"author":[{"embeddable":true,"href":"https:\/\/lead.uab.pt\/helaheduki\/wp-json\/wp\/v2\/users\/1"}],"replies":[{"embeddable":true,"href":"https:\/\/lead.uab.pt\/helaheduki\/wp-json\/wp\/v2\/comments?post=139"}],"version-history":[{"count":20,"href":"https:\/\/lead.uab.pt\/helaheduki\/wp-json\/wp\/v2\/pages\/139\/revisions"}],"predecessor-version":[{"id":2156,"href":"https:\/\/lead.uab.pt\/helaheduki\/wp-json\/wp\/v2\/pages\/139\/revisions\/2156"}],"wp:attachment":[{"href":"https:\/\/lead.uab.pt\/helaheduki\/wp-json\/wp\/v2\/media?parent=139"}],"curies":[{"name":"wp","href":"https:\/\/api.w.org\/{rel}","templated":true}]}}