{"id":145,"date":"2022-10-19T22:43:26","date_gmt":"2022-10-19T22:43:26","guid":{"rendered":"https:\/\/sites.uab.pt\/congresso-humanidades\/?page_id=145"},"modified":"2024-01-25T21:12:13","modified_gmt":"2024-01-25T21:12:13","slug":"produtos","status":"publish","type":"page","link":"https:\/\/lead.uab.pt\/helaheduki\/produtos\/","title":{"rendered":"Produtos"},"content":{"rendered":"\n<h1 class=\"wp-block-heading\">Produtos<\/h1>\n\n\n\n<div style=\"height:20px\" aria-hidden=\"true\" class=\"wp-block-spacer\"><\/div>\n\n\n\n<p>Francisco, M., Tom\u00e1s, C., Malheiro, S. (Orgs.) (2023). <em>12 hist\u00f3rias educacionais: Ser diferente na diversidade. Pr\u00e1ticas pedag\u00f3gicas em contextos pouco vis\u00edveis<\/em>. LE@D, Universidade Aberta, ISBN: 978-972-674-955-4, DOI: https:\/\/doi.org\/10.34627\/leadw.2023.5<\/p>\n\n\n\n<p>Francisco, M., Tom\u00e1s, C., Malheiro, S. (2023). <em>Hela.H.Eduki: Levantamento de pr\u00e1ticas pedag\u00f3gicas em contextos pouco vis\u00edveis. <\/em>MeetUP23 &#8211; 2\u00ba Encontro de investigadores do LE@D \u2013 Inova\u00e7\u00e3o e ci\u00eancia, Universidade Aberta.<\/p>\n\n\n\n<p>Francisco, M., Tom\u00e1s, C., Malheiro, S. (2023). <em>Hela.H.Eduki: Ppr\u00e1ticas pedag\u00f3gicas brilhantes. <\/em>MeetUP22 &#8211; 1\u00ba Encontro de investigadores do LE@D \u2013 Inova\u00e7\u00e3o e ci\u00eancia, Universidade Aberta.<\/p>\n\n\n\n<div style=\"height:60px\" aria-hidden=\"true\" class=\"wp-block-spacer\"><\/div>\n","protected":false},"excerpt":{"rendered":"Produtos Francisco, M., Tom\u00e1s, C., Malheiro, S. (Orgs.) (2023). 12 hist\u00f3rias educacionais: Ser diferente na diversidade. Pr\u00e1ticas pedag\u00f3gicas em contextos pouco vis\u00edveis. LE@D, Universidade Aberta, ISBN: 978-972-674-955-4, DOI: https:\/\/doi.org\/10.34627\/leadw.2023.5 Francisco, M., Tom\u00e1s, C., Malheiro, S. (2023). Hela.H.Eduki: Levantamento de pr\u00e1ticas pedag\u00f3gicas em contextos pouco vis\u00edveis. MeetUP23 &#8211; 2\u00ba Encontro de investigadores do LE@D \u2013 Inova\u00e7\u00e3o [&hellip;]","protected":false},"author":1,"featured_media":0,"parent":0,"menu_order":40,"comment_status":"closed","ping_status":"closed","template":"","meta":{"footnotes":""},"class_list":["post-145","page","type-page","status-publish","hentry"],"_links":{"self":[{"href":"https:\/\/lead.uab.pt\/helaheduki\/wp-json\/wp\/v2\/pages\/145","targetHints":{"allow":["GET"]}}],"collection":[{"href":"https:\/\/lead.uab.pt\/helaheduki\/wp-json\/wp\/v2\/pages"}],"about":[{"href":"https:\/\/lead.uab.pt\/helaheduki\/wp-json\/wp\/v2\/types\/page"}],"author":[{"embeddable":true,"href":"https:\/\/lead.uab.pt\/helaheduki\/wp-json\/wp\/v2\/users\/1"}],"replies":[{"embeddable":true,"href":"https:\/\/lead.uab.pt\/helaheduki\/wp-json\/wp\/v2\/comments?post=145"}],"version-history":[{"count":11,"href":"https:\/\/lead.uab.pt\/helaheduki\/wp-json\/wp\/v2\/pages\/145\/revisions"}],"predecessor-version":[{"id":2153,"href":"https:\/\/lead.uab.pt\/helaheduki\/wp-json\/wp\/v2\/pages\/145\/revisions\/2153"}],"wp:attachment":[{"href":"https:\/\/lead.uab.pt\/helaheduki\/wp-json\/wp\/v2\/media?parent=145"}],"curies":[{"name":"wp","href":"https:\/\/api.w.org\/{rel}","templated":true}]}}