{"id":154,"date":"2022-10-20T10:47:10","date_gmt":"2022-10-20T10:47:10","guid":{"rendered":"https:\/\/sites.uab.pt\/congresso-humanidades\/?page_id=154"},"modified":"2024-01-25T21:14:05","modified_gmt":"2024-01-25T21:14:05","slug":"contactos","status":"publish","type":"page","link":"https:\/\/lead.uab.pt\/helaheduki\/contactos\/","title":{"rendered":"Atividades"},"content":{"rendered":"\n<h1 class=\"wp-block-heading\">Atividades desenvolvidas<\/h1>\n\n\n\n<div style=\"height:20px\" aria-hidden=\"true\" class=\"wp-block-spacer\"><\/div>\n\n\n\n<div class=\"wp-block-columns has-tertiary-background-color has-background is-layout-flex wp-container-core-columns-is-layout-1 wp-block-columns-is-layout-flex\">\n<div class=\"wp-block-column is-layout-flow wp-block-column-is-layout-flow\" style=\"flex-basis:40%\">\n<figure class=\"wp-block-image size-large\"><img loading=\"lazy\" decoding=\"async\" width=\"1024\" height=\"614\" src=\"https:\/\/lead.uab.pt\/helaheduki\/wp-content\/uploads\/sites\/12\/2024\/01\/meetup_2022-1-1024x614.png\" alt=\"Slide apresenta\u00e7\u00e3o Hela.H.Eduki Pr\u00e1ticas pedag\u00f3gicas brilhantes\" class=\"wp-image-2134\" srcset=\"https:\/\/lead.uab.pt\/helaheduki\/wp-content\/uploads\/sites\/12\/2024\/01\/meetup_2022-1-1024x614.png 1024w, https:\/\/lead.uab.pt\/helaheduki\/wp-content\/uploads\/sites\/12\/2024\/01\/meetup_2022-1-300x180.png 300w, https:\/\/lead.uab.pt\/helaheduki\/wp-content\/uploads\/sites\/12\/2024\/01\/meetup_2022-1-768x461.png 768w, https:\/\/lead.uab.pt\/helaheduki\/wp-content\/uploads\/sites\/12\/2024\/01\/meetup_2022-1.png 1100w\" sizes=\"auto, (max-width: 1024px) 100vw, 1024px\" \/><\/figure>\n<\/div>\n\n\n\n<div class=\"wp-block-column is-layout-flow wp-block-column-is-layout-flow\" style=\"flex-basis:60%\">\n<p class=\"has-small-font-size\">2022<\/p>\n\n\n\n<p><strong>Apresenta\u00e7\u00e3o do projeto<\/strong><\/p>\n\n\n\n<p>MeetUP22: 1\u00ba Encontro de investigadores do LE@D &#8211; Inova\u00e7\u00e3o e ci\u00eancia<\/p>\n\n\n\n<p><\/p>\n<\/div>\n<\/div>\n\n\n\n<div style=\"height:20px\" aria-hidden=\"true\" class=\"wp-block-spacer\"><\/div>\n\n\n\n<div class=\"wp-block-columns is-layout-flex wp-container-core-columns-is-layout-2 wp-block-columns-is-layout-flex\">\n<div class=\"wp-block-column is-layout-flow wp-block-column-is-layout-flow\" style=\"flex-basis:40%\">\n<figure class=\"wp-block-image size-large\"><img loading=\"lazy\" decoding=\"async\" width=\"1024\" height=\"614\" src=\"https:\/\/lead.uab.pt\/helaheduki\/wp-content\/uploads\/sites\/12\/2024\/01\/meetup_2023-1-1024x614.png\" alt=\"Slide apresenta\u00e7\u00e3o Hela.H.Eduki - Levantamento de pr\u00e1ticas pedag\u00f3gicas em contextos pouco vis\u00edveis\" class=\"wp-image-2137\" srcset=\"https:\/\/lead.uab.pt\/helaheduki\/wp-content\/uploads\/sites\/12\/2024\/01\/meetup_2023-1-1024x614.png 1024w, https:\/\/lead.uab.pt\/helaheduki\/wp-content\/uploads\/sites\/12\/2024\/01\/meetup_2023-1-300x180.png 300w, https:\/\/lead.uab.pt\/helaheduki\/wp-content\/uploads\/sites\/12\/2024\/01\/meetup_2023-1-768x461.png 768w, https:\/\/lead.uab.pt\/helaheduki\/wp-content\/uploads\/sites\/12\/2024\/01\/meetup_2023-1.png 1100w\" sizes=\"auto, (max-width: 1024px) 100vw, 1024px\" \/><\/figure>\n<\/div>\n\n\n\n<div class=\"wp-block-column is-layout-flow wp-block-column-is-layout-flow\" style=\"flex-basis:60%\">\n<p class=\"has-small-font-size\">2023<\/p>\n\n\n\n<p><strong>Balan\u00e7o: Objetivos atingidos e novos desafios<\/strong><\/p>\n\n\n\n<p>MeetUP23: 2\u00ba Encontro de investigadores do LE@D &#8211; Inova\u00e7\u00e3o e ci\u00eancia<\/p>\n\n\n\n<p><\/p>\n<\/div>\n<\/div>\n\n\n\n<div style=\"height:20px\" aria-hidden=\"true\" class=\"wp-block-spacer\"><\/div>\n\n\n\n<div class=\"wp-block-columns has-tertiary-background-color has-background is-layout-flex wp-container-core-columns-is-layout-3 wp-block-columns-is-layout-flex\">\n<div class=\"wp-block-column is-layout-flow wp-block-column-is-layout-flow\" style=\"flex-basis:40%\">\n<figure class=\"wp-block-image size-large\"><img loading=\"lazy\" decoding=\"async\" width=\"1024\" height=\"725\" src=\"https:\/\/lead.uab.pt\/helaheduki\/wp-content\/uploads\/sites\/12\/2024\/01\/capa-1024x725.png\" alt=\"Capa do livro com pinceladas em tons de vermelho.\" class=\"wp-image-2082\" srcset=\"https:\/\/lead.uab.pt\/helaheduki\/wp-content\/uploads\/sites\/12\/2024\/01\/capa-1024x725.png 1024w, https:\/\/lead.uab.pt\/helaheduki\/wp-content\/uploads\/sites\/12\/2024\/01\/capa-300x212.png 300w, https:\/\/lead.uab.pt\/helaheduki\/wp-content\/uploads\/sites\/12\/2024\/01\/capa-768x544.png 768w, https:\/\/lead.uab.pt\/helaheduki\/wp-content\/uploads\/sites\/12\/2024\/01\/capa.png 1065w\" sizes=\"auto, (max-width: 1024px) 100vw, 1024px\" \/><\/figure>\n<\/div>\n\n\n\n<div class=\"wp-block-column is-layout-flow wp-block-column-is-layout-flow\" style=\"flex-basis:60%\">\n<p class=\"has-small-font-size\">2023<\/p>\n\n\n\n<p><strong>Publica\u00e7\u00e3o do livro digital<\/strong><\/p>\n\n\n\n<p>12 hist\u00f3rias educacionais: ser diferente na diversidade. Livro gratuito, dispon\u00edvel em formato PDF, HTML, L\u00edngua Gestual Portuguesa (LGP) e formata\u00e7\u00e3o para impress\u00e3o em Braille (BRF).<\/p>\n\n\n\n<p><\/p>\n<\/div>\n<\/div>\n\n\n\n<div style=\"height:60px\" aria-hidden=\"true\" class=\"wp-block-spacer\"><\/div>\n\n\n\n<p><\/p>\n\n\n\n<p><\/p>\n\n\n\n<p><\/p>\n","protected":false},"excerpt":{"rendered":"Atividades desenvolvidas 2022 Apresenta\u00e7\u00e3o do projeto MeetUP22: 1\u00ba Encontro de investigadores do LE@D &#8211; Inova\u00e7\u00e3o e ci\u00eancia 2023 Balan\u00e7o: Objetivos atingidos e novos desafios MeetUP23: 2\u00ba Encontro de investigadores do LE@D &#8211; Inova\u00e7\u00e3o e ci\u00eancia 2023 Publica\u00e7\u00e3o do livro digital 12 hist\u00f3rias educacionais: ser diferente na diversidade. Livro gratuito, dispon\u00edvel em formato PDF, HTML, L\u00edngua [&hellip;]","protected":false},"author":1,"featured_media":0,"parent":0,"menu_order":70,"comment_status":"closed","ping_status":"closed","template":"","meta":{"footnotes":""},"class_list":["post-154","page","type-page","status-publish","hentry"],"_links":{"self":[{"href":"https:\/\/lead.uab.pt\/helaheduki\/wp-json\/wp\/v2\/pages\/154","targetHints":{"allow":["GET"]}}],"collection":[{"href":"https:\/\/lead.uab.pt\/helaheduki\/wp-json\/wp\/v2\/pages"}],"about":[{"href":"https:\/\/lead.uab.pt\/helaheduki\/wp-json\/wp\/v2\/types\/page"}],"author":[{"embeddable":true,"href":"https:\/\/lead.uab.pt\/helaheduki\/wp-json\/wp\/v2\/users\/1"}],"replies":[{"embeddable":true,"href":"https:\/\/lead.uab.pt\/helaheduki\/wp-json\/wp\/v2\/comments?post=154"}],"version-history":[{"count":20,"href":"https:\/\/lead.uab.pt\/helaheduki\/wp-json\/wp\/v2\/pages\/154\/revisions"}],"predecessor-version":[{"id":2155,"href":"https:\/\/lead.uab.pt\/helaheduki\/wp-json\/wp\/v2\/pages\/154\/revisions\/2155"}],"wp:attachment":[{"href":"https:\/\/lead.uab.pt\/helaheduki\/wp-json\/wp\/v2\/media?parent=154"}],"curies":[{"name":"wp","href":"https:\/\/api.w.org\/{rel}","templated":true}]}}