{"id":2096,"date":"2024-01-24T13:38:24","date_gmt":"2024-01-24T13:38:24","guid":{"rendered":"https:\/\/lead.uab.pt\/helaheduki\/?page_id=2096"},"modified":"2024-03-27T16:14:09","modified_gmt":"2024-03-27T16:14:09","slug":"formatos","status":"publish","type":"page","link":"https:\/\/lead.uab.pt\/helaheduki\/formatos\/","title":{"rendered":"Formatos"},"content":{"rendered":"\n<p><\/p>\n\n\n\n<h1 class=\"wp-block-heading has-text-align-left\">Formatos digitais<\/h1>\n\n\n\n<div style=\"height:20px\" aria-hidden=\"true\" class=\"wp-block-spacer\"><\/div>\n\n\n\n<p class=\"has-text-align-left\">O livro &#8220;12 Hist\u00f3rias educacionais: Ser diferente na diversidade&#8221; apresenta algumas<br> hist\u00f3rias que refletem pr\u00e1ticas pedag\u00f3gicas em contextos pouco vis\u00edveis. <br>\u00c9 disponibilizado em v\u00e1rios formatos para garantir a sua leitura a um maior n\u00famero de pessoas.<\/p>\n\n\n\n<div style=\"height:60px\" aria-hidden=\"true\" class=\"wp-block-spacer\"><\/div>\n\n\n\n<div class=\"wp-block-columns is-layout-flex wp-container-core-columns-is-layout-1 wp-block-columns-is-layout-flex\">\n<div class=\"wp-block-column is-layout-flow wp-block-column-is-layout-flow\">\n<figure class=\"wp-block-image size-full\"><img loading=\"lazy\" decoding=\"async\" width=\"307\" height=\"434\" src=\"https:\/\/lead.uab.pt\/helaheduki\/wp-content\/uploads\/sites\/12\/2024\/01\/icones_formatos-01.jpg\" alt=\"Capa do livro com pinceladas vermelhas sobre fundo branco\" class=\"wp-image-2086\" style=\"object-fit:cover\" srcset=\"https:\/\/lead.uab.pt\/helaheduki\/wp-content\/uploads\/sites\/12\/2024\/01\/icones_formatos-01.jpg 307w, https:\/\/lead.uab.pt\/helaheduki\/wp-content\/uploads\/sites\/12\/2024\/01\/icones_formatos-01-212x300.jpg 212w\" sizes=\"auto, (max-width: 307px) 100vw, 307px\" \/><\/figure>\n\n\n\n<p class=\"has-small-font-size\"><strong>PDF<\/strong>: <a href=\"https:\/\/lead.uab.pt\/helaheduki\/wp-content\/uploads\/sites\/12\/2024\/03\/Livro_revisao_mar2024.pdf\" data-type=\"link\" data-id=\"https:\/\/lead.uab.pt\/helaheduki\/wp-content\/uploads\/sites\/12\/2024\/01\/Livro_final_paginado_v3_22jan2024.pdf\" target=\"_blank\" rel=\"noreferrer noopener nofollow\">descarregar ficheiro<\/a> (abre um novo separador)<\/p>\n<\/div>\n\n\n\n<div class=\"wp-block-column is-layout-flow wp-block-column-is-layout-flow\">\n<figure class=\"wp-block-image size-full\"><img loading=\"lazy\" decoding=\"async\" width=\"312\" height=\"438\" src=\"https:\/\/lead.uab.pt\/helaheduki\/wp-content\/uploads\/sites\/12\/2024\/01\/icones_formatos-06.jpg\" alt=\"Capa vermelha com o t\u00edtulo em braille a branco\" class=\"wp-image-2087\" srcset=\"https:\/\/lead.uab.pt\/helaheduki\/wp-content\/uploads\/sites\/12\/2024\/01\/icones_formatos-06.jpg 312w, https:\/\/lead.uab.pt\/helaheduki\/wp-content\/uploads\/sites\/12\/2024\/01\/icones_formatos-06-214x300.jpg 214w\" sizes=\"auto, (max-width: 312px) 100vw, 312px\" \/><\/figure>\n\n\n\n<p class=\"has-small-font-size\"><strong>Braille<\/strong>: <a href=\"https:\/\/drive.google.com\/drive\/folders\/1DIMdjvotHq8vUcfw5JElrouZzVgQXxEI?usp=sharing\" target=\"_blank\" rel=\"noreferrer noopener\">aceder e descarregar os 3 volumes em BRF<\/a> (abre um novo separador)<\/p>\n<\/div>\n\n\n\n<div class=\"wp-block-column is-layout-flow wp-block-column-is-layout-flow\">\n<figure class=\"wp-block-image size-full\"><img loading=\"lazy\" decoding=\"async\" width=\"312\" height=\"438\" src=\"https:\/\/lead.uab.pt\/helaheduki\/wp-content\/uploads\/sites\/12\/2024\/01\/icones_formatos-04.jpg\" alt=\"capa vermelha com s\u00edmbolo de v\u00eddeo a branco\" class=\"wp-image-2107\" srcset=\"https:\/\/lead.uab.pt\/helaheduki\/wp-content\/uploads\/sites\/12\/2024\/01\/icones_formatos-04.jpg 312w, https:\/\/lead.uab.pt\/helaheduki\/wp-content\/uploads\/sites\/12\/2024\/01\/icones_formatos-04-214x300.jpg 214w\" sizes=\"auto, (max-width: 312px) 100vw, 312px\" \/><\/figure>\n\n\n\n<p class=\"has-small-font-size\"><strong>LGP<\/strong>: <a href=\"https:\/\/youtube.com\/playlist?list=PLAThe4Wg2xeXeFTR44CwIURVF61NG08Kd&amp;feature=shared\" target=\"_blank\" rel=\"noreferrer noopener\">lista de reprodu\u00e7\u00e3o<\/a> (abre um novo separador)<\/p>\n<\/div>\n\n\n\n<div class=\"wp-block-column is-layout-flow wp-block-column-is-layout-flow\">\n<figure class=\"wp-block-image size-full\"><img loading=\"lazy\" decoding=\"async\" width=\"312\" height=\"438\" src=\"https:\/\/lead.uab.pt\/helaheduki\/wp-content\/uploads\/sites\/12\/2024\/01\/icones_formatos-03.jpg\" alt=\"Capa vermelha com s\u00edmbolo de \u00e1udio a branco\" class=\"wp-image-2158\" style=\"object-fit:cover\" srcset=\"https:\/\/lead.uab.pt\/helaheduki\/wp-content\/uploads\/sites\/12\/2024\/01\/icones_formatos-03.jpg 312w, https:\/\/lead.uab.pt\/helaheduki\/wp-content\/uploads\/sites\/12\/2024\/01\/icones_formatos-03-214x300.jpg 214w\" sizes=\"auto, (max-width: 312px) 100vw, 312px\" \/><\/figure>\n\n\n\n<p class=\"has-small-font-size\"><strong>\u00c1udio<\/strong>: brevemente<\/p>\n<\/div>\n\n\n\n<div class=\"wp-block-column is-layout-flow wp-block-column-is-layout-flow\">\n<figure class=\"wp-block-image size-full\"><img loading=\"lazy\" decoding=\"async\" width=\"312\" height=\"438\" src=\"https:\/\/lead.uab.pt\/helaheduki\/wp-content\/uploads\/sites\/12\/2024\/01\/icones_formatos-05.jpg\" alt=\"Capa vermelha com s\u00edmbolo de c\u00f3digo a branco\" class=\"wp-image-2108\" srcset=\"https:\/\/lead.uab.pt\/helaheduki\/wp-content\/uploads\/sites\/12\/2024\/01\/icones_formatos-05.jpg 312w, https:\/\/lead.uab.pt\/helaheduki\/wp-content\/uploads\/sites\/12\/2024\/01\/icones_formatos-05-214x300.jpg 214w\" sizes=\"auto, (max-width: 312px) 100vw, 312px\" \/><\/figure>\n\n\n\n<p class=\"has-small-font-size\"><strong>HTML<\/strong>: <a href=\"https:\/\/lead.uab.pt\/helaheduki\/indice\/\">aceder ao \u00edndice<\/a><\/p>\n<\/div>\n<\/div>\n\n\n\n<div style=\"height:60px\" aria-hidden=\"true\" class=\"wp-block-spacer\"><\/div>\n","protected":false},"excerpt":{"rendered":"Formatos digitais O livro &#8220;12 Hist\u00f3rias educacionais: Ser diferente na diversidade&#8221; apresenta algumas hist\u00f3rias que refletem pr\u00e1ticas pedag\u00f3gicas em contextos pouco vis\u00edveis. \u00c9 disponibilizado em v\u00e1rios formatos para garantir a sua leitura a um maior n\u00famero de pessoas. PDF: descarregar ficheiro (abre um novo separador) Braille: aceder e descarregar os 3 volumes em BRF (abre [&hellip;]","protected":false},"author":5,"featured_media":0,"parent":0,"menu_order":0,"comment_status":"closed","ping_status":"closed","template":"","meta":{"footnotes":""},"class_list":["post-2096","page","type-page","status-publish","hentry"],"_links":{"self":[{"href":"https:\/\/lead.uab.pt\/helaheduki\/wp-json\/wp\/v2\/pages\/2096","targetHints":{"allow":["GET"]}}],"collection":[{"href":"https:\/\/lead.uab.pt\/helaheduki\/wp-json\/wp\/v2\/pages"}],"about":[{"href":"https:\/\/lead.uab.pt\/helaheduki\/wp-json\/wp\/v2\/types\/page"}],"author":[{"embeddable":true,"href":"https:\/\/lead.uab.pt\/helaheduki\/wp-json\/wp\/v2\/users\/5"}],"replies":[{"embeddable":true,"href":"https:\/\/lead.uab.pt\/helaheduki\/wp-json\/wp\/v2\/comments?post=2096"}],"version-history":[{"count":21,"href":"https:\/\/lead.uab.pt\/helaheduki\/wp-json\/wp\/v2\/pages\/2096\/revisions"}],"predecessor-version":[{"id":2279,"href":"https:\/\/lead.uab.pt\/helaheduki\/wp-json\/wp\/v2\/pages\/2096\/revisions\/2279"}],"wp:attachment":[{"href":"https:\/\/lead.uab.pt\/helaheduki\/wp-json\/wp\/v2\/media?parent=2096"}],"curies":[{"name":"wp","href":"https:\/\/api.w.org\/{rel}","templated":true}]}}