{"id":2111,"date":"2024-01-24T14:02:48","date_gmt":"2024-01-24T14:02:48","guid":{"rendered":"https:\/\/lead.uab.pt\/helaheduki\/?page_id=2111"},"modified":"2024-01-26T21:56:07","modified_gmt":"2024-01-26T21:56:07","slug":"ficha-tecnica","status":"publish","type":"page","link":"https:\/\/lead.uab.pt\/helaheduki\/ficha-tecnica\/","title":{"rendered":"Ficha t\u00e9cnica"},"content":{"rendered":"\n<h1 class=\"wp-block-heading\">Ficha t\u00e9cnica<\/h1>\n\n\n\n<div style=\"height:20px\" aria-hidden=\"true\" class=\"wp-block-spacer\"><\/div>\n\n\n\n<p><strong>T\u00edtulo<\/strong>: 12 hist\u00f3rias educacionais: Ser diferente na diversidade<\/p>\n\n\n\n<p><strong>Subt\u00edtulo<\/strong>: Pr\u00e1ticas pedag\u00f3gicas em contextos pouco vis\u00edveis<\/p>\n\n\n\n<p><strong>Autor<\/strong>: V\u00e1rios autores<\/p>\n\n\n\n<p><strong>Organiza\u00e7\u00e3o<\/strong>: Manuela Francisco, Cec\u00edlia Tom\u00e1s e Sofia Malheiro da Silva<\/p>\n\n\n\n<p><strong>Identidade Gr\u00e1fica<\/strong>: Joana Mineiro<\/p>\n\n\n\n<p><strong>Formato LGP<\/strong>: Maria Jo\u00e3o Nunes<\/p>\n\n\n\n<p><strong>Formato Braille<\/strong>: Norberto Sousa e S\u00edlvia Gomes<\/p>\n\n\n\n<p><strong>Formatos HTML, TXT, PDF, \u00c1udio<\/strong>: Manuela Francisco, Cec\u00edlia Tom\u00e1s, Sofia Malheiro da Silva<\/p>\n\n\n\n<p><strong>Edi\u00e7\u00e3o<\/strong>: Publica\u00e7\u00e3o da Unidade de Investiga\u00e7\u00e3o e Desenvolvimento (UID) 4372\/FCT Laborat\u00f3rio de Educa\u00e7\u00e3o a Dist\u00e2ncia e eLearning, Universidade Aberta.<\/p>\n\n\n\n<p><strong>Data 1.\u00aa Edi\u00e7\u00e3o<\/strong>: 2023<\/p>\n\n\n\n<p><strong>Cole\u00e7\u00e3o<\/strong>: LE@D Works-investiga\u00e7\u00e3o em progresso\/research in progresso, N\u00famero 5<\/p>\n\n\n\n<p><strong>Coordenadora da UID<\/strong>: Doutora Lina Morgado<\/p>\n\n\n\n<p><strong>Dep\u00f3sito Legal<\/strong>: <\/p>\n\n\n\n<p>ISBN: 978-972-674-955-4<\/p>\n\n\n\n<p>DOI: https:\/\/doi.org\/10.34627\/leadw.2023.5<\/p>\n\n\n\n<p><strong>Tipo de Suporte<\/strong>: Eletr\u00f3nico<\/p>\n\n\n\n<p><strong>Website<\/strong>: htps:\/\/lead.uab.pt\/helaheduki\/<\/p>\n\n\n\n<p><strong>Correspond\u00eancia<\/strong>: Laborat\u00f3rio de Educa\u00e7\u00e3o a Dist\u00e2ncia e eLearning (LE@D), Rua Almirante Barroso, 38, Galeria 12 1000-013 Lisboa, Portugal. E-mail: lead@uab.pt&nbsp;<\/p>\n\n\n\n<p><strong>Financiamento<\/strong>: Esta publica\u00e7\u00e3o foi financiada por Fundos Nacionais atrav\u00e9s da FCT \u2013 Funda\u00e7\u00e3o para a Ci\u00eancia e Tecnologia, I.P., no \u00e2mbito do projeto UIDB\/04372\/2020.<\/p>\n\n\n\n<p><strong>Licenciamento<\/strong>: Respeitando as pol\u00edticas da Ci\u00eancia Aberta, este trabalho est\u00e1 licenciado com uma Licen\u00e7a Creative Commons \u2013 Atribui\u00e7\u00e3o 4.0 Internacional. Os autores cedem o direito de publica\u00e7\u00e3o dos trabalhos aceites, mantendo integralmente a propriedade intelectual dos mesmos. Ao submeter os artigos os autores concordam com a sua publica\u00e7\u00e3o sob a licen\u00e7a Creative Commons Licence &#8211; Attribution International 4.0 (CC-BY).<\/p>\n\n\n\n<p><strong>Cita\u00e7\u00e3o<\/strong>: Francisco, M., Tom\u00e1s, C., Malheiro, S. (Orgs.) (2023). <em>12 hist\u00f3rias educacionais: Ser diferente na diversidade. Pr\u00e1ticas pedag\u00f3gicas em contextos pouco vis\u00edveis<\/em>. LE@D, Universidade Aberta, ISBN: 978-972-674-955-4, DOI: https:\/\/doi.org\/10.34627\/leadw.2023.5<\/p>\n\n\n\n<div style=\"height:60px\" aria-hidden=\"true\" class=\"wp-block-spacer\"><\/div>\n\n\n\n<div class=\"wp-block-columns is-layout-flex wp-container-core-columns-is-layout-1 wp-block-columns-is-layout-flex\">\n<div class=\"wp-block-column is-layout-flow wp-block-column-is-layout-flow\">\n<div class=\"wp-block-buttons is-layout-flex wp-block-buttons-is-layout-flex\"><\/div>\n<\/div>\n\n\n\n<div class=\"wp-block-column is-layout-flow wp-block-column-is-layout-flow\">\n<div class=\"wp-block-buttons is-content-justification-center is-layout-flex wp-container-core-buttons-is-layout-2 wp-block-buttons-is-layout-flex\">\n<div class=\"wp-block-button is-style-outline is-style-outline--1\"><a class=\"wp-block-button__link wp-element-button\" href=\"https:\/\/lead.uab.pt\/helaheduki\/indice\/\">\u00cdndice<\/a><\/div>\n<\/div>\n<\/div>\n\n\n\n<div class=\"wp-block-column is-layout-flow wp-block-column-is-layout-flow\">\n<div class=\"wp-block-buttons is-content-justification-right is-layout-flex wp-container-core-buttons-is-layout-3 wp-block-buttons-is-layout-flex\">\n<div class=\"wp-block-button is-style-fill\"><a class=\"wp-block-button__link wp-element-button\" href=\"https:\/\/lead.uab.pt\/helaheduki\/agradecimentos\/\">Seguinte<\/a><\/div>\n<\/div>\n<\/div>\n<\/div>\n\n\n\n<div style=\"height:60px\" aria-hidden=\"true\" class=\"wp-block-spacer\"><\/div>\n","protected":false},"excerpt":{"rendered":"Ficha t\u00e9cnica T\u00edtulo: 12 hist\u00f3rias educacionais: Ser diferente na diversidade Subt\u00edtulo: Pr\u00e1ticas pedag\u00f3gicas em contextos pouco vis\u00edveis Autor: V\u00e1rios autores Organiza\u00e7\u00e3o: Manuela Francisco, Cec\u00edlia Tom\u00e1s e Sofia Malheiro da Silva Identidade Gr\u00e1fica: Joana Mineiro Formato LGP: Maria Jo\u00e3o Nunes Formato Braille: Norberto Sousa e S\u00edlvia Gomes Formatos HTML, TXT, PDF, \u00c1udio: Manuela Francisco, Cec\u00edlia Tom\u00e1s, [&hellip;]","protected":false},"author":5,"featured_media":0,"parent":0,"menu_order":0,"comment_status":"closed","ping_status":"closed","template":"","meta":{"footnotes":""},"class_list":["post-2111","page","type-page","status-publish","hentry"],"_links":{"self":[{"href":"https:\/\/lead.uab.pt\/helaheduki\/wp-json\/wp\/v2\/pages\/2111","targetHints":{"allow":["GET"]}}],"collection":[{"href":"https:\/\/lead.uab.pt\/helaheduki\/wp-json\/wp\/v2\/pages"}],"about":[{"href":"https:\/\/lead.uab.pt\/helaheduki\/wp-json\/wp\/v2\/types\/page"}],"author":[{"embeddable":true,"href":"https:\/\/lead.uab.pt\/helaheduki\/wp-json\/wp\/v2\/users\/5"}],"replies":[{"embeddable":true,"href":"https:\/\/lead.uab.pt\/helaheduki\/wp-json\/wp\/v2\/comments?post=2111"}],"version-history":[{"count":6,"href":"https:\/\/lead.uab.pt\/helaheduki\/wp-json\/wp\/v2\/pages\/2111\/revisions"}],"predecessor-version":[{"id":2255,"href":"https:\/\/lead.uab.pt\/helaheduki\/wp-json\/wp\/v2\/pages\/2111\/revisions\/2255"}],"wp:attachment":[{"href":"https:\/\/lead.uab.pt\/helaheduki\/wp-json\/wp\/v2\/media?parent=2111"}],"curies":[{"name":"wp","href":"https:\/\/api.w.org\/{rel}","templated":true}]}}