{"id":2115,"date":"2024-01-24T18:20:42","date_gmt":"2024-01-24T18:20:42","guid":{"rendered":"https:\/\/lead.uab.pt\/helaheduki\/?page_id=2115"},"modified":"2024-01-26T21:47:51","modified_gmt":"2024-01-26T21:47:51","slug":"agradecimentos","status":"publish","type":"page","link":"https:\/\/lead.uab.pt\/helaheduki\/agradecimentos\/","title":{"rendered":"Agradecimentos"},"content":{"rendered":"\n<div style=\"height:20px\" aria-hidden=\"true\" class=\"wp-block-spacer\"><\/div>\n\n\n\n<h1 class=\"wp-block-heading\">Agradecimentos<\/h1>\n\n\n\n<div style=\"height:20px\" aria-hidden=\"true\" class=\"wp-block-spacer\"><\/div>\n\n\n\n<p>Um trabalho coletivo implica o esfor\u00e7o de diferentes intervenientes no processo, nem sempre vis\u00edveis no produto final. Neste sentido, expressamos o nosso profundo agradecimento \u00e0 coordena\u00e7\u00e3o do centro de investiga\u00e7\u00e3o Laborat\u00f3rio de Educa\u00e7\u00e3o a Dist\u00e2ncia e Elearning (LE@D), da Universidade Aberta, que apoiaram este projeto desde a sua conce\u00e7\u00e3o.<\/p>\n\n\n\n<p>No processo de desenvolvimento, a equipa que integra a Comiss\u00e3o de \u00c9tica do LE@D foi igualmente determinante para o cumprimento dos requisitos relacionados com a prote\u00e7\u00e3o de dados e outras quest\u00f5es \u00e9ticas inerentes a este tipo de projeto de investiga\u00e7\u00e3o, motivo pelo qual expressamos a nossa gratid\u00e3o pelo apoio e aprendizagem.<\/p>\n\n\n\n<p>Agradecemos ainda aos colegas do LE@AD, assim como ao pessoal t\u00e9cnico e administrativo da Universidade Aberta, que incentivaram o projeto e tornaram poss\u00edvel a sua implementa\u00e7\u00e3o e desenvolvimento em tempo \u00fatil.<\/p>\n\n\n\n<p>Dirigimos um agradecimento especial aos autores envolvidos neste livro, assim como aos especialistas que adaptaram este livro para formato Braille, e \u00e0 int\u00e9rprete de L\u00edngua Gestual Portuguesa, que deu vida \u00e0s hist\u00f3rias com a sua interpreta\u00e7\u00e3o. Sendo um projeto financiado, expressamos um agradecimento \u00e0 Funda\u00e7\u00e3o para a Ci\u00eancia e Tecnologia (FCT), que permite desenvolver e disseminar este tipo de trabalho em acesso aberto, chegando ao maior n\u00famero de pessoas.<\/p>\n\n\n\n<div style=\"height:60px\" aria-hidden=\"true\" class=\"wp-block-spacer\"><\/div>\n\n\n\n<div class=\"wp-block-columns is-layout-flex wp-container-core-columns-is-layout-1 wp-block-columns-is-layout-flex\">\n<div class=\"wp-block-column is-layout-flow wp-block-column-is-layout-flow\">\n<div class=\"wp-block-buttons is-layout-flex wp-block-buttons-is-layout-flex\">\n<div class=\"wp-block-button is-style-fill\"><a class=\"wp-block-button__link wp-element-button\" href=\"https:\/\/lead.uab.pt\/helaheduki\/ficha-tecnica\/\">Anterior<\/a><\/div>\n<\/div>\n<\/div>\n\n\n\n<div class=\"wp-block-column is-layout-flow wp-block-column-is-layout-flow\">\n<div class=\"wp-block-buttons is-content-justification-center is-layout-flex wp-container-core-buttons-is-layout-2 wp-block-buttons-is-layout-flex\">\n<div class=\"wp-block-button is-style-outline is-style-outline--1\"><a class=\"wp-block-button__link wp-element-button\" href=\"https:\/\/lead.uab.pt\/helaheduki\/indice\/\">\u00cdndice<\/a><\/div>\n<\/div>\n<\/div>\n\n\n\n<div class=\"wp-block-column is-layout-flow wp-block-column-is-layout-flow\">\n<div class=\"wp-block-buttons is-content-justification-right is-layout-flex wp-container-core-buttons-is-layout-3 wp-block-buttons-is-layout-flex\">\n<div class=\"wp-block-button is-style-fill\"><a class=\"wp-block-button__link wp-element-button\" href=\"https:\/\/lead.uab.pt\/helaheduki\/nota-introdutoria\/\">Seguinte<\/a><\/div>\n<\/div>\n<\/div>\n<\/div>\n\n\n\n<p> <div style=\"height:60px\" aria-hidden=\"true\" class=\"wp-block-spacer\"><\/div><\/p>\n","protected":false},"excerpt":{"rendered":"Agradecimentos Um trabalho coletivo implica o esfor\u00e7o de diferentes intervenientes no processo, nem sempre vis\u00edveis no produto final. Neste sentido, expressamos o nosso profundo agradecimento \u00e0 coordena\u00e7\u00e3o do centro de investiga\u00e7\u00e3o Laborat\u00f3rio de Educa\u00e7\u00e3o a Dist\u00e2ncia e Elearning (LE@D), da Universidade Aberta, que apoiaram este projeto desde a sua conce\u00e7\u00e3o. No processo de desenvolvimento, a [&hellip;]","protected":false},"author":5,"featured_media":0,"parent":0,"menu_order":0,"comment_status":"closed","ping_status":"closed","template":"","meta":{"footnotes":""},"class_list":["post-2115","page","type-page","status-publish","hentry"],"_links":{"self":[{"href":"https:\/\/lead.uab.pt\/helaheduki\/wp-json\/wp\/v2\/pages\/2115","targetHints":{"allow":["GET"]}}],"collection":[{"href":"https:\/\/lead.uab.pt\/helaheduki\/wp-json\/wp\/v2\/pages"}],"about":[{"href":"https:\/\/lead.uab.pt\/helaheduki\/wp-json\/wp\/v2\/types\/page"}],"author":[{"embeddable":true,"href":"https:\/\/lead.uab.pt\/helaheduki\/wp-json\/wp\/v2\/users\/5"}],"replies":[{"embeddable":true,"href":"https:\/\/lead.uab.pt\/helaheduki\/wp-json\/wp\/v2\/comments?post=2115"}],"version-history":[{"count":15,"href":"https:\/\/lead.uab.pt\/helaheduki\/wp-json\/wp\/v2\/pages\/2115\/revisions"}],"predecessor-version":[{"id":2238,"href":"https:\/\/lead.uab.pt\/helaheduki\/wp-json\/wp\/v2\/pages\/2115\/revisions\/2238"}],"wp:attachment":[{"href":"https:\/\/lead.uab.pt\/helaheduki\/wp-json\/wp\/v2\/media?parent=2115"}],"curies":[{"name":"wp","href":"https:\/\/api.w.org\/{rel}","templated":true}]}}