{"id":2170,"date":"2024-01-25T21:53:46","date_gmt":"2024-01-25T21:53:46","guid":{"rendered":"https:\/\/lead.uab.pt\/helaheduki\/?page_id=2170"},"modified":"2024-01-26T22:10:12","modified_gmt":"2024-01-26T22:10:12","slug":"capitulo-2","status":"publish","type":"page","link":"https:\/\/lead.uab.pt\/helaheduki\/capitulo-2\/","title":{"rendered":"Cap\u00edtulo 2"},"content":{"rendered":"\n<h2 class=\"wp-block-heading\">Cap\u00edtulo 2 &#8211; Palavras no Correio<\/h2>\n\n\n\n<div style=\"height:20px\" aria-hidden=\"true\" class=\"wp-block-spacer\"><\/div>\n\n\n\n<p><strong>Autores<\/strong>: Anabela Leite<\/p>\n\n\n\n<p><strong>Palavras-chave:<\/strong> 2.\u00ba ciclo do ensino b\u00e1sico, estilos de aprendizagem, motivadora, dificuldades na leitura e escrita<\/p>\n\n\n\n<p><strong>Cita\u00e7\u00e3o:<\/strong> Leite, A. (2023). Palavras no correio. In M. Francisco, C. Tom\u00e1s &amp; S. Malheiro (Orgs.). <em>12 hist\u00f3rias educacionais: Ser diferente na diversidade. Pr\u00e1ticas pedag\u00f3gicas em contextos pouco vis\u00edveis<\/em>. [Online]. LEAD, Universidade Aberta.<\/p>\n\n\n\n<div style=\"height:20px\" aria-hidden=\"true\" class=\"wp-block-spacer\"><\/div>\n\n\n\n<h3 class=\"wp-block-heading\">Apresenta\u00e7\u00e3o esquem\u00e1tica da pr\u00e1tica pedag\u00f3gica<\/h3>\n\n\n\n<p><strong>Problem\u00e1tica:<\/strong> Alunos com grandes dificuldades na leitura e na escrita.<\/p>\n\n\n\n<p><strong>Objetivo:<\/strong> Motivar os alunos para melhorar as suas compet\u00eancias leitoras, a partir de uma reflex\u00e3o sobre a necessidade de aprendermos a ler e a escrever minimamente. Foco na ideia de que a escrita e a leitura nos permitem comunicar com os outros.<\/p>\n\n\n\n<p><strong>Estrat\u00e9gia adotada:<\/strong> E se f\u00f4ssemos \u00e0 biblioteca da escola requisitar livros para lermos e depois partilh\u00e1ssemos peda\u00e7os das nossas leituras com os nossos vizinhos (da escola) nas suas caixas de correio? A ideia foi aceite de imediato.<\/p>\n\n\n\n<p><strong>Implementa\u00e7\u00e3o:<\/strong><\/p>\n\n\n\n<ol class=\"wp-block-list\">\n<li>Fomos \u00e0 biblioteca requisitar livros<\/li>\n\n\n\n<li>Fomos \u00e0 secretaria pedir envelopes com o logotipo da escola<\/li>\n\n\n\n<li>Lemos os livros (fizemos leitura em voz alta)<\/li>\n\n\n\n<li>Selecionamos um excerto (sele\u00e7\u00e3o pelo aluno)<\/li>\n\n\n\n<li>Escreveram o excerto numa folha, identificando o projeto, o nome do aluno e a sua turma<\/li>\n\n\n\n<li>Colocaram dentro dos envelopes onde escreveu: Palavras no Correio<\/li>\n\n\n\n<li>Fomos distribuir as Palavras nas caixas do correio<\/li>\n<\/ol>\n\n\n\n<p><strong>Impacto:<\/strong><\/p>\n\n\n\n<ul class=\"wp-block-list\">\n<li>Duas vizinhas da escola vieram \u00e0 escola agradecer; os alunos ficaram extremamente motivados e o projeto continua, com a participa\u00e7\u00e3o de outros alunos.<\/li>\n\n\n\n<li>Os alunos v\u00e3o voluntariamente \u00e0 biblioteca requisitar livros para ler em casa.<\/li>\n\n\n\n<li>Neste ano letivo est\u00e3o a preparar uma carta para enviar ao Presidente da Rep\u00fablica.<\/li>\n<\/ul>\n\n\n\n<p><strong>Evid\u00eancia (v\u00eddeo):<\/strong> <a href=\"https:\/\/www.youtube.com\/watch?v=btKK4yIupMk\">Palavras no Correio &#8211; YouTube<\/a><\/p>\n\n\n\n<div style=\"height:60px\" aria-hidden=\"true\" class=\"wp-block-spacer\"><\/div>\n\n\n\n<div class=\"wp-block-columns is-layout-flex wp-container-core-columns-is-layout-1 wp-block-columns-is-layout-flex\">\n<div class=\"wp-block-column is-layout-flow wp-block-column-is-layout-flow\">\n<div class=\"wp-block-buttons is-layout-flex wp-block-buttons-is-layout-flex\">\n<div class=\"wp-block-button is-style-fill\"><a class=\"wp-block-button__link wp-element-button\" href=\"https:\/\/lead.uab.pt\/helaheduki\/capitulo-1\/\">Anterior<\/a><\/div>\n<\/div>\n<\/div>\n\n\n\n<div class=\"wp-block-column is-layout-flow wp-block-column-is-layout-flow\">\n<div class=\"wp-block-buttons is-content-justification-center is-layout-flex wp-container-core-buttons-is-layout-2 wp-block-buttons-is-layout-flex\">\n<div class=\"wp-block-button is-style-outline is-style-outline--1\"><a class=\"wp-block-button__link wp-element-button\" href=\"https:\/\/lead.uab.pt\/helaheduki\/indice\/\">\u00cdndice<\/a><\/div>\n<\/div>\n<\/div>\n\n\n\n<div class=\"wp-block-column is-layout-flow wp-block-column-is-layout-flow\">\n<div class=\"wp-block-buttons is-content-justification-right is-layout-flex wp-container-core-buttons-is-layout-3 wp-block-buttons-is-layout-flex\">\n<div class=\"wp-block-button is-style-fill\"><a class=\"wp-block-button__link wp-element-button\" href=\"https:\/\/lead.uab.pt\/helaheduki\/capitulo-3\/\">Seguinte<\/a><\/div>\n<\/div>\n<\/div>\n<\/div>\n\n\n\n<div style=\"height:60px\" aria-hidden=\"true\" class=\"wp-block-spacer\"><\/div>\n","protected":false},"excerpt":{"rendered":"Cap\u00edtulo 2 &#8211; Palavras no Correio Autores: Anabela Leite Palavras-chave: 2.\u00ba ciclo do ensino b\u00e1sico, estilos de aprendizagem, motivadora, dificuldades na leitura e escrita Cita\u00e7\u00e3o: Leite, A. (2023). Palavras no correio. In M. Francisco, C. Tom\u00e1s &amp; S. Malheiro (Orgs.). 12 hist\u00f3rias educacionais: Ser diferente na diversidade. Pr\u00e1ticas pedag\u00f3gicas em contextos pouco vis\u00edveis. [Online]. LEAD, [&hellip;]","protected":false},"author":5,"featured_media":0,"parent":0,"menu_order":0,"comment_status":"closed","ping_status":"closed","template":"","meta":{"footnotes":""},"class_list":["post-2170","page","type-page","status-publish","hentry"],"_links":{"self":[{"href":"https:\/\/lead.uab.pt\/helaheduki\/wp-json\/wp\/v2\/pages\/2170","targetHints":{"allow":["GET"]}}],"collection":[{"href":"https:\/\/lead.uab.pt\/helaheduki\/wp-json\/wp\/v2\/pages"}],"about":[{"href":"https:\/\/lead.uab.pt\/helaheduki\/wp-json\/wp\/v2\/types\/page"}],"author":[{"embeddable":true,"href":"https:\/\/lead.uab.pt\/helaheduki\/wp-json\/wp\/v2\/users\/5"}],"replies":[{"embeddable":true,"href":"https:\/\/lead.uab.pt\/helaheduki\/wp-json\/wp\/v2\/comments?post=2170"}],"version-history":[{"count":3,"href":"https:\/\/lead.uab.pt\/helaheduki\/wp-json\/wp\/v2\/pages\/2170\/revisions"}],"predecessor-version":[{"id":2260,"href":"https:\/\/lead.uab.pt\/helaheduki\/wp-json\/wp\/v2\/pages\/2170\/revisions\/2260"}],"wp:attachment":[{"href":"https:\/\/lead.uab.pt\/helaheduki\/wp-json\/wp\/v2\/media?parent=2170"}],"curies":[{"name":"wp","href":"https:\/\/api.w.org\/{rel}","templated":true}]}}