{"id":2186,"date":"2024-01-25T22:23:30","date_gmt":"2024-01-25T22:23:30","guid":{"rendered":"https:\/\/lead.uab.pt\/helaheduki\/?page_id=2186"},"modified":"2024-01-26T22:16:48","modified_gmt":"2024-01-26T22:16:48","slug":"capitulo-10","status":"publish","type":"page","link":"https:\/\/lead.uab.pt\/helaheduki\/capitulo-10\/","title":{"rendered":"Cap\u00edtulo 10"},"content":{"rendered":"\n<h2 class=\"wp-block-heading\">Cap\u00edtulo 10 &#8211; Regressar \u00e0 \u201cescola\u201d aos 43 anos<\/h2>\n\n\n\n<div style=\"height:20px\" aria-hidden=\"true\" class=\"wp-block-spacer\"><\/div>\n\n\n\n<p><strong>Autores<\/strong>: Rita Relego e Sofia Malheiro&nbsp;da Silva<\/p>\n\n\n\n<p><strong>Palavras-chave: <\/strong>centro de estudos, curr\u00edculo funcional, forma\u00e7\u00e3o de adultos, Perturba\u00e7\u00e3o cognitiva<\/p>\n\n\n\n<p><strong>Cita\u00e7\u00e3o:<\/strong> Relego, R. &amp; Malheiro, S. (2023). Regressar \u00e0 \u201cescola\u201d aos 43 anos. In M. Francisco, C. Tom\u00e1s &amp; S. Malheiro (Orgs.). <em>12 hist\u00f3rias educacionais: Ser diferente na diversidade. Pr\u00e1ticas pedag\u00f3gicas em contextos pouco vis\u00edveis<\/em>. [Online]. LEAD, Universidade Aberta.<\/p>\n\n\n\n<div style=\"height:20px\" aria-hidden=\"true\" class=\"wp-block-spacer\"><\/div>\n\n\n\n<p>Est\u00e1vamos no m\u00eas de outubro de 2017 e bateram-me \u00e0 porta do Centro de Estudos. Desde 2010 que o mesmo funcionava com meninos ditos \u201cnormais\u201d. Nunca me tinham procurado para dar respostas a alunos com defici\u00eancia ou com necessidades educativas especiais como na \u00e9poca ainda se chamavam. Naquele dia, esta situa\u00e7\u00e3o podia mudar. A Rita perguntou-me o que se podia aprender ali. Depois de dadas todas as informa\u00e7\u00f5es, garantiu-me que iria falar com a m\u00e3e porque queria muito aprender \u201ccoisas da escola\u201d especialmente \u201cPortugu\u00eas, Ingl\u00eas e outras coisas\u201d.&nbsp;<\/p>\n\n\n\n<p>N\u00e3o foi preciso uma semana para reunir com a m\u00e3e e procurar que o centro de estudos desse resposta \u00e0s motiva\u00e7\u00f5es e necessidades demonstradas pela Rita e pela fam\u00edlia.&nbsp;<\/p>\n\n\n\n<p>Nascida em junho de 1974, numa fam\u00edlia com pais e 3 irm\u00e3os tamb\u00e9m eles j\u00e1 adultos e a viver cada um em suas casas, a Rita habitava com o pai e com a m\u00e3e e as suas rotinas passavam pela frequ\u00eancia do CRID. Neste local, quer a m\u00e3e, quer a Rita sentiam que \u201cpuxavam\u201d pouco por ela. Era importante aprender a manusear o dinheiro, a ver as horas, a escrever, a motivar-se para a leitura, a conviver com crian\u00e7as e jovens ditos \u201cnormais\u201d, a fazer amigos, a conquistar alguma autonomia e a aprender conte\u00fados disciplinares de interesse funcional para a sua vida.<\/p>\n\n\n\n<p>Assim, num agendamento trissemanal, a Rita come\u00e7ou a frequentar o centro de estudos com sess\u00f5es de 1h cada. Entre sess\u00f5es de apoio individualizado, as sess\u00f5es em que trabalhava com regime de par pedag\u00f3gico com outros alunos do centro de estudos, do 3.\u00ba ao 9.\u00ba ano de escolaridade, as experi\u00eancias iam sendo diversificadas, assumindo-se o cumprimento de um programa pedag\u00f3gico de natureza funcional, que era implementado no centro de estudos, mas que tinha continuidade em casa, dada a motiva\u00e7\u00e3o que a Rita sentia \u201cpelas coisas da escola\u201d.<\/p>\n\n\n\n<p>Trabalhando com manuais escolares, com ficheiros autocorretivos, com materiais manipulativos, com jogos did\u00e1ticos, com o computador, com o mural de parede, etc. v\u00e1rios foram os contextos e os pretextos associados a diferentes cen\u00e1rios motivacionais para desenvolver as compet\u00eancias funcionais da Rita.&nbsp;<\/p>\n\n\n\n<p>Foi muito gratificante todo este processo. A Rita frequentou o centro de estudos at\u00e9 ao encerramento do mesmo, por motivos da pandemia COVID-19. No final deste percurso conseguimos que a Rita melhorasse de forma consider\u00e1vel as suas compet\u00eancias:&nbsp;<\/p>\n\n\n\n<ul class=\"wp-block-list\">\n<li>de leitura, interpreta\u00e7\u00e3o e compreens\u00e3o escrita&nbsp;<\/li>\n\n\n\n<li>de escrita funcional;&nbsp;&nbsp;<\/li>\n\n\n\n<li>de leitura e interpreta\u00e7\u00e3o das horas;&nbsp;<\/li>\n\n\n\n<li>no manuseamento do dinheiro (euro);&nbsp;&nbsp;<\/li>\n\n\n\n<li>no seu c\u00e1lculo mental;&nbsp;<\/li>\n\n\n\n<li>motivacionais para apelar \u00e0 leitura e \u00e0 pesquisa;&nbsp;<\/li>\n\n\n\n<li>em diferentes conte\u00fados curriculares do ensino b\u00e1sico com aplicabilidade no seu dia a dia;<\/li>\n\n\n\n<li>Sociais e afetivas (cria\u00e7\u00e3o de novas amizades);<\/li>\n\n\n\n<li>Comunicacionais (conquistou a comunica\u00e7\u00e3o pelas redes sociais)&nbsp;<\/li>\n<\/ul>\n\n\n\n<p>Sentiu-se, tal como a mesma disse: \u201cmais livre, com mais amigos e mais capaz de aprender coisas novas e diferentes\u201d.&nbsp;<\/p>\n\n\n\n<p>Foi muito compensador para mim, enquanto t\u00e9cnica superior de educa\u00e7\u00e3o, ter recebido a Rita no centro de estudos e promover ao longo de 3 anos letivos esta inclus\u00e3o complementar \u00e0s atividades que a Rita desenvolvia no CRID, num mix de tentativa, experi\u00eancia, erro, quer no que \u00e0s op\u00e7\u00f5es curriculares dizia respeito, quer no que se relacionava com atividades a propor, estrat\u00e9gias a implementar, pares pedag\u00f3gicos a associar, etc.<\/p>\n\n\n\n<p>Na verdade, nunca \u00e9 tarde para \u201cvoltar \u00e0 escola\u201d e, com boa vontade a \u201cescola pode voltar para n\u00f3s\u201d adaptando diferentes cen\u00e1rios e diferentes contextos aos prop\u00f3sitos que idealizamos.&nbsp;<\/p>\n\n\n\n<div style=\"height:60px\" aria-hidden=\"true\" class=\"wp-block-spacer\"><\/div>\n\n\n\n<div class=\"wp-block-columns is-layout-flex wp-container-core-columns-is-layout-1 wp-block-columns-is-layout-flex\">\n<div class=\"wp-block-column is-layout-flow wp-block-column-is-layout-flow\">\n<div class=\"wp-block-buttons is-layout-flex wp-block-buttons-is-layout-flex\">\n<div class=\"wp-block-button is-style-fill\"><a class=\"wp-block-button__link wp-element-button\" href=\"https:\/\/lead.uab.pt\/helaheduki\/capitulo-9\/\">Anterior<\/a><\/div>\n<\/div>\n<\/div>\n\n\n\n<div class=\"wp-block-column is-layout-flow wp-block-column-is-layout-flow\">\n<div class=\"wp-block-buttons is-content-justification-center is-layout-flex wp-container-core-buttons-is-layout-2 wp-block-buttons-is-layout-flex\">\n<div class=\"wp-block-button is-style-outline is-style-outline--1\"><a class=\"wp-block-button__link wp-element-button\" href=\"https:\/\/lead.uab.pt\/helaheduki\/indice\/\">\u00cdndice<\/a><\/div>\n<\/div>\n<\/div>\n\n\n\n<div class=\"wp-block-column is-layout-flow wp-block-column-is-layout-flow\">\n<div class=\"wp-block-buttons is-content-justification-right is-layout-flex wp-container-core-buttons-is-layout-3 wp-block-buttons-is-layout-flex\">\n<div class=\"wp-block-button is-style-fill\"><a class=\"wp-block-button__link wp-element-button\" href=\"https:\/\/lead.uab.pt\/helaheduki\/capitulo-11\/\">Seguinte<\/a><\/div>\n<\/div>\n<\/div>\n<\/div>\n\n\n\n<div style=\"height:60px\" aria-hidden=\"true\" class=\"wp-block-spacer\"><\/div>\n","protected":false},"excerpt":{"rendered":"Cap\u00edtulo 10 &#8211; Regressar \u00e0 \u201cescola\u201d aos 43 anos Autores: Rita Relego e Sofia Malheiro&nbsp;da Silva Palavras-chave: centro de estudos, curr\u00edculo funcional, forma\u00e7\u00e3o de adultos, Perturba\u00e7\u00e3o cognitiva Cita\u00e7\u00e3o: Relego, R. &amp; Malheiro, S. (2023). Regressar \u00e0 \u201cescola\u201d aos 43 anos. In M. Francisco, C. Tom\u00e1s &amp; S. Malheiro (Orgs.). 12 hist\u00f3rias educacionais: Ser diferente na [&hellip;]","protected":false},"author":5,"featured_media":0,"parent":0,"menu_order":0,"comment_status":"closed","ping_status":"closed","template":"","meta":{"footnotes":""},"class_list":["post-2186","page","type-page","status-publish","hentry"],"_links":{"self":[{"href":"https:\/\/lead.uab.pt\/helaheduki\/wp-json\/wp\/v2\/pages\/2186","targetHints":{"allow":["GET"]}}],"collection":[{"href":"https:\/\/lead.uab.pt\/helaheduki\/wp-json\/wp\/v2\/pages"}],"about":[{"href":"https:\/\/lead.uab.pt\/helaheduki\/wp-json\/wp\/v2\/types\/page"}],"author":[{"embeddable":true,"href":"https:\/\/lead.uab.pt\/helaheduki\/wp-json\/wp\/v2\/users\/5"}],"replies":[{"embeddable":true,"href":"https:\/\/lead.uab.pt\/helaheduki\/wp-json\/wp\/v2\/comments?post=2186"}],"version-history":[{"count":3,"href":"https:\/\/lead.uab.pt\/helaheduki\/wp-json\/wp\/v2\/pages\/2186\/revisions"}],"predecessor-version":[{"id":2268,"href":"https:\/\/lead.uab.pt\/helaheduki\/wp-json\/wp\/v2\/pages\/2186\/revisions\/2268"}],"wp:attachment":[{"href":"https:\/\/lead.uab.pt\/helaheduki\/wp-json\/wp\/v2\/media?parent=2186"}],"curies":[{"name":"wp","href":"https:\/\/api.w.org\/{rel}","templated":true}]}}