{"id":2211,"date":"2024-01-25T23:26:07","date_gmt":"2024-01-25T23:26:07","guid":{"rendered":"https:\/\/lead.uab.pt\/helaheduki\/?page_id=2211"},"modified":"2024-01-25T23:46:42","modified_gmt":"2024-01-25T23:46:42","slug":"indice","status":"publish","type":"page","link":"https:\/\/lead.uab.pt\/helaheduki\/indice\/","title":{"rendered":"\u00cdndice"},"content":{"rendered":"\n<h1 class=\"wp-block-heading\" id=\"block-4c1de944-b68e-42a7-8647-d1ada7e75b11\">\u00cdndice<\/h1>\n\n\n\n<div style=\"height:20px\" aria-hidden=\"true\" class=\"wp-block-spacer\"><\/div>\n\n\n\n<ul class=\"wp-block-list\">\n<li><a href=\"https:\/\/lead.uab.pt\/helaheduki\/ficha-tecnica\/\">Ficha t\u00e9cnica<\/a><\/li>\n\n\n\n<li><a href=\"https:\/\/lead.uab.pt\/helaheduki\/agradecimentos\/\">Agradecimentos<\/a><\/li>\n\n\n\n<li><a href=\"https:\/\/lead.uab.pt\/helaheduki\/nota-introdutoria\/\">Nota introdut\u00f3ria<\/a><\/li>\n\n\n\n<li><a href=\"https:\/\/lead.uab.pt\/helaheduki\/organizacao-do-livro\/\">Organiza\u00e7\u00e3o do livro<\/a><\/li>\n\n\n\n<li><a href=\"https:\/\/lead.uab.pt\/helaheduki\/sinopse-dos-capitulos\/\">Sinopse dos cap\u00edtulos<\/a><\/li>\n\n\n\n<li><a href=\"https:\/\/lead.uab.pt\/helaheduki\/capitulo-1\/\">Cap\u00edtulo 1 \u2013 Exploradores de Espa\u00e7os Verdes.<\/a><\/li>\n\n\n\n<li><a href=\"https:\/\/lead.uab.pt\/helaheduki\/capitulo-2\/\">Cap\u00edtulo 2 \u2013 Palavras no Correio.<\/a><\/li>\n\n\n\n<li><a href=\"https:\/\/lead.uab.pt\/helaheduki\/capitulo-3\/\">Cap\u00edtulo 3 \u2013 Tecnologia inclusiva: o uso da caneta leitora.<\/a><\/li>\n\n\n\n<li><a href=\"https:\/\/lead.uab.pt\/helaheduki\/capitulo-4\/\">Cap\u00edtulo 4 \u2013 O digital em pr\u00e1ticas diferenciadoras.<\/a><\/li>\n\n\n\n<li><a href=\"https:\/\/lead.uab.pt\/helaheduki\/capitulo-5\/\">Cap\u00edtulo 5 \u2013 Tiago, m\u00e3os que falam &#8211; cora\u00e7\u00e3o que sente.<\/a><\/li>\n\n\n\n<li><a href=\"https:\/\/lead.uab.pt\/helaheduki\/capitulo-6\/\">Cap\u00edtulo 6 \u2013 O ensino dom\u00e9stico de um aluno Surdo.<\/a><\/li>\n\n\n\n<li><a href=\"https:\/\/lead.uab.pt\/helaheduki\/capitulo-7\/\">Cap\u00edtulo 7 \u2013 O Desafio.<\/a><\/li>\n\n\n\n<li><a href=\"https:\/\/lead.uab.pt\/helaheduki\/capitulo-8\/\">Cap\u00edtulo 8 \u2013 Com as m\u00e3os e atrav\u00e9s das m\u00e3os.<\/a><\/li>\n\n\n\n<li><a href=\"https:\/\/lead.uab.pt\/helaheduki\/capitulo-9\/\">Cap\u00edtulo 9 \u2013 Digitar apenas com uma m\u00e3o.<\/a><\/li>\n\n\n\n<li><a href=\"https:\/\/lead.uab.pt\/helaheduki\/capitulo-10\/\">Cap\u00edtulo 10 \u2013 Regressar \u00e0 \u201cescola\u201d aos 43 anos.<\/a><\/li>\n\n\n\n<li><a href=\"https:\/\/lead.uab.pt\/helaheduki\/capitulo-11\/\">Cap\u00edtulo 11 \u2013 Quando a Dislexia deixa de mandar em n\u00f3s!<\/a><\/li>\n\n\n\n<li><a href=\"https:\/\/lead.uab.pt\/helaheduki\/capitulo-12\/\">Cap\u00edtulo 12 \u2013 A m\u00e3o ajuda a desenvolver o c\u00e9rebro.<\/a><\/li>\n<\/ul>\n\n\n\n<div style=\"height:60px\" aria-hidden=\"true\" class=\"wp-block-spacer\"><\/div>\n","protected":false},"excerpt":{"rendered":"\u00cdndice","protected":false},"author":5,"featured_media":0,"parent":0,"menu_order":0,"comment_status":"closed","ping_status":"closed","template":"","meta":{"footnotes":""},"class_list":["post-2211","page","type-page","status-publish","hentry"],"_links":{"self":[{"href":"https:\/\/lead.uab.pt\/helaheduki\/wp-json\/wp\/v2\/pages\/2211","targetHints":{"allow":["GET"]}}],"collection":[{"href":"https:\/\/lead.uab.pt\/helaheduki\/wp-json\/wp\/v2\/pages"}],"about":[{"href":"https:\/\/lead.uab.pt\/helaheduki\/wp-json\/wp\/v2\/types\/page"}],"author":[{"embeddable":true,"href":"https:\/\/lead.uab.pt\/helaheduki\/wp-json\/wp\/v2\/users\/5"}],"replies":[{"embeddable":true,"href":"https:\/\/lead.uab.pt\/helaheduki\/wp-json\/wp\/v2\/comments?post=2211"}],"version-history":[{"count":4,"href":"https:\/\/lead.uab.pt\/helaheduki\/wp-json\/wp\/v2\/pages\/2211\/revisions"}],"predecessor-version":[{"id":2225,"href":"https:\/\/lead.uab.pt\/helaheduki\/wp-json\/wp\/v2\/pages\/2211\/revisions\/2225"}],"wp:attachment":[{"href":"https:\/\/lead.uab.pt\/helaheduki\/wp-json\/wp\/v2\/media?parent=2211"}],"curies":[{"name":"wp","href":"https:\/\/api.w.org\/{rel}","templated":true}]}}