{"id":2280,"date":"2024-06-12T12:07:33","date_gmt":"2024-06-12T11:07:33","guid":{"rendered":"https:\/\/lead.uab.pt\/helaheduki\/?page_id=2280"},"modified":"2024-06-12T12:11:17","modified_gmt":"2024-06-12T11:11:17","slug":"led","status":"publish","type":"page","link":"https:\/\/lead.uab.pt\/helaheduki\/led\/","title":{"rendered":"LE@D"},"content":{"rendered":"\n<h2 class=\"wp-block-heading\">Laborat\u00f3rio de Ensino a Dist\u00e2ncia e eLearning<\/h2>\n\n\n\n<div style=\"height:40px\" aria-hidden=\"true\" class=\"wp-block-spacer\"><\/div>\n\n\n\n<p>O Laborat\u00f3rio de Educa\u00e7\u00e3o a Dist\u00e2ncia e eLearning \u2013 LE@D \u2013 \u00e9 uma unidade de I&amp;D dedicada \u00e0 investiga\u00e7\u00e3o em Educa\u00e7\u00e3o, com especializa\u00e7\u00e3o em Educa\u00e7\u00e3o a Dist\u00e2ncia.<\/p>\n\n\n\n<p>A UID assume como meta priorit\u00e1ria a inova\u00e7\u00e3o e a lideran\u00e7a da investiga\u00e7\u00e3o em Educa\u00e7\u00e3o Aberta e a Dist\u00e2ncia, na sociedade digital.<\/p>\n\n\n\n<p>O LE@D desenvolve investiga\u00e7\u00e3o e transfer\u00eancia de conhecimento em tr\u00eas \u00e1reas estrat\u00e9gicas: Teorias e Pr\u00e1ticas em Educa\u00e7\u00e3o Aberta e a Dist\u00e2ncia; Educa\u00e7\u00e3o e Sustentabilidades; Problem\u00e1ticas Educativas no P\u00f3sdigital.<\/p>\n\n\n\n<p>A unidade de investiga\u00e7\u00e3o e desenvolvimento faz parte da rede de centros de investiga\u00e7\u00e3o nacionais registados na Funda\u00e7\u00e3o para a Ci\u00eancia e Tecnologia (FCT) (n\u00ba 4372) e est\u00e1 sediada na Universidade Aberta.<\/p>\n\n\n\n<div style=\"height:40px\" aria-hidden=\"true\" class=\"wp-block-spacer\"><\/div>\n\n\n\n<div class=\"wp-block-buttons is-layout-flex wp-block-buttons-is-layout-flex\">\n<div class=\"wp-block-button is-style-outline is-style-outline--1\"><a class=\"wp-block-button__link has-base-color has-vivid-red-background-color has-text-color has-background has-link-color wp-element-button\" href=\"https:\/\/lead.uab.pt\/lead\/\" style=\"border-style:none;border-width:0px;border-radius:23px\" target=\"_blank\" rel=\"noreferrer noopener\"><strong>Saber mais sobre o LE@D<\/strong><\/a><\/div>\n<\/div>\n\n\n\n<div style=\"height:100px\" aria-hidden=\"true\" class=\"wp-block-spacer\"><\/div>\n","protected":false},"excerpt":{"rendered":"Laborat\u00f3rio de Ensino a Dist\u00e2ncia e eLearning O Laborat\u00f3rio de Educa\u00e7\u00e3o a Dist\u00e2ncia e eLearning \u2013 LE@D \u2013 \u00e9 uma unidade de I&amp;D dedicada \u00e0 investiga\u00e7\u00e3o em Educa\u00e7\u00e3o, com especializa\u00e7\u00e3o em Educa\u00e7\u00e3o a Dist\u00e2ncia. A UID assume como meta priorit\u00e1ria a inova\u00e7\u00e3o e a lideran\u00e7a da investiga\u00e7\u00e3o em Educa\u00e7\u00e3o Aberta e a Dist\u00e2ncia, na sociedade [&hellip;]","protected":false},"author":5,"featured_media":0,"parent":0,"menu_order":0,"comment_status":"closed","ping_status":"closed","template":"","meta":{"footnotes":""},"class_list":["post-2280","page","type-page","status-publish","hentry"],"_links":{"self":[{"href":"https:\/\/lead.uab.pt\/helaheduki\/wp-json\/wp\/v2\/pages\/2280","targetHints":{"allow":["GET"]}}],"collection":[{"href":"https:\/\/lead.uab.pt\/helaheduki\/wp-json\/wp\/v2\/pages"}],"about":[{"href":"https:\/\/lead.uab.pt\/helaheduki\/wp-json\/wp\/v2\/types\/page"}],"author":[{"embeddable":true,"href":"https:\/\/lead.uab.pt\/helaheduki\/wp-json\/wp\/v2\/users\/5"}],"replies":[{"embeddable":true,"href":"https:\/\/lead.uab.pt\/helaheduki\/wp-json\/wp\/v2\/comments?post=2280"}],"version-history":[{"count":3,"href":"https:\/\/lead.uab.pt\/helaheduki\/wp-json\/wp\/v2\/pages\/2280\/revisions"}],"predecessor-version":[{"id":2284,"href":"https:\/\/lead.uab.pt\/helaheduki\/wp-json\/wp\/v2\/pages\/2280\/revisions\/2284"}],"wp:attachment":[{"href":"https:\/\/lead.uab.pt\/helaheduki\/wp-json\/wp\/v2\/media?parent=2280"}],"curies":[{"name":"wp","href":"https:\/\/api.w.org\/{rel}","templated":true}]}}