{"id":1993,"date":"2023-08-30T18:05:08","date_gmt":"2023-08-30T17:05:08","guid":{"rendered":"https:\/\/lead.uab.pt\/imooc\/?page_id=1993"},"modified":"2023-08-30T18:05:08","modified_gmt":"2023-08-30T17:05:08","slug":"moocs","status":"publish","type":"page","link":"https:\/\/lead.uab.pt\/imooc-en\/moocs\/","title":{"rendered":"MOOCs"},"content":{"rendered":"\n<p><\/p>\n\n\n\n<p><\/p>\n\n\n\n<ul class=\"wp-block-list\">\n<li>2013 | <em>Altera\u00e7\u00f5es Clim\u00e1ticas no Contexto de Vida<\/em><\/li>\n\n\n\n<li>2013 | <em><a href=\"https:\/\/platform.europeanmoocs.eu\/course_alteraes_climticas_ligando_cin\" data-type=\"link\" data-id=\"https:\/\/platform.europeanmoocs.eu\/course_alteraes_climticas_ligando_cin\">Climate change: taking science into lived experience<\/a><\/em><\/li>\n\n\n\n<li>2013 | <a href=\"https:\/\/hub0.eco-learning.eu\/course\/smooc-step-by-step\/?ecouserid=546f731221f8df231307cdeb\">sMOOC passo a passo<\/a><\/li>\n\n\n\n<li>2015| <a href=\"http:\/\/eco.imooc.uab.pt\/elgg\/cursos\" data-type=\"link\" data-id=\"http:\/\/eco.imooc.uab.pt\/elgg\/cursos\"><em>Compet\u00eancias Digitais para professore<\/em>s<\/a> <\/li>\n\n\n\n<li>2015 | <em><a href=\"https:\/\/platform.europeanmoocs.eu\/course_lisboa_e_o_mar_uma_historia_de\" data-type=\"link\" data-id=\"https:\/\/platform.europeanmoocs.eu\/course_lisboa_e_o_mar_uma_historia_de\">Lisboa e o Mar: uma Hist\u00f3ria de Chegadas e Partidas<\/a><\/em>\n<ul class=\"wp-block-list\">\n<li>  Lisboa Cidade Aberta &#8211; Aula Aberta<\/li>\n<\/ul>\n<\/li>\n\n\n\n<li>2023 | <em>Longitudinal Analysis- curso piloto<\/em><\/li>\n<\/ul>\n","protected":false},"excerpt":{"rendered":"","protected":false},"author":4,"featured_media":0,"parent":0,"menu_order":0,"comment_status":"closed","ping_status":"closed","template":"","meta":{"speak2many_translation":"","footnotes":""},"class_list":["post-1993","page","type-page","status-publish","hentry"],"_links":{"self":[{"href":"https:\/\/lead.uab.pt\/imooc-en\/wp-json\/wp\/v2\/pages\/1993","targetHints":{"allow":["GET"]}}],"collection":[{"href":"https:\/\/lead.uab.pt\/imooc-en\/wp-json\/wp\/v2\/pages"}],"about":[{"href":"https:\/\/lead.uab.pt\/imooc-en\/wp-json\/wp\/v2\/types\/page"}],"author":[{"embeddable":true,"href":"https:\/\/lead.uab.pt\/imooc-en\/wp-json\/wp\/v2\/users\/4"}],"replies":[{"embeddable":true,"href":"https:\/\/lead.uab.pt\/imooc-en\/wp-json\/wp\/v2\/comments?post=1993"}],"version-history":[{"count":0,"href":"https:\/\/lead.uab.pt\/imooc-en\/wp-json\/wp\/v2\/pages\/1993\/revisions"}],"wp:attachment":[{"href":"https:\/\/lead.uab.pt\/imooc-en\/wp-json\/wp\/v2\/media?parent=1993"}],"curies":[{"name":"wp","href":"https:\/\/api.w.org\/{rel}","templated":true}]}}