{"id":139,"date":"2022-10-19T22:41:51","date_gmt":"2022-10-19T22:41:51","guid":{"rendered":"https:\/\/sites.uab.pt\/congresso-humanidades\/?page_id=139"},"modified":"2024-12-23T12:47:24","modified_gmt":"2024-12-23T12:47:24","slug":"projeto","status":"publish","type":"page","link":"https:\/\/lead.uab.pt\/imooc\/","title":{"rendered":"Projeto iMOOC"},"content":{"rendered":"\n<h2 class=\"wp-block-heading\">Projeto<\/h2>\n\n\n\n<div class=\"wp-block-columns is-layout-flex wp-container-core-columns-is-layout-1 wp-block-columns-is-layout-flex\">\n<div class=\"wp-block-column is-layout-flow wp-block-column-is-layout-flow\" style=\"flex-basis:60%\">\n<p>Refer\u00eancia: PTN\/UID4372-LEaD\/032016<\/p>\n\n\n\n<p>A introdu\u00e7\u00e3o de uma educa\u00e7\u00e3o online aberta e massiva trouxe um novo espectro de possibilidades desafiantes para ampliar o acesso a uma educa\u00e7\u00e3o de qualidade. No entanto, a maioria dos MOOCs oferecidos atualmente n\u00e3o s\u00e3o desenhados para capacitar e favorecer experi\u00eancias de aprendizagem colaborativas<br>de qualidade, n\u00e3o sendo, portanto, adequados para serem implementados num<br>ambiente institucional formal. <\/p>\n\n\n\n<p>O projeto iMOOC  (2013-2023) na Universidade Aberta portuguesa (Universidade Aberta, UAb) pretendeu desenvolver um modelo pedag\u00f3gico institucional  como s\u00edntese entre uma abordagem conectivista e uma abordagem mais estruturada permitindo ultrapassar o fosso entre oportunidades de aprendizagem massivas n\u00e3o-formais e o ensino superior formal.<\/p>\n<\/div>\n\n\n\n<div class=\"wp-block-column is-layout-flow wp-block-column-is-layout-flow\" style=\"flex-basis:20px\"><\/div>\n\n\n\n<div class=\"wp-block-column is-layout-flow wp-block-column-is-layout-flow\">\n<figure class=\"wp-block-image size-full is-resized\"><img loading=\"lazy\" decoding=\"async\" width=\"640\" height=\"402\" src=\"https:\/\/lead.uab.pt\/imooc\/wp-content\/uploads\/sites\/26\/2023\/10\/640px-MOOC_poster_mathplourde.png\" alt=\"\" class=\"wp-image-2081\" style=\"width:474px;height:298px\" srcset=\"https:\/\/lead.uab.pt\/imooc\/wp-content\/uploads\/sites\/26\/2023\/10\/640px-MOOC_poster_mathplourde.png 640w, https:\/\/lead.uab.pt\/imooc\/wp-content\/uploads\/sites\/26\/2023\/10\/640px-MOOC_poster_mathplourde-300x188.png 300w\" sizes=\"auto, (max-width: 640px) 100vw, 640px\" \/><\/figure>\n<\/div>\n<\/div>\n","protected":false},"excerpt":{"rendered":"Projeto Refer\u00eancia: PTN\/UID4372-LEaD\/032016 A introdu\u00e7\u00e3o de uma educa\u00e7\u00e3o online aberta e massiva trouxe um novo espectro de possibilidades desafiantes para ampliar o acesso a uma educa\u00e7\u00e3o de qualidade. No entanto, a maioria dos MOOCs oferecidos atualmente n\u00e3o s\u00e3o desenhados para capacitar e favorecer experi\u00eancias de aprendizagem colaborativasde qualidade, n\u00e3o sendo, portanto, adequados para serem implementados [&hellip;]","protected":false},"author":1,"featured_media":0,"parent":0,"menu_order":10,"comment_status":"closed","ping_status":"closed","template":"","meta":{"speak2many_translation":"{\"en-GB\":{\"url\":\"https:\/\/lead.uab.pt\/imooc-en\/project\/\",\"postID\":139,\"postTitle\":\"Project\",\"siteID\":27,\"customURL\":false,\"type\":\"page\",\"languageInfo\":{\"name\":\"English (UK)\",\"locale\":\"en_GB\",\"speak2many_site_api_url\":\"https:\/\/lead.uab.pt\/imooc-en\/wp-json\/\"}}}","footnotes":""},"class_list":["post-139","page","type-page","status-publish","hentry"],"_links":{"self":[{"href":"https:\/\/lead.uab.pt\/imooc\/wp-json\/wp\/v2\/pages\/139","targetHints":{"allow":["GET"]}}],"collection":[{"href":"https:\/\/lead.uab.pt\/imooc\/wp-json\/wp\/v2\/pages"}],"about":[{"href":"https:\/\/lead.uab.pt\/imooc\/wp-json\/wp\/v2\/types\/page"}],"author":[{"embeddable":true,"href":"https:\/\/lead.uab.pt\/imooc\/wp-json\/wp\/v2\/users\/1"}],"replies":[{"embeddable":true,"href":"https:\/\/lead.uab.pt\/imooc\/wp-json\/wp\/v2\/comments?post=139"}],"version-history":[{"count":4,"href":"https:\/\/lead.uab.pt\/imooc\/wp-json\/wp\/v2\/pages\/139\/revisions"}],"predecessor-version":[{"id":2117,"href":"https:\/\/lead.uab.pt\/imooc\/wp-json\/wp\/v2\/pages\/139\/revisions\/2117"}],"wp:attachment":[{"href":"https:\/\/lead.uab.pt\/imooc\/wp-json\/wp\/v2\/media?parent=139"}],"curies":[{"name":"wp","href":"https:\/\/api.w.org\/{rel}","templated":true}]}}