{"id":1989,"date":"2023-08-30T18:02:58","date_gmt":"2023-08-30T17:02:58","guid":{"rendered":"https:\/\/lead.uab.pt\/imooc\/?page_id=1989"},"modified":"2023-09-23T07:03:26","modified_gmt":"2023-09-23T06:03:26","slug":"teses-de-doutoramento","status":"publish","type":"page","link":"https:\/\/lead.uab.pt\/imooc\/teses-de-doutoramento\/","title":{"rendered":"Teses de Doutoramento"},"content":{"rendered":"\n<h4 class=\"wp-block-heading\"><strong>Teses de doutoramento<\/strong><\/h4>\n\n\n\n<ul class=\"wp-block-list\">\n<li>Tom\u00e1s, C. (2021). <a href=\"http:\/\/hdl.handle.net\/10400.2\/10773\" data-type=\"URL\" data-id=\"http:\/\/hdl.handle.net\/10400.2\/10773\">Desafios \u00e9ticos da Internet das Coisas: em torno da personaliza\u00e7\u00e3o na educa\u00e7\u00e3o<\/a>, doutoramento em Educa\u00e7\u00e3o, especialidade EDEL, Universidade Aberta. Orientada por Ant\u00f3nio Teixeira.<\/li>\n\n\n\n<li><\/li>\n\n\n\n<li>Fonte, M. F. (2019). <em><a href=\"http:\/\/hdl.handle.net\/10400.2\/9964\" data-type=\"URL\" data-id=\"http:\/\/hdl.handle.net\/10400.2\/9964\">Como garantir a qualidade da educa\u00e7\u00e3o aberta e a dist\u00e2ncia no ensino superior portugu\u00eas: constru\u00e7\u00e3o de um referencial de avalia\u00e7\u00e3o<\/a><\/em>, doutoramento em Educa\u00e7\u00e3o, especialidade EDEL, Universidade Aberta. Orientada por Ant\u00f3nio Teixeira e coorientada por Covadonga Rodrigo.<\/li>\n\n\n\n<li><\/li>\n\n\n\n<li>Cardoso, P. (2019). <em><a href=\"http:\/\/hdl.handle.net\/10400.2\/7363\" data-type=\"URL\" data-id=\"http:\/\/hdl.handle.net\/10400.2\/7363\">Pr\u00e1ticas educacionais abertas no ensino superior p\u00fablico em Portugal : da teoria \u00e0 pr\u00e1tica : recursos educacionais abertos e acesso aberto<\/a><\/em>, doutoramento em Educa\u00e7\u00e3o, especialidade EDEL, Universidade Aberta. Orientada por Lina Morgado e coorientada por Ant\u00f3nio Teixeira. <\/li>\n\n\n\n<li><\/li>\n\n\n\n<li>Saraiva, F. (2018). <em>Gamifica\u00e7\u00e3o numa rede social duma universidade virtual : o caso da Rede SOL<\/em>, doutoramento em Educa\u00e7\u00e3o, especialidade EDEL, Universidade Aberta. Orientada por Lina Morgado e coorientada por Vitor Rocio.<\/li>\n\n\n\n<li><\/li>\n\n\n\n<li>Sahb, W. F. (2015). <em>Processo de expans\u00e3o e integra\u00e7\u00e3o da educa\u00e7\u00e3o superior no MERCOSUL<\/em>, Brasil.<\/li>\n<\/ul>\n\n\n\n<p><\/p>\n\n\n\n<h4 class=\"wp-block-heading\"><strong>Projetos de doutoramento<\/strong><\/h4>\n\n\n\n<p>Santos, A. M. (2016). Intera\u00e7\u00e3o e colabora\u00e7\u00e3o nos MOOCs: o caso do iMOOC, doutoramento em Educa\u00e7\u00e3o, especialidade EDEL, Universidade Aberta. <\/p>\n","protected":false},"excerpt":{"rendered":"Teses de doutoramento Projetos de doutoramento Santos, A. M. (2016). Intera\u00e7\u00e3o e colabora\u00e7\u00e3o nos MOOCs: o caso do iMOOC, doutoramento em Educa\u00e7\u00e3o, especialidade EDEL, Universidade Aberta.","protected":false},"author":4,"featured_media":0,"parent":0,"menu_order":0,"comment_status":"closed","ping_status":"closed","template":"","meta":{"speak2many_translation":"","footnotes":""},"class_list":["post-1989","page","type-page","status-publish","hentry"],"_links":{"self":[{"href":"https:\/\/lead.uab.pt\/imooc\/wp-json\/wp\/v2\/pages\/1989","targetHints":{"allow":["GET"]}}],"collection":[{"href":"https:\/\/lead.uab.pt\/imooc\/wp-json\/wp\/v2\/pages"}],"about":[{"href":"https:\/\/lead.uab.pt\/imooc\/wp-json\/wp\/v2\/types\/page"}],"author":[{"embeddable":true,"href":"https:\/\/lead.uab.pt\/imooc\/wp-json\/wp\/v2\/users\/4"}],"replies":[{"embeddable":true,"href":"https:\/\/lead.uab.pt\/imooc\/wp-json\/wp\/v2\/comments?post=1989"}],"version-history":[{"count":13,"href":"https:\/\/lead.uab.pt\/imooc\/wp-json\/wp\/v2\/pages\/1989\/revisions"}],"predecessor-version":[{"id":2070,"href":"https:\/\/lead.uab.pt\/imooc\/wp-json\/wp\/v2\/pages\/1989\/revisions\/2070"}],"wp:attachment":[{"href":"https:\/\/lead.uab.pt\/imooc\/wp-json\/wp\/v2\/media?parent=1989"}],"curies":[{"name":"wp","href":"https:\/\/api.w.org\/{rel}","templated":true}]}}