{"id":1991,"date":"2023-08-30T18:03:25","date_gmt":"2023-08-30T17:03:25","guid":{"rendered":"https:\/\/lead.uab.pt\/imooc\/?page_id=1991"},"modified":"2025-09-19T13:11:07","modified_gmt":"2025-09-19T12:11:07","slug":"dissertacoes-de-mestrado","status":"publish","type":"page","link":"https:\/\/lead.uab.pt\/imooc\/dissertacoes-de-mestrado\/","title":{"rendered":"Disserta\u00e7\u00f5es de Mestrado"},"content":{"rendered":"\n<p>Lista de disserta\u00e7\u00f5es desenvolvidas em cursos de mestrado integradas no projeto iMOOC.<\/p>\n\n\n\n<ul class=\"wp-block-list\">\n<li>Videira, Pedro Miguel (2025). <a href=\"http:\/\/hdl.handle.net\/10400.2\/20247\" data-type=\"link\" data-id=\"http:\/\/hdl.handle.net\/10400.2\/20247\"><em>Modelo de design de MOOC adaptado \u00e0s necessidades da forma\u00e7\u00e3o a dist\u00e2ncia na estrutura da GNR<\/em><\/a>, mestrado em Pedagogia do eLearning, Universidade Aberta, <a href=\"http:\/\/hdl.handle.net\/10400.2\/20247\">http:\/\/hdl.handle.net\/10400.2\/20247<\/a><\/li>\n\n\n\n<li>Tom\u00e1s, Cec\u00edlia (2025). <em>Cocria\u00e7\u00e3o de recursos educacionais digitais abertos potenciada por uma supervis\u00e3o pedag\u00f3gica colaborativa no Agrupamento de Escolas Dr. Ant\u00f3nio Augusto Louro<\/em>, mestrado em Supervis\u00e3o Pedag\u00f3gica, <a href=\"http:\/\/hdl.handle.net\/10400.2\/19861\">http:\/\/hdl.handle.net\/10400.2\/19861<\/a><\/li>\n\n\n\n<li>Bruno, Maria Luiza Panza (2024).  <em><a href=\"http:\/\/hdl.handle.net\/10400.2\/11981\" data-type=\"link\" data-id=\"http:\/\/hdl.handle.net\/10400.2\/11981\">Tend\u00eancias emergentes na certifica\u00e7\u00e3o da aprendizagem e das compet\u00eancias digitais: estudo de boas pr\u00e1ticas<\/a><\/em>, mestrado em Pedagogia do eLearning, <a href=\"http:\/\/hdl.handle.net\/10400.2\/11981\">http:\/\/hdl.handle.net\/10400.2\/11981<\/a><\/li>\n\n\n\n<li>Moreira, Virg\u00ednia (2023). <a href=\"http:\/\/hdl.handle.net\/10400.2\/15202\" data-type=\"link\" data-id=\"http:\/\/hdl.handle.net\/10400.2\/15202\"><em>Conce\u00e7\u00e3o e desenvolvimento de um projeto de MOOC sobre contabilidade de gest\u00e3o: estudo da sua implementa\u00e7\u00e3o<\/em><\/a>, mestrado em Pedagogia do eLearning, <a href=\"http:\/\/hdl.handle.net\/10400.2\/15202\">http:\/\/hdl.handle.net\/10400.2\/15202<\/a><\/li>\n\n\n\n<li>Brand\u00e3o, Maria Ant\u00f3nia Dolores Afonso (2021). <em><a href=\"http:\/\/hdl.handle.net\/10400.2\/11066\" data-type=\"link\" data-id=\"http:\/\/hdl.handle.net\/10400.2\/11066\">Europeana &#8211; Portal Europeu do Patrim\u00f3nio Cultural: avalia\u00e7\u00e3o do impacto da utiliza\u00e7\u00e3o de recursos online pelos professores portugueses\/europeus<\/a><\/em>, mestrado em Pedagogia do eLearning, <a href=\"http:\/\/hdl.handle.net\/10400.2\/11066\">http:\/\/hdl.handle.net\/10400.2\/11066<\/a><\/li>\n\n\n\n<li>Silva, S\u00e9rgio Filipe Duarte da Silva (2018).  <a href=\"http:\/\/hdl.handle.net\/10400.2\/7243\" data-type=\"URL\" data-id=\"http:\/\/hdl.handle.net\/10400.2\/7243\"><em>MOOC na forma\u00e7\u00e3o profissional docente : estudo de caso<\/em><\/a>, mestrado em Pedagogia do eLearning, Universidade Aberta <a href=\"http:\/\/hdl.handle.net\/10400.2\/7243\">http:\/\/hdl.handle.net\/10400.2\/7243<\/a><\/li>\n\n\n\n<li>Ramalheiro, Maria Jo\u00e3o (2018).<em> <a href=\"http:\/\/hdl.handle.net\/10400.2\/8526\" data-type=\"URL\" data-id=\"http:\/\/hdl.handle.net\/10400.2\/8526\">Microbloguing e presen\u00e7a social no ensino aberto, a dist\u00e2ncia e em rede : estudo de caso<\/a><\/em>, mestrado em Pedagogia do eLearning, Universidade Aberta.<a href=\" http:\/\/hdl.handle.net\/10400.2\/8526\"> http:\/\/hdl.handle.net\/10400.2\/8526<\/a> <\/li>\n\n\n\n<li>Morais, Diana Catarina Thomaz Moura (2017). <em><a href=\"http:\/\/hdl.handle.net\/10400.2\/6644\" data-type=\"URL\" data-id=\"http:\/\/hdl.handle.net\/10400.2\/6644\">An\u00e1lise do modelo pedag\u00f3gico do ECOiMOOC : estudo de caso sobre o design instrucional do Boot Camp<\/a><\/em>, mestrado em Pedagogia do eLearning, <a href=\"http:\/\/hdl.handle.net\/10400.2\/6644\">http:\/\/hdl.handle.net\/10400.2\/6644<\/a> <\/li>\n\n\n\n<li>Albuquerque, Rita de C\u00e1ssia da Silva Pedroso (2013). <em><a href=\"http:\/\/hdl.handle.net\/10400.2\/2946\" data-type=\"URL\" data-id=\"http:\/\/hdl.handle.net\/10400.2\/2946\">O primeiro MOOC em l\u00edngua portuguesa : an\u00e1lise cr\u00edtica do seu modelo pedag\u00f3gico<\/a><\/em>, mestrado em Pedagogia do eLearning, http:\/\/hdl.handle.net\/10400.2\/2946<\/li>\n\n\n\n<li>Tom\u00e1s, Cec\u00edlia (2013). <em><a href=\"http:\/\/hdl.handle.net\/10400.2\/3309\" data-type=\"URL\" data-id=\"http:\/\/hdl.handle.net\/10400.2\/3309\">Web sem\u00e2ntica e personaliza\u00e7\u00e3o : repercuss\u00f5es da intera\u00e7\u00e3o sem\u00e2ntica com recursos educacionais abertos na identidade virtual do estudante e nos ambientes de aprendizagem online<\/a><\/em>, mestrado em Pedagogia do eLearning, <a href=\"http:\/\/hdl.handle.net\/10400.2\/3309\">http:\/\/hdl.handle.net\/10400.2\/3309<\/a><\/li>\n\n\n\n<li>Monteiro, Ant\u00f3nio Alexandre Duarte (2012). <em> <a href=\"http:\/\/hdl.handle.net\/10400.2\/2583\" data-type=\"URL\" data-id=\"http:\/\/hdl.handle.net\/10400.2\/2583\">As pr\u00e1ticas educativas abertas na promo\u00e7\u00e3o de uma cultura organizacional aprendente : o caso de estrat\u00e9gia de e-learning na Guarda Nacional Republicana<\/a><\/em>, mestrado em Pedagogia do eLearning, http:\/\/hdl.handle.net\/10400.2\/2583<\/li>\n<\/ul>\n\n\n\n<p><\/p>\n","protected":false},"excerpt":{"rendered":"Lista de disserta\u00e7\u00f5es desenvolvidas em cursos de mestrado integradas no projeto iMOOC.","protected":false},"author":4,"featured_media":0,"parent":0,"menu_order":0,"comment_status":"closed","ping_status":"closed","template":"","meta":{"speak2many_translation":"","footnotes":""},"class_list":["post-1991","page","type-page","status-publish","hentry"],"_links":{"self":[{"href":"https:\/\/lead.uab.pt\/imooc\/wp-json\/wp\/v2\/pages\/1991","targetHints":{"allow":["GET"]}}],"collection":[{"href":"https:\/\/lead.uab.pt\/imooc\/wp-json\/wp\/v2\/pages"}],"about":[{"href":"https:\/\/lead.uab.pt\/imooc\/wp-json\/wp\/v2\/types\/page"}],"author":[{"embeddable":true,"href":"https:\/\/lead.uab.pt\/imooc\/wp-json\/wp\/v2\/users\/4"}],"replies":[{"embeddable":true,"href":"https:\/\/lead.uab.pt\/imooc\/wp-json\/wp\/v2\/comments?post=1991"}],"version-history":[{"count":6,"href":"https:\/\/lead.uab.pt\/imooc\/wp-json\/wp\/v2\/pages\/1991\/revisions"}],"predecessor-version":[{"id":2128,"href":"https:\/\/lead.uab.pt\/imooc\/wp-json\/wp\/v2\/pages\/1991\/revisions\/2128"}],"wp:attachment":[{"href":"https:\/\/lead.uab.pt\/imooc\/wp-json\/wp\/v2\/media?parent=1991"}],"curies":[{"name":"wp","href":"https:\/\/api.w.org\/{rel}","templated":true}]}}