{"id":2018,"date":"2023-08-31T19:07:52","date_gmt":"2023-08-31T18:07:52","guid":{"rendered":"https:\/\/lead.uab.pt\/imooc\/?page_id=2018"},"modified":"2023-09-01T08:24:04","modified_gmt":"2023-09-01T07:24:04","slug":"publicacoes","status":"publish","type":"page","link":"https:\/\/lead.uab.pt\/imooc\/publicacoes\/","title":{"rendered":"Publica\u00e7\u00f5es"},"content":{"rendered":"\n<p><\/p>\n\n\n\n<p><\/p>\n\n\n\n<ul class=\"wp-block-list\">\n<li>Teixeira, A., Mota, J., Morgado, L., &amp; Spilker, M. (2015). i<a href=\"https:\/\/eft-edu.com\/index.php\/eft\/article\/view\/177\" data-type=\"URL\" data-id=\"https:\/\/eft-edu.com\/index.php\/eft\/article\/view\/177\">MOOC: Um Modelo Pedag\u00f3gico Institucional para Cursos Abertos Massivos Online (MOOCs)<\/a>.\u00a0<em>EDUCA\u00c7\u00c3O, FORMA\u00c7\u00c3O &amp; TECNOLOGIAS<\/em>,\u00a0<em>8<\/em>(1), 4\u201312. Obtido de https:\/\/eft-edu.com\/index.php\/eft\/article\/view\/177<\/li>\n\n\n\n<li><\/li>\n\n\n\n<li>Teixeira, A., Nicolau, P., Caeiro, S., Dams, L., Dorp, K.-J. (2012).T<a href=\"https:\/\/www.inderscience.com\/info\/inarticle.php?artid=46054\" data-type=\"URL\" data-id=\"https:\/\/www.inderscience.com\/info\/inarticle.php?artid=46054\">he Challenge of Widening Citizen Participation in Climate Change Education: Developing open educational resources on the lived experiences of climate change<\/a>, <em>International Journal of Innovation and Sustainable Development<\/em> (IJSD), XV: 3\/4,. pp.66-77. Doi: <a href=\"https:\/\/dx.doi.org\/10.1504\/IJISD.2012.046054\">10.1504\/IJISD.2012.046054<\/a><\/li>\n<\/ul>\n","protected":false},"excerpt":{"rendered":"","protected":false},"author":4,"featured_media":0,"parent":0,"menu_order":0,"comment_status":"closed","ping_status":"closed","template":"","meta":{"speak2many_translation":"","footnotes":""},"class_list":["post-2018","page","type-page","status-publish","hentry"],"_links":{"self":[{"href":"https:\/\/lead.uab.pt\/imooc\/wp-json\/wp\/v2\/pages\/2018","targetHints":{"allow":["GET"]}}],"collection":[{"href":"https:\/\/lead.uab.pt\/imooc\/wp-json\/wp\/v2\/pages"}],"about":[{"href":"https:\/\/lead.uab.pt\/imooc\/wp-json\/wp\/v2\/types\/page"}],"author":[{"embeddable":true,"href":"https:\/\/lead.uab.pt\/imooc\/wp-json\/wp\/v2\/users\/4"}],"replies":[{"embeddable":true,"href":"https:\/\/lead.uab.pt\/imooc\/wp-json\/wp\/v2\/comments?post=2018"}],"version-history":[{"count":4,"href":"https:\/\/lead.uab.pt\/imooc\/wp-json\/wp\/v2\/pages\/2018\/revisions"}],"predecessor-version":[{"id":2057,"href":"https:\/\/lead.uab.pt\/imooc\/wp-json\/wp\/v2\/pages\/2018\/revisions\/2057"}],"wp:attachment":[{"href":"https:\/\/lead.uab.pt\/imooc\/wp-json\/wp\/v2\/media?parent=2018"}],"curies":[{"name":"wp","href":"https:\/\/api.w.org\/{rel}","templated":true}]}}