{"id":2026,"date":"2023-08-31T19:17:11","date_gmt":"2023-08-31T18:17:11","guid":{"rendered":"https:\/\/lead.uab.pt\/imooc\/?page_id=2026"},"modified":"2023-08-31T20:30:57","modified_gmt":"2023-08-31T19:30:57","slug":"recursos-educacionais-abertos","status":"publish","type":"page","link":"https:\/\/lead.uab.pt\/imooc\/recursos-educacionais-abertos\/","title":{"rendered":"Recursos Educacionais Abertos"},"content":{"rendered":"\n<ul class=\"wp-block-list\">\n<li>Teixeira, A. &amp; Mota, J. (2018). The iMOOC Pedagogical Model: Widening Participation in Knowledge Co-construction, <em><a href=\"https:\/\/www.aslerd.org\/slerd-2016\/\" data-type=\"URL\" data-id=\"https:\/\/www.aslerd.org\/slerd-2016\/\">1st International Conference on Smart Learning Ecosystems and Regional Developments<\/a><\/em>, May 20, Timisoara.<\/li>\n<\/ul>\n\n\n\n<p><\/p>\n\n\n\n<ul class=\"wp-block-list\">\n<li>Morgado, L. (2016). <a href=\"https:\/\/www.slideshare.net\/lmorgado\/eco-webinar-linamorgado\" data-type=\"URL\" data-id=\"https:\/\/www.slideshare.net\/lmorgado\/eco-webinar-linamorgado\">sMOOC ECO um modelo europeu para MOOCs, Webinar em portugu\u00eas<\/a>, Projeto ECO. <\/li>\n<\/ul>\n\n\n\n<p><\/p>\n\n\n\n<ul class=\"wp-block-list\">\n<li>Morgado, L., Teixeira, A. (2016).<a href=\"http:\/\/hdl.handle.net\/10400.2\/11965\" data-type=\"URL\" data-id=\"http:\/\/hdl.handle.net\/10400.2\/11965\"> O Modelo ECO sMOOC: recentrando a aprendizagem no contexto<\/a>, AIESAD 2016 , 6 -8 de julho, Madrid<\/li>\n<\/ul>\n\n\n\n<p><\/p>\n\n\n\n<ul class=\"wp-block-list\">\n<li>Iniesto, F., Rodrigo, C., Teixeira, A. (2014). <a href=\"https:\/\/www.slideshare.net\/finiesto\/moocir14-accessibility-analysis-in-mooc-platforms-iniesto-rodrigoteixeira?from_search=125\" data-type=\"URL\" data-id=\"https:\/\/www.slideshare.net\/finiesto\/moocir14-accessibility-analysis-in-mooc-platforms-iniesto-rodrigoteixeira?from_search=125\">Accessibility analysis in MOOC platforms. A case study: UNED COMA and UAb iMOOC<\/a>, <em>V Congreso Internacional sobre Calidad y Accesibilidad de la Formaci\u00f3n Virtual CAFVIR 2014<\/em>.<\/li>\n<\/ul>\n\n\n\n<p><\/p>\n\n\n\n<ul class=\"wp-block-list\">\n<li>Mota, J. &amp; Teixeira, A. (2013). <a href=\"https:\/\/www.slideshare.net\/josemota\/imooc-um-modelo-instutucional-para-moocs\" data-type=\"URL\" data-id=\"https:\/\/www.slideshare.net\/josemota\/imooc-um-modelo-instutucional-para-moocs\">iMOOC &#8211; Um modelo institucional para MOOCs<\/a>, <em>I\u00ba Semin\u00e1rio de Inova\u00e7\u00e3o em Rede no Ensino Universit\u00e1rio a Dist\u00e2ncia<\/em>, Universidade Aberta.<\/li>\n<\/ul>\n\n\n\n<p><\/p>\n\n\n\n<ul class=\"wp-block-list\">\n<li>Mota, J. (2012). <a href=\"https:\/\/www.slideshare.net\/MPeL\/mympel2012-josemota\" data-type=\"URL\" data-id=\"https:\/\/www.slideshare.net\/MPeL\/mympel2012-josemota\">Planeta MOOC: a Educa\u00e7\u00e3o Online como Plataforma<\/a>, <em>3\u00aa Confer\u00eancia do mestrado em Pedagogia do eLearning<\/em>&#8211; myMPeL, Universidade Aberta.<\/li>\n<\/ul>\n\n\n\n<p><\/p>\n","protected":false},"excerpt":{"rendered":"","protected":false},"author":4,"featured_media":0,"parent":0,"menu_order":0,"comment_status":"closed","ping_status":"closed","template":"","meta":{"speak2many_translation":"","footnotes":""},"class_list":["post-2026","page","type-page","status-publish","hentry"],"_links":{"self":[{"href":"https:\/\/lead.uab.pt\/imooc\/wp-json\/wp\/v2\/pages\/2026","targetHints":{"allow":["GET"]}}],"collection":[{"href":"https:\/\/lead.uab.pt\/imooc\/wp-json\/wp\/v2\/pages"}],"about":[{"href":"https:\/\/lead.uab.pt\/imooc\/wp-json\/wp\/v2\/types\/page"}],"author":[{"embeddable":true,"href":"https:\/\/lead.uab.pt\/imooc\/wp-json\/wp\/v2\/users\/4"}],"replies":[{"embeddable":true,"href":"https:\/\/lead.uab.pt\/imooc\/wp-json\/wp\/v2\/comments?post=2026"}],"version-history":[{"count":8,"href":"https:\/\/lead.uab.pt\/imooc\/wp-json\/wp\/v2\/pages\/2026\/revisions"}],"predecessor-version":[{"id":2050,"href":"https:\/\/lead.uab.pt\/imooc\/wp-json\/wp\/v2\/pages\/2026\/revisions\/2050"}],"wp:attachment":[{"href":"https:\/\/lead.uab.pt\/imooc\/wp-json\/wp\/v2\/media?parent=2026"}],"curies":[{"name":"wp","href":"https:\/\/api.w.org\/{rel}","templated":true}]}}