{"id":2089,"date":"2023-02-23T16:29:00","date_gmt":"2023-02-23T16:29:00","guid":{"rendered":"https:\/\/lead.uab.pt\/imooc\/?page_id=2089"},"modified":"2024-04-06T14:51:25","modified_gmt":"2024-04-06T13:51:25","slug":"catedra-unesco","status":"publish","type":"page","link":"https:\/\/lead.uab.pt\/imooc\/catedra-unesco\/","title":{"rendered":"C\u00e1tedra UNESCO"},"content":{"rendered":"\n<p>O projeto iMOOC integra a CIPSH\u00a0<em>Chair on Digital Humanities in Education<\/em>\u00a0aprovada por\u00a0<a href=\"https:\/\/www.cipsh.one\/htm\/\" target=\"_blank\" rel=\"noreferrer noopener\">The International Council for Philosophy and Human Sciences<\/a>\u00a0da UNESCO que teve in\u00edcio em 2020.<\/p>\n\n\n\n<figure class=\"wp-block-image\"><img decoding=\"async\" src=\"https:\/\/lead.uab.pt\/digithum\/wp-content\/uploads\/sites\/19\/2024\/01\/CIPSH-NOVA-Chair-2-2.png\" alt=\"\"\/><\/figure>\n\n\n\n<p><a href=\"https:\/\/www.cetaps.com\/cipsh-dhedu\/\" target=\"_blank\" rel=\"noreferrer noopener\">P\u00e1gina da c\u00e1tedra&nbsp;<em>Digital Humanities in Education<\/em><\/a><\/p>\n\n\n\n<p><a href=\"https:\/\/www.cetaps.com\/cipsh-dhedu\/chair-partners\/\" target=\"_blank\" rel=\"noreferrer noopener\">Parceiros da c\u00e1tedra<\/a><\/p>\n\n\n\n<p>A c\u00e1tedra tem como parceiros, a Universidade Aberta e a Faculdade de Letras da Universidade do Porto, e envolve investigadores e projetos de v\u00e1rios pa\u00edses, al\u00e9m de institui\u00e7\u00f5es n\u00e3o acad\u00e9micas, como o Museu Nacional de Arte Contempor\u00e2nea (MNAC) e a FCCN.<\/p>\n\n\n\n<p>Sess\u00e3o Inaugural- 20 de outubro de 2020, YouTube:&nbsp;<a href=\"https:\/\/www.youtube.com\/watch?v=pVVJHt72MaM&amp;feature=emb_logo\" target=\"_blank\" rel=\"noreferrer noopener\">https:\/\/www.youtube.com\/watch?v=pVVJHt72MaM&amp;feature=emb_logo<\/a><a href=\"http:\/\/savefrom.net\/?url=https%3A%2F%2Fwww.youtube.com%2Fwatch%3Fv%3DpVVJHt72MaM%26feature%3Demb_logo&amp;utm_source=userjs-safari&amp;utm_medium=extensions&amp;utm_campaign=link_modifier\" target=\"_blank\" rel=\"noreferrer noopener\"><\/a>&nbsp;,&nbsp;<a href=\"https:\/\/ihc.fcsh.unl.pt\/catedra-cipsh-hd\/\" target=\"_blank\" rel=\"noreferrer noopener\">https:\/\/ihc.fcsh.unl.pt\/catedra-cipsh-hd\/<\/a><\/p>\n","protected":false},"excerpt":{"rendered":"O projeto iMOOC integra a CIPSH\u00a0Chair on Digital Humanities in Education\u00a0aprovada por\u00a0The International Council for Philosophy and Human Sciences\u00a0da UNESCO que teve in\u00edcio em 2020. P\u00e1gina da c\u00e1tedra&nbsp;Digital Humanities in Education Parceiros da c\u00e1tedra A c\u00e1tedra tem como parceiros, a Universidade Aberta e a Faculdade de Letras da Universidade do Porto, e envolve investigadores e [&hellip;]","protected":false},"author":4,"featured_media":0,"parent":0,"menu_order":0,"comment_status":"closed","ping_status":"closed","template":"","meta":{"speak2many_translation":"","footnotes":""},"class_list":["post-2089","page","type-page","status-publish","hentry"],"_links":{"self":[{"href":"https:\/\/lead.uab.pt\/imooc\/wp-json\/wp\/v2\/pages\/2089","targetHints":{"allow":["GET"]}}],"collection":[{"href":"https:\/\/lead.uab.pt\/imooc\/wp-json\/wp\/v2\/pages"}],"about":[{"href":"https:\/\/lead.uab.pt\/imooc\/wp-json\/wp\/v2\/types\/page"}],"author":[{"embeddable":true,"href":"https:\/\/lead.uab.pt\/imooc\/wp-json\/wp\/v2\/users\/4"}],"replies":[{"embeddable":true,"href":"https:\/\/lead.uab.pt\/imooc\/wp-json\/wp\/v2\/comments?post=2089"}],"version-history":[{"count":2,"href":"https:\/\/lead.uab.pt\/imooc\/wp-json\/wp\/v2\/pages\/2089\/revisions"}],"predecessor-version":[{"id":2093,"href":"https:\/\/lead.uab.pt\/imooc\/wp-json\/wp\/v2\/pages\/2089\/revisions\/2093"}],"wp:attachment":[{"href":"https:\/\/lead.uab.pt\/imooc\/wp-json\/wp\/v2\/media?parent=2089"}],"curies":[{"name":"wp","href":"https:\/\/api.w.org\/{rel}","templated":true}]}}